{"id":20929,"date":"2018-01-02T00:59:30","date_gmt":"2018-01-02T00:59:30","guid":{"rendered":"http:\/\/biblian.is\/videy\/onnur-mosebok-30-kafli\/"},"modified":"2018-01-02T00:59:30","modified_gmt":"2018-01-02T00:59:30","slug":"onnur-mosebok-30-kafli","status":"publish","type":"page","link":"https:\/\/biblian.is\/videy\/onnur-mosebok-30-kafli\/","title":{"rendered":"\u00d6nnur M\u00f3seb\u00f3k 30. kafli"},"content":{"rendered":"<div class=\"fyrirsognVidey\">Reykelsisaltari\u00f0. Helgid\u00f3mstollurinn. Eirkeri\u00f0. Smurningarvi\u00f0smj\u00f6ri\u00f0. \u00dea\u00f0 heilaga reykelsi.<\/div>\n<p><a name=\"1\"><span class=\"versanumer\">1<\/span><\/a>\u00de\u00fa skalt gj\u00f6ra altari til a\u00f0 brenna reykelsi \u00e1; \u00fea\u00f0 skaltu b\u00faa til af belg\u00feornsvi\u00f0i;<a name=\"2\"><span class=\"versanumer\">2<\/span><\/a>\u00fea\u00f0 skal vera \u00e1lnarlangt, og \u00e1lnarbreitt, ferskeytt, tveggja \u00e1lna h\u00e1tt, og horn \u00feess samgj\u00f6r vi\u00f0 altari\u00f0.<a name=\"3\"><span class=\"versanumer\">3<\/span><\/a>\u00de\u00fa skalt b\u00faa \u00fea\u00f0 me\u00f0 sk\u00edru gulli, b\u00e6\u00f0i a\u00f0 ofan og \u00e1 hli\u00f0um allt um kring, og svo horn \u00feess; \u00fe\u00fa skalt gj\u00f6ra gullr\u00f6nd \u00e1 \u00fev\u00ed allt umhverfis.<a name=\"4\"><span class=\"versanumer\">4<\/span><\/a>\u00dear til skaltu gj\u00f6ra tvo hringa af gulli fyrir ne\u00f0an r\u00f6ndina, b\u00e1\u00f0umegin \u00e1 hyrningum \u00feess; \u00feeir skulu vera til a\u00f0 smeygja \u00ed \u00e1sum \u00feeim, sem altari\u00f0 skalt berast \u00e1.<a name=\"5\"><span class=\"versanumer\">5<\/span><\/a>\u00c1sana skaltu gj\u00f6ra af belg\u00feornsvi\u00f0i, og gullb\u00faa \u00fe\u00e1.<a name=\"6\"><span class=\"versanumer\">6<\/span><\/a>\u00de\u00fa skalt setja \u00feetta altari fyrir framan fortjaldi\u00f0, sem hangir fyrir l\u00f6gm\u00e1ls\u00f6rkinni, gegnt arkarlokinu, sem er yfir l\u00f6gb\u00f3kinni, hvar eg vil halda stefnu vi\u00f0 \u00feig.<a name=\"7\"><span class=\"versanumer\">7<\/span><\/a>\u00c1 \u00feessu altari skal Aron brenna ilmandi reykelsi; hann skal brenna \u00fev\u00ed \u00e1 hv\u00f6rjum morgni, \u00fe\u00e1 hann hefir hagr\u00e6tt l\u00f6mpunum;<a name=\"8\"><span class=\"versanumer\">8<\/span><\/a>hann skal og brenna \u00fev\u00ed eftir s\u00f3lsetur, \u00fe\u00e1 hann hefir kveikt \u00e1 l\u00f6mpunum. \u00deetta skal vera dagleg reykelsisf\u00f3rn fyrir Drottni hj\u00e1 y\u00f0ar eftirkomendum.<a name=\"9\"><span class=\"versanumer\">9<\/span><\/a>\u00c1 \u00feessu altari megi\u00f0 \u00fe\u00e9r ekki f\u00f3rna \u00fatlensku reykelsi, ekki heldur neinni brennif\u00f3rn e\u00f0a matarf\u00f3rn, og engri dreypif\u00f3rn megi\u00f0 \u00fe\u00e9r dreypa \u00e1 \u00fev\u00ed.<a name=\"10\"><span class=\"versanumer\">10<\/span><\/a>Einu sinni \u00e1 ari skal Aron fri\u00f0helga altarishornin me\u00f0 fri\u00f0\u00fe\u00e6gjandi syndaf\u00f3rn. \u00deessi fri\u00f0helgun skal gj\u00f6rast eitt sinn \u00e1 \u00e1ri hv\u00f6rju hj\u00e1 y\u00f0ar eftirkomendum; \u00feetta altari er alheilagt \u00ed augliti Drottins. <br \/><a name=\"11\"><span class=\"versanumer\">11<\/span><\/a>Drottinn tala\u00f0i vi\u00f0 M\u00f3ses, og sag\u00f0i:<a name=\"12\"><span class=\"versanumer\">12<\/span><\/a>\u00feegar \u00fe\u00fa tekur manntal \u00cdsraelsl\u00fd\u00f0s, \u00fe\u00e1 skal hv\u00f6r ma\u00f0ur, sem \u00ed manntalinu ver\u00f0ur, gjalda Drottni s\u00e1larlaun, svo a\u00f0 engin pl\u00e1ga komi yfir \u00fe\u00e1, \u00feegar \u00feeir eru taldir.<a name=\"13\"><span class=\"versanumer\">13<\/span><\/a>\u00deessa lausn skal hv\u00f6r s\u00e1 gjalda, sem \u00ed manntali ver\u00f0ur, \u00fea\u00f0 er h\u00e1lfur sikill, a\u00f0 helgid\u00f3ms auralagi, 20 gerar \u00ed sikli, og \u00feessi h\u00e1lfi sikill skal vera upplyftingarf\u00f3rn til Drottins.<a name=\"14\"><span class=\"versanumer\">14<\/span><\/a>Hv\u00f6r sem \u00ed manntali ver\u00f0ur, tv\u00edtugur og \u00fea\u00f0an af eldri, skal grei\u00f0a Drottni \u00feessa upplyftingarf\u00f3rn.<a name=\"15\"><span class=\"versanumer\">15<\/span><\/a>S\u00e1 r\u00edki skal ekki l\u00e1ta til meir, og s\u00e1 f\u00e1t\u00e6ki ekki minna en h\u00e1lfan sikil, og skulu \u00feeir grei\u00f0a Drottni \u00feessa upplyftingarf\u00f3rn, til \u00feess hann fri\u00f0i fyrir s\u00e1lum \u00feeirra.<a name=\"16\"><span class=\"versanumer\">16<\/span><\/a>\u00de\u00fa skalt taka \u00feetta lausnargjald af \u00cdsraelsm\u00f6nnum, og leggja \u00fea\u00f0 til \u00fej\u00f3nustu samkundutjaldb\u00fa\u00f0arinnar; \u00fea\u00f0 skal vera \u00cdsraelsm\u00f6nnum til minningar fyrir Drottni, a\u00f0 hann fri\u00f0i fyrir s\u00e1lum \u00feeirra. <br \/><a name=\"17\"><span class=\"versanumer\">17<\/span><\/a>Drottinn tala\u00f0i til M\u00f3sis, og sag\u00f0i:<a name=\"18\"><span class=\"versanumer\">18<\/span><\/a>\u00de\u00fa skalt gj\u00f6ra eirker til a\u00f0 \u00fevo s\u00e9r \u00far, \u00fea\u00f0 skal vera me\u00f0 eirst\u00e9tt; \u00fe\u00fa skalt l\u00e1ta \u00fea\u00f0 standa milli samkundub\u00fa\u00f0arinnar og altarisins, og l\u00e1ta vatn \u00fear \u00ed.<a name=\"19\"><span class=\"versanumer\">19<\/span><\/a>\u00dear \u00far skal Aron og synir hans \u00fevo hendur s\u00ednar og f\u00e6tur;<a name=\"20\"><span class=\"versanumer\">20<\/span><\/a>\u00feegar \u00feeir ganga inn \u00ed samkundub\u00fa\u00f0ina, skulu \u00feeir \u00fevo s\u00e9r \u00far vatni, svo \u00feeir ekki deyi: eins \u00feegar \u00feeir n\u00e1l\u00e6gja sig altarinu til a\u00f0 emb\u00e6tta og tendra eldf\u00f3rn fyrir Drottni;<a name=\"21\"><span class=\"versanumer\">21<\/span><\/a>\u00feeir skulu \u00fevo s\u00e9r um hendur og f\u00e6tur, svo \u00feeir deyi ekki; \u00feetta skal vera \u00feeim eil\u00edft l\u00f6gm\u00e1l fyrir hann og hans \u00e6ttni\u00f0ja. <br \/><a name=\"22\"><span class=\"versanumer\">22<\/span><\/a>Drottinn sag\u00f0i vi\u00f0 M\u00f3ses:<a name=\"23\"><span class=\"versanumer\">23<\/span><\/a>tak \u00fe\u00e9r \u00fe\u00e6r \u00e1g\u00e6tustu kryddjurtir, 500 sikla af sj\u00e1lfrunninni myrru, h\u00e1lfu minna e\u00f0ur 250 sikla af kanelberki, og 250 sikla af ilmreyr,<a name=\"24\"><span class=\"versanumer\">24<\/span><\/a>500 sikla af angvi\u00f0i, eftir helgid\u00f3msvog, og eina h\u00edn vi\u00f0smj\u00f6rs;<a name=\"25\"><span class=\"versanumer\">25<\/span><\/a>af \u00feessu skaltu gj\u00f6ra heilagt smurningarvi\u00f0smj\u00f6r, ilmandi smyrsli, og tilb\u00faa \u00feau \u00e1 kryddarah\u00e1tt; skal \u00feetta vera \u00fea\u00f0 heilaga smurningarvi\u00f0smj\u00f6r.<a name=\"26\"><span class=\"versanumer\">26<\/span><\/a>Me\u00f0 \u00feessu skaltu smyrja samkundub\u00fa\u00f0ina, l\u00f6gm\u00e1ls\u00f6rkina,<a name=\"27\"><span class=\"versanumer\">27<\/span><\/a>bor\u00f0i\u00f0 me\u00f0 \u00f6llum \u00feess \u00e1h\u00f6ldum, lj\u00f3sahj\u00e1lminn me\u00f0 \u00fev\u00ed sem honum tilheyrir, reykelsis altari\u00f0,<a name=\"28\"><span class=\"versanumer\">28<\/span><\/a>brennif\u00f3rnaraltari\u00f0 me\u00f0 \u00f6llum \u00feess \u00e1h\u00f6ldum, eirkeri\u00f0, og st\u00e9tt \u00feess;<a name=\"29\"><span class=\"versanumer\">29<\/span><\/a>\u00feetta skaltu v\u00edgja, svo \u00fea\u00f0 ver\u00f0i alheilagt, og hv\u00f6r sem snertir \u00fea\u00f0, skal vera heilagur.<a name=\"30\"><span class=\"versanumer\">30<\/span><\/a>\u00de\u00fa skalt og smyrja Aron og sonu hans, og v\u00edgja \u00fe\u00e1 til a\u00f0 vera m\u00edna kennimenn.<a name=\"31\"><span class=\"versanumer\">31<\/span><\/a>\u00de\u00fa skalt tala til \u00cdsraelsmanna, og segja: \u00feetta skal vera m\u00e9r heilagt smurningarvi\u00f0smj\u00f6r hj\u00e1 y\u00f0ar eftirkomendum.<a name=\"32\"><span class=\"versanumer\">32<\/span><\/a>\u00deessum smyrslum m\u00e1 ekki r\u00ed\u00f0a \u00e1 nokkurs manns h\u00f6rund, og enginn m\u00e1 gj\u00f6ra nokkur smyrsli me\u00f0 \u00feessum tilb\u00faningi; \u00feau eru heil\u00f6g, og \u00feau skulu vera y\u00f0ur heil\u00f6g.<a name=\"33\"><span class=\"versanumer\">33<\/span><\/a>Hv\u00f6r sem kryddar samskonar smyrsl, e\u00f0ur ber \u00feau \u00e1 nokkurn \u00fatlendan mann, hann skal hafa fyrirgj\u00f6rt l\u00edfi s\u00ednu. <br \/><a name=\"34\"><span class=\"versanumer\">34<\/span><\/a>Drottinn sag\u00f0i til M\u00f3sis: tak \u00fe\u00e9r ilmjurtir, balsam, marn\u00f6gl, galbanskvo\u00f0u; af \u00feessum ilmunum \u00e1samt me\u00f0 reykelsiskvo\u00f0u, jafnt af hv\u00f6rju,<a name=\"35\"><span class=\"versanumer\">35<\/span><\/a>skaltu b\u00faa til ilmandi reykelsi, eftir kryddarah\u00e6tti; \u00fea\u00f0 skal vera salti krydda\u00f0, hreint og heilagt.<a name=\"36\"><span class=\"versanumer\">36<\/span><\/a>Nokku\u00f0 af \u00fev\u00ed skaltu mylja sm\u00e1tt, og leggja \u00fea\u00f0 fyrir framan l\u00f6gm\u00e1ls\u00f6rkina \u00ed samkundutjaldb\u00fa\u00f0inni, \u00fear sem eg vil koma til m\u00f3ts vi\u00f0 \u00feig; \u00fea\u00f0 skal vera y\u00f0ur alheilagt.<a name=\"37\"><span class=\"versanumer\">37<\/span><\/a>Anna\u00f0 eins reykelsi, og \u00fe\u00fa gj\u00f6rir me\u00f0 \u00feessum tilb\u00faningi, megi\u00f0 \u00fe\u00e9r ekki tilb\u00faa handa y\u00f0ur; \u00fea\u00f0 skal vera y\u00f0ur heilagt fyrir Drottni.<a name=\"38\"><span class=\"versanumer\">38<\/span><\/a>Hv\u00f6r sem b\u00fdr til anna\u00f0 eins, til \u00feess a\u00f0 g\u00e6\u00f0a s\u00e9r me\u00f0 ilm \u00feess, s\u00e1 skal hafa fyrirgj\u00f6rt l\u00edfi s\u00ednu.<\/p>\n<div class=\"footnoteVidey\"><\/div>\n","protected":false},"excerpt":{"rendered":"<p>Reykelsisaltari\u00f0. Helgid\u00f3mstollurinn. Eirkeri\u00f0. Smurningarvi\u00f0smj\u00f6ri\u00f0. \u00dea\u00f0 heilaga reykelsi. 1\u00de\u00fa skalt gj\u00f6ra altari til a\u00f0 brenna reykelsi \u00e1; \u00fea\u00f0 skaltu b\u00faa til af belg\u00feornsvi\u00f0i;2\u00fea\u00f0 skal vera \u00e1lnarlangt, og \u00e1lnarbreitt, ferskeytt, tveggja \u00e1lna h\u00e1tt, og horn \u00feess samgj\u00f6r vi\u00f0 altari\u00f0.3\u00de\u00fa skalt b\u00faa \u00fea\u00f0 me\u00f0 sk\u00edru gulli, b\u00e6\u00f0i a\u00f0 ofan og \u00e1 hli\u00f0um allt um kring, og svo horn \u00feess; \u00fe\u00fa skalt gj\u00f6ra gullr\u00f6nd \u00e1 \u00fev\u00ed allt umhverfis.4\u00dear til skaltu gj\u00f6ra tvo hringa af gulli fyrir ne\u00f0an r\u00f6ndina, b\u00e1\u00f0umegin \u00e1 hyrningum \u00feess; \u00feeir skulu vera til a\u00f0 smeygja \u00ed \u00e1sum \u00feeim, sem altari\u00f0 skalt berast \u00e1.5\u00c1sana skaltu gj\u00f6ra af belg\u00feornsvi\u00f0i, og gullb\u00faa \u00fe\u00e1.6\u00de\u00fa skalt <a href=\"https:\/\/biblian.is\/videy\/onnur-mosebok-30-kafli\/\"> [&#8230;]<\/a><\/p>\n","protected":false},"author":1,"featured_media":0,"parent":0,"menu_order":0,"comment_status":"open","ping_status":"open","template":"bibliukaflar.php","meta":{"footnotes":""},"class_list":["post-20929","page","type-page","status-publish","hentry"],"_links":{"self":[{"href":"https:\/\/biblian.is\/videy\/wp-json\/wp\/v2\/pages\/20929","targetHints":{"allow":["GET"]}}],"collection":[{"href":"https:\/\/biblian.is\/videy\/wp-json\/wp\/v2\/pages"}],"about":[{"href":"https:\/\/biblian.is\/videy\/wp-json\/wp\/v2\/types\/page"}],"author":[{"embeddable":true,"href":"https:\/\/biblian.is\/videy\/wp-json\/wp\/v2\/users\/1"}],"replies":[{"embeddable":true,"href":"https:\/\/biblian.is\/videy\/wp-json\/wp\/v2\/comments?post=20929"}],"version-history":[{"count":0,"href":"https:\/\/biblian.is\/videy\/wp-json\/wp\/v2\/pages\/20929\/revisions"}],"wp:attachment":[{"href":"https:\/\/biblian.is\/videy\/wp-json\/wp\/v2\/media?parent=20929"}],"curies":[{"name":"wp","href":"https:\/\/api.w.org\/{rel}","templated":true}]}}