{"id":20927,"date":"2018-01-02T00:59:30","date_gmt":"2018-01-02T00:59:30","guid":{"rendered":"http:\/\/biblian.is\/videy\/onnur-mosebok-28-kafli\/"},"modified":"2018-01-02T00:59:30","modified_gmt":"2018-01-02T00:59:30","slug":"onnur-mosebok-28-kafli","status":"publish","type":"page","link":"https:\/\/biblian.is\/videy\/onnur-mosebok-28-kafli\/","title":{"rendered":"\u00d6nnur M\u00f3seb\u00f3k 28. kafli"},"content":{"rendered":"<div class=\"fyrirsognVidey\">S\u00e1 kennimannlegi skr\u00fa\u00f0i.<\/div>\n<p><a name=\"1\"><span class=\"versanumer\">1<\/span><\/a>\u00de\u00fa skalt velja Aron br\u00f3\u00f0ur \u00feinn, og syni hans me\u00f0al \u00cdsraelsmanna, til a\u00f0 vera m\u00edna kennimenn; \u00fea\u00f0 skal vera Aron og synir hans, Nadab, Ab\u00edh\u00fa, Eleasar og \u00cdtamar.<a name=\"2\"><span class=\"versanumer\">2<\/span><\/a>\u00de\u00fa skalt gj\u00f6ra Aroni br\u00f3\u00f0ur \u00fe\u00ednum helgan kl\u00e6\u00f0na\u00f0, sem vega skal vegsamlegur og pr\u00fd\u00f0ilegur.<a name=\"3\"><span class=\"versanumer\">3<\/span><\/a>\u00de\u00fa skalt tala vi\u00f0 alla \u00fe\u00e1 menn, sem eru vel a\u00f0 s\u00e9r, og hv\u00f6rjum eg hefi veitt gn\u00f3ga hagleiks\u00ed\u00fer\u00f3tt, og skulu \u00feeir gj\u00f6ra Aroni v\u00edgslukl\u00e6\u00f0i, a\u00f0 hann s\u00e9 minn kennima\u00f0ur.<a name=\"4\"><span class=\"versanumer\">4<\/span><\/a>\u00deessi eru \u00feau kl\u00e6\u00f0i, sem \u00feeir skulu gj\u00f6ra: brj\u00f3stskj\u00f6ldur, h\u00f6kull, kyrtill, t\u00edglofinn serkur, ennid\u00fakur og belti; \u00feennan helgan kl\u00e6\u00f0na\u00f0 skulu \u00feeir gj\u00f6ra Aroni br\u00f3\u00f0ur \u00fe\u00ednum og sonum hans, svo \u00feeir megi vera m\u00ednir kennimenn.<br \/><a name=\"5\"><span class=\"versanumer\">5<\/span><\/a>\u00deeir skulu taka gull, og d\u00f6kkbl\u00e1a ull, purpura, skarlat og hv\u00edta vi\u00f0arull, og gj\u00f6ra \u00fear af h\u00f6kulinn;<a name=\"6\"><span class=\"versanumer\">6<\/span><\/a>skal hann vera af gulli, d\u00f6kkbl\u00e1rri ull, purpura, skarlati, hv\u00edtri vi\u00f0arull tvinna\u00f0ri, og forkunnarlega \u00fatofinn;<a name=\"7\"><span class=\"versanumer\">7<\/span><\/a>\u00e1 honum skulu vera tveir axlarhl\u00fdrar samtengdir \u00e1 b\u00e1\u00f0um endum, og \u00fear vi\u00f0 skal festa h\u00f6kulinn.<a name=\"8\"><span class=\"versanumer\">8<\/span><\/a>H\u00f6kulbelti\u00f0, sem liggur utan yfir h\u00f6kulinn, skal vera eins vanda\u00f0 og af sama, af gulli, d\u00f6kkbl\u00e1rri ull, purpura, skarlati, og hv\u00edtri vi\u00f0arull tvinna\u00f0ri.<a name=\"9\"><span class=\"versanumer\">9<\/span><\/a>\u00de\u00fa skalt taka tvo sardonyxsteina, og grafa \u00e1 \u00fe\u00e1 n\u00f6fn \u00cdsraelsmanna;<a name=\"10\"><span class=\"versanumer\">10<\/span><\/a>skulu sex n\u00f6fnin vera \u00e1 \u00f6\u00f0rum steininum, en hin sex \u00e1 hinum, eftir aldri \u00e6ttfe\u00f0ranna.<a name=\"11\"><span class=\"versanumer\">11<\/span><\/a>\u00de\u00fa skalt grafa n\u00f6fn \u00cdsraelsmanna \u00e1 b\u00e1\u00f0a \u00feessa steina eftir steinskur\u00f0arreglu og me\u00f0 innsiglisgrefti, og fella \u00fe\u00e1 inn \u00ed umgjar\u00f0ir af gulli.<a name=\"12\"><span class=\"versanumer\">12<\/span><\/a>\u00de\u00fa skalt festa b\u00e1\u00f0a steinana \u00e1 axlarhl\u00fdrum h\u00f6kulsins, skulu \u00fea\u00f0 vera minnissteinar fyrir \u00cdsraelsmenn, og skal Aron bera n\u00f6fn \u00feeirra frammi fyrir Drottni \u00e1 b\u00e1\u00f0um \u00f6xlum s\u00e9r, til minningar.<a name=\"13\"><span class=\"versanumer\">13<\/span><\/a>Umgjar\u00f0irnar skaltu gj\u00f6ra af gulli;<a name=\"14\"><span class=\"versanumer\">14<\/span><\/a>\u00fe\u00fa skalt og gj\u00f6ra tv\u00e6r festar af sk\u00edru gulli, \u00fe\u00e6r skulu vera sn\u00fanar, eins og fl\u00e9ttur, og skaltu tengja \u00feessar brug\u00f0nu festar vi\u00f0 umgj\u00f6r\u00f0irnar. <br \/><a name=\"15\"><span class=\"versanumer\">15<\/span><\/a>\u00de\u00fa skalt og b\u00faa til d\u00f3mskj\u00f6ldinn, og l\u00e1ta hann vera eins vanda\u00f0an og h\u00f6kulinn; \u00fe\u00fa skalt gj\u00f6ra hann af gulli, d\u00f6kkbl\u00e1rri ull, purpura, skarlati, og hv\u00edtri vi\u00f0arull tvinna\u00f0ri.<a name=\"16\"><span class=\"versanumer\">16<\/span><\/a>Hann skal vera ferskeyttur og tv\u00f6faldur, spannarlangur og spannarbrei\u00f0ur.<a name=\"17\"><span class=\"versanumer\">17<\/span><\/a>\u00de\u00fa skalt setja \u00ed hann inngreypta steina, fj\u00f3rar steinara\u00f0ir: eina r\u00f6\u00f0 af sardius, t\u00f3pas og smarag\u00f0us, \u00fea\u00f0 er fyrsta r\u00f6\u00f0in;<a name=\"18\"><span class=\"versanumer\">18<\/span><\/a>\u00ed annarri r\u00f6\u00f0inni skal vera karbunkulus, saff\u00edrus, demant;<a name=\"19\"><span class=\"versanumer\">19<\/span><\/a>\u00ed \u00feri\u00f0ju r\u00f6\u00f0inni, \u00f3pal, agat og ametystus;<a name=\"20\"><span class=\"versanumer\">20<\/span><\/a>\u00ed fj\u00f3r\u00f0u r\u00f6\u00f0inni, turkos, sardonyx og jaspis; \u00feeir skulu greyptir vera \u00ed gull, hv\u00f6r \u00ed sinni umgj\u00f6r\u00f0.<a name=\"21\"><span class=\"versanumer\">21<\/span><\/a>Steinarnir skulu vera 12, eftir n\u00f6fnum \u00cdsraelssona, hv\u00f6r me\u00f0 s\u00ednu nafni; \u00feeir skulu vera grafnir me\u00f0 innsiglisgrefti, og skal sitt nafn vera \u00e1 hv\u00f6rjum \u00feeirra, eftir n\u00f6fnum hinna 12 kynkv\u00edsla.<a name=\"22\"><span class=\"versanumer\">22<\/span><\/a>\u00de\u00fa skalt gj\u00f6ra festar til brj\u00f3stskjaldarins af sk\u00edru gulli, \u00fe\u00e6r skulu vera sn\u00fanar, eins og fl\u00e9ttur;<a name=\"23\"><span class=\"versanumer\">23<\/span><\/a>\u00fe\u00fa skalt og gj\u00f6ra til brj\u00f3stskjaldarins tvo hringa af gulli, og setja \u00feessa tvo hringa \u00e1 tv\u00f6 horn brj\u00f3stskjaldarins;<a name=\"24\"><span class=\"versanumer\">24<\/span><\/a>s\u00ed\u00f0an skaltu breg\u00f0a \u00feeim tveimur gullfl\u00e9ttum \u00ed \u00feessa tvo hringa, sem eru \u00ed hornum brj\u00f3stskjaldarins;<a name=\"25\"><span class=\"versanumer\">25<\/span><\/a>en b\u00e1\u00f0a enda \u00feeirra tveggja festa skaltu festa hv\u00f6rn gegnt \u00f6\u00f0rum vi\u00f0 \u00fe\u00e6r tv\u00e6r umgjar\u00f0ir, sem \u00fe\u00fa settir \u00e1 axlarhl\u00fdra h\u00f6kulsins.<a name=\"26\"><span class=\"versanumer\">26<\/span><\/a>\u00de\u00e1 skaltu enn gj\u00f6ra tvo hringa af gulli, og festa \u00fe\u00e1 \u00ed hin horn brj\u00f3stskjaldarins, innanvert \u00ed \u00fe\u00e1 br\u00fanina, sem a\u00f0 h\u00f6klinum veit,<a name=\"27\"><span class=\"versanumer\">27<\/span><\/a>og enn skaltu gj\u00f6ra tvo hringa af gulli, og festa \u00fe\u00e1 ne\u00f0antil \u00e1 b\u00e1\u00f0um axlarhl\u00fdrum h\u00f6kulsins, hv\u00f6rn gegnt \u00f6\u00f0rum, \u00fear sem m\u00e6tist h\u00f6kull og hl\u00fdrar, fyrir ofan h\u00f6kulbelti\u00f0;<a name=\"28\"><span class=\"versanumer\">28<\/span><\/a>n\u00fa skal kn\u00fdta brj\u00f3stskj\u00f6ldinn, me\u00f0 s\u00ednum hringum, vi\u00f0 h\u00f6kulhringana me\u00f0 d\u00f6kkbl\u00e1um ullardregli, svo brj\u00f3stskj\u00f6ldurinn s\u00e9 \u00e1fastur vi\u00f0 h\u00f6kulbelti\u00f0, og losni ekki vi\u00f0 h\u00f6kulinn.<a name=\"29\"><span class=\"versanumer\">29<\/span><\/a>Og Aron skal \u00e1vallt bera n\u00f6fn \u00cdsraelsmanna \u00ed d\u00f3mskildinum \u00e1 brj\u00f3sti s\u00ednu, \u00feegar hann gengur inn \u00ed helgid\u00f3minn, til minningar fyrir Drottni.<a name=\"30\"><span class=\"versanumer\">30<\/span><\/a>\u00de\u00fa skalt leggja inn \u00ed d\u00f3mskj\u00f6ldinn lj\u00f3si\u00f0 og sannleikann, svo \u00feau s\u00e9u \u00e1 brj\u00f3sti Arons, \u00feegar hann gengur inn fyrir Drottin, og Aron skal \u00e1vallt bera d\u00f3m \u00cdsraelsmanna \u00e1 brj\u00f3sti s\u00e9r frammi fyrir Drottni.<br \/><a name=\"31\"><span class=\"versanumer\">31<\/span><\/a>\u00de\u00fa skalt gj\u00f6ra h\u00f6kulkyrtil, hann skal vera ofinn, og allur \u00far d\u00f6kkbl\u00e1rri ull;<a name=\"32\"><span class=\"versanumer\">32<\/span><\/a>\u00e1 honum skal vera h\u00f6fu\u00f0sm\u00e1t og falda\u00f0 me\u00f0 ofnum bor\u00f0a kringum h\u00e1lsm\u00e1li\u00f0, eins og um h\u00e1lsm\u00e1l \u00e1 l\u00ednbrynju, svo ekki rifni \u00fat \u00far.<a name=\"33\"><span class=\"versanumer\">33<\/span><\/a>\u00c1 faldi kyrtilsins skaltu b\u00faa til granatepli af d\u00f6kkbl\u00e1u bandi, purpura, og skarlati, umhverfis um faldinn, og bj\u00f6llur af gulli \u00ed milli eplanna allt \u00ed kring,<a name=\"34\"><span class=\"versanumer\">34<\/span><\/a>svo a\u00f0 fyrst skal koma gullbjalla, og \u00fearn\u00e6st granatepli, s\u00ed\u00f0an aftur \u00e1 v\u00edxl, gullbjalla, og granatepli allt \u00ed kring \u00e1 kyrtilsfaldinum;<a name=\"35\"><span class=\"versanumer\">35<\/span><\/a>\u00ed \u00feessum kyrtli skal Aron vera, \u00fe\u00e1 hann emb\u00e6ttar, svo a\u00f0 heyra megi til hans, \u00feegar hann gengur inn \u00ed helgid\u00f3minn fram fyrir Drottin og \u00fe\u00e1 hann gengur \u00fat aftur, svo hann skuli ekki deyja.<br \/><a name=\"36\"><span class=\"versanumer\">36<\/span><\/a>\u00de\u00fa skalt gj\u00f6ra sp\u00f6ng af sk\u00edru gulli, og grafa \u00e1 hana me\u00f0 innsiglisgrefti \u00feessi or\u00f0: Heilagt fyrir Drottni;<a name=\"37\"><span class=\"versanumer\">37<\/span><\/a>\u00feessa sp\u00f6ng skaltu festa \u00e1 d\u00f6kkbl\u00e1an ullardregil, og skal h\u00fan sitja framan \u00e1 ennid\u00faknum;<a name=\"38\"><span class=\"versanumer\">38<\/span><\/a>h\u00fan skal vera \u00e1 enni Arons, svo Aron afm\u00e1i sekt \u00feeirra helgig\u00e1fna, allra \u00feeirra v\u00edg\u00f0ra f\u00f3rna, sem \u00cdsraelsmenn gefa helgid\u00f3minum; h\u00fan skal \u00e6t\u00ed\u00f0 vera \u00e1 hans enni, til \u00feess a\u00f0 \u00fatvega \u00feeim vel\u00fe\u00f3knun Drottins.<br \/><a name=\"39\"><span class=\"versanumer\">39<\/span><\/a>\u00de\u00fa skalt og vefa serk af hv\u00edtri vi\u00f0arull, og b\u00faa til ennid\u00fak af hv\u00edtri vi\u00f0arull, og glitofi\u00f0 belti.<br \/><a name=\"40\"><span class=\"versanumer\">40<\/span><\/a>\u00de\u00fa skalt og tilb\u00faa serki handa sonum Arons, og gj\u00f6ra \u00feeim belti; einnig skaltu gj\u00f6ra \u00feeim h\u00f6fu\u00f0d\u00faka til vegs og pr\u00fd\u00f0i;<a name=\"41\"><span class=\"versanumer\">41<\/span><\/a>\u00fe\u00fa skalt f\u00e6ra Aron br\u00f3\u00f0ur \u00feinn og sonu hans \u00ed \u00feessi kl\u00e6\u00f0i, smyrja \u00fe\u00e1, f\u00e1 \u00feeim emb\u00e6tti\u00f0 \u00ed hendur, og v\u00edgja \u00fe\u00e1 til a\u00f0 vera m\u00edna kennimenn.<a name=\"42\"><span class=\"versanumer\">42<\/span><\/a>\u00de\u00fa skalt og gj\u00f6ra \u00feeim l\u00ednbr\u00e6kur, til a\u00f0 hylja me\u00f0 blyg\u00f0un \u00feeirra; \u00fe\u00e6r skulu n\u00e1 fr\u00e1 mj\u00f6\u00f0mum ni\u00f0ur \u00e1 l\u00e6ri;<a name=\"43\"><span class=\"versanumer\">43<\/span><\/a>\u00ed \u00feeim skal Aron og synir hans vera, \u00fe\u00e1 \u00feeir ganga inn \u00ed samkundutjaldb\u00fa\u00f0ina, e\u00f0a n\u00e1l\u00e6gja sig altarinu til a\u00f0 emb\u00e6tta \u00ed helgid\u00f3minum, svo \u00feeir ekki ver\u00f0i fyrir sekt og l\u00e1ti l\u00edf sitt. \u00deetta skal vera \u00e6vinlegt l\u00f6gm\u00e1l fyrir hann og hans eftirkomendur.<\/p>\n<div class=\"footnoteVidey\">V. 30. lj\u00f3si\u00f0 og sannleikann, \u00fe. e. myndir, sem \u00fe\u00fd\u00f0a \u00e1ttu lj\u00f3s (gu\u00f0lega opinberun) og sannleika.<\/div>\n","protected":false},"excerpt":{"rendered":"<p>S\u00e1 kennimannlegi skr\u00fa\u00f0i. 1\u00de\u00fa skalt velja Aron br\u00f3\u00f0ur \u00feinn, og syni hans me\u00f0al \u00cdsraelsmanna, til a\u00f0 vera m\u00edna kennimenn; \u00fea\u00f0 skal vera Aron og synir hans, Nadab, Ab\u00edh\u00fa, Eleasar og \u00cdtamar.2\u00de\u00fa skalt gj\u00f6ra Aroni br\u00f3\u00f0ur \u00fe\u00ednum helgan kl\u00e6\u00f0na\u00f0, sem vega skal vegsamlegur og pr\u00fd\u00f0ilegur.3\u00de\u00fa skalt tala vi\u00f0 alla \u00fe\u00e1 menn, sem eru vel a\u00f0 s\u00e9r, og hv\u00f6rjum eg hefi veitt gn\u00f3ga hagleiks\u00ed\u00fer\u00f3tt, og skulu \u00feeir gj\u00f6ra Aroni v\u00edgslukl\u00e6\u00f0i, a\u00f0 hann s\u00e9 minn kennima\u00f0ur.4\u00deessi eru \u00feau kl\u00e6\u00f0i, sem \u00feeir skulu gj\u00f6ra: brj\u00f3stskj\u00f6ldur, h\u00f6kull, kyrtill, t\u00edglofinn serkur, ennid\u00fakur og belti; \u00feennan helgan kl\u00e6\u00f0na\u00f0 skulu \u00feeir gj\u00f6ra Aroni br\u00f3\u00f0ur \u00fe\u00ednum og sonum hans, <a href=\"https:\/\/biblian.is\/videy\/onnur-mosebok-28-kafli\/\"> [&#8230;]<\/a><\/p>\n","protected":false},"author":1,"featured_media":0,"parent":0,"menu_order":0,"comment_status":"open","ping_status":"open","template":"bibliukaflar.php","meta":{"footnotes":""},"class_list":["post-20927","page","type-page","status-publish","hentry"],"_links":{"self":[{"href":"https:\/\/biblian.is\/videy\/wp-json\/wp\/v2\/pages\/20927","targetHints":{"allow":["GET"]}}],"collection":[{"href":"https:\/\/biblian.is\/videy\/wp-json\/wp\/v2\/pages"}],"about":[{"href":"https:\/\/biblian.is\/videy\/wp-json\/wp\/v2\/types\/page"}],"author":[{"embeddable":true,"href":"https:\/\/biblian.is\/videy\/wp-json\/wp\/v2\/users\/1"}],"replies":[{"embeddable":true,"href":"https:\/\/biblian.is\/videy\/wp-json\/wp\/v2\/comments?post=20927"}],"version-history":[{"count":0,"href":"https:\/\/biblian.is\/videy\/wp-json\/wp\/v2\/pages\/20927\/revisions"}],"wp:attachment":[{"href":"https:\/\/biblian.is\/videy\/wp-json\/wp\/v2\/media?parent=20927"}],"curies":[{"name":"wp","href":"https:\/\/api.w.org\/{rel}","templated":true}]}}