{"id":20925,"date":"2018-01-02T00:59:30","date_gmt":"2018-01-02T00:59:30","guid":{"rendered":"http:\/\/biblian.is\/videy\/onnur-mosebok-26-kafli\/"},"modified":"2018-01-02T00:59:30","modified_gmt":"2018-01-02T00:59:30","slug":"onnur-mosebok-26-kafli","status":"publish","type":"page","link":"https:\/\/biblian.is\/videy\/onnur-mosebok-26-kafli\/","title":{"rendered":"\u00d6nnur M\u00f3seb\u00f3k 26. kafli"},"content":{"rendered":"<div class=\"fyrirsognVidey\">H\u00e9r segir fr\u00e1 tjaldb\u00fa\u00f0argj\u00f6r\u00f0inni.<\/div>\n<p><a name=\"1\"><span class=\"versanumer\">1<\/span><\/a>Tjaldb\u00fa\u00f0ina skaltu gj\u00f6ra af 10 d\u00fakum, \u00feeir skulu vera af hv\u00edtri vi\u00f0arull tvinna\u00f0ri, d\u00f6kkbl\u00e1rri ull, purpura og skarlati; \u00fear \u00e1 skaltu b\u00faa til ker\u00faba me\u00f0 myndavefna\u00f0i.<a name=\"2\"><span class=\"versanumer\">2<\/span><\/a>Hv\u00f6r d\u00fakur skal vera 28 \u00e1lna langur og fj\u00f6gra \u00e1lna brei\u00f0ur, og skulu allir d\u00fakarnir vera jafnir a\u00f0 m\u00e1li.<a name=\"3\"><span class=\"versanumer\">3<\/span><\/a>Fimm d\u00fakarnir skulu tengjast saman hv\u00f6r vi\u00f0 annan, og eins skal tengja saman hina 5 d\u00fakana s\u00edn \u00ed milli.<a name=\"4\"><span class=\"versanumer\">4<\/span><\/a>\u00de\u00fa skalt b\u00faa til lykkjur af d\u00f6kkbl\u00e1rri ull \u00e1 endaja\u00f0ri eins d\u00faksins vi\u00f0 samkomuna, og eins skaltu gj\u00f6ra \u00e1 ysta d\u00fakja\u00f0rinum vi\u00f0 n\u00e6stu samkomu;<a name=\"5\"><span class=\"versanumer\">5<\/span><\/a>\u00fe\u00fa skalt b\u00faa til 50 lykkjur \u00e1 \u00f6\u00f0rum d\u00faknum, og eins skaltu gj\u00f6ra 50 lykkjur \u00e1 ja\u00f0ri \u00feess d\u00faksins, sem er vi\u00f0 n\u00e6stu samkomu, svo a\u00f0 lykkjurnar standist \u00e1 hv\u00f6r vi\u00f0 a\u00f0ra.<a name=\"6\"><span class=\"versanumer\">6<\/span><\/a>\u00de\u00fa skalt gj\u00f6ra 50 kr\u00f3ka af gulli, og me\u00f0 \u00feessum kr\u00f3kum skaltu tengja saman hv\u00f6rn d\u00fakinn vi\u00f0 annan, svo \u00fear ver\u00f0i ein tjaldb\u00fa\u00f0 af.<a name=\"7\"><span class=\"versanumer\">7<\/span><\/a>\u00de\u00fa skalt og gj\u00f6ra \u00e1brei\u00f0u af geitah\u00e1ri, til a\u00f0 tjalda me\u00f0 yfir b\u00fa\u00f0ina; af \u00feeim \u00e1brei\u00f0um skaltu b\u00faa til ellefu;<a name=\"8\"><span class=\"versanumer\">8<\/span><\/a>hv\u00f6r \u00e1brei\u00f0a skal vera 30 \u00e1lna l\u00f6ng og fj\u00f6gra \u00e1lna brei\u00f0; allar 11 \u00e1brei\u00f0urnar skulu vera jafnar a\u00f0 m\u00e1li.<a name=\"9\"><span class=\"versanumer\">9<\/span><\/a>\u00de\u00fa skalt tengja saman 5 \u00e1brei\u00f0urnar s\u00e9r, og 6 s\u00e9r, en sj\u00f6ttu \u00e1brei\u00f0una skaltu brj\u00f3ta upp \u00e1 sig \u00e1 framanver\u00f0u tjaldinu.<a name=\"10\"><span class=\"versanumer\">10<\/span><\/a>\u00de\u00fa skalt b\u00faa til 50 lykkjur \u00e1 ysta \u00e1brei\u00f0uja\u00f0rinum vi\u00f0 samkomuna, og eins 50 lykkjur \u00e1 \u00e1brei\u00f0uja\u00f0rinum vi\u00f0 n\u00e6stu samkomu.<a name=\"11\"><span class=\"versanumer\">11<\/span><\/a>\u00de\u00fa skalt gj\u00f6ra 50 eirkr\u00f3ka, og kr\u00e6kja kr\u00f3kunum \u00ed lykkjurnar, og tengja svo saman, a\u00f0 eitt tjald ver\u00f0i af.<a name=\"12\"><span class=\"versanumer\">12<\/span><\/a>En afgangurinn, sem yfir hefir af tjaldvo\u00f0unum, nefnilega h\u00e1lfa \u00e1brei\u00f0an, sem var umfram, h\u00fan skal hanga \u00fat af tjaldb\u00fa\u00f0inni \u00e1 baka til;<a name=\"13\"><span class=\"versanumer\">13<\/span><\/a>en s\u00fa eina alin beggja vegna, sem yfir hefir af tjaldvo\u00f0unum \u00e1 lengdina, skal hanga \u00fat af b\u00fa\u00f0arhli\u00f0unum b\u00e1\u00f0umegin, henni til hl\u00edf\u00f0ar.<a name=\"14\"><span class=\"versanumer\">14<\/span><\/a>\u00de\u00fa skalt enn gj\u00f6ra \u00feak yfir tjaldi\u00f0 af rau\u00f0litu\u00f0um hr\u00fataskinnum, og enn eitt \u00feak \u00fear utan yfir af selskinnum.<br \/><a name=\"15\"><span class=\"versanumer\">15<\/span><\/a>\u00de\u00fa skalt telgja til beinan bor\u00f0vi\u00f0 til b\u00fa\u00f0arinnar af belg\u00feornstrj\u00e1m;<a name=\"16\"><span class=\"versanumer\">16<\/span><\/a>hv\u00f6rt bor\u00f0 skal vera 10 \u00e1lna langt og h\u00e1lfrar annarrar \u00e1lnar breitt.<a name=\"17\"><span class=\"versanumer\">17<\/span><\/a>\u00c1 hv\u00f6rju bor\u00f0i skulu vera tveir tappar, hv\u00f6r jafnlangt fr\u00e1 \u00f6\u00f0rum, og svo skaltu gj\u00f6ra \u00e1 \u00f6llum bor\u00f0um b\u00fa\u00f0arinnar.<a name=\"18\"><span class=\"versanumer\">18<\/span><\/a>\u00de\u00fa skalt \u00feannig haga bor\u00f0vi\u00f0 b\u00fa\u00f0arinnar: tuttugu bor\u00f0 skaltu \u00e6tla til su\u00f0urhli\u00f0arinnar, h\u00e6gra megin,<a name=\"19\"><span class=\"versanumer\">19<\/span><\/a>og skaltu b\u00faa til 40 palla af silfri til a\u00f0 setja undir \u00feau 20 bor\u00f0, tvo palla undir eitt bor\u00f0i\u00f0, svo a\u00f0 \u00feeir tveir tappar, sem \u00e1 bor\u00f0inu eru, falli \u00fear \u00ed, og eins tvo palla undir n\u00e6sta bor\u00f0, sinn fyrir hv\u00f6rn tappa.<a name=\"20\"><span class=\"versanumer\">20<\/span><\/a>Til annarrar hli\u00f0ar \u00e1 b\u00fa\u00f0inni, gegnt nor\u00f0ri, skulu vera 20 bor\u00f0,<a name=\"21\"><span class=\"versanumer\">21<\/span><\/a>og 40 silfurpallar fyrir \u00feau, nefnilega tveir pallar undir eitt bor\u00f0i\u00f0, og tveir undir n\u00e6sta bor\u00f0.<a name=\"22\"><span class=\"versanumer\">22<\/span><\/a>Til b\u00fa\u00f0argaflsins, gegnt vestri, skaltu \u00e6tla 6 bor\u00f0,<a name=\"23\"><span class=\"versanumer\">23<\/span><\/a>en tv\u00f6 bor\u00f0 til b\u00fa\u00f0arhornanna tveggja vegna;<a name=\"24\"><span class=\"versanumer\">24<\/span><\/a>\u00feau skulu tv\u00f6f\u00f6ld ne\u00f0an fr\u00e1, og halda b\u00e6\u00f0i fullu m\u00e1li upp \u00far gegn allt til hins fyrsta hrings; \u00feannig skal \u00feeim h\u00e1tta\u00f0 vera hv\u00f6rumtveggjum, \u00feetta skulu vera \u00feeir tveir horngaflar.<a name=\"25\"><span class=\"versanumer\">25<\/span><\/a>\u00deessi bor\u00f0 skulu vera 8, og me\u00f0 16 silfurp\u00f6llum, og standi tveir pallar undir einu bor\u00f0inu, og tveir undir \u00fev\u00ed n\u00e6sta.<a name=\"26\"><span class=\"versanumer\">26<\/span><\/a>\u00dev\u00ed n\u00e6st skaltu gj\u00f6ra \u00fevertr\u00e9 af belg\u00feornsvi\u00f0i, 5 a\u00f0 \u00f6\u00f0rum hli\u00f0vegi b\u00fa\u00f0arinnar,<a name=\"27\"><span class=\"versanumer\">27<\/span><\/a>og 5 a\u00f0 hinum, og enn 5 \u00fevertr\u00e9 a\u00f0 gafl\u00feili b\u00fa\u00f0arinnar vestanmegin.<a name=\"28\"><span class=\"versanumer\">28<\/span><\/a>Mi\u00f0tr\u00e9\u00f0 skal ganga \u00ed gegnum bor\u00f0veggina, og liggja um \u00fevert fr\u00e1 einum enda til annars.<a name=\"29\"><span class=\"versanumer\">29<\/span><\/a>\u00de\u00fa skalt gullb\u00faa bor\u00f0veggina; en hringi \u00fe\u00e1, sem eru \u00ed bor\u00f0veggjunum, og sem \u00fevertrj\u00e1num er smeygt inn \u00ed, skaltu gj\u00f6ra af gulli; \u00fe\u00fa skalt og gullb\u00faa \u00fevertr\u00e9n.<a name=\"30\"><span class=\"versanumer\">30<\/span><\/a>\u00de\u00fa skalt reisa tjaldb\u00fa\u00f0ina eftir \u00feeim h\u00e6tti, sem \u00fe\u00e9r var s\u00fdnt \u00e1 fjallinu.<br \/><a name=\"31\"><span class=\"versanumer\">31<\/span><\/a>\u00de\u00fa skalt og gj\u00f6ra fortjald af d\u00f6kkbl\u00e1rri ull, purpura, skarlati, og hv\u00edtri vi\u00f0arull tvinna\u00f0ri; \u00fear \u00e1 skaltu b\u00faa til ker\u00faba me\u00f0 myndavefna\u00f0i;<a name=\"32\"><span class=\"versanumer\">32<\/span><\/a>\u00fe\u00fa skalt festa \u00fea\u00f0 \u00e1 fj\u00f3rar sto\u00f0ir af belg\u00feornsvi\u00f0i, \u00fe\u00e6r skulu vera gulli b\u00fanar, me\u00f0 kr\u00f3kum \u00ed af gulli, og standa \u00e1 fj\u00f3rum silfurp\u00f6llum;<a name=\"33\"><span class=\"versanumer\">33<\/span><\/a>\u00fe\u00fa skalt hengja fortjaldi\u00f0 upp \u00e1 kr\u00f3kana, og flytja l\u00f6gm\u00e1ls\u00f6rkina \u00feanga\u00f0 inn fyrir fortjaldi\u00f0, og skal fortjaldi\u00f0 skilja milli \u00feess heilaga og hins allrahelgasta.<a name=\"34\"><span class=\"versanumer\">34<\/span><\/a>\u00de\u00fa skalt setja loki\u00f0 ofan yfir l\u00f6gm\u00e1ls\u00f6rkina \u00ed \u00fev\u00ed allrahelgasta;<a name=\"35\"><span class=\"versanumer\">35<\/span><\/a>en bor\u00f0i\u00f0 skaltu setja fyrir utan fortjaldi\u00f0, og lj\u00f3sahj\u00e1lminn gagnvart bor\u00f0inu vi\u00f0 su\u00f0urhli\u00f0vegg b\u00fa\u00f0arinnar, en l\u00e1t bor\u00f0i\u00f0 vera vi\u00f0 nor\u00f0urhli\u00f0vegginn.<a name=\"36\"><span class=\"versanumer\">36<\/span><\/a>\u00de\u00fa skalt og gj\u00f6ra tjald fyrir b\u00fa\u00f0ardyrnar, \u00fea\u00f0 skal vera af d\u00f6kkbl\u00e1rri ull, purpura, skarlati, hv\u00edtri vi\u00f0arull tvinna\u00f0ri, og glitofi\u00f0;<a name=\"37\"><span class=\"versanumer\">37<\/span><\/a>fyrir \u00feetta tjald skaltu gj\u00f6ra 5 sto\u00f0ir, og gullb\u00faa \u00fe\u00e6r; kr\u00f3karnir \u00ed \u00feeim skulu vera af gulli, og \u00fe\u00fa skalt b\u00faa til 5 eirpalla undir \u00fe\u00e6r.<\/p>\n<div class=\"footnoteVidey\">V. 19. Pallur var ferk\u00f6ntu\u00f0 st\u00e9tt af m\u00e1lmi, me\u00f0 einni holu \u00ed mi\u00f0junni a\u00f0 ofan, voru 2 pallar undir hv\u00f6rju \u00feilbor\u00f0i og f\u00e9llu \u00feess 2 tappar \u00ed holurnar, einn pallur var undir hv\u00f6rri sto\u00f0. 27,10. f. 35,11.17. 36,20. f. 38,9. f. 39,33. 40,17.<\/div>\n","protected":false},"excerpt":{"rendered":"<p>H\u00e9r segir fr\u00e1 tjaldb\u00fa\u00f0argj\u00f6r\u00f0inni. 1Tjaldb\u00fa\u00f0ina skaltu gj\u00f6ra af 10 d\u00fakum, \u00feeir skulu vera af hv\u00edtri vi\u00f0arull tvinna\u00f0ri, d\u00f6kkbl\u00e1rri ull, purpura og skarlati; \u00fear \u00e1 skaltu b\u00faa til ker\u00faba me\u00f0 myndavefna\u00f0i.2Hv\u00f6r d\u00fakur skal vera 28 \u00e1lna langur og fj\u00f6gra \u00e1lna brei\u00f0ur, og skulu allir d\u00fakarnir vera jafnir a\u00f0 m\u00e1li.3Fimm d\u00fakarnir skulu tengjast saman hv\u00f6r vi\u00f0 annan, og eins skal tengja saman hina 5 d\u00fakana s\u00edn \u00ed milli.4\u00de\u00fa skalt b\u00faa til lykkjur af d\u00f6kkbl\u00e1rri ull \u00e1 endaja\u00f0ri eins d\u00faksins vi\u00f0 samkomuna, og eins skaltu gj\u00f6ra \u00e1 ysta d\u00fakja\u00f0rinum vi\u00f0 n\u00e6stu samkomu;5\u00fe\u00fa skalt b\u00faa til 50 lykkjur \u00e1 \u00f6\u00f0rum d\u00faknum, og eins skaltu <a href=\"https:\/\/biblian.is\/videy\/onnur-mosebok-26-kafli\/\"> [&#8230;]<\/a><\/p>\n","protected":false},"author":1,"featured_media":0,"parent":0,"menu_order":0,"comment_status":"open","ping_status":"open","template":"bibliukaflar.php","meta":{"footnotes":""},"class_list":["post-20925","page","type-page","status-publish","hentry"],"_links":{"self":[{"href":"https:\/\/biblian.is\/videy\/wp-json\/wp\/v2\/pages\/20925","targetHints":{"allow":["GET"]}}],"collection":[{"href":"https:\/\/biblian.is\/videy\/wp-json\/wp\/v2\/pages"}],"about":[{"href":"https:\/\/biblian.is\/videy\/wp-json\/wp\/v2\/types\/page"}],"author":[{"embeddable":true,"href":"https:\/\/biblian.is\/videy\/wp-json\/wp\/v2\/users\/1"}],"replies":[{"embeddable":true,"href":"https:\/\/biblian.is\/videy\/wp-json\/wp\/v2\/comments?post=20925"}],"version-history":[{"count":0,"href":"https:\/\/biblian.is\/videy\/wp-json\/wp\/v2\/pages\/20925\/revisions"}],"wp:attachment":[{"href":"https:\/\/biblian.is\/videy\/wp-json\/wp\/v2\/media?parent=20925"}],"curies":[{"name":"wp","href":"https:\/\/api.w.org\/{rel}","templated":true}]}}