{"id":20923,"date":"2018-01-02T00:59:30","date_gmt":"2018-01-02T00:59:30","guid":{"rendered":"http:\/\/biblian.is\/videy\/onnur-mosebok-24-kafli\/"},"modified":"2018-01-02T00:59:30","modified_gmt":"2018-01-02T00:59:30","slug":"onnur-mosebok-24-kafli","status":"publish","type":"page","link":"https:\/\/biblian.is\/videy\/onnur-mosebok-24-kafli\/","title":{"rendered":"\u00d6nnur M\u00f3seb\u00f3k 24. kafli"},"content":{"rendered":"<div class=\"fyrirsognVidey\">S\u00e1ttm\u00e1lsf\u00f3rnin. M\u00f3ses \u00e1 fjallinu.<\/div>\n<p><a name=\"1\"><span class=\"versanumer\">1<\/span><\/a>Og hann sag\u00f0i til M\u00f3sis: gakk upp til Drottins, \u00fe\u00fa og Aron, Nadab og Ab\u00edh\u00fa, og 70 formenn \u00cdsraelsl\u00fd\u00f0s. \u00de\u00e9r skulu\u00f0 falla fram \u00e1lengdar;<a name=\"2\"><span class=\"versanumer\">2<\/span><\/a>M\u00f3ses einn skal n\u00e1l\u00e6gja sig Drottni, en hinir skulu ekki koma n\u00e6r, og f\u00f3lki\u00f0 skal ekki heldur fara upp hinga\u00f0 me\u00f0 honum.<a name=\"3\"><span class=\"versanumer\">3<\/span><\/a>M\u00f3ses kom, og sag\u00f0i f\u00f3lkinu \u00f6ll or\u00f0 Drottins og allar hans skipanir; \u00fe\u00e1 svara\u00f0i f\u00f3lki\u00f0 einum munni, og sag\u00f0i: v\u00e9r viljum breyta eftir \u00f6llum \u00feeim or\u00f0um, sem Drottinn hefir tala\u00f0.<a name=\"4\"><span class=\"versanumer\">4<\/span><\/a>\u00de\u00e1 skrifa\u00f0i M\u00f3ses \u00f6ll or\u00f0 Drottins, og \u00e1rla morguns st\u00f3\u00f0 hann upp, hl\u00f3\u00f0 altari fyrir ne\u00f0an fjalli\u00f0, og reisti 12 steina fyrir \u00fe\u00e6r 12 kynkv\u00edslir \u00cdsraelsmanna;<a name=\"5\"><span class=\"versanumer\">5<\/span><\/a>sendi s\u00ed\u00f0an unga menn af \u00cdsraelsl\u00fd\u00f0, a\u00f0 \u00feeir skyldu f\u00f3rnf\u00e6ra uxum \u00ed brennif\u00f3rn og sl\u00e1tursf\u00f3rn, til \u00feakkarf\u00f3rnar vi\u00f0 Drottin.<a name=\"6\"><span class=\"versanumer\">6<\/span><\/a>M\u00f3ses t\u00f3k helming bl\u00f3\u00f0sins, og l\u00e9t \u00fea\u00f0 \u00ed f\u00f3rnarbolla, en \u00f6\u00f0rum helming bl\u00f3\u00f0sins st\u00f6kkti hann \u00e1 altari\u00f0.<a name=\"7\"><span class=\"versanumer\">7<\/span><\/a>Hann t\u00f3k s\u00e1ttm\u00e1lsb\u00f3kina, og las hana a\u00f0 \u00e1heyranda f\u00f3lkinu, og \u00feeir s\u00f6g\u00f0u: v\u00e9r viljum gj\u00f6ra allt \u00fea\u00f0 sem Drottinn hefir bo\u00f0i\u00f0, og vera honum hl\u00fd\u00f0ugir.<a name=\"8\"><span class=\"versanumer\">8<\/span><\/a>\u00de\u00e1 t\u00f3k M\u00f3ses bl\u00f3\u00f0i\u00f0, st\u00f6kkti \u00fev\u00ed \u00e1 f\u00f3lki\u00f0, og sag\u00f0i: \u00feetta er bl\u00f3\u00f0 \u00feess s\u00e1ttm\u00e1la, sem Drottinn hefir sami\u00f0 vi\u00f0 y\u00f0ur um var\u00f0veislu allra \u00feessara bo\u00f0or\u00f0a. <br \/><a name=\"9\"><span class=\"versanumer\">9<\/span><\/a>\u00de\u00e1 gengu \u00feeir upp M\u00f3ses og Aron, Nadab og Ab\u00edh\u00fa, og \u00feeir 70 af form\u00f6nnum \u00cdsraelsl\u00fd\u00f0s.<a name=\"10\"><span class=\"versanumer\">10<\/span><\/a>\u00deeir s\u00e1u Gu\u00f0 \u00cdsraels; og var undir f\u00f3tum hans, sem pallur v\u00e6ri gj\u00f6r\u00f0ur af gagns\u00e6rum saff\u00edrsteini, fagur sem hei\u00f0ur himinninn;<a name=\"11\"><span class=\"versanumer\">11<\/span><\/a>en hann lag\u00f0i ekki h\u00f6nd \u00e1 h\u00f6f\u00f0ingja \u00cdsraelsl\u00fd\u00f0s, svo \u00feeir sko\u00f0u\u00f0u Gu\u00f0, og \u00e1tu og drukku.<br \/><a name=\"12\"><span class=\"versanumer\">12<\/span><\/a>Drottinn sag\u00f0i vi\u00f0 M\u00f3ses: kom upp \u00e1 fjalli\u00f0 til m\u00edn, og vert \u00fear, og skal eg f\u00e1 \u00fe\u00e9r steinspj\u00f6ldin, og l\u00f6gm\u00e1li\u00f0 og bo\u00f0or\u00f0 \u00feau, er eg hefi skrifa\u00f0, til \u00feess \u00fe\u00fa kennir \u00feeim \u00feau.<a name=\"13\"><span class=\"versanumer\">13<\/span><\/a>\u00de\u00e1 st\u00f3\u00f0 M\u00f3ses upp og J\u00f3s\u00faa, \u00fej\u00f3n hans, og gekk M\u00f3ses upp \u00e1 Gu\u00f0s fjall,<a name=\"14\"><span class=\"versanumer\">14<\/span><\/a>en sag\u00f0i til h\u00f6f\u00f0ingjanna: veri\u00f0 h\u00e9r kyrrir, \u00fear til v\u00e9r komum aftur til y\u00f0ar; sj\u00e1i\u00f0! Aron og H\u00far eru hj\u00e1 y\u00f0ur, og getur hv\u00f6r, sem m\u00e1l hefir a\u00f0 k\u00e6ra haldi\u00f0 s\u00e9r til \u00feeirra.<a name=\"15\"><span class=\"versanumer\">15<\/span><\/a>M\u00f3ses gekk \u00fe\u00e1 upp \u00e1 fjalli\u00f0, en sk\u00fdi\u00f0 huldi fjalli\u00f0, og d\u00fdr\u00f0in Drottins sta\u00f0n\u00e6mdist yfir S\u00edna\u00edfjalli, og sk\u00fdi\u00f0 huldi \u00fea\u00f0 \u00ed 6 daga; en \u00e1 sj\u00f6unda degi kalla\u00f0i hann \u00e1 M\u00f3ses mitt \u00fat af sk\u00fdinu;<a name=\"16\"><span class=\"versanumer\">16<\/span><\/a>og d\u00fdr\u00f0arsj\u00f3n Drottins \u00e1 fjallstindinum var sem brennandi eldur \u00ed augs\u00fdn \u00cdsraelsmanna.<a name=\"17\"><span class=\"versanumer\">17<\/span><\/a>En M\u00f3ses gekk mitt inn \u00ed sk\u00fdi\u00f0, og st\u00e9 upp \u00e1 fjalli\u00f0; og var M\u00f3ses \u00e1 fjallinu \u00ed 40 daga og 40 n\u00e6tur.<\/p>\n<div class=\"footnoteVidey\"><\/div>\n","protected":false},"excerpt":{"rendered":"<p>S\u00e1ttm\u00e1lsf\u00f3rnin. M\u00f3ses \u00e1 fjallinu. 1Og hann sag\u00f0i til M\u00f3sis: gakk upp til Drottins, \u00fe\u00fa og Aron, Nadab og Ab\u00edh\u00fa, og 70 formenn \u00cdsraelsl\u00fd\u00f0s. \u00de\u00e9r skulu\u00f0 falla fram \u00e1lengdar;2M\u00f3ses einn skal n\u00e1l\u00e6gja sig Drottni, en hinir skulu ekki koma n\u00e6r, og f\u00f3lki\u00f0 skal ekki heldur fara upp hinga\u00f0 me\u00f0 honum.3M\u00f3ses kom, og sag\u00f0i f\u00f3lkinu \u00f6ll or\u00f0 Drottins og allar hans skipanir; \u00fe\u00e1 svara\u00f0i f\u00f3lki\u00f0 einum munni, og sag\u00f0i: v\u00e9r viljum breyta eftir \u00f6llum \u00feeim or\u00f0um, sem Drottinn hefir tala\u00f0.4\u00de\u00e1 skrifa\u00f0i M\u00f3ses \u00f6ll or\u00f0 Drottins, og \u00e1rla morguns st\u00f3\u00f0 hann upp, hl\u00f3\u00f0 altari fyrir ne\u00f0an fjalli\u00f0, og reisti 12 steina fyrir \u00fe\u00e6r <a href=\"https:\/\/biblian.is\/videy\/onnur-mosebok-24-kafli\/\"> [&#8230;]<\/a><\/p>\n","protected":false},"author":1,"featured_media":0,"parent":0,"menu_order":0,"comment_status":"open","ping_status":"open","template":"bibliukaflar.php","meta":{"footnotes":""},"class_list":["post-20923","page","type-page","status-publish","hentry"],"_links":{"self":[{"href":"https:\/\/biblian.is\/videy\/wp-json\/wp\/v2\/pages\/20923","targetHints":{"allow":["GET"]}}],"collection":[{"href":"https:\/\/biblian.is\/videy\/wp-json\/wp\/v2\/pages"}],"about":[{"href":"https:\/\/biblian.is\/videy\/wp-json\/wp\/v2\/types\/page"}],"author":[{"embeddable":true,"href":"https:\/\/biblian.is\/videy\/wp-json\/wp\/v2\/users\/1"}],"replies":[{"embeddable":true,"href":"https:\/\/biblian.is\/videy\/wp-json\/wp\/v2\/comments?post=20923"}],"version-history":[{"count":0,"href":"https:\/\/biblian.is\/videy\/wp-json\/wp\/v2\/pages\/20923\/revisions"}],"wp:attachment":[{"href":"https:\/\/biblian.is\/videy\/wp-json\/wp\/v2\/media?parent=20923"}],"curies":[{"name":"wp","href":"https:\/\/api.w.org\/{rel}","templated":true}]}}