{"id":20922,"date":"2018-01-02T00:59:30","date_gmt":"2018-01-02T00:59:30","guid":{"rendered":"http:\/\/biblian.is\/videy\/onnur-mosebok-23-kafli\/"},"modified":"2018-01-02T00:59:30","modified_gmt":"2018-01-02T00:59:30","slug":"onnur-mosebok-23-kafli","status":"publish","type":"page","link":"https:\/\/biblian.is\/videy\/onnur-mosebok-23-kafli\/","title":{"rendered":"\u00d6nnur M\u00f3seb\u00f3k 23. kafli"},"content":{"rendered":"<div class=\"fyrirsognVidey\">L\u00f6g um r\u00e9ttl\u00e6ti, st\u00f3rh\u00e1t\u00ed\u00f0ir; fyrirheit um Kanaansland.<\/div>\n<p><a name=\"1\"><span class=\"versanumer\">1<\/span><\/a>\u00de\u00fa skalt ekki fara me\u00f0 lygikvittu; \u00fe\u00fa skalt ekki leggja lag \u00feitt vi\u00f0 vondan mann til a\u00f0 gj\u00f6rast lj\u00fagvottur.<a name=\"2\"><span class=\"versanumer\">2<\/span><\/a>\u00de\u00fa skalt ekki fylgja fj\u00f6ldanum \u00ed \u00fev\u00ed a\u00f0 gj\u00f6ra \u00fea\u00f0 sem illt er; ef \u00fe\u00fa \u00e1tt sv\u00f6r a\u00f0 veita \u00ed s\u00f6k nokkurri, \u00fe\u00e1 skaltu ekki \u00e1 eitt leggjast me\u00f0 margnum til \u00feess a\u00f0 halla r\u00e9ttu m\u00e1li;<a name=\"3\"><span class=\"versanumer\">3<\/span><\/a>ekki skaltu vera hli\u00f0dr\u00e6gur manni, \u00fe\u00f3 f\u00e1t\u00e6kur s\u00e9, \u00ed m\u00e1ls\u00f3kn hans.<br \/><a name=\"4\"><span class=\"versanumer\">4<\/span><\/a>Ef \u00fe\u00fa hittir uxa \u00f3vinar \u00fe\u00edns, e\u00f0a asna hans, sem villtur fer, \u00fe\u00e1 f\u00e6r \u00fe\u00fa hann \u00feegar aftur til hans.<a name=\"5\"><span class=\"versanumer\">5<\/span><\/a>Sj\u00e1ir \u00fe\u00fa asna \u00f3vildarmanns \u00fe\u00edns liggja \u00f6rmagna undir byr\u00f0i sinni, \u00fe\u00e1 skaltu ekki l\u00e1ta \u00f3vin \u00feinn vera einan um grip sinn, heldur skalt\u00fa fara til me\u00f0 honum, og ekki fyrr fr\u00e1 gripnum ganga, en sj\u00e1lfur eigandinn.<a name=\"6\"><span class=\"versanumer\">6<\/span><\/a>\u00de\u00fa skalt ekki halla r\u00e9ttarfari f\u00e1t\u00e6ks manns \u00ed s\u00f6k hans.<a name=\"7\"><span class=\"versanumer\">7<\/span><\/a>Varastu a\u00f0 beita lognum s\u00f6kum, og sl\u00e1 ekki \u00ed hel saklausan mann og r\u00e9ttl\u00e1tan; \u00fev\u00ed eg vil ekki, a\u00f0 s\u00e1 hafi sitt m\u00e1l, sem \u00e1 r\u00f6ngu hefir a\u00f0 standa.<a name=\"8\"><span class=\"versanumer\">8<\/span><\/a>Eigi skaltu m\u00fatur \u00feiggja, \u00fev\u00ed m\u00fatan glepur sj\u00f3nir fyrir \u00feeim skyggnu, og umsn\u00fdr m\u00e1lefnum hinna r\u00e1\u00f0v\u00f6ndu.<a name=\"9\"><span class=\"versanumer\">9<\/span><\/a>\u00de\u00fa skalt ekki k\u00faga \u00fatlendan mann; \u00fe\u00e9r viti\u00f0 sj\u00e1lfir, hv\u00f6rninn \u00fatlendum manni er innanbrj\u00f3sts, \u00fev\u00ed \u00fe\u00e9r hafi\u00f0 veri\u00f0 \u00fatlendingar \u00e1 Egyptalandi.<br \/><a name=\"10\"><span class=\"versanumer\">10<\/span><\/a>Sex \u00e1r skaltu s\u00e1 j\u00f6r\u00f0 \u00fe\u00edna, og safna \u00e1v\u00f6xtum hennar;<a name=\"11\"><span class=\"versanumer\">11<\/span><\/a>en sj\u00f6unda \u00e1ri\u00f0 skaltu l\u00e1ta hana liggja og hv\u00edla sig, svo a\u00f0 \u00feeir f\u00e1t\u00e6ku me\u00f0al \u00fe\u00edns f\u00f3lks megi eta \u00fear af; \u00fea\u00f0 sem \u00feeir leifa, mega sk\u00f3gard\u00fdrin eta; eins skaltu gj\u00f6ra vi\u00f0 \u00feinn v\u00edngar\u00f0 og vi\u00f0smj\u00f6rsgar\u00f0.<br \/><a name=\"12\"><span class=\"versanumer\">12<\/span><\/a>Sex daga skaltu verk \u00feitt vinna, en sj\u00f6unda daginn skaltu halda heilagt, svo a\u00f0 \u00feinn uxi og \u00feinn asni geti hv\u00edlt sig, og sonur \u00feinnar amb\u00e1ttar og hinn \u00fatlendi geti endurn\u00e6rt sig.<br \/><a name=\"13\"><span class=\"versanumer\">13<\/span><\/a>Allt hva\u00f0 eg hefi sagt y\u00f0ur, \u00fea\u00f0 skulu\u00f0 \u00fe\u00e9r halda. N\u00f6fn annarra gu\u00f0a megi\u00f0 \u00fe\u00e9r ekki hafa \u00ed huga, og ekki l\u00e1ta heyra \u00feau af y\u00f0ar munni.<br \/><a name=\"14\"><span class=\"versanumer\">14<\/span><\/a>\u00derisvar \u00e1 \u00e1ri skaltu m\u00e9r h\u00e1t\u00ed\u00f0 halda.<a name=\"15\"><span class=\"versanumer\">15<\/span><\/a>\u00de\u00fa skalt halda h\u00e1t\u00ed\u00f0 enna \u00f3s\u00fdr\u00f0u brau\u00f0a: sj\u00f6 daga skaltu eta \u00f3s\u00fdrt brau\u00f0, eins og eg hefi bo\u00f0i\u00f0 \u00fe\u00e9r, \u00e1 \u00e1kve\u00f0num t\u00edma \u00ed m\u00e1nu\u00f0inum ab\u00edb, \u00fev\u00ed \u00ed \u00feeim m\u00e1nu\u00f0i f\u00f3rst\u00fa \u00fat af Egyptalandi; \u00fe\u00e9r skulu\u00f0 ekki me\u00f0 t\u00f3mar hendur koma fram fyrir mitt auglit.<a name=\"16\"><span class=\"versanumer\">16<\/span><\/a>\u00dearn\u00e6st frumskeruh\u00e1t\u00ed\u00f0ina, \u00fe\u00e1 \u00fe\u00fa hefir uppskori\u00f0 frumgr\u00f3\u00f0a \u00feess s\u00e6\u00f0is, er \u00fe\u00fa s\u00e1\u00f0ir \u00ed akurinn; og uppskeruh\u00e1t\u00ed\u00f0ina vi\u00f0 \u00e1rslokin, \u00fe\u00e1 \u00fe\u00fa hefir alhirt afla \u00feinn af akrinum.<a name=\"17\"><span class=\"versanumer\">17<\/span><\/a>\u00derem sinnum \u00e1 \u00e1ri skal allt \u00feitt karlkyn birtast frammi fyrir Drottni alm\u00e1ttugum.<a name=\"18\"><span class=\"versanumer\">18<\/span><\/a>\u00de\u00fa skalt ekki f\u00f3rnf\u00e6ra mitt f\u00f3rnarbl\u00f3\u00f0 me\u00f0 s\u00fardeigi, og feitin af minni h\u00e1t\u00ed\u00f0af\u00f3rn m\u00e1 ekki liggja n\u00e1ttlangt til morguns.<a name=\"19\"><span class=\"versanumer\">19<\/span><\/a>\u00dea\u00f0 besta af frumgr\u00f3\u00f0a jar\u00f0ar \u00feinnar skaltu f\u00e6ra til h\u00fass Drottins Gu\u00f0s \u00fe\u00edns. \u00de\u00fa skalt ekki sj\u00f3\u00f0a ki\u00f0i\u00f0 \u00ed mj\u00f3lk m\u00f3\u00f0ur sinnar.<br \/><a name=\"20\"><span class=\"versanumer\">20<\/span><\/a>Sj\u00e1! eg sendi engil \u00e1 undan \u00fe\u00e9r, til a\u00f0 var\u00f0veita \u00feig \u00e1 fer\u00f0inni, og lei\u00f0a \u00feig til \u00feess sta\u00f0ar, sem eg hefi tilreitt.<a name=\"21\"><span class=\"versanumer\">21<\/span><\/a>Haf g\u00e1t \u00e1 \u00fe\u00e9r \u00ed hans augs\u00fdn, hl\u00fd\u00f0 hans r\u00f6ddu, og set \u00feig ekki upp \u00ed m\u00f3ti honum, \u00fev\u00ed hann mun ekki fyrirgefa y\u00f0ar yfirtro\u00f0slur, \u00fear e\u00f0 mitt nafn b\u00fdr \u00ed honum.<a name=\"22\"><span class=\"versanumer\">22<\/span><\/a>En ef \u00fe\u00fa hl\u00fd\u00f0ir hans raustu r\u00e6kilega, og gj\u00f6rir allt \u00fea\u00f0 sem eg segi \u00fe\u00e9r, \u00fe\u00e1 skal eg vera \u00f3vinur \u00f3vina \u00feinna, og m\u00f3tst\u00f6\u00f0u veita \u00fe\u00ednum m\u00f3tst\u00f6\u00f0um\u00f6nnum.<a name=\"23\"><span class=\"versanumer\">23<\/span><\/a>\u00dev\u00ed minn engill skal ganga \u00e1 undan \u00fe\u00e9r, og lei\u00f0a \u00feig inn \u00ed land \u00feeirra Amor\u00edta, Het\u00edta, Feres\u00edta, Kanan\u00edta, Hev\u00edta og Jeb\u00fas\u00edta, og eg skal ey\u00f0ileggja \u00fe\u00e1.<a name=\"24\"><span class=\"versanumer\">24<\/span><\/a>\u00de\u00fa m\u00e1tt ekki tilbi\u00f0ja \u00feeirra gu\u00f0i, og ekki d\u00fdrka \u00fe\u00e1, og ekki breyta eftir \u00feeirra ath\u00e6fi, heldur skaltu gj\u00f6rey\u00f0a og me\u00f0 \u00f6llu sundurbrj\u00f3ta skur\u00f0go\u00f0 \u00feeirra.<a name=\"25\"><span class=\"versanumer\">25<\/span><\/a>\u00de\u00e9r skulu\u00f0 d\u00fdrka Drottin, y\u00f0varn Gu\u00f0, og hann mun blessa \u00feitt brau\u00f0 og \u00feitt vatn, og eg skal l\u00e1ta allt s\u00f3ttarfar v\u00edkja fr\u00e1 \u00fe\u00e9r.<a name=\"26\"><span class=\"versanumer\">26<\/span><\/a>Engin vanbyrja og engin \u00f3byrja skal finnast \u00ed landi \u00fe\u00ednu, og eg skal l\u00e1ta \u00feig ver\u00f0a langl\u00edfan.<a name=\"27\"><span class=\"versanumer\">27<\/span><\/a>Eg skal senda m\u00edna \u00f3gn \u00e1 undan \u00fe\u00e9r, og gj\u00f6ra felmtsfullar allar \u00fe\u00e6r \u00fej\u00f3\u00f0ir, sem \u00fe\u00fa kemur til, og eg skal l\u00e1ta alla \u00fe\u00edna \u00f3vini sn\u00faa b\u00f6kum vi\u00f0 \u00fe\u00e9r.<a name=\"28\"><span class=\"versanumer\">28<\/span><\/a>Eg skal senda geitunga \u00e1 undan \u00fe\u00e9r, og \u00feeir skulu \u00ed burtu st\u00f6kkva Hev\u00edtum, Kanan\u00edtum og Het\u00edtum fr\u00e1 \u00fe\u00e9r.<a name=\"29\"><span class=\"versanumer\">29<\/span><\/a>\u00de\u00f3 vil eg ekki st\u00f6kkva \u00feeim burt fyrir \u00fe\u00e9r \u00e1 einu og sama \u00e1ri, svo landi\u00f0 leggist ekki \u00ed ey\u00f0i, og villid\u00fdrin ekki fj\u00f6lgi \u00fe\u00e9r til meins;<a name=\"30\"><span class=\"versanumer\">30<\/span><\/a>heldur vil eg st\u00f6kkva \u00feeim burt fyrir \u00fe\u00e9r sm\u00e1m saman, \u00fear til \u00fe\u00fa fj\u00f6lgar og eignast landi\u00f0.<a name=\"31\"><span class=\"versanumer\">31<\/span><\/a>Eg vil setja landamerki \u00fe\u00edn fr\u00e1 Hafinu rau\u00f0a og til Filistahafs, fr\u00e1 ey\u00f0im\u00f6rkinni og til Flj\u00f3tsins; \u00fev\u00ed eg vil selja innbyggjendur landsins \u00e1 vald \u00feitt, og \u00fe\u00fa skalt st\u00f6kkva \u00feeim burt undan \u00fe\u00e9r.<a name=\"32\"><span class=\"versanumer\">32<\/span><\/a>\u00de\u00fa m\u00e1tt ekkert s\u00e1ttm\u00e1l gj\u00f6ra vi\u00f0 \u00fe\u00e1 e\u00f0a \u00feeirra gu\u00f0i;<a name=\"33\"><span class=\"versanumer\">33<\/span><\/a>\u00deeir mega ekki b\u00faa \u00ed \u00fe\u00ednu landi, svo \u00feeir ekki komi \u00fe\u00e9r til a\u00f0 falla fr\u00e1 m\u00e9r; ef \u00fe\u00fa \u00fej\u00f3nar \u00feeirra gu\u00f0um, \u00fe\u00e1 mun \u00fea\u00f0 ver\u00f0a \u00fe\u00e9r til \u00f3g\u00e6fu.<\/p>\n<div class=\"footnoteVidey\">V. 28. Geitungar: er flj\u00fagandi skorkvikindi, hefir l\u00edkan b\u00fana\u00f0arh\u00e1tt og b\u00fdfluga, og b\u00edtur h\u00e1skalega.<\/div>\n","protected":false},"excerpt":{"rendered":"<p>L\u00f6g um r\u00e9ttl\u00e6ti, st\u00f3rh\u00e1t\u00ed\u00f0ir; fyrirheit um Kanaansland. 1\u00de\u00fa skalt ekki fara me\u00f0 lygikvittu; \u00fe\u00fa skalt ekki leggja lag \u00feitt vi\u00f0 vondan mann til a\u00f0 gj\u00f6rast lj\u00fagvottur.2\u00de\u00fa skalt ekki fylgja fj\u00f6ldanum \u00ed \u00fev\u00ed a\u00f0 gj\u00f6ra \u00fea\u00f0 sem illt er; ef \u00fe\u00fa \u00e1tt sv\u00f6r a\u00f0 veita \u00ed s\u00f6k nokkurri, \u00fe\u00e1 skaltu ekki \u00e1 eitt leggjast me\u00f0 margnum til \u00feess a\u00f0 halla r\u00e9ttu m\u00e1li;3ekki skaltu vera hli\u00f0dr\u00e6gur manni, \u00fe\u00f3 f\u00e1t\u00e6kur s\u00e9, \u00ed m\u00e1ls\u00f3kn hans.4Ef \u00fe\u00fa hittir uxa \u00f3vinar \u00fe\u00edns, e\u00f0a asna hans, sem villtur fer, \u00fe\u00e1 f\u00e6r \u00fe\u00fa hann \u00feegar aftur til hans.5Sj\u00e1ir \u00fe\u00fa asna \u00f3vildarmanns \u00fe\u00edns liggja \u00f6rmagna undir byr\u00f0i sinni, \u00fe\u00e1 <a href=\"https:\/\/biblian.is\/videy\/onnur-mosebok-23-kafli\/\"> [&#8230;]<\/a><\/p>\n","protected":false},"author":1,"featured_media":0,"parent":0,"menu_order":0,"comment_status":"open","ping_status":"open","template":"bibliukaflar.php","meta":{"footnotes":""},"class_list":["post-20922","page","type-page","status-publish","hentry"],"_links":{"self":[{"href":"https:\/\/biblian.is\/videy\/wp-json\/wp\/v2\/pages\/20922","targetHints":{"allow":["GET"]}}],"collection":[{"href":"https:\/\/biblian.is\/videy\/wp-json\/wp\/v2\/pages"}],"about":[{"href":"https:\/\/biblian.is\/videy\/wp-json\/wp\/v2\/types\/page"}],"author":[{"embeddable":true,"href":"https:\/\/biblian.is\/videy\/wp-json\/wp\/v2\/users\/1"}],"replies":[{"embeddable":true,"href":"https:\/\/biblian.is\/videy\/wp-json\/wp\/v2\/comments?post=20922"}],"version-history":[{"count":0,"href":"https:\/\/biblian.is\/videy\/wp-json\/wp\/v2\/pages\/20922\/revisions"}],"wp:attachment":[{"href":"https:\/\/biblian.is\/videy\/wp-json\/wp\/v2\/media?parent=20922"}],"curies":[{"name":"wp","href":"https:\/\/api.w.org\/{rel}","templated":true}]}}