{"id":20921,"date":"2018-01-02T00:59:30","date_gmt":"2018-01-02T00:59:30","guid":{"rendered":"http:\/\/biblian.is\/videy\/onnur-mosebok-22-kafli\/"},"modified":"2018-01-02T00:59:30","modified_gmt":"2018-01-02T00:59:30","slug":"onnur-mosebok-22-kafli","status":"publish","type":"page","link":"https:\/\/biblian.is\/videy\/onnur-mosebok-22-kafli\/","title":{"rendered":"\u00d6nnur M\u00f3seb\u00f3k 22. kafli"},"content":{"rendered":"<div class=\"fyrirsognVidey\">L\u00f6g um \u00fej\u00f3fna\u00f0, spillvirki, l\u00e1n o. s. fr.<\/div>\n<p><a name=\"1\"><span class=\"versanumer\">1<\/span><\/a>Ef ma\u00f0ur stelur nauti e\u00f0a sau\u00f0, og sl\u00e1trar e\u00f0a selur, \u00fe\u00e1 gjaldi hann aftur 5 uxa fyrir einn, og 4 sau\u00f0i fyrir einn sau\u00f0.<a name=\"2\"><span class=\"versanumer\">2<\/span><\/a>Ef \u00fej\u00f3fur ver\u00f0ur gripinn \u00ed innbroti og lostinn til bana, \u00fe\u00e1 er engi s\u00f3kn fyrir \u00fea\u00f0 v\u00edg;<a name=\"3\"><span class=\"versanumer\">3<\/span><\/a>en ef s\u00f3l er \u00e1 loft komin, \u00fe\u00e1 skal s\u00e6kja v\u00edgsm\u00e1li\u00f0; <span class='VideyAth'>(\u00fev\u00ed)<\/span> \u00fej\u00f3fur skal b\u00e6ta fullum b\u00f3tum, og ef hann \u00e1 ekki til, skal selja hann \u00ed b\u00e6tur fyrir \u00fea\u00f0 stolna.<a name=\"4\"><span class=\"versanumer\">4<\/span><\/a>Ef \u00fea\u00f0 \u00fej\u00f3fstolna finnst hj\u00e1 honum, hv\u00f6rt heldur \u00fea\u00f0 er uxi, asni e\u00f0a sau\u00f0ur, og s\u00e9 \u00fea\u00f0 lifandi, \u00fe\u00e1 skal hann gjalda tv\u00f6falt aftur.<a name=\"5\"><span class=\"versanumer\">5<\/span><\/a>Ef ma\u00f0ur beitir akur e\u00f0a v\u00edngar\u00f0 annars manns, svo a\u00f0 hann hleypir f\u00e9 s\u00ednu og l\u00e6tur ganga \u00ed akri hans, \u00fe\u00e1 skal hann b\u00e6ta me\u00f0 \u00fev\u00ed sem best er \u00e1 hans akri e\u00f0a \u00ed hans v\u00edngar\u00f0i.<a name=\"6\"><span class=\"versanumer\">6<\/span><\/a>Ef eldur kviknar og kemst \u00ed \u00feyrna, og brennur kerfaskr\u00faf, kornstangir e\u00f0a akur, b\u00e6ti s\u00e1 fullum b\u00f3tum, er eld kveikti.<br \/><a name=\"7\"><span class=\"versanumer\">7<\/span><\/a>Ef ma\u00f0ur selur \u00f6\u00f0rum manni silfur e\u00f0a nokkura gripi til var\u00f0veislu, og ver\u00f0ur \u00fev\u00ed stoli\u00f0 \u00far h\u00fasi hans, finnist \u00fej\u00f3furinn, \u00fe\u00e1 skal hann tv\u00edgjalda aftur;<a name=\"8\"><span class=\"versanumer\">8<\/span><\/a>en finnist \u00fej\u00f3furinn ekki, \u00fe\u00e1 skal lei\u00f0a h\u00fasseigandann fram fyrir Gu\u00f0, og vinni hann ei\u00f0, a\u00f0 hann ekki lag\u00f0i hendur \u00e1 eign n\u00e1unga s\u00edns.<a name=\"9\"><span class=\"versanumer\">9<\/span><\/a>Hvervetna \u00fear er m\u00e1l ver\u00f0ur um misverka \u00e1 uxum e\u00f0ur \u00f6snum e\u00f0ur sau\u00f0um, e\u00f0ur kl\u00e6\u00f0na\u00f0i, og um allt \u00fea\u00f0 er annar missir, og segir, a\u00f0 \u00fea\u00f0 er \u00feetta sem hann missir, \u00fe\u00e1 skal m\u00e1l \u00feeirra beggja koma fyrir Gu\u00f0s d\u00f3mst\u00f3l, og hv\u00f6rn sem d\u00f3mendur d\u00e6ma sakfallinn, s\u00e1 skal tv\u00edgjalda hinum.<br \/><a name=\"10\"><span class=\"versanumer\">10<\/span><\/a>Ef ma\u00f0ur selur \u00f6\u00f0rum manni asna e\u00f0ur naut e\u00f0ur sau\u00f0 e\u00f0ur nokkurt kvikf\u00e9 til var\u00f0veislu, og deyr \u00fea\u00f0, e\u00f0a lestist, e\u00f0a er teki\u00f0, svo enginn s\u00e9r:<a name=\"11\"><span class=\"versanumer\">11<\/span><\/a>\u00fe\u00e1 skal til koma ei\u00f0ur vi\u00f0 Drottin \u00feeirra \u00ed millum, \u201ea\u00f0 hann ekki lag\u00f0i h\u00f6nd \u00e1 eign n\u00e1unga s\u00edns\u201c, og skal eignarma\u00f0ur \u00feann ei\u00f0 gildan taka, en hinn b\u00e6ti \u00f6ngvu;<a name=\"12\"><span class=\"versanumer\">12<\/span><\/a>en ef \u00fev\u00ed hefir veri\u00f0 stoli\u00f0 fr\u00e1 honum, \u00fe\u00e1 gjaldi hann b\u00e6tur eignarmanni;<a name=\"13\"><span class=\"versanumer\">13<\/span><\/a>ef \u00fea\u00f0 er d\u00fdrbiti\u00f0, \u00fe\u00e1 skal hann koma me\u00f0 \u00fea\u00f0 til sannindamerkis: d\u00fdrbiti\u00f0 f\u00e9 skal ma\u00f0ur <span class='VideyAth'>(hann)<\/span> ekki b\u00e6ta. <br \/><a name=\"14\"><span class=\"versanumer\">14<\/span><\/a>Ef ma\u00f0ur tekur f\u00e9na\u00f0 \u00e1 leigu af \u00f6\u00f0rum manni, og \u00fea\u00f0 lemst e\u00f0a deyr: s\u00e9 eignarma\u00f0ur ekki vi\u00f0staddur, \u00fe\u00e1 b\u00e6ti hinn fullum b\u00f3tum;<a name=\"15\"><span class=\"versanumer\">15<\/span><\/a>en s\u00e9 eignarma\u00f0ur vi\u00f0, b\u00e6ti \u00f6ngvu, ef \u00fea\u00f0 er daglaunama\u00f0ur, \u00fe\u00e1 komi \u00fea\u00f0 upp \u00ed daglaun hans. <br \/><a name=\"16\"><span class=\"versanumer\">16<\/span><\/a>Ef ma\u00f0ur glepur mey, sem ekki er f\u00f6stnu\u00f0 manni, og liggur me\u00f0 henni, \u00fe\u00e1 skal hann \u00fe\u00e1 mey mundi kaupa og taka s\u00e9r til eiginkonu;<a name=\"17\"><span class=\"versanumer\">17<\/span><\/a>en ef fa\u00f0ir hennar vill eigi gifta honum hana, \u00fe\u00e1 skal hann gjalda svo miki\u00f0 silfur, sem meyja mundi svarar. <br \/><a name=\"18\"><span class=\"versanumer\">18<\/span><\/a>Ekki skaltu l\u00e1ta galdrakonu lifa.<a name=\"19\"><span class=\"versanumer\">19<\/span><\/a>Hv\u00f6r sem hefir samlag vi\u00f0 f\u00e9na\u00f0, l\u00e1ti l\u00edf sitt. <br \/><a name=\"20\"><span class=\"versanumer\">20<\/span><\/a>Hv\u00f6r sem f\u00f3rnf\u00e6rir nokkrum gu\u00f0i, utan Drottni einum, s\u00e1 skal fyrird\u00e6mast.<br \/><a name=\"21\"><span class=\"versanumer\">21<\/span><\/a>\u00de\u00fa skalt ekki k\u00faga e\u00f0a \u00e1gang veita \u00fatlendum manni, \u00fev\u00ed \u00fe\u00e9r v\u00f3ru\u00f0 sj\u00e1lfir \u00fatlendingar \u00ed Egyptalandi.<a name=\"22\"><span class=\"versanumer\">22<\/span><\/a>\u00de\u00e9r skulu\u00f0 ekki leggjast \u00e1 ekkjur e\u00f0a muna\u00f0arleysingja.<a name=\"23\"><span class=\"versanumer\">23<\/span><\/a>Ef \u00fe\u00fa \u00ferengir \u00feeim, og \u00feau kalla \u00e1 mig s\u00e9r til hj\u00e1lpar, \u00fe\u00e1 skal eg heyra \u00feeirra ney\u00f0arkvein,<a name=\"24\"><span class=\"versanumer\">24<\/span><\/a>\u00fe\u00e1 skal m\u00edn rei\u00f0i brenna, og eg skal sl\u00e1 y\u00f0ur \u00ed hel me\u00f0 sver\u00f0i, svo y\u00f0ar konur ver\u00f0i ekkjur, og y\u00f0ar b\u00f6rn f\u00f6\u00f0urlaus. <br \/><a name=\"25\"><span class=\"versanumer\">25<\/span><\/a>Ef \u00fe\u00fa l\u00e1nar peninga f\u00f3lki m\u00ednu, \u00feeim f\u00e1t\u00e6ka, sem hj\u00e1 \u00fe\u00e9r er, \u00fe\u00e1 skalt\u00fa ekki vera vi\u00f0 hann eins og okurkarl; \u00fe\u00e9r skulu\u00f0 ekki taka leigu af honum.<a name=\"26\"><span class=\"versanumer\">26<\/span><\/a>Ef \u00fe\u00fa tekur yfirh\u00f6fn n\u00e1unga \u00fe\u00edns a\u00f0 ve\u00f0i, \u00fe\u00e1 skila \u00fe\u00fa honum henni aftur, \u00e1\u00f0ur s\u00f3l sest;<a name=\"27\"><span class=\"versanumer\">27<\/span><\/a>\u00fev\u00ed h\u00fan er \u00fea\u00f0 eina, sem hann hefir til a\u00f0 hylja sig me\u00f0: h\u00fan er \u00fea\u00f0 kl\u00e6\u00f0i, sem hann er \u00ed og liggur \u00e1; kalli hann til m\u00edn, skal eg b\u00e6nheyra hann: \u00fev\u00ed eg er miskunnsamur. <br \/><a name=\"28\"><span class=\"versanumer\">28<\/span><\/a>\u00de\u00fa skalt ekki hallm\u00e6la d\u00f3msvaldi Gu\u00f0s, og ekki lasta h\u00f6f\u00f0ingja \u00fe\u00edns f\u00f3lks. <br \/><a name=\"29\"><span class=\"versanumer\">29<\/span><\/a>L\u00e1t ei undan dragast a\u00f0 frambera frumgr\u00f3\u00f0a af \u00fev\u00ed og \u00feeim \u00e1vaxtarv\u00f6kva, sem \u00fe\u00fa \u00e1tt. \u00de\u00fa skalt gefa m\u00e9r \u00feinn frumgetna son;<a name=\"30\"><span class=\"versanumer\">30<\/span><\/a>s\u00f6mulei\u00f0is frumbur\u00f0i \u00feinna nauta og sau\u00f0a; sj\u00f6 daga skal frumbur\u00f0urinn vera hj\u00e1 m\u00f3\u00f0ur sinni, en \u00feann \u00e1ttunda dag skaltu f\u00e6ra m\u00e9r hann.<a name=\"31\"><span class=\"versanumer\">31<\/span><\/a>\u00de\u00e9r skulu\u00f0 vera mitt heilagt f\u00f3lk. \u00dea\u00f0 kj\u00f6t, sem rifi\u00f0 er af d\u00fdrum \u00fati \u00e1 v\u00ed\u00f0a vangi, skulu\u00f0 \u00fe\u00e9r ei eta, heldur kasta \u00fev\u00ed fyrir hunda.<\/p>\n<div class=\"footnoteVidey\"><\/div>\n","protected":false},"excerpt":{"rendered":"<p>L\u00f6g um \u00fej\u00f3fna\u00f0, spillvirki, l\u00e1n o. s. fr. 1Ef ma\u00f0ur stelur nauti e\u00f0a sau\u00f0, og sl\u00e1trar e\u00f0a selur, \u00fe\u00e1 gjaldi hann aftur 5 uxa fyrir einn, og 4 sau\u00f0i fyrir einn sau\u00f0.2Ef \u00fej\u00f3fur ver\u00f0ur gripinn \u00ed innbroti og lostinn til bana, \u00fe\u00e1 er engi s\u00f3kn fyrir \u00fea\u00f0 v\u00edg;3en ef s\u00f3l er \u00e1 loft komin, \u00fe\u00e1 skal s\u00e6kja v\u00edgsm\u00e1li\u00f0; (\u00fev\u00ed) \u00fej\u00f3fur skal b\u00e6ta fullum b\u00f3tum, og ef hann \u00e1 ekki til, skal selja hann \u00ed b\u00e6tur fyrir \u00fea\u00f0 stolna.4Ef \u00fea\u00f0 \u00fej\u00f3fstolna finnst hj\u00e1 honum, hv\u00f6rt heldur \u00fea\u00f0 er uxi, asni e\u00f0a sau\u00f0ur, og s\u00e9 \u00fea\u00f0 lifandi, \u00fe\u00e1 skal hann gjalda tv\u00f6falt <a href=\"https:\/\/biblian.is\/videy\/onnur-mosebok-22-kafli\/\"> [&#8230;]<\/a><\/p>\n","protected":false},"author":1,"featured_media":0,"parent":0,"menu_order":0,"comment_status":"open","ping_status":"open","template":"bibliukaflar.php","meta":{"footnotes":""},"class_list":["post-20921","page","type-page","status-publish","hentry"],"_links":{"self":[{"href":"https:\/\/biblian.is\/videy\/wp-json\/wp\/v2\/pages\/20921","targetHints":{"allow":["GET"]}}],"collection":[{"href":"https:\/\/biblian.is\/videy\/wp-json\/wp\/v2\/pages"}],"about":[{"href":"https:\/\/biblian.is\/videy\/wp-json\/wp\/v2\/types\/page"}],"author":[{"embeddable":true,"href":"https:\/\/biblian.is\/videy\/wp-json\/wp\/v2\/users\/1"}],"replies":[{"embeddable":true,"href":"https:\/\/biblian.is\/videy\/wp-json\/wp\/v2\/comments?post=20921"}],"version-history":[{"count":0,"href":"https:\/\/biblian.is\/videy\/wp-json\/wp\/v2\/pages\/20921\/revisions"}],"wp:attachment":[{"href":"https:\/\/biblian.is\/videy\/wp-json\/wp\/v2\/media?parent=20921"}],"curies":[{"name":"wp","href":"https:\/\/api.w.org\/{rel}","templated":true}]}}