{"id":20919,"date":"2018-01-02T00:59:30","date_gmt":"2018-01-02T00:59:30","guid":{"rendered":"http:\/\/biblian.is\/videy\/onnur-mosebok-20-kafli\/"},"modified":"2018-01-02T00:59:30","modified_gmt":"2018-01-02T00:59:30","slug":"onnur-mosebok-20-kafli","status":"publish","type":"page","link":"https:\/\/biblian.is\/videy\/onnur-mosebok-20-kafli\/","title":{"rendered":"\u00d6nnur M\u00f3seb\u00f3k 20. kafli"},"content":{"rendered":"<div class=\"fyrirsognVidey\">\u00deau 10 lagabo\u00f0or\u00f0. Bo\u00f0or\u00f0 um altarisgj\u00f6r\u00f0.<\/div>\n<p><a name=\"1\"><span class=\"versanumer\">1<\/span><\/a>Drottinn tala\u00f0i \u00f6ll \u00feessi or\u00f0, og sag\u00f0i: <br \/><a name=\"2\"><span class=\"versanumer\">2<\/span><\/a>eg er Drottinn, \u00feinn Gu\u00f0, sem \u00fatleiddi \u00feig af Egyptalandi, \u00fat af \u00fer\u00e6ld\u00f3msh\u00fasinu.<a name=\"3\"><span class=\"versanumer\">3<\/span><\/a>\u00de\u00fa m\u00e1tt ekki d\u00fdrka hj\u00e1gu\u00f0i undir eins og mig;<a name=\"4\"><span class=\"versanumer\">4<\/span><\/a>\u00fe\u00fa m\u00e1tt \u00f6ngvar l\u00edkneskjur gj\u00f6ra \u00fe\u00e9r, e\u00f0a nokkurar myndir eftir \u00fev\u00ed sem er \u00e1 himnum uppi, e\u00f0ur \u00e1 j\u00f6r\u00f0u ni\u00f0ri, e\u00f0ur \u00ed v\u00f6tnum, e\u00f0ur undir j\u00f6r\u00f0unni:<a name=\"5\"><span class=\"versanumer\">5<\/span><\/a>\u00fe\u00fa m\u00e1tt ekki tilbi\u00f0ja \u00fe\u00e6r, og ekki d\u00fdrka \u00fe\u00e6r, \u00fev\u00ed eg Drottinn, \u00feinn Gu\u00f0, er vandl\u00e6tissamur Gu\u00f0, sem hegni misgj\u00f6r\u00f0ir fe\u00f0ranna, \u00e1 b\u00f6rnunum \u00ed \u00feri\u00f0ja og fj\u00f3r\u00f0a li\u00f0, \u00feeim sem mig hata,<a name=\"6\"><span class=\"versanumer\">6<\/span><\/a>en au\u00f0s\u00fdni miskunnsemi \u00ed \u00fe\u00fasund li\u00f0u, \u00feeim, sem elska mig og var\u00f0veita m\u00edn bo\u00f0or\u00f0.<a name=\"7\"><span class=\"versanumer\">7<\/span><\/a>\u00de\u00fa skalt ekki leggja nafn Drottins Gu\u00f0s \u00fe\u00edns vi\u00f0 h\u00e9g\u00f3ma, \u00fev\u00ed Drottinn mun ekki l\u00e1ta \u00feann \u00f3hegndan, sem br\u00fakar hans nafn g\u00e1lauslega.<a name=\"8\"><span class=\"versanumer\">8<\/span><\/a>Minnstu a\u00f0 halda hv\u00edldardaginn heilagan!<a name=\"9\"><span class=\"versanumer\">9<\/span><\/a>Sex daga skaltu erfi\u00f0a, og vinna alla vinnu \u00fe\u00edna;<a name=\"10\"><span class=\"versanumer\">10<\/span><\/a>en sj\u00f6undi dagurinn er hv\u00edldardagur Drottins Gu\u00f0s \u00fe\u00edns, \u00fe\u00e1 skalt \u00fe\u00fa ekkert verk vinna, og ekki sonur \u00feinn e\u00f0a d\u00f3ttir, \u00fer\u00e6ll e\u00f0a amb\u00e1tt, e\u00f0a skepnur \u00fe\u00ednar, e\u00f0a nokkur \u00fatlendingur, sem er innan borgarhli\u00f0a \u00feinna:<a name=\"11\"><span class=\"versanumer\">11<\/span><\/a>\u00fev\u00ed \u00e1 6 d\u00f6gum gj\u00f6r\u00f0i Drottinn himin og j\u00f6r\u00f0 og haf, og allt sem \u00ed \u00feeim er, og hann hv\u00edldist \u00e1 hinum sj\u00f6unda degi; \u00feess vegna blessa\u00f0i Drottinn hv\u00edldardaginn, og helga\u00f0i hann.<a name=\"12\"><span class=\"versanumer\">12<\/span><\/a>Hei\u00f0ra f\u00f6\u00f0ur \u00feinn og m\u00f3\u00f0ur \u00fe\u00edna, svo \u00fe\u00fa megir lengi lifa \u00ed \u00fev\u00ed landi, sem Drottinn Gu\u00f0 \u00feinn gefur \u00fe\u00e9r.<a name=\"13\"><span class=\"versanumer\">13<\/span><\/a>\u00de\u00fa skalt ekki mann vega.<a name=\"14\"><span class=\"versanumer\">14<\/span><\/a>\u00de\u00fa skalt ekki h\u00f3rd\u00f3m dr\u00fdgja.<a name=\"15\"><span class=\"versanumer\">15<\/span><\/a>\u00de\u00fa skalt ekki stela.<a name=\"16\"><span class=\"versanumer\">16<\/span><\/a>\u00de\u00fa skalt ekki bera lj\u00fagv\u00e6tti \u00e1 m\u00f3ti \u00fe\u00ednum n\u00e1unga.<a name=\"17\"><span class=\"versanumer\">17<\/span><\/a>\u00de\u00fa skalt ekki girnast kvinnu n\u00e1unga \u00fe\u00edns, ekki hans \u00fer\u00e6l e\u00f0a hans amb\u00e1tt, ekki hans uxa e\u00f0a asna, e\u00f0a nokku\u00f0 af \u00fev\u00ed sem n\u00e1unga \u00fe\u00ednum tilheyrir.<br \/><a name=\"18\"><span class=\"versanumer\">18<\/span><\/a>Allt f\u00f3lki\u00f0 s\u00e1 rei\u00f0ar\u00ferumurnar og eldsglossana og l\u00fa\u00f0ur\u00feytinn og fjalli\u00f0 rj\u00fakanda; og er f\u00f3lki\u00f0 s\u00e1 \u00feetta, h\u00f6rfa\u00f0i \u00fea\u00f0 til baka og st\u00f3\u00f0 langt fr\u00e1.<a name=\"19\"><span class=\"versanumer\">19<\/span><\/a>\u00deeir s\u00f6g\u00f0u \u00fe\u00e1 til M\u00f3ses: tala \u00fe\u00fa vi\u00f0 oss, og v\u00e9r skulum hl\u00fd\u00f0a; en l\u00e1t Gu\u00f0 ekki tala vi\u00f0 oss, svo v\u00e9r ekki deyjum.<a name=\"20\"><span class=\"versanumer\">20<\/span><\/a>M\u00f3ses sag\u00f0i til f\u00f3lksins: \u00f3ttist ekki! \u00fev\u00ed Gu\u00f0 er kominn til \u00feess a\u00f0 reyna y\u00f0ur, svo a\u00f0 hans \u00f3tti s\u00e9 y\u00f0ur fyrir augum, til \u00feess \u00fe\u00e9r syndgi\u00f0 ekki.<a name=\"21\"><span class=\"versanumer\">21<\/span><\/a>F\u00f3lki\u00f0 st\u00f3\u00f0 \u00fe\u00e1 langt fr\u00e1, en M\u00f3ses gekk inn \u00ed dimmuna, \u00fear sem Gu\u00f0 var. <br \/><a name=\"22\"><span class=\"versanumer\">22<\/span><\/a>Drottinn m\u00e6lti vi\u00f0 M\u00f3ses: svo skaltu segja \u00cdsraelsm\u00f6nnum: \u00fe\u00e9r hafi\u00f0 s\u00e9\u00f0, a\u00f0 eg hefi tala\u00f0 til y\u00f0ar af himnum.<a name=\"23\"><span class=\"versanumer\">23<\/span><\/a>\u00de\u00e9r skulu\u00f0 ekkert taka til jafns vi\u00f0 mig; \u00fe\u00e9r skulu\u00f0 \u00f6ngva gu\u00f0i tilb\u00faa y\u00f0ur af silfri e\u00f0a gulli.<a name=\"24\"><span class=\"versanumer\">24<\/span><\/a>\u00de\u00fa skalt byggja m\u00e9r altari af torfi, og f\u00f3rnf\u00e6ra \u00fear \u00e1 \u00feinni brennif\u00f3rn og \u00feakkarf\u00f3rn, kvikf\u00e9na\u00f0i \u00fe\u00ednum, sm\u00e1um og st\u00f3rum; allsta\u00f0ar, \u00fear sem eg l\u00e6t pr\u00edsa mitt nafn, vil eg koma til \u00fe\u00edn og blessa \u00feig.<a name=\"25\"><span class=\"versanumer\">25<\/span><\/a>En ef \u00fe\u00fa vilt reisa m\u00e9r altari af steinum, \u00fe\u00e1 m\u00e1ttu ekki hla\u00f0a \u00fea\u00f0 af h\u00f6ggnu grj\u00f3ti; \u00fev\u00ed berir \u00fe\u00fa meitilinn <span class='VideyAth'>(kl\u00f6ppuna)<\/span> \u00e1 \u00fea\u00f0, \u00fe\u00e1 vanhelgar \u00fe\u00fa \u00fea\u00f0.<a name=\"26\"><span class=\"versanumer\">26<\/span><\/a>\u00de\u00fa m\u00e1tt ekki um palla ganga upp a\u00f0 altari m\u00ednu, svo \u00fe\u00edn blyg\u00f0un opinberist \u00fear ekki.<\/p>\n<div class=\"footnoteVidey\"><\/div>\n","protected":false},"excerpt":{"rendered":"<p>\u00deau 10 lagabo\u00f0or\u00f0. Bo\u00f0or\u00f0 um altarisgj\u00f6r\u00f0. 1Drottinn tala\u00f0i \u00f6ll \u00feessi or\u00f0, og sag\u00f0i: 2eg er Drottinn, \u00feinn Gu\u00f0, sem \u00fatleiddi \u00feig af Egyptalandi, \u00fat af \u00fer\u00e6ld\u00f3msh\u00fasinu.3\u00de\u00fa m\u00e1tt ekki d\u00fdrka hj\u00e1gu\u00f0i undir eins og mig;4\u00fe\u00fa m\u00e1tt \u00f6ngvar l\u00edkneskjur gj\u00f6ra \u00fe\u00e9r, e\u00f0a nokkurar myndir eftir \u00fev\u00ed sem er \u00e1 himnum uppi, e\u00f0ur \u00e1 j\u00f6r\u00f0u ni\u00f0ri, e\u00f0ur \u00ed v\u00f6tnum, e\u00f0ur undir j\u00f6r\u00f0unni:5\u00fe\u00fa m\u00e1tt ekki tilbi\u00f0ja \u00fe\u00e6r, og ekki d\u00fdrka \u00fe\u00e6r, \u00fev\u00ed eg Drottinn, \u00feinn Gu\u00f0, er vandl\u00e6tissamur Gu\u00f0, sem hegni misgj\u00f6r\u00f0ir fe\u00f0ranna, \u00e1 b\u00f6rnunum \u00ed \u00feri\u00f0ja og fj\u00f3r\u00f0a li\u00f0, \u00feeim sem mig hata,6en au\u00f0s\u00fdni miskunnsemi \u00ed \u00fe\u00fasund li\u00f0u, \u00feeim, sem elska mig og <a href=\"https:\/\/biblian.is\/videy\/onnur-mosebok-20-kafli\/\"> [&#8230;]<\/a><\/p>\n","protected":false},"author":1,"featured_media":0,"parent":0,"menu_order":0,"comment_status":"open","ping_status":"open","template":"bibliukaflar.php","meta":{"footnotes":""},"class_list":["post-20919","page","type-page","status-publish","hentry"],"_links":{"self":[{"href":"https:\/\/biblian.is\/videy\/wp-json\/wp\/v2\/pages\/20919","targetHints":{"allow":["GET"]}}],"collection":[{"href":"https:\/\/biblian.is\/videy\/wp-json\/wp\/v2\/pages"}],"about":[{"href":"https:\/\/biblian.is\/videy\/wp-json\/wp\/v2\/types\/page"}],"author":[{"embeddable":true,"href":"https:\/\/biblian.is\/videy\/wp-json\/wp\/v2\/users\/1"}],"replies":[{"embeddable":true,"href":"https:\/\/biblian.is\/videy\/wp-json\/wp\/v2\/comments?post=20919"}],"version-history":[{"count":0,"href":"https:\/\/biblian.is\/videy\/wp-json\/wp\/v2\/pages\/20919\/revisions"}],"wp:attachment":[{"href":"https:\/\/biblian.is\/videy\/wp-json\/wp\/v2\/media?parent=20919"}],"curies":[{"name":"wp","href":"https:\/\/api.w.org\/{rel}","templated":true}]}}