{"id":20918,"date":"2018-01-02T00:59:30","date_gmt":"2018-01-02T00:59:30","guid":{"rendered":"http:\/\/biblian.is\/videy\/onnur-mosebok-19-kafli\/"},"modified":"2018-01-02T00:59:30","modified_gmt":"2018-01-02T00:59:30","slug":"onnur-mosebok-19-kafli","status":"publish","type":"page","link":"https:\/\/biblian.is\/videy\/onnur-mosebok-19-kafli\/","title":{"rendered":"\u00d6nnur M\u00f3seb\u00f3k 19. kafli"},"content":{"rendered":"<div class=\"fyrirsognVidey\">Gy\u00f0ingar koma til S\u00edna\u00ed. Undirb\u00faningur undir l\u00f6ggj\u00f6fina.<\/div>\n<p><a name=\"1\"><span class=\"versanumer\">1<\/span><\/a>\u00c1 fyrsta degi hins \u00feri\u00f0ja m\u00e1na\u00f0ar, eftir \u00fea\u00f0 a\u00f0 \u00cdsraelsmenn voru \u00fat gengnir af Egyptalandi, komu \u00feeir \u00ed ey\u00f0im\u00f6rkina S\u00edna\u00ed.<a name=\"2\"><span class=\"versanumer\">2<\/span><\/a>\u00deeir t\u00f3ku sig upp fr\u00e1 Ref\u00eddim og komu \u00ed ey\u00f0im\u00f6rkina S\u00edna\u00ed, og settu b\u00fa\u00f0ir s\u00ednar \u00ed ey\u00f0im\u00f6rkinni, og tj\u00f6ldu\u00f0u \u00cdsraelsmenn \u00fear gegnt fjallinu.<a name=\"3\"><span class=\"versanumer\">3<\/span><\/a>M\u00f3ses gekk upp til Gu\u00f0s, og kalla\u00f0i Drottinn til hans af fjallinu, og sag\u00f0i: svo skaltu segja Jakobsni\u00f0jum, og kunngj\u00f6ra \u00cdsraelsm\u00f6nnum:<a name=\"4\"><span class=\"versanumer\">4<\/span><\/a>\u00fe\u00e9r hafi\u00f0 sj\u00e1lfir s\u00e9\u00f0, hva\u00f0 eg hefi gj\u00f6rt Egyptalandsm\u00f6nnum, og hv\u00f6rsu eg hefi bori\u00f0 y\u00f0ur \u00e1 arnarv\u00e6ngjum og flutt y\u00f0ur til m\u00edn.<a name=\"5\"><span class=\"versanumer\">5<\/span><\/a>N\u00fa ef \u00fe\u00e9r hl\u00fd\u00f0i\u00f0 minni r\u00f6ddu grandg\u00e6filega, og haldi\u00f0 minn s\u00e1ttm\u00e1la, \u00fe\u00e1 skulu\u00f0 \u00fe\u00e9r vera m\u00edn eiginleg eign um fram allar \u00fej\u00f3\u00f0ir, \u00fev\u00ed \u00f6ll j\u00f6r\u00f0in er m\u00edn;<a name=\"6\"><span class=\"versanumer\">6<\/span><\/a>\u00fe\u00e9r skulu\u00f0 vera mitt kennimannlegt r\u00edki og mitt heilagt f\u00f3lk. \u00deessi or\u00f0 skaltu tala til \u00cdsraelsmanna.<a name=\"7\"><span class=\"versanumer\">7<\/span><\/a>M\u00f3ses f\u00f3r og stefndi saman form\u00f6nnum l\u00fd\u00f0sins, og flutti \u00feeim \u00f6ll \u00feau or\u00f0, er Drottinn haf\u00f0i bo\u00f0i\u00f0 honum.<a name=\"8\"><span class=\"versanumer\">8<\/span><\/a>\u00de\u00e1 svara\u00f0i allur l\u00fd\u00f0urinn einum munni, og sag\u00f0i: v\u00e9r viljum gj\u00f6ra allt \u00fea\u00f0, sem Drottinn b\u00fd\u00f0ur; og M\u00f3ses flutti Drottni aftur or\u00f0 f\u00f3lksins.<a name=\"9\"><span class=\"versanumer\">9<\/span><\/a>\u00de\u00e1 sag\u00f0i Drottinn til M\u00f3sis: sj\u00e1! eg vil koma til \u00fe\u00edn \u00ed dimmu sk\u00fdi, svo a\u00f0 f\u00f3lki\u00f0 heyri \u00feau or\u00f0, er eg tala vi\u00f0 \u00feig, og tr\u00fai \u00fe\u00e9r s\u00ed\u00f0an \u00e6vinlega. M\u00f3ses sag\u00f0i Drottni, hv\u00f6rju f\u00f3lki\u00f0 svara\u00f0i h\u00e9r til.<a name=\"10\"><span class=\"versanumer\">10<\/span><\/a>\u00de\u00e1 m\u00e6lti Drottinn vi\u00f0 M\u00f3ses: far til f\u00f3lksins, og helga \u00fea\u00f0 \u00ed dag og \u00e1 morgun, og l\u00e1t \u00fe\u00e1 \u00fevo kl\u00e6\u00f0i s\u00edn;<a name=\"11\"><span class=\"versanumer\">11<\/span><\/a>veri \u00feeir b\u00fanir \u00e1 \u00feri\u00f0ja degi, \u00fev\u00ed \u00e1 \u00feri\u00f0ja degi mun Drottinn ofan st\u00edga \u00e1 S\u00edna\u00edfjall \u00ed augs\u00fdn alls l\u00fd\u00f0sins.<a name=\"12\"><span class=\"versanumer\">12<\/span><\/a>\u00de\u00fa skalt marka f\u00f3lkinu svi\u00f0 umhverfis, og segja: varist a\u00f0 ganga upp \u00e1 fjalli\u00f0 e\u00f0a snerta fjallsr\u00e6turnar; hv\u00f6r sem snertir fjalli\u00f0, honum skal dau\u00f0inn viss;<a name=\"13\"><span class=\"versanumer\">13<\/span><\/a>enginn m\u00e1 snerta \u00fea\u00f0 mannshendi: hv\u00f6r sem \u00fea\u00f0 gj\u00f6rir, skal ver\u00f0a gr\u00fdttur e\u00f0a skotinn; hv\u00f6rt \u00fea\u00f0 er heldur ma\u00f0ur e\u00f0a kvikindi, \u00fe\u00e1 skal \u00fea\u00f0 ekki lifa; en \u00feegar l\u00fa\u00f0urinn kve\u00f0ur vi\u00f0, \u00fe\u00e1 skulu \u00feeir st\u00edga upp \u00e1 fjalli\u00f0.<a name=\"14\"><span class=\"versanumer\">14<\/span><\/a>\u00de\u00e1 gekk M\u00f3ses ofan af fjallinu til f\u00f3lksins, og helga\u00f0i f\u00f3lki\u00f0, og \u00feeir \u00fevo\u00f0u s\u00edn kl\u00e6\u00f0i.<a name=\"15\"><span class=\"versanumer\">15<\/span><\/a>Hann sag\u00f0i til l\u00fd\u00f0sins: veri\u00f0 b\u00fanir \u00e1 \u00feri\u00f0ja degi, og komi\u00f0 ekki n\u00e6rri nokkurri konu.<a name=\"16\"><span class=\"versanumer\">16<\/span><\/a>\u00deri\u00f0ja dags morgun gengu rei\u00f0ar\u00ferumur og eldingar, \u00feykkt sk\u00fd var \u00e1 fjallinu og mj\u00f6g sterkur l\u00fa\u00f0ur\u00feytur, svo allt f\u00f3lki\u00f0 skelfdist, sem var \u00ed herb\u00fa\u00f0unum.<a name=\"17\"><span class=\"versanumer\">17<\/span><\/a>\u00de\u00e1 leiddi M\u00f3ses f\u00f3lki\u00f0 \u00fat af herb\u00fa\u00f0unum til m\u00f3ts vi\u00f0 Gu\u00f0, og t\u00f3ku menn s\u00e9r st\u00f6\u00f0u fyrir ne\u00f0an fjalli\u00f0.<a name=\"18\"><span class=\"versanumer\">18<\/span><\/a>Allt S\u00edna\u00ed fjall rauk, fyrir \u00fev\u00ed a\u00f0 Drottinn steig ofan \u00e1 \u00fea\u00f0 \u00ed eldinum; mokkurinn st\u00f3\u00f0 upp af \u00fev\u00ed, eins og reykur af ofni, og allt fjalli\u00f0 skalf mj\u00f6g,<a name=\"19\"><span class=\"versanumer\">19<\/span><\/a>og l\u00fa\u00f0ur\u00feyturinn var\u00f0 \u00e6 sterkari og sterkari; M\u00f3ses tala\u00f0i og Gu\u00f0 svara\u00f0i honum \u00ed rei\u00f0ar\u00ferumunni.<a name=\"20\"><span class=\"versanumer\">20<\/span><\/a>Og Drottinn steig ofan \u00e1 fjalli\u00f0 S\u00edna\u00ed \u00e1 efsta fjallstindinn, og kalla\u00f0i M\u00f3ses upp til s\u00edn \u00e1 fjalli\u00f0, og gekk M\u00f3ses upp.<a name=\"21\"><span class=\"versanumer\">21<\/span><\/a>\u00de\u00e1 sag\u00f0i Drottinn vi\u00f0 M\u00f3ses: st\u00edg ofan, og minn f\u00f3lki\u00f0 \u00e1, a\u00f0 \u00fea\u00f0 ekki brj\u00f3tist upp hinga\u00f0 til Drottins fyrir forvitni sakir, svo eigi falli fj\u00f6ldi af \u00feeim.<a name=\"22\"><span class=\"versanumer\">22<\/span><\/a>Einnig kennimennirnir, sem n\u00e1l\u00e6gja sig Drottni, skulu helga sig, svo a\u00f0 Drottinn ey\u00f0ileggi \u00fe\u00e1 ekki.<a name=\"23\"><span class=\"versanumer\">23<\/span><\/a>M\u00f3ses sag\u00f0i til Drottins: f\u00f3lki\u00f0 getur ekki st\u00edgi\u00f0 upp \u00e1 S\u00edna\u00edfjall, \u00fev\u00ed \u00fe\u00fa hefir votta\u00f0 fyrir oss og sagt: settu v\u00e9b\u00f6nd umhverfis fjalli\u00f0, og helga \u00fea\u00f0.<a name=\"24\"><span class=\"versanumer\">24<\/span><\/a>Drottinn sag\u00f0i til hans: far n\u00fa og st\u00edg ofan, en \u00fei\u00f0 Aron skulu\u00f0 fara upp hinga\u00f0 aftur; en kennimennirnir og f\u00f3lki\u00f0 m\u00e1 ekki brj\u00f3tast upp hinga\u00f0 til Drottins, svo hann ekki ey\u00f0ileggi \u00fe\u00e1.<a name=\"25\"><span class=\"versanumer\">25<\/span><\/a>M\u00f3ses gekk ofan til f\u00f3lksins, og sag\u00f0i \u00fev\u00ed \u00feetta.<\/p>\n<div class=\"footnoteVidey\"><\/div>\n","protected":false},"excerpt":{"rendered":"<p>Gy\u00f0ingar koma til S\u00edna\u00ed. Undirb\u00faningur undir l\u00f6ggj\u00f6fina. 1\u00c1 fyrsta degi hins \u00feri\u00f0ja m\u00e1na\u00f0ar, eftir \u00fea\u00f0 a\u00f0 \u00cdsraelsmenn voru \u00fat gengnir af Egyptalandi, komu \u00feeir \u00ed ey\u00f0im\u00f6rkina S\u00edna\u00ed.2\u00deeir t\u00f3ku sig upp fr\u00e1 Ref\u00eddim og komu \u00ed ey\u00f0im\u00f6rkina S\u00edna\u00ed, og settu b\u00fa\u00f0ir s\u00ednar \u00ed ey\u00f0im\u00f6rkinni, og tj\u00f6ldu\u00f0u \u00cdsraelsmenn \u00fear gegnt fjallinu.3M\u00f3ses gekk upp til Gu\u00f0s, og kalla\u00f0i Drottinn til hans af fjallinu, og sag\u00f0i: svo skaltu segja Jakobsni\u00f0jum, og kunngj\u00f6ra \u00cdsraelsm\u00f6nnum:4\u00fe\u00e9r hafi\u00f0 sj\u00e1lfir s\u00e9\u00f0, hva\u00f0 eg hefi gj\u00f6rt Egyptalandsm\u00f6nnum, og hv\u00f6rsu eg hefi bori\u00f0 y\u00f0ur \u00e1 arnarv\u00e6ngjum og flutt y\u00f0ur til m\u00edn.5N\u00fa ef \u00fe\u00e9r hl\u00fd\u00f0i\u00f0 minni r\u00f6ddu grandg\u00e6filega, og haldi\u00f0 minn s\u00e1ttm\u00e1la, <a href=\"https:\/\/biblian.is\/videy\/onnur-mosebok-19-kafli\/\"> [&#8230;]<\/a><\/p>\n","protected":false},"author":1,"featured_media":0,"parent":0,"menu_order":0,"comment_status":"open","ping_status":"open","template":"bibliukaflar.php","meta":{"footnotes":""},"class_list":["post-20918","page","type-page","status-publish","hentry"],"_links":{"self":[{"href":"https:\/\/biblian.is\/videy\/wp-json\/wp\/v2\/pages\/20918","targetHints":{"allow":["GET"]}}],"collection":[{"href":"https:\/\/biblian.is\/videy\/wp-json\/wp\/v2\/pages"}],"about":[{"href":"https:\/\/biblian.is\/videy\/wp-json\/wp\/v2\/types\/page"}],"author":[{"embeddable":true,"href":"https:\/\/biblian.is\/videy\/wp-json\/wp\/v2\/users\/1"}],"replies":[{"embeddable":true,"href":"https:\/\/biblian.is\/videy\/wp-json\/wp\/v2\/comments?post=20918"}],"version-history":[{"count":0,"href":"https:\/\/biblian.is\/videy\/wp-json\/wp\/v2\/pages\/20918\/revisions"}],"wp:attachment":[{"href":"https:\/\/biblian.is\/videy\/wp-json\/wp\/v2\/media?parent=20918"}],"curies":[{"name":"wp","href":"https:\/\/api.w.org\/{rel}","templated":true}]}}