{"id":20916,"date":"2018-01-02T00:59:30","date_gmt":"2018-01-02T00:59:30","guid":{"rendered":"http:\/\/biblian.is\/videy\/onnur-mosebok-17-kafli\/"},"modified":"2018-01-02T00:59:30","modified_gmt":"2018-01-02T00:59:30","slug":"onnur-mosebok-17-kafli","status":"publish","type":"page","link":"https:\/\/biblian.is\/videy\/onnur-mosebok-17-kafli\/","title":{"rendered":"\u00d6nnur M\u00f3seb\u00f3k 17. kafli"},"content":{"rendered":"<div class=\"fyrirsognVidey\">Vatn af hellunni. Sigur yfir Amalek\u00edtum.<\/div>\n<p><a name=\"1\"><span class=\"versanumer\">1<\/span><\/a>\u00d6ll al\u00fe\u00fd\u00f0a \u00cdsraelsmanna t\u00f3k sig upp fr\u00e1 ey\u00f0im\u00f6rkinni S\u00edn, f\u00f3ru \u00fe\u00e6r daglei\u00f0ir sem Drottinn bau\u00f0 \u00feeim, og settu herb\u00fa\u00f0ir s\u00ednar \u00ed Ref\u00eddim; \u00fear f\u00e9kk f\u00f3lki\u00f0 ekkert vatn a\u00f0 drekka.<a name=\"2\"><span class=\"versanumer\">2<\/span><\/a>\u00de\u00e1 deildi f\u00f3lki\u00f0 vi\u00f0 M\u00f3ses, og sag\u00f0i: gef oss vatn a\u00f0 drekka! M\u00f3ses sag\u00f0i til \u00feeirra: hv\u00ed deili\u00f0 \u00fe\u00e9r vi\u00f0 mig? hv\u00ed freisti\u00f0 \u00fe\u00e9r Drottins?<a name=\"3\"><span class=\"versanumer\">3<\/span><\/a>En f\u00f3lki\u00f0 \u00feyrsti eftir vatni, og m\u00f6gla\u00f0i gegn M\u00f3ses, og sag\u00f0i: fyrir hv\u00ed f\u00f3rstu me\u00f0 oss upp fr\u00e1 Egyptalandi til \u00feess a\u00f0 l\u00e1ta oss og b\u00f6rn vor og f\u00e9na\u00f0 deyja af \u00feorsta?<a name=\"4\"><span class=\"versanumer\">4<\/span><\/a>\u00de\u00e1 kalla\u00f0i M\u00f3ses til Drottins, og sag\u00f0i: hva\u00f0 skal eg gj\u00f6ra vi\u00f0 \u00feetta f\u00f3lk? innan skamms munu \u00feeir gr\u00fdta mig!<a name=\"5\"><span class=\"versanumer\">5<\/span><\/a>Drottinn sag\u00f0i til M\u00f3ses: gakk fram fyrir f\u00f3lki\u00f0, og tak me\u00f0 \u00fe\u00e9r nokkura af form\u00f6nnum \u00cdsraels l\u00fd\u00f0s, haf \u00ed hendi \u00fe\u00e9r staf \u00feann, er \u00fe\u00fa laust me\u00f0 \u00e1 \u00e1na, og gakk svo af sta\u00f0;<a name=\"6\"><span class=\"versanumer\">6<\/span><\/a>sj\u00e1! eg mun standa frammi fyrir \u00fe\u00e9r \u00fear \u00e1 klettinum \u00ed H\u00f3reb, en \u00fe\u00fa skalt lj\u00f3sta klettinn, og mun \u00fe\u00e1 vatn spretta af honum, svo f\u00f3lki\u00f0 megi drekka. M\u00f3ses gj\u00f6r\u00f0i svo \u00ed augs\u00fdn hinna helstu \u00cdsraelsmanna.<a name=\"7\"><span class=\"versanumer\">7<\/span><\/a>Hann kalla\u00f0i \u00feenna sta\u00f0 Massa <span class='VideyAth'>(freistni)<\/span> og Mer\u00edba <span class='VideyAth'>(\u00fer\u00e1ttan)<\/span> s\u00f6kum \u00fer\u00e1ttanar \u00cdsraelsmanna, og fyrir \u00fev\u00ed a\u00f0 \u00feeir h\u00f6f\u00f0u freista\u00f0 Drottins og sagt: hv\u00f6rt mun Drottinn vera \u00e1 me\u00f0al vor, e\u00f0ur ekki?<br \/><a name=\"8\"><span class=\"versanumer\">8<\/span><\/a>\u00de\u00e1 komu Amalek\u00edtar, og h\u00e9ldu orrustu vi\u00f0 \u00cdsraelsmenn \u00ed Ref\u00eddim.<a name=\"9\"><span class=\"versanumer\">9<\/span><\/a>\u00de\u00e1 sag\u00f0i M\u00f3ses vi\u00f0 J\u00f3s\u00faa: vel oss li\u00f0, og far \u00fat og berst vi\u00f0 Amalek\u00edta; en eg mun \u00e1 morgun standa efst uppi \u00e1 h\u00e6\u00f0inni, og hafa staf Gu\u00f0s \u00ed hendi m\u00e9r.<a name=\"10\"><span class=\"versanumer\">10<\/span><\/a>J\u00f3s\u00faa gj\u00f6r\u00f0i, sem M\u00f3ses haf\u00f0i sagt fyrir um bardagann vi\u00f0 Amalek\u00edta; en \u00feeir M\u00f3ses, Aron og H\u00far gengu upp \u00e1 h\u00e6\u00f0ina.<a name=\"11\"><span class=\"versanumer\">11<\/span><\/a>\u00de\u00e1 gj\u00f6r\u00f0ist \u00fea\u00f0, a\u00f0 alla \u00fe\u00e1 stund er M\u00f3ses h\u00e9lt uppi hendi sinni, \u00fe\u00e1 h\u00f6f\u00f0u \u00cdsraelsmenn betur, en \u00feegar er hann l\u00e9t s\u00edga h\u00f6ndina, \u00fe\u00e1 veitti Amalek\u00edtum betur.<a name=\"12\"><span class=\"versanumer\">12<\/span><\/a>En me\u00f0 \u00fev\u00ed M\u00f3ses ur\u00f0u \u00feungar hendurnar, \u00fe\u00e1 t\u00f3ku \u00feeir stein og l\u00e9tu undir hann, og settist hann \u00fear \u00e1; en \u00feeir Aron og H\u00far studdu hendur hans, sinn \u00e1 hv\u00f6rja hli\u00f0; og h\u00e9ldust \u00feannig hendur hans st\u00f6\u00f0ugt uppr\u00e9ttar allt \u00fear til komi\u00f0 var s\u00f3larlag;<a name=\"13\"><span class=\"versanumer\">13<\/span><\/a>en J\u00f3s\u00faa felldi Amalek\u00edta og menn \u00feeirra me\u00f0 sver\u00f0seggjum.<a name=\"14\"><span class=\"versanumer\">14<\/span><\/a>\u00de\u00e1 sag\u00f0i Drottinn vi\u00f0 M\u00f3ses: rita \u00fe\u00fa \u00feetta \u00e1 b\u00f3kina til minnis, og minn J\u00f3s\u00faa \u00e1, a\u00f0 eg vilji sannarlega afm\u00e1 minningu Amalek\u00edta af jar\u00f0r\u00edki.<a name=\"15\"><span class=\"versanumer\">15<\/span><\/a>\u00dear reisti M\u00f3ses altari, og kalla\u00f0i \u00fea\u00f0 \u201eDrottinn, mitt hermerki\u201c,<a name=\"16\"><span class=\"versanumer\">16<\/span><\/a>og hann sag\u00f0i: hermerki Drottins er \u00e1 lofti, Drottinn vill halda \u00f3fri\u00f0 vi\u00f0 Amalek\u00edta um aldur og \u00e6vi.<\/p>\n<div class=\"footnoteVidey\"><\/div>\n","protected":false},"excerpt":{"rendered":"<p>Vatn af hellunni. Sigur yfir Amalek\u00edtum. 1\u00d6ll al\u00fe\u00fd\u00f0a \u00cdsraelsmanna t\u00f3k sig upp fr\u00e1 ey\u00f0im\u00f6rkinni S\u00edn, f\u00f3ru \u00fe\u00e6r daglei\u00f0ir sem Drottinn bau\u00f0 \u00feeim, og settu herb\u00fa\u00f0ir s\u00ednar \u00ed Ref\u00eddim; \u00fear f\u00e9kk f\u00f3lki\u00f0 ekkert vatn a\u00f0 drekka.2\u00de\u00e1 deildi f\u00f3lki\u00f0 vi\u00f0 M\u00f3ses, og sag\u00f0i: gef oss vatn a\u00f0 drekka! M\u00f3ses sag\u00f0i til \u00feeirra: hv\u00ed deili\u00f0 \u00fe\u00e9r vi\u00f0 mig? hv\u00ed freisti\u00f0 \u00fe\u00e9r Drottins?3En f\u00f3lki\u00f0 \u00feyrsti eftir vatni, og m\u00f6gla\u00f0i gegn M\u00f3ses, og sag\u00f0i: fyrir hv\u00ed f\u00f3rstu me\u00f0 oss upp fr\u00e1 Egyptalandi til \u00feess a\u00f0 l\u00e1ta oss og b\u00f6rn vor og f\u00e9na\u00f0 deyja af \u00feorsta?4\u00de\u00e1 kalla\u00f0i M\u00f3ses til Drottins, og sag\u00f0i: hva\u00f0 skal eg gj\u00f6ra <a href=\"https:\/\/biblian.is\/videy\/onnur-mosebok-17-kafli\/\"> [&#8230;]<\/a><\/p>\n","protected":false},"author":1,"featured_media":0,"parent":0,"menu_order":0,"comment_status":"open","ping_status":"open","template":"bibliukaflar.php","meta":{"footnotes":""},"class_list":["post-20916","page","type-page","status-publish","hentry"],"_links":{"self":[{"href":"https:\/\/biblian.is\/videy\/wp-json\/wp\/v2\/pages\/20916","targetHints":{"allow":["GET"]}}],"collection":[{"href":"https:\/\/biblian.is\/videy\/wp-json\/wp\/v2\/pages"}],"about":[{"href":"https:\/\/biblian.is\/videy\/wp-json\/wp\/v2\/types\/page"}],"author":[{"embeddable":true,"href":"https:\/\/biblian.is\/videy\/wp-json\/wp\/v2\/users\/1"}],"replies":[{"embeddable":true,"href":"https:\/\/biblian.is\/videy\/wp-json\/wp\/v2\/comments?post=20916"}],"version-history":[{"count":0,"href":"https:\/\/biblian.is\/videy\/wp-json\/wp\/v2\/pages\/20916\/revisions"}],"wp:attachment":[{"href":"https:\/\/biblian.is\/videy\/wp-json\/wp\/v2\/media?parent=20916"}],"curies":[{"name":"wp","href":"https:\/\/api.w.org\/{rel}","templated":true}]}}