{"id":20915,"date":"2018-01-02T00:59:30","date_gmt":"2018-01-02T00:59:30","guid":{"rendered":"http:\/\/biblian.is\/videy\/onnur-mosebok-16-kafli\/"},"modified":"2018-01-02T00:59:30","modified_gmt":"2018-01-02T00:59:30","slug":"onnur-mosebok-16-kafli","status":"publish","type":"page","link":"https:\/\/biblian.is\/videy\/onnur-mosebok-16-kafli\/","title":{"rendered":"\u00d6nnur M\u00f3seb\u00f3k 16. kafli"},"content":{"rendered":"<div class=\"fyrirsognVidey\">Lyngh\u00e6nsn. Himnabrau\u00f0.<\/div>\n<p><a name=\"1\"><span class=\"versanumer\">1<\/span><\/a>S\u00ed\u00f0an f\u00f3r \u00f6ll al\u00fe\u00fd\u00f0a \u00cdsraelsmanna fr\u00e1 El\u00edm, og komu til ey\u00f0imerkurinnar S\u00edn, sem liggur milli El\u00edms og S\u00edna\u00ed; \u00fea\u00f0 var \u00e1 fimmt\u00e1nda degi hins annars m\u00e1na\u00f0ar, eftir \u00fea\u00f0 \u00feeir h\u00f6f\u00f0u fari\u00f0 \u00fat af Egyptalandi.<a name=\"2\"><span class=\"versanumer\">2<\/span><\/a>En \u00f6ll al\u00fe\u00fd\u00f0a \u00cdsraelsmanna m\u00f6gla\u00f0i gegn M\u00f3ses og Aroni \u00ed ey\u00f0im\u00f6rkinni,<a name=\"3\"><span class=\"versanumer\">3<\/span><\/a>s\u00f6g\u00f0u \u00cdsraelsmenn til \u00feeirra: betra hef\u00f0i veri\u00f0, a\u00f0 v\u00e9r hef\u00f0um d\u00e1i\u00f0 fyrir h\u00f6nd Drottins \u00ed Egyptalandi, \u00fe\u00e1 v\u00e9r s\u00e1tum vi\u00f0 kj\u00f6tkatlana, og \u00e1tum oss sadda af brau\u00f0i; \u00fev\u00ed \u00fei\u00f0 hafi\u00f0 fari\u00f0 me\u00f0 oss \u00fat \u00e1 \u00feessa ey\u00f0im\u00f6rk til \u00feess a\u00f0 l\u00e1ta allan \u00feenna mannfj\u00f6lda deyja af hungri.<a name=\"4\"><span class=\"versanumer\">4<\/span><\/a>\u00de\u00e1 m\u00e6lti Drottinn vi\u00f0 M\u00f3ses: sj\u00e1! eg vil l\u00e1ta rigna brau\u00f0i af himni til y\u00f0ar, og skal f\u00f3lki\u00f0 fara \u00fat, og safna hv\u00f6rn dag svo miklu sem \u00fearf \u00feann daginn, svo eg reyni, hv\u00f6rt \u00fea\u00f0 vill breyta eftir m\u00ednum l\u00f6gum, e\u00f0a ekki.<a name=\"5\"><span class=\"versanumer\">5<\/span><\/a>En \u00e1 hinum 6ta degi skulu \u00feeir svo til haga, a\u00f0 \u00fea\u00f0 sem \u00feeir koma \u00fe\u00e1 heim me\u00f0, skal vera tv\u00f6falt vi\u00f0 \u00fea\u00f0 sem \u00feeir annars safna daglega.<a name=\"6\"><span class=\"versanumer\">6<\/span><\/a>\u00de\u00e1 sag\u00f0i M\u00f3ses og Aron til allra \u00cdsraelsmanna: \u00ed kv\u00f6ld skulu\u00f0 \u00fe\u00e9r vi\u00f0urkenna, a\u00f0 Drottinn hefir \u00fatleitt y\u00f0ur af Egyptalandi,<a name=\"7\"><span class=\"versanumer\">7<\/span><\/a>og \u00e1 morgun skulu\u00f0 \u00fe\u00e9r sj\u00e1 d\u00fdr\u00f0ina Drottins, \u00fear hann hefir heyrt y\u00f0ar m\u00f6gl m\u00f3ti Drottni; \u00fev\u00ed hva\u00f0 erum vi\u00f0, a\u00f0 \u00fe\u00e9r m\u00f6gli\u00f0 gegn okkur?<a name=\"8\"><span class=\"versanumer\">8<\/span><\/a>Og enn fremur sag\u00f0i M\u00f3ses: \u00ed kv\u00f6ld gefur Drottinn y\u00f0ur kj\u00f6t a\u00f0 eta, og brau\u00f0 til sa\u00f0nings \u00e1 morgun, \u00fev\u00ed Drottinn hefir heyrt y\u00f0ar m\u00f6gl \u00ed gegn honum; \u00fev\u00ed hva\u00f0 erum vi\u00f0? \u00de\u00e9r m\u00f6gli\u00f0 ekki gegn okkur, heldur gegn Drottni!<a name=\"9\"><span class=\"versanumer\">9<\/span><\/a>Og M\u00f3ses sag\u00f0i til Arons: seg til allrar al\u00fe\u00fd\u00f0u \u00cdsraelsmanna: gangi\u00f0 n\u00e6r \u00ed augs\u00fdn Drottins! \u00fev\u00ed hann hefir heyrt y\u00f0ar m\u00f6glanir.<a name=\"10\"><span class=\"versanumer\">10<\/span><\/a>Og sem Aron tala\u00f0i \u00feetta til allrar al\u00fe\u00fd\u00f0u \u00cdsraelsmanna, \u00fe\u00e1 sneru \u00feeir s\u00e9r \u00ed m\u00f3ti ey\u00f0im\u00f6rkinni, og sj\u00e1! d\u00fdr\u00f0in Drottins birtist \u00ed sk\u00fdinu.<br \/><a name=\"11\"><span class=\"versanumer\">11<\/span><\/a>Drottinn tala\u00f0i til M\u00f3sis, og sag\u00f0i:<a name=\"12\"><span class=\"versanumer\">12<\/span><\/a>eg hefi heyrt m\u00f6glanir \u00cdsraelsmanna; tala til \u00feeirra, og seg: \u00ed kv\u00f6ld eftir s\u00f3lsetur skulu\u00f0 \u00fe\u00e9r f\u00e1 kj\u00f6t a\u00f0 eta, og \u00e1 morgun skulu\u00f0 \u00fe\u00e9r f\u00e1 sa\u00f0ning y\u00f0ar af brau\u00f0i, og \u00fe\u00e9r skulu\u00f0 vi\u00f0urkenna, a\u00f0 eg em Drottinn, y\u00f0ar Gu\u00f0.<a name=\"13\"><span class=\"versanumer\">13<\/span><\/a>Um kv\u00f6ldi\u00f0 komu lyngh\u00e6nur og huldu herb\u00fa\u00f0irnar; en um morguninn var d\u00f6ggfall allt umhverfis herb\u00fa\u00f0irnar.<a name=\"14\"><span class=\"versanumer\">14<\/span><\/a>En \u00feegar upph\u00f3f d\u00f6ggina, \u00fe\u00e1 s\u00e1st \u00feunn skurn yfir ey\u00f0im\u00f6rkina, \u00fev\u00edl\u00edkast sem h\u00e9la \u00e1 j\u00f6r\u00f0u.<a name=\"15\"><span class=\"versanumer\">15<\/span><\/a>\u00deegar \u00cdsraelsmenn s\u00e1u \u00feetta, sag\u00f0i hv\u00f6r til annars: \u00feetta er manna; \u00fev\u00ed \u00feeir vissu ekki, hva\u00f0 \u00fea\u00f0 var. \u00de\u00e1 sag\u00f0i M\u00f3ses til \u00feeirra: \u00feetta er \u00fea\u00f0 brau\u00f0, sem Drottinn hefir gefi\u00f0 y\u00f0ur til f\u00e6\u00f0slu;<a name=\"16\"><span class=\"versanumer\">16<\/span><\/a>en s\u00fa er skipun Drottins, a\u00f0 \u00fe\u00e9r safni\u00f0 \u00fev\u00ed, eftir \u00fev\u00ed sem hv\u00f6r \u00fearf a\u00f0 eta, og taki\u00f0 eitt g\u00f3mer \u00e1 mann, eftir f\u00f3lksfj\u00f6lda \u00feeim, sem hv\u00f6r hefir \u00ed tjaldi s\u00ednu.<a name=\"17\"><span class=\"versanumer\">17<\/span><\/a>\u00cdsraelsmenn gj\u00f6r\u00f0u svo, og s\u00f6fnu\u00f0u sumir meira, sumir minna;<a name=\"18\"><span class=\"versanumer\">18<\/span><\/a>en \u00fe\u00e1 \u00fea\u00f0 var m\u00e6lt \u00ed g\u00f3mer, haf\u00f0i s\u00e1 ekkert afgangs, sem meira haf\u00f0i safna\u00f0, og \u00feann skorti ekki, sem minna f\u00e9kk, heldur haf\u00f0i hv\u00f6r safna\u00f0, eftir \u00fev\u00ed sem hann \u00feurfti s\u00e9r til f\u00e6\u00f0slu.<a name=\"19\"><span class=\"versanumer\">19<\/span><\/a>M\u00f3ses sag\u00f0i til \u00feeirra: enginn m\u00e1 leifa neitt af \u00fev\u00ed til morguns.<a name=\"20\"><span class=\"versanumer\">20<\/span><\/a>En \u00feeir hl\u00fdddu ekki M\u00f3ses, heldur leif\u00f0u sumir nokku\u00f0 af \u00fev\u00ed til morgunm\u00e1lsins; en \u00fe\u00e1 kviknu\u00f0u ma\u00f0kar \u00ed \u00fev\u00ed, svo \u00fea\u00f0 skemmdist; og var\u00f0 M\u00f3ses \u00fe\u00e1 rei\u00f0ur vi\u00f0 \u00fe\u00e1.<a name=\"21\"><span class=\"versanumer\">21<\/span><\/a>\u00deeir s\u00f6fnu\u00f0u \u00fev\u00ed \u00fe\u00e1 hv\u00f6rn morgun, eftir \u00fev\u00ed sem hv\u00f6r \u00feurfti s\u00e9r til f\u00e6\u00f0slu; en \u00feegar s\u00f3lin skein heitt, \u00fe\u00e1 br\u00e1\u00f0na\u00f0i \u00fea\u00f0.<a name=\"22\"><span class=\"versanumer\">22<\/span><\/a>En \u00e1 6ta deginum s\u00f6fnu\u00f0u \u00feeir tv\u00f6falt meira af brau\u00f0i, tv\u00f6 g\u00f3mer \u00ed sta\u00f0inn fyrir eitt; komu \u00fe\u00e1 forstj\u00f3rar l\u00fd\u00f0sins til M\u00f3ses, og s\u00f6g\u00f0u honum fr\u00e1.<a name=\"23\"><span class=\"versanumer\">23<\/span><\/a>Hann sag\u00f0i \u00fe\u00e1 til \u00feeirra: \u00feetta er \u00fea\u00f0 sem Drottinn sag\u00f0i: \u00e1 morgun er hv\u00edldardagur, heilagur hv\u00edldardagur Drottins; baki\u00f0 \u00fea\u00f0 sem \u00fe\u00e9r vilji\u00f0 baka, og sj\u00f3\u00f0i\u00f0 \u00fea\u00f0 sem \u00fe\u00e9r vilji\u00f0 sj\u00f3\u00f0a, en \u00fea\u00f0 sem afgengur, geti\u00f0 \u00fe\u00e9r lagt fyrir og geymt til morguns.<a name=\"24\"><span class=\"versanumer\">24<\/span><\/a>\u00deeir l\u00f6g\u00f0u \u00fea\u00f0 \u00fe\u00e1 fyrir til n\u00e6sta morguns, eins og M\u00f3ses bau\u00f0, og skemmdist \u00fea\u00f0 \u00fe\u00e1 ekki, n\u00e9 ma\u00f0ka\u00f0i.<a name=\"25\"><span class=\"versanumer\">25<\/span><\/a>\u00de\u00e1 sag\u00f0i M\u00f3ses: \u00ed dag skulu\u00f0 \u00fe\u00e9r eta \u00fea\u00f0, \u00fev\u00ed \u00ed dag er hv\u00edldardagur Drottins; og \u00ed dag finni\u00f0 \u00fe\u00e9r \u00fea\u00f0 ekki \u00e1 m\u00f6rkinni.<a name=\"26\"><span class=\"versanumer\">26<\/span><\/a>Sex daga skulu\u00f0 \u00fe\u00e9r safna \u00fev\u00ed, en \u00e1 sj\u00f6unda deginum, sem er hv\u00edldardagur, skal \u00fea\u00f0 ekki finnast.<a name=\"27\"><span class=\"versanumer\">27<\/span><\/a>Sj\u00f6unda daginn gengu nokkrir af f\u00f3lkinu \u00fat til a\u00f0 safna, en fundu ekkert.<a name=\"28\"><span class=\"versanumer\">28<\/span><\/a>\u00de\u00e1 sag\u00f0i Drottinn vi\u00f0 M\u00f3ses: hv\u00f6rsu lengi treg\u00f0ist \u00fe\u00e9r vi\u00f0 a\u00f0 var\u00f0veita m\u00edn bo\u00f0or\u00f0 og m\u00edn l\u00f6g?<a name=\"29\"><span class=\"versanumer\">29<\/span><\/a>L\u00edti\u00f0 \u00e1! vegna \u00feess a\u00f0 Drottinn hefir gefi\u00f0 y\u00f0ur hv\u00edldardaginn, \u00feess vegna gefur hann y\u00f0ur tveggja daga f\u00e6\u00f0slu \u00e1 \u00feeim sj\u00f6tta degi; veri \u00fev\u00ed hv\u00f6r ma\u00f0ur kyrr heima og fari ekki a\u00f0 heiman \u00e1 sj\u00f6unda deginum!<a name=\"30\"><span class=\"versanumer\">30<\/span><\/a>Svo hv\u00edldi f\u00f3lki\u00f0 \u00e1 \u00feeim sj\u00f6unda degi.<br \/><a name=\"31\"><span class=\"versanumer\">31<\/span><\/a>\u00cdsraelsmenn k\u00f6llu\u00f0u \u00feetta brau\u00f0 manna; \u00fea\u00f0 l\u00edktist k\u00f3r\u00edanderfr\u00e6i, var hv\u00edtt og brag\u00f0a\u00f0i sem hunangskaka.<a name=\"32\"><span class=\"versanumer\">32<\/span><\/a>Og M\u00f3ses sag\u00f0i: \u00feetta er \u00fea\u00f0 sem Drottinn hefir bo\u00f0i\u00f0: fylli\u00f0 eitt g\u00f3mer \u00fear af, til a\u00f0 geyma \u00fea\u00f0 til y\u00f0ar eftirkomenda, svo \u00feeir sj\u00e1i \u00fea\u00f0 brau\u00f0, sem eg gaf y\u00f0ur a\u00f0 eta \u00ed ey\u00f0im\u00f6rkinni, \u00fe\u00e1 eg leiddi y\u00f0ur \u00fat af Egyptalandi.<a name=\"33\"><span class=\"versanumer\">33<\/span><\/a>\u00de\u00e1 sag\u00f0i M\u00f3ses til Arons: tak eitt ker, og l\u00e1t \u00fea\u00f0 ni\u00f0ur frammi fyrir Drottni, til a\u00f0 var\u00f0veitast handa y\u00f0ar eftirkomendum.<a name=\"34\"><span class=\"versanumer\">34<\/span><\/a>Aron lag\u00f0i \u00fea\u00f0 ni\u00f0ur fyrir framan l\u00f6gm\u00e1lst\u00f6flurnar, til \u00feess a\u00f0 \u00fea\u00f0 v\u00e6ri \u00fear geymt, eftir \u00fev\u00ed sem Drottinn haf\u00f0i bo\u00f0i\u00f0 M\u00f3ses.<a name=\"35\"><span class=\"versanumer\">35<\/span><\/a>En \u00cdsraelsmenn \u00e1tu manna \u00ed 40 \u00e1r, \u00feanga\u00f0 til \u00feeir komu til bygg\u00f0a; \u00feeir \u00e1tu manna, \u00fear til \u00feeir komu til landamerkja Kanaanslands.<a name=\"36\"><span class=\"versanumer\">36<\/span><\/a>G\u00f3mer er t\u00edundi partur af effa.<\/p>\n<div class=\"footnoteVidey\"><\/div>\n","protected":false},"excerpt":{"rendered":"<p>Lyngh\u00e6nsn. Himnabrau\u00f0. 1S\u00ed\u00f0an f\u00f3r \u00f6ll al\u00fe\u00fd\u00f0a \u00cdsraelsmanna fr\u00e1 El\u00edm, og komu til ey\u00f0imerkurinnar S\u00edn, sem liggur milli El\u00edms og S\u00edna\u00ed; \u00fea\u00f0 var \u00e1 fimmt\u00e1nda degi hins annars m\u00e1na\u00f0ar, eftir \u00fea\u00f0 \u00feeir h\u00f6f\u00f0u fari\u00f0 \u00fat af Egyptalandi.2En \u00f6ll al\u00fe\u00fd\u00f0a \u00cdsraelsmanna m\u00f6gla\u00f0i gegn M\u00f3ses og Aroni \u00ed ey\u00f0im\u00f6rkinni,3s\u00f6g\u00f0u \u00cdsraelsmenn til \u00feeirra: betra hef\u00f0i veri\u00f0, a\u00f0 v\u00e9r hef\u00f0um d\u00e1i\u00f0 fyrir h\u00f6nd Drottins \u00ed Egyptalandi, \u00fe\u00e1 v\u00e9r s\u00e1tum vi\u00f0 kj\u00f6tkatlana, og \u00e1tum oss sadda af brau\u00f0i; \u00fev\u00ed \u00fei\u00f0 hafi\u00f0 fari\u00f0 me\u00f0 oss \u00fat \u00e1 \u00feessa ey\u00f0im\u00f6rk til \u00feess a\u00f0 l\u00e1ta allan \u00feenna mannfj\u00f6lda deyja af hungri.4\u00de\u00e1 m\u00e6lti Drottinn vi\u00f0 M\u00f3ses: sj\u00e1! eg vil l\u00e1ta <a href=\"https:\/\/biblian.is\/videy\/onnur-mosebok-16-kafli\/\"> [&#8230;]<\/a><\/p>\n","protected":false},"author":1,"featured_media":0,"parent":0,"menu_order":0,"comment_status":"open","ping_status":"open","template":"bibliukaflar.php","meta":{"footnotes":""},"class_list":["post-20915","page","type-page","status-publish","hentry"],"_links":{"self":[{"href":"https:\/\/biblian.is\/videy\/wp-json\/wp\/v2\/pages\/20915","targetHints":{"allow":["GET"]}}],"collection":[{"href":"https:\/\/biblian.is\/videy\/wp-json\/wp\/v2\/pages"}],"about":[{"href":"https:\/\/biblian.is\/videy\/wp-json\/wp\/v2\/types\/page"}],"author":[{"embeddable":true,"href":"https:\/\/biblian.is\/videy\/wp-json\/wp\/v2\/users\/1"}],"replies":[{"embeddable":true,"href":"https:\/\/biblian.is\/videy\/wp-json\/wp\/v2\/comments?post=20915"}],"version-history":[{"count":0,"href":"https:\/\/biblian.is\/videy\/wp-json\/wp\/v2\/pages\/20915\/revisions"}],"wp:attachment":[{"href":"https:\/\/biblian.is\/videy\/wp-json\/wp\/v2\/media?parent=20915"}],"curies":[{"name":"wp","href":"https:\/\/api.w.org\/{rel}","templated":true}]}}