{"id":20912,"date":"2018-01-02T00:59:30","date_gmt":"2018-01-02T00:59:30","guid":{"rendered":"http:\/\/biblian.is\/videy\/onnur-mosebok-13-kafli\/"},"modified":"2018-01-02T00:59:30","modified_gmt":"2018-01-02T00:59:30","slug":"onnur-mosebok-13-kafli","status":"publish","type":"page","link":"https:\/\/biblian.is\/videy\/onnur-mosebok-13-kafli\/","title":{"rendered":"\u00d6nnur M\u00f3seb\u00f3k 13. kafli"},"content":{"rendered":"<div class=\"fyrirsognVidey\">Frumbur\u00f0ir helga\u00f0ir. Gy\u00f0ingar fer\u00f0ast til Etams. Sk\u00fdst\u00f3lpinn og eldst\u00f3lpinn.<\/div>\n<p><a name=\"1\"><span class=\"versanumer\">1<\/span><\/a>\u00dev\u00edn\u00e6st tala\u00f0i Drottinn vi\u00f0 M\u00f3ses, og sag\u00f0i:<a name=\"2\"><span class=\"versanumer\">2<\/span><\/a>\u00fe\u00fa skalt helga m\u00e9r alla frumbur\u00f0i, sem fyrst f\u00e6\u00f0ast \u00e1 me\u00f0al \u00cdsraelsmanna, b\u00e6\u00f0i af m\u00f6nnum og f\u00e9na\u00f0i; \u00feeir skulu tilheyra m\u00e9r!<a name=\"3\"><span class=\"versanumer\">3<\/span><\/a>M\u00f3ses sag\u00f0i til f\u00f3lksins: veri\u00f0 minnugir \u00feessa dags, \u00e1 hv\u00f6rjum \u00fe\u00e9r gengu\u00f0 \u00fat af Egyptalandi, \u00far \u00fer\u00e6lah\u00fasinu; \u00fev\u00ed me\u00f0 voldugri hendi leiddi Drottinn y\u00f0ur \u00fat \u00fea\u00f0an. S\u00fdr\u00f0 brau\u00f0 m\u00e1 eigi eta.<a name=\"4\"><span class=\"versanumer\">4<\/span><\/a>\u00cd dag fari\u00f0 \u00fe\u00e9r af sta\u00f0, \u00ed m\u00e1nu\u00f0inum ab\u00edb <span class='VideyAth'>***)<\/span>;<a name=\"5\"><span class=\"versanumer\">5<\/span><\/a>og \u00feegar Drottinn lei\u00f0ir \u00feig inn \u00ed land \u00feeirra Kanan\u00edta, Het\u00edta, Amor\u00edta, Hev\u00edta og Jeb\u00fas\u00edta, sem hann s\u00f3r fe\u00f0rum \u00fe\u00ednum a\u00f0 gefa \u00fe\u00e9r, \u00ed \u00fea\u00f0 land er fl\u00fdtur af mj\u00f3lk og hunangi, \u00fe\u00e1 skalt\u00fa halda \u00feessa \u00fej\u00f3nustugj\u00f6r\u00f0 \u00ed \u00feessum sama m\u00e1nu\u00f0i.<a name=\"6\"><span class=\"versanumer\">6<\/span><\/a>Sj\u00f6 daga skalt\u00fa eta \u00f3s\u00fdrt brau\u00f0, og \u00e1 hinum sj\u00f6unda degi skal vera h\u00e1t\u00ed\u00f0 Drottins.<a name=\"7\"><span class=\"versanumer\">7<\/span><\/a>\u00d3s\u00fdrt brau\u00f0 skal eta \u00ed sj\u00f6 daga, ekkert s\u00fdrt brau\u00f0 m\u00e1 sj\u00e1st hj\u00e1 \u00fe\u00e9r, og ekki m\u00e1 heldur s\u00fardeig sj\u00e1st nokkurs sta\u00f0ar hj\u00e1 \u00fe\u00e9r innan \u00feinna landamerkja.<a name=\"8\"><span class=\"versanumer\">8<\/span><\/a>\u00c1 \u00feeim degi skalt\u00fa gj\u00f6ra syni \u00fe\u00ednum grein h\u00e9r fyrir, og segja: fyrir \u00fe\u00e1 s\u00f6k a\u00f0 Drottinn f\u00f3r \u00feannig me\u00f0 mig, \u00fe\u00e1 eg f\u00f3r \u00fat af Egyptalandi <span class='VideyAth'>(held eg \u00feessa h\u00e1t\u00ed\u00f0)<\/span>;<a name=\"9\"><span class=\"versanumer\">9<\/span><\/a>og \u00feetta skal vera \u00fe\u00e9r \u00e1\u00fereifanlegt merki og augs\u00fdnileg minning, svo a\u00f0 l\u00f6gm\u00e1l Drottins s\u00e9 \u00fe\u00e9r \u00e6 \u00e1 v\u00f6rum, \u00fev\u00ed me\u00f0 voldugri hendi leiddi Drottinn \u00feig \u00fat af Egyptalandi;<a name=\"10\"><span class=\"versanumer\">10<\/span><\/a>og \u00feessa skipun skaltu halda \u00e1 \u00e1kve\u00f0num t\u00edma \u00e1r fr\u00e1 \u00e1ri. <br \/><a name=\"11\"><span class=\"versanumer\">11<\/span><\/a>\u00deegar Drottinn lei\u00f0ir \u00feig inn \u00ed land Kanan\u00edta, eins og hann s\u00f3r \u00fe\u00e9r og \u00fe\u00ednum fe\u00f0rum, og gefur \u00fe\u00e9r landi\u00f0,<a name=\"12\"><span class=\"versanumer\">12<\/span><\/a>\u00fe\u00e1 skaltu eigna Drottni allt \u00fea\u00f0 sem fyrst f\u00e6\u00f0ist; og allir frumbur\u00f0ir, sem koma undan \u00feeim f\u00e9na\u00f0i, er \u00fe\u00fa \u00e1tt, heyra Drottni til.<a name=\"13\"><span class=\"versanumer\">13<\/span><\/a>Alla frumbur\u00f0i undan \u00f6snum skaltu leysa me\u00f0 lambi; leyfir \u00fe\u00fa ekki, skalt\u00fa brj\u00f3ta \u00fe\u00e1 \u00far h\u00e1lsli\u00f0um; en alla frumbur\u00f0i manna me\u00f0al \u00feinna barna, \u00fe\u00e1 skaltu leysa.<a name=\"14\"><span class=\"versanumer\">14<\/span><\/a>Og \u00feegar sonur \u00feinn spyr \u00feig \u00e1 s\u00ed\u00f0an, og segir: hva\u00f0 \u00e1 \u00feetta a\u00f0 \u00fe\u00fd\u00f0a? \u00fe\u00e1 svara honum: me\u00f0 voldugri hendi leiddi Drottinn oss \u00fat af Egyptalandi, \u00far \u00fer\u00e6lah\u00fasinu;<a name=\"15\"><span class=\"versanumer\">15<\/span><\/a>\u00fev\u00ed \u00feegar fara\u00f3 synja\u00f0i \u00feverlega a\u00f0 l\u00e1ta oss lausa, \u00fe\u00e1 sl\u00f3 Drottinn alla frumbur\u00f0i \u00ed Egyptalandi, b\u00e6\u00f0i frumbur\u00f0i mannanna og frumbur\u00f0i f\u00e9na\u00f0arins: \u00feess vegna f\u00f3rnf\u00e6ri eg Drottni \u00f6llu karlkyns, sem fyrst f\u00e6\u00f0ist, en eg leysi frumbur\u00f0i barna minna;<a name=\"16\"><span class=\"versanumer\">16<\/span><\/a>\u00feetta skal vera \u00fe\u00e9r \u00e1\u00fereifanlegt merki og augs\u00fdnileg minning \u00feess, a\u00f0 Drottinn \u00fatleiddi oss af Egyptalandi me\u00f0 voldugri hendi. <br \/><a name=\"17\"><span class=\"versanumer\">17<\/span><\/a>\u00deegar fara\u00f3 haf\u00f0i gefi\u00f0 f\u00f3lkinu burtfararleyfi, \u00fe\u00e1 leiddi Gu\u00f0 \u00fe\u00e1 ekki \u00e1 lei\u00f0 til Filistalands, \u00fe\u00f3 s\u00fa lei\u00f0 v\u00e6ri skemmst; \u00fev\u00ed Gu\u00f0 sag\u00f0i: vera m\u00e1 a\u00f0 f\u00f3lki\u00f0 i\u00f0rist eftir, \u00feegar \u00fea\u00f0 s\u00e9r landsherinn, og sn\u00fai svo aftur til Egyptalands;<a name=\"18\"><span class=\"versanumer\">18<\/span><\/a>heldur sneri Gu\u00f0 f\u00f3lkinu fram a\u00f0 Hafinu rau\u00f0a \u00e1 lei\u00f0 til ey\u00f0imerkurinnar; h\u00f6f\u00f0u \u00fe\u00f3 \u00cdsraelsmenn fari\u00f0 v\u00edgb\u00fanir af Egyptalandi.<a name=\"19\"><span class=\"versanumer\">19<\/span><\/a>M\u00f3ses t\u00f3k me\u00f0 s\u00e9r bein J\u00f3seps, \u00fev\u00ed hann haf\u00f0i teki\u00f0 ei\u00f0 <span class='VideyAth'>*)<\/span> af \u00cdsraelsm\u00f6nnum, og sagt: Gu\u00f0 mun vitja y\u00f0ar, og \u00fe\u00e1 skulu\u00f0 \u00fe\u00e9r f\u00e6ra bein m\u00edn h\u00e9\u00f0an burt me\u00f0 y\u00f0ur. <br \/><a name=\"20\"><span class=\"versanumer\">20<\/span><\/a>\u00deeir t\u00f3ku sig upp fr\u00e1 S\u00fakkot, og settu herb\u00fa\u00f0ir s\u00ednar \u00ed Etam \u00e1 takm\u00f6rkum ey\u00f0imerkurinnar.<a name=\"21\"><span class=\"versanumer\">21<\/span><\/a>Drottinn gekk fyrir \u00feeim \u00e1 daginn \u00ed sk\u00fdst\u00f3lpa <span class='VideyAth'>**)<\/span> til a\u00f0 v\u00edsa \u00feeim veg, en \u00e1 n\u00e6turnar \u00ed eldst\u00f3lpa til a\u00f0 l\u00fdsa \u00feeim, svo \u00feeir g\u00e6ti fer\u00f0ast n\u00f3tt sem dag;<a name=\"22\"><span class=\"versanumer\">22<\/span><\/a>og sk\u00fdst\u00f3lpinn veik ekki fr\u00e1 f\u00f3lkinu \u00e1 daginn, og ekki heldur eldst\u00f3lpinn \u00e1 n\u00f3ttunni.<\/p>\n<div class=\"footnoteVidey\">***) Svarar til s\u00ed\u00f0ara hluta maii og fyrrahluta apr\u00edlism\u00e1na\u00f0ar. *) Gen. 50,25. **) 1 Cor. 10,1.<\/div>\n","protected":false},"excerpt":{"rendered":"<p>Frumbur\u00f0ir helga\u00f0ir. Gy\u00f0ingar fer\u00f0ast til Etams. Sk\u00fdst\u00f3lpinn og eldst\u00f3lpinn. 1\u00dev\u00edn\u00e6st tala\u00f0i Drottinn vi\u00f0 M\u00f3ses, og sag\u00f0i:2\u00fe\u00fa skalt helga m\u00e9r alla frumbur\u00f0i, sem fyrst f\u00e6\u00f0ast \u00e1 me\u00f0al \u00cdsraelsmanna, b\u00e6\u00f0i af m\u00f6nnum og f\u00e9na\u00f0i; \u00feeir skulu tilheyra m\u00e9r!3M\u00f3ses sag\u00f0i til f\u00f3lksins: veri\u00f0 minnugir \u00feessa dags, \u00e1 hv\u00f6rjum \u00fe\u00e9r gengu\u00f0 \u00fat af Egyptalandi, \u00far \u00fer\u00e6lah\u00fasinu; \u00fev\u00ed me\u00f0 voldugri hendi leiddi Drottinn y\u00f0ur \u00fat \u00fea\u00f0an. S\u00fdr\u00f0 brau\u00f0 m\u00e1 eigi eta.4\u00cd dag fari\u00f0 \u00fe\u00e9r af sta\u00f0, \u00ed m\u00e1nu\u00f0inum ab\u00edb ***);5og \u00feegar Drottinn lei\u00f0ir \u00feig inn \u00ed land \u00feeirra Kanan\u00edta, Het\u00edta, Amor\u00edta, Hev\u00edta og Jeb\u00fas\u00edta, sem hann s\u00f3r fe\u00f0rum \u00fe\u00ednum a\u00f0 gefa \u00fe\u00e9r, \u00ed \u00fea\u00f0 land <a href=\"https:\/\/biblian.is\/videy\/onnur-mosebok-13-kafli\/\"> [&#8230;]<\/a><\/p>\n","protected":false},"author":1,"featured_media":0,"parent":0,"menu_order":0,"comment_status":"open","ping_status":"open","template":"bibliukaflar.php","meta":{"footnotes":""},"class_list":["post-20912","page","type-page","status-publish","hentry"],"_links":{"self":[{"href":"https:\/\/biblian.is\/videy\/wp-json\/wp\/v2\/pages\/20912","targetHints":{"allow":["GET"]}}],"collection":[{"href":"https:\/\/biblian.is\/videy\/wp-json\/wp\/v2\/pages"}],"about":[{"href":"https:\/\/biblian.is\/videy\/wp-json\/wp\/v2\/types\/page"}],"author":[{"embeddable":true,"href":"https:\/\/biblian.is\/videy\/wp-json\/wp\/v2\/users\/1"}],"replies":[{"embeddable":true,"href":"https:\/\/biblian.is\/videy\/wp-json\/wp\/v2\/comments?post=20912"}],"version-history":[{"count":0,"href":"https:\/\/biblian.is\/videy\/wp-json\/wp\/v2\/pages\/20912\/revisions"}],"wp:attachment":[{"href":"https:\/\/biblian.is\/videy\/wp-json\/wp\/v2\/media?parent=20912"}],"curies":[{"name":"wp","href":"https:\/\/api.w.org\/{rel}","templated":true}]}}