{"id":20910,"date":"2018-01-02T00:59:30","date_gmt":"2018-01-02T00:59:30","guid":{"rendered":"http:\/\/biblian.is\/videy\/onnur-mosebok-11-kafli\/"},"modified":"2018-01-02T00:59:30","modified_gmt":"2018-01-02T00:59:30","slug":"onnur-mosebok-11-kafli","status":"publish","type":"page","link":"https:\/\/biblian.is\/videy\/onnur-mosebok-11-kafli\/","title":{"rendered":"\u00d6nnur M\u00f3seb\u00f3k 11. kafli"},"content":{"rendered":"<div class=\"fyrirsognVidey\">M\u00f3ses bo\u00f0ar \u00fea\u00f0 t\u00edunda undur.<\/div>\n<p><a name=\"1\"><span class=\"versanumer\">1<\/span><\/a>Drottinn m\u00e6lti vi\u00f0 M\u00f3ses: eg vil enn l\u00e1ta eina pl\u00e1gu koma yfir fara\u00f3 og Egyptaland; \u00fe\u00e1 mun hann leyfa y\u00f0ur a\u00f0 fara h\u00e9\u00f0an, hann mun ei a\u00f0eins veita y\u00f0ur fullkomi\u00f0 orlof, heldur og reka y\u00f0ur \u00e1 burt h\u00e9\u00f0an.<a name=\"2\"><span class=\"versanumer\">2<\/span><\/a>Seg n\u00fa \u00ed \u00e1heyrn f\u00f3lksins, a\u00f0 hv\u00f6r karlma\u00f0ur f\u00e1i hj\u00e1 vin s\u00ednum, og hv\u00f6r kvenma\u00f0ur hj\u00e1 vinkonu sinni, silfurker og gullker a\u00f0 l\u00e1ni.<a name=\"3\"><span class=\"versanumer\">3<\/span><\/a>Og Drottinn l\u00e9t Egyptalandsmenn au\u00f0s\u00fdna f\u00f3lkinu \u00feennan grei\u00f0a; l\u00edka var M\u00f3ses einhv\u00f6r hinn mesti ma\u00f0ur \u00ed Egyptalandi, b\u00e6\u00f0i eftir \u00e1liti fara\u00f3s manna og \u00ed augum f\u00f3lksins.<br \/><a name=\"4\"><span class=\"versanumer\">4<\/span><\/a>\u00de\u00e1 sag\u00f0i M\u00f3ses: Svo segir Drottinn: um mi\u00f0n\u00e6tti vil eg ganga mitt \u00ed gegnum Egyptaland,<a name=\"5\"><span class=\"versanumer\">5<\/span><\/a>og \u00fe\u00e1 skulu allir frumbur\u00f0ir \u00ed Egyptalandi deyja, fr\u00e1 fara\u00f3s frumgetna syni, sem situr \u00ed s\u00ednu h\u00e1s\u00e6ti, og til frumgetnings \u00feeirrar amb\u00e1ttar, sem stendur vi\u00f0 kv\u00f6rnina, og allur frumbur\u00f0ur f\u00e9na\u00f0arins.<a name=\"6\"><span class=\"versanumer\">6<\/span><\/a>\u00de\u00e1 skal uppkoma miki\u00f0 sorgarkvein \u00ed \u00f6llu Egyptalandi, hv\u00f6rs l\u00edki ekki hefir veri\u00f0, og mun ekki ver\u00f0a.<a name=\"7\"><span class=\"versanumer\">7<\/span><\/a>En \u00e1 me\u00f0al \u00cdsraelsmanna skal hv\u00f6rki m\u00f6nnum n\u00e9 skepnum neitt a\u00f0 grandi ver\u00f0a, svo \u00fe\u00e9r viti\u00f0, hv\u00f6rn mun Drottinn gj\u00f6rir \u00e1 \u00cdsraelsm\u00f6nnum og egypskum.<a name=\"8\"><span class=\"versanumer\">8<\/span><\/a>\u00de\u00e1 skulu allir \u00feessir \u00fej\u00f3nar \u00fe\u00ednir koma ofan til m\u00edn, falla til jar\u00f0ar fyrir m\u00e9r, og segja: far \u00fe\u00fa \u00e1 burt, og allt \u00fea\u00f0 f\u00f3lk sem \u00fe\u00e9r fylgir; og eftir \u00fea\u00f0 vil eg \u00e1 burtu fara. s\u00ed\u00f0an gekk hann \u00fat fr\u00e1 fara\u00f3 og var mj\u00f6g rei\u00f0ur. <br \/><a name=\"9\"><span class=\"versanumer\">9<\/span><\/a>Drottinn m\u00e6lti vi\u00f0 M\u00f3ses: fara\u00f3 mun ekki hl\u00fd\u00f0a y\u00f0ur, til \u00feess a\u00f0 m\u00edn t\u00e1kn ver\u00f0i margf\u00f6ld \u00ed Egyptalandi.<a name=\"10\"><span class=\"versanumer\">10<\/span><\/a>\u00deeir M\u00f3ses og Aron gj\u00f6r\u00f0u \u00f6ll \u00feessi t\u00e1kn fyrir fara\u00f3; en Drottinn forherti hans hjarta, svo hann ekki vildi leyfa \u00cdsraelsm\u00f6nnum a\u00f0 fara \u00far landi.<\/p>\n<div class=\"footnoteVidey\"><\/div>\n","protected":false},"excerpt":{"rendered":"<p>M\u00f3ses bo\u00f0ar \u00fea\u00f0 t\u00edunda undur. 1Drottinn m\u00e6lti vi\u00f0 M\u00f3ses: eg vil enn l\u00e1ta eina pl\u00e1gu koma yfir fara\u00f3 og Egyptaland; \u00fe\u00e1 mun hann leyfa y\u00f0ur a\u00f0 fara h\u00e9\u00f0an, hann mun ei a\u00f0eins veita y\u00f0ur fullkomi\u00f0 orlof, heldur og reka y\u00f0ur \u00e1 burt h\u00e9\u00f0an.2Seg n\u00fa \u00ed \u00e1heyrn f\u00f3lksins, a\u00f0 hv\u00f6r karlma\u00f0ur f\u00e1i hj\u00e1 vin s\u00ednum, og hv\u00f6r kvenma\u00f0ur hj\u00e1 vinkonu sinni, silfurker og gullker a\u00f0 l\u00e1ni.3Og Drottinn l\u00e9t Egyptalandsmenn au\u00f0s\u00fdna f\u00f3lkinu \u00feennan grei\u00f0a; l\u00edka var M\u00f3ses einhv\u00f6r hinn mesti ma\u00f0ur \u00ed Egyptalandi, b\u00e6\u00f0i eftir \u00e1liti fara\u00f3s manna og \u00ed augum f\u00f3lksins.4\u00de\u00e1 sag\u00f0i M\u00f3ses: Svo segir Drottinn: um mi\u00f0n\u00e6tti vil eg ganga <a href=\"https:\/\/biblian.is\/videy\/onnur-mosebok-11-kafli\/\"> [&#8230;]<\/a><\/p>\n","protected":false},"author":1,"featured_media":0,"parent":0,"menu_order":0,"comment_status":"open","ping_status":"open","template":"bibliukaflar.php","meta":{"footnotes":""},"class_list":["post-20910","page","type-page","status-publish","hentry"],"_links":{"self":[{"href":"https:\/\/biblian.is\/videy\/wp-json\/wp\/v2\/pages\/20910","targetHints":{"allow":["GET"]}}],"collection":[{"href":"https:\/\/biblian.is\/videy\/wp-json\/wp\/v2\/pages"}],"about":[{"href":"https:\/\/biblian.is\/videy\/wp-json\/wp\/v2\/types\/page"}],"author":[{"embeddable":true,"href":"https:\/\/biblian.is\/videy\/wp-json\/wp\/v2\/users\/1"}],"replies":[{"embeddable":true,"href":"https:\/\/biblian.is\/videy\/wp-json\/wp\/v2\/comments?post=20910"}],"version-history":[{"count":0,"href":"https:\/\/biblian.is\/videy\/wp-json\/wp\/v2\/pages\/20910\/revisions"}],"wp:attachment":[{"href":"https:\/\/biblian.is\/videy\/wp-json\/wp\/v2\/media?parent=20910"}],"curies":[{"name":"wp","href":"https:\/\/api.w.org\/{rel}","templated":true}]}}