{"id":20909,"date":"2018-01-02T00:59:25","date_gmt":"2018-01-02T00:59:25","guid":{"rendered":"http:\/\/biblian.is\/videy\/onnur-mosebok-10-kafli\/"},"modified":"2018-01-02T00:59:25","modified_gmt":"2018-01-02T00:59:25","slug":"onnur-mosebok-10-kafli","status":"publish","type":"page","link":"https:\/\/biblian.is\/videy\/onnur-mosebok-10-kafli\/","title":{"rendered":"\u00d6nnur M\u00f3seb\u00f3k 10. kafli"},"content":{"rendered":"<div class=\"fyrirsognVidey\">8da og 9da undur: engisprettur, myrkur.<\/div>\n<p><a name=\"1\"><span class=\"versanumer\">1<\/span><\/a>Drottinn m\u00e6lti vi\u00f0 M\u00f3ses: gakk inn fyrir fara\u00f3, \u00fev\u00ed eg hefi forhert hjarta hans, og svo hans \u00fej\u00f3nustumanna, til \u00feess eg fremji m\u00edn t\u00e1kn \u00e1 me\u00f0al \u00feeirra,<a name=\"2\"><span class=\"versanumer\">2<\/span><\/a>og til \u00feess a\u00f0 \u00fe\u00fa getir sagt \u00fe\u00ednum b\u00f6rnum og barnab\u00f6rnum fr\u00e1 \u00fev\u00ed sem eg hefi afreka\u00f0 \u00ed Egyptalandi, og fr\u00e1 \u00feeim t\u00e1knum, sem eg hefi gj\u00f6rt \u00fear, svo \u00fe\u00e9r viti\u00f0, a\u00f0 eg em Drottinn.<a name=\"3\"><span class=\"versanumer\">3<\/span><\/a>S\u00ed\u00f0an gengu \u00feeir M\u00f3ses og Aron inn til fara\u00f3s, og s\u00f6g\u00f0u til hans: Svo segir Drottinn, Gu\u00f0 ebreskra manna: hve lengi viltu undan f\u00e6rast a\u00f0 au\u00f0m\u00fdkja \u00feig fyrir m\u00e9r? Gef m\u00ednu f\u00f3lki orlof, a\u00f0 \u00fea\u00f0 megi \u00fej\u00f3na m\u00e9r;<a name=\"4\"><span class=\"versanumer\">4<\/span><\/a>en viljir \u00fe\u00fa ekki veita m\u00ednu f\u00f3lki burtfararleyfi, \u00fe\u00e1 skal eg \u00e1 morgun f\u00e6ra engisprettur inn \u00ed r\u00edki \u00feitt;<a name=\"5\"><span class=\"versanumer\">5<\/span><\/a>\u00fe\u00e6r skulu hylja yfirbor\u00f0 landsins, svo a\u00f0 ekki skal sj\u00e1st til jar\u00f0ar: \u00fe\u00e6r skulu uppeta \u00fea\u00f0, sem bjarga\u00f0 var og enn er eftir \u00f3lami\u00f0 af haglinu, og naga \u00f6ll y\u00f0ar tr\u00e9, sem sprotti\u00f0 hafa \u00ed sk\u00f3gunum;<a name=\"6\"><span class=\"versanumer\">6<\/span><\/a>\u00fe\u00e6r skulu fylla \u00fe\u00edn h\u00fas, og h\u00fas allra \u00fej\u00f3na \u00feinna og allra Egyptalandsmanna: sl\u00edkt skulu hv\u00f6rki fe\u00f0ur \u00fe\u00ednir n\u00e9 fe\u00f0ur fe\u00f0ra \u00feinna s\u00e9\u00f0 hafa, fr\u00e1 \u00fev\u00ed \u00feeir f\u00e6ddust \u00ed heiminn og allt til \u00feessa dags. S\u00ed\u00f0an sneri hann s\u00e9r vi\u00f0, og gekk \u00fat fr\u00e1 fara\u00f3.<a name=\"7\"><span class=\"versanumer\">7<\/span><\/a>\u00de\u00e1 s\u00f6g\u00f0u \u00fej\u00f3nustumenn fara\u00f3s til hans: hva\u00f0 \u00e1 \u00feessi ma\u00f0ur lengi a\u00f0 ver\u00f0a oss a\u00f0 meini? gef m\u00f6nnunum orlof, a\u00f0 \u00feeir megi \u00fej\u00f3na Drottni, Gu\u00f0i s\u00ednum! e\u00f0a veistu enn ekki, a\u00f0 Egyptaland er \u00ed ey\u00f0i lagt?<a name=\"8\"><span class=\"versanumer\">8<\/span><\/a>\u00de\u00e1 voru \u00feeir M\u00f3ses og Aron s\u00f3ttir aftur, og sem \u00feeir komu fyrir fara\u00f3, sag\u00f0i hann til \u00feeirra: fari\u00f0, og \u00fej\u00f3ni\u00f0 Drottni, y\u00f0rum Gu\u00f0i! en hva\u00f0 er \u00fea\u00f0 margt, sem \u00e6tlar burtu?<a name=\"9\"><span class=\"versanumer\">9<\/span><\/a>M\u00f3ses svara\u00f0i: v\u00e9r viljum fara me\u00f0 unga og gamla, syni vora og d\u00e6tur, og me\u00f0 \u00feann kvikf\u00e9na\u00f0, sem v\u00e9r h\u00f6fum, sm\u00e1an og st\u00f3ran; \u00fev\u00ed v\u00e9r eigum a\u00f0 halda Drottni h\u00e1t\u00ed\u00f0.<a name=\"10\"><span class=\"versanumer\">10<\/span><\/a>Hann sag\u00f0i til \u00feeirra: skal \u00fea\u00f0 svo til ganga! Gu\u00f0 hj\u00e1lpi y\u00f0ur! skal eg leyfa y\u00f0ur og b\u00f6rnum y\u00f0ar a\u00f0 fara \u00far landi? sj\u00e1i\u00f0 n\u00fa til, hv\u00f6rt \u00fe\u00e9r hafi\u00f0 ekki illt \u00ed huga!<a name=\"11\"><span class=\"versanumer\">11<\/span><\/a>\u00deetta skal ekki svo vera; fari\u00f0 \u00fe\u00e9r karlmennirnir, og \u00fej\u00f3ni\u00f0 Drottni, \u00fev\u00ed \u00fear um hafi\u00f0 \u00fe\u00e9r be\u00f0i\u00f0. S\u00ed\u00f0an voru \u00feeir reknir \u00fat fr\u00e1 fara\u00f3. <br \/><a name=\"12\"><span class=\"versanumer\">12<\/span><\/a>\u00de\u00e1 m\u00e6lti Drottinn vi\u00f0 M\u00f3ses: r\u00e9tt \u00fat h\u00f6nd \u00fe\u00edna yfir Egyptaland, svo engispretturnar \u00fej\u00f3ti upp og komi yfir landi\u00f0, og uppeti allan jar\u00f0argr\u00f3\u00f0a og allt \u00fea\u00f0 sem hagli\u00f0 eftirskildi.<a name=\"13\"><span class=\"versanumer\">13<\/span><\/a>\u00de\u00e1 \u00fatr\u00e9tti M\u00f3ses sinn staf yfir Egyptaland, og Drottinn l\u00e9t austanvind standa upp \u00e1 landi\u00f0 allan \u00feann dag og alla n\u00f3ttina, en me\u00f0 morgninum kom austanvindurinn me\u00f0 engispretturnar.<a name=\"14\"><span class=\"versanumer\">14<\/span><\/a>Engispretturnar li\u00f0u yfir allt Egyptaland, og komu ni\u00f0ur \u00ed \u00f6llum \u00e1lfum landsins; var af engisprettum svo mikill gr\u00fai \u00e1 yfirbor\u00f0i jar\u00f0arinnar, a\u00f0 aldrei haf\u00f0i sl\u00edkur veri\u00f0, og mun ekki h\u00e9r eftir ver\u00f0a.<a name=\"15\"><span class=\"versanumer\">15<\/span><\/a>\u00de\u00e6r huldu allan jar\u00f0veginn svo landi\u00f0 var\u00f0 svart, og \u00e1tu af allt gras jar\u00f0arinnar og allan \u00e1v\u00f6xt trj\u00e1nna, sem hagli\u00f0 haf\u00f0i eftirskili\u00f0, svo a\u00f0 \u00ed \u00f6llu Egyptalandi var ekkert lauf eftir \u00e1 trj\u00e1num og ekkert gr\u00e6ngresi \u00e1 akrinum.<a name=\"16\"><span class=\"versanumer\">16<\/span><\/a>\u00de\u00e1 gj\u00f6r\u00f0i fara\u00f3 skyndilega bo\u00f0 eftir M\u00f3ses og Aron, og sag\u00f0i: eg hefi syndga\u00f0 \u00e1 m\u00f3ti Drottni, y\u00f0rum Gu\u00f0i, og \u00e1 m\u00f3ti y\u00f0ur.<a name=\"17\"><span class=\"versanumer\">17<\/span><\/a>Fyrirgefi\u00f0 m\u00e9r m\u00edna synd, \u00fe\u00f3 ekki s\u00e9 nema \u00ed \u00feetta sinn, og bi\u00f0ji\u00f0 Drottin, y\u00f0varn Gu\u00f0, a\u00f0 hann vilji a\u00f0eins taka \u00feessa landpl\u00e1gu \u00ed burt fr\u00e1 m\u00e9r.<a name=\"18\"><span class=\"versanumer\">18<\/span><\/a>S\u00ed\u00f0an gekk hann \u00fat fr\u00e1 fara\u00f3, og ba\u00f0 til Drottins.<a name=\"19\"><span class=\"versanumer\">19<\/span><\/a>\u00de\u00e1 sneri Drottinn ve\u00f0rinu \u00ed mj\u00f6g hvassan vestanvind, sem t\u00f3k engispretturnar og fleyg\u00f0i \u00feeim \u00ed hafi\u00f0 rau\u00f0a, svo ekki var eftir ein engispretta nokkurs sta\u00f0ar \u00ed Egyptalandi.<a name=\"20\"><span class=\"versanumer\">20<\/span><\/a>En Drottinn forherti hjarta fara\u00f3s, svo hann leyf\u00f0i ekki \u00cdsraelsm\u00f6nnum burt a\u00f0 fara. <br \/><a name=\"21\"><span class=\"versanumer\">21<\/span><\/a>Drottinn sag\u00f0i vi\u00f0 M\u00f3ses: r\u00e9tt h\u00f6nd \u00fe\u00edna til himins, og skal \u00fe\u00e1 koma \u00fereifandi myrkur yfir allt Egyptaland.<a name=\"22\"><span class=\"versanumer\">22<\/span><\/a>\u00de\u00e1 r\u00e9tti M\u00f3ses h\u00f6nd s\u00edna til himins, og var\u00f0 \u00fe\u00e1 n\u00ed\u00f0a myrkur \u00ed \u00f6llu Egyptalandi \u00ed \u00ferj\u00e1 daga:<a name=\"23\"><span class=\"versanumer\">23<\/span><\/a>enginn s\u00e1 annan, og \u00ed \u00ferj\u00e1 daga st\u00f3\u00f0 enginn upp af \u00feeim sta\u00f0, sem hann var staddur; en bjart var hj\u00e1 \u00f6llum \u00cdsraelsm\u00f6nnum, \u00fear sem \u00feeir bjuggu.<a name=\"24\"><span class=\"versanumer\">24<\/span><\/a>\u00de\u00e1 kalla\u00f0i fara\u00f3 M\u00f3ses til s\u00edn, og sag\u00f0i: fari\u00f0, og \u00fej\u00f3ni\u00f0 Drottni! l\u00e1ti\u00f0 a\u00f0eins y\u00f0ar sau\u00f0f\u00e9na\u00f0 og uxa eftir vera, en ung b\u00f6rn y\u00f0ar mega fara me\u00f0 y\u00f0ur.<a name=\"25\"><span class=\"versanumer\">25<\/span><\/a>M\u00f3ses sag\u00f0i: \u00fe\u00fa ver\u00f0ur einnig a\u00f0 f\u00e1 oss sl\u00e1turf\u00f3rn og brennif\u00f3rn, svo v\u00e9r megum f\u00f3rnir f\u00e6ra Drottni, Gu\u00f0i vorum.<a name=\"26\"><span class=\"versanumer\">26<\/span><\/a>Vort kvikf\u00e9 skal og fara me\u00f0 oss, og ekki skal ein klauf eftir ver\u00f0a; v\u00e9r vitum ekki, hv\u00f6rju v\u00e9r skulum f\u00f3rnf\u00e6ra Drottni, fyrr en v\u00e9r komum \u00feanga\u00f0.<a name=\"27\"><span class=\"versanumer\">27<\/span><\/a>En Drottinn forherti hjarta fara\u00f3s, svo hann vildi ekki lofa \u00feeim burt.<a name=\"28\"><span class=\"versanumer\">28<\/span><\/a>Og fara\u00f3 sag\u00f0i til hans: far fr\u00e1 m\u00e9r, og varast a\u00f0 koma oftar fyrir m\u00edn augu, \u00fev\u00ed \u00e1 \u00feeim degi sem \u00fe\u00fa kemur \u00ed augs\u00fdn m\u00e9r, skaltu deyja.<a name=\"29\"><span class=\"versanumer\">29<\/span><\/a>M\u00f3ses svara\u00f0i: svo skal vera, sem \u00fe\u00fa segir; eg skal ekki h\u00e9r eftir framar koma fyrir \u00fe\u00edn augu.<\/p>\n<div class=\"footnoteVidey\"><\/div>\n","protected":false},"excerpt":{"rendered":"<p>8da og 9da undur: engisprettur, myrkur. 1Drottinn m\u00e6lti vi\u00f0 M\u00f3ses: gakk inn fyrir fara\u00f3, \u00fev\u00ed eg hefi forhert hjarta hans, og svo hans \u00fej\u00f3nustumanna, til \u00feess eg fremji m\u00edn t\u00e1kn \u00e1 me\u00f0al \u00feeirra,2og til \u00feess a\u00f0 \u00fe\u00fa getir sagt \u00fe\u00ednum b\u00f6rnum og barnab\u00f6rnum fr\u00e1 \u00fev\u00ed sem eg hefi afreka\u00f0 \u00ed Egyptalandi, og fr\u00e1 \u00feeim t\u00e1knum, sem eg hefi gj\u00f6rt \u00fear, svo \u00fe\u00e9r viti\u00f0, a\u00f0 eg em Drottinn.3S\u00ed\u00f0an gengu \u00feeir M\u00f3ses og Aron inn til fara\u00f3s, og s\u00f6g\u00f0u til hans: Svo segir Drottinn, Gu\u00f0 ebreskra manna: hve lengi viltu undan f\u00e6rast a\u00f0 au\u00f0m\u00fdkja \u00feig fyrir m\u00e9r? Gef m\u00ednu f\u00f3lki orlof, a\u00f0 <a href=\"https:\/\/biblian.is\/videy\/onnur-mosebok-10-kafli\/\"> [&#8230;]<\/a><\/p>\n","protected":false},"author":1,"featured_media":0,"parent":0,"menu_order":0,"comment_status":"open","ping_status":"open","template":"bibliukaflar.php","meta":{"footnotes":""},"class_list":["post-20909","page","type-page","status-publish","hentry"],"_links":{"self":[{"href":"https:\/\/biblian.is\/videy\/wp-json\/wp\/v2\/pages\/20909","targetHints":{"allow":["GET"]}}],"collection":[{"href":"https:\/\/biblian.is\/videy\/wp-json\/wp\/v2\/pages"}],"about":[{"href":"https:\/\/biblian.is\/videy\/wp-json\/wp\/v2\/types\/page"}],"author":[{"embeddable":true,"href":"https:\/\/biblian.is\/videy\/wp-json\/wp\/v2\/users\/1"}],"replies":[{"embeddable":true,"href":"https:\/\/biblian.is\/videy\/wp-json\/wp\/v2\/comments?post=20909"}],"version-history":[{"count":0,"href":"https:\/\/biblian.is\/videy\/wp-json\/wp\/v2\/pages\/20909\/revisions"}],"wp:attachment":[{"href":"https:\/\/biblian.is\/videy\/wp-json\/wp\/v2\/media?parent=20909"}],"curies":[{"name":"wp","href":"https:\/\/api.w.org\/{rel}","templated":true}]}}