{"id":20907,"date":"2018-01-02T00:59:25","date_gmt":"2018-01-02T00:59:25","guid":{"rendered":"http:\/\/biblian.is\/videy\/onnur-mosebok-8-kafli\/"},"modified":"2018-01-02T00:59:25","modified_gmt":"2018-01-02T00:59:25","slug":"onnur-mosebok-8-kafli","status":"publish","type":"page","link":"https:\/\/biblian.is\/videy\/onnur-mosebok-8-kafli\/","title":{"rendered":"\u00d6nnur M\u00f3seb\u00f3k 8. kafli"},"content":{"rendered":"<div class=\"fyrirsognVidey\">2a\u00f0, 3ja og 4\u00f0a undur; froskar, m\u00fdbit, flugur.<\/div>\n<p><a name=\"1\"><span class=\"versanumer\">1<\/span><\/a>Drottinn sag\u00f0i vi\u00f0 M\u00f3ses: gakk fyrir fara\u00f3, og seg til hans: Svo segir Drottinn: gef m\u00ednu f\u00f3lki burtfararleyfi, a\u00f0 \u00fea\u00f0 megi \u00fej\u00f3na m\u00e9r;<a name=\"2\"><span class=\"versanumer\">2<\/span><\/a>en ef \u00fe\u00fa vilt eigi gefa \u00fev\u00ed orlof, \u00fe\u00e1 skal eg pl\u00e1ga allt \u00feitt land me\u00f0 froskum;<a name=\"3\"><span class=\"versanumer\">3<\/span><\/a>flj\u00f3ti\u00f0 skal vera kr\u00f6kkt af froskum, \u00feeir skulu skr\u00ed\u00f0a \u00e1 land og fara inn \u00ed h\u00f6ll \u00fe\u00edna og \u00ed svefnherbergi \u00feitt og upp \u00ed rekkju \u00fe\u00edna, inn \u00ed h\u00fas \u00fej\u00f3na \u00feinna og upp \u00e1 f\u00f3lk \u00feitt, \u00ed \u00fe\u00edna baksturofna og deigtrog;<a name=\"4\"><span class=\"versanumer\">4<\/span><\/a>og froskarnir skulu skr\u00ed\u00f0a upp \u00e1 \u00feig og f\u00f3lk \u00feitt, og upp \u00e1 alla \u00fej\u00f3na \u00fe\u00edna.<a name=\"5\"><span class=\"versanumer\">5<\/span><\/a>Drottinn m\u00e6lti vi\u00f0 M\u00f3ses: Seg til Arons: r\u00e9tt \u00fat h\u00f6nd \u00fe\u00edna, og halt staf \u00fe\u00ednum uppi yfir \u00e1m, flj\u00f3tum og st\u00f6\u00f0uv\u00f6tnum, og l\u00e1t froska koma yfir Egyptaland.<a name=\"6\"><span class=\"versanumer\">6<\/span><\/a>Og Aron \u00fatr\u00e9tti s\u00edna h\u00f6nd yfir v\u00f6tn Egyptalands, kom \u00fe\u00e1 upp froskurinn og huldi Egyptaland.<a name=\"7\"><span class=\"versanumer\">7<\/span><\/a>Kunn\u00e1ttumennirnir gj\u00f6r\u00f0u sl\u00edkt hi\u00f0 sama me\u00f0 t\u00f6frum s\u00ednum og l\u00e9tu froska koma yfir Egyptaland.<a name=\"8\"><span class=\"versanumer\">8<\/span><\/a>\u00de\u00e1 kalla\u00f0i fara\u00f3 til M\u00f3ses og Arons, og sag\u00f0i: bi\u00f0ji\u00f0 Drottin fyrir m\u00e9r, a\u00f0 hann l\u00e1ti \u00feessa froska hverfa fr\u00e1 m\u00e9r og fr\u00e1 m\u00ednu f\u00f3lki; \u00fe\u00e1 skal eg l\u00e1ta f\u00f3lki\u00f0 fara, a\u00f0 \u00fea\u00f0 megi f\u00e6ra Drottni f\u00f3rnir.<a name=\"9\"><span class=\"versanumer\">9<\/span><\/a>M\u00f3ses sag\u00f0i vi\u00f0 fara\u00f3: \u00fe\u00e9r skal veitast s\u00fa vir\u00f0ing, a\u00f0 \u00e1kve\u00f0a, n\u00e6r eg skuli bi\u00f0ja fyrir \u00fe\u00e9r og fyrir \u00fej\u00f3num \u00fe\u00ednum og fyrir f\u00f3lki \u00fe\u00ednu, a\u00f0 froskarnir hverfi burt fr\u00e1 \u00fe\u00e9r og \u00far h\u00fasum \u00fe\u00ednum; \u00feeir skulu hv\u00f6rgi eftir ver\u00f0a, nema \u00ed \u00e1nni.<a name=\"10\"><span class=\"versanumer\">10<\/span><\/a>Hann svara\u00f0i: \u00e1 morgun. M\u00f3ses m\u00e6lti: svo skal vera, sem \u00fe\u00fa m\u00e6list til! svo \u00fe\u00fa vitir, a\u00f0 enginn er l\u00edki vi\u00f0 Drottinn, vorn Gu\u00f0;<a name=\"11\"><span class=\"versanumer\">11<\/span><\/a>froskarnir skulu v\u00edkja fr\u00e1 \u00fe\u00e9r og \u00far h\u00fasum \u00fe\u00ednum, fr\u00e1 \u00fe\u00ednum \u00fej\u00f3nustum\u00f6nnum og fr\u00e1 f\u00f3lki \u00fe\u00ednu; einungis \u00ed \u00e1nni skulu \u00feeir eftir ver\u00f0a.<a name=\"12\"><span class=\"versanumer\">12<\/span><\/a>S\u00ed\u00f0an gengu \u00feeir M\u00f3ses og Aron fr\u00e1 fara\u00f3, og M\u00f3ses \u00e1kalla\u00f0i Gu\u00f0 um froskana, og \u00ed \u00fea\u00f0 mund sem hann haf\u00f0i tilteki\u00f0 vi\u00f0 fara\u00f3.<a name=\"13\"><span class=\"versanumer\">13<\/span><\/a>Drottinn gj\u00f6r\u00f0i, sem M\u00f3ses beiddist, og d\u00f3u froskarnir \u00ed h\u00fasunum, g\u00f6r\u00f0unum og \u00e1 \u00f6krunum;<a name=\"14\"><span class=\"versanumer\">14<\/span><\/a>hr\u00fagu\u00f0u menn \u00feeim saman \u00ed marga hauga, og var\u00f0 \u00fear af illur daun \u00ed landinu.<a name=\"15\"><span class=\"versanumer\">15<\/span><\/a>En er fara\u00f3 s\u00e1, a\u00f0 hann f\u00e9kk hv\u00edld, \u00fe\u00e1 forherti hann sitt hjarta, og l\u00e9t ei skipast vi\u00f0 or\u00f0 \u00feeirra, eins og Drottinn haf\u00f0i fyrir sagt. <br \/><a name=\"16\"><span class=\"versanumer\">16<\/span><\/a>Drottinn m\u00e6lti vi\u00f0 M\u00f3ses: seg til Arons: r\u00e9tt \u00fat staf \u00feinn, og sl\u00e1 jar\u00f0ardufti\u00f0, og skal \u00fea\u00f0 \u00fe\u00e1 ver\u00f0a a\u00f0 m\u00fdi yfir allt Egyptaland.<a name=\"17\"><span class=\"versanumer\">17<\/span><\/a>\u00deeir gj\u00f6r\u00f0u svo; og Aron \u00fatr\u00e9tti s\u00edna h\u00f6nd, og laust stafnum \u00e1 jar\u00f0ardufti\u00f0, og var\u00f0 \u00fea\u00f0 a\u00f0 m\u00fdi \u00e1 m\u00f6nnum og f\u00e9na\u00f0i; allt jar\u00f0arduft var\u00f0 a\u00f0 m\u00fdi yfir allt Egyptaland.<a name=\"18\"><span class=\"versanumer\">18<\/span><\/a>Kunn\u00e1ttumennirnir reyndu og til me\u00f0 fj\u00f6lkynngi sinni a\u00f0 koma upp m\u00fdinu, en g\u00e1tu ekki; lag\u00f0ist m\u00fdi\u00f0 b\u00e6\u00f0i \u00e1 menn og f\u00e9na\u00f0.<a name=\"19\"><span class=\"versanumer\">19<\/span><\/a>\u00de\u00e1 s\u00f6g\u00f0u kunn\u00e1ttumennirnir vi\u00f0 fara\u00f3: \u00feetta er Gu\u00f0s fingur; en hjarta fara\u00f3s har\u00f0na\u00f0i, svo hann hl\u00fdddi ekki \u00feeim M\u00f3ses, eins og Drottinn haf\u00f0i fyrir sagt. <br \/><a name=\"20\"><span class=\"versanumer\">20<\/span><\/a>\u00de\u00e1 sag\u00f0i Drottinn vi\u00f0 M\u00f3ses: r\u00eds upp \u00e1rla \u00e1 morgun, og far til fundar vi\u00f0 fara\u00f3, \u00fe\u00e1 hann gengur ofan a\u00f0 vatninu, og seg til hans: Svo segir Drottinn: gef f\u00f3lki m\u00ednu orlof, a\u00f0 \u00fea\u00f0 megi \u00fej\u00f3na m\u00e9r;<a name=\"21\"><span class=\"versanumer\">21<\/span><\/a>en ef \u00fe\u00fa lofar ei f\u00f3lki m\u00ednu \u00ed burt, \u00fe\u00e1 skal eg l\u00e1ta flugur koma yfir \u00feig og \u00fe\u00edna \u00fej\u00f3nustumenn og yfir f\u00f3lk \u00feitt og \u00ed h\u00fas \u00fe\u00edn; og h\u00fas egypskra skulu full ver\u00f0a af flugum, og eins landi\u00f0, sem \u00feeir b\u00faa \u00ed.<a name=\"22\"><span class=\"versanumer\">22<\/span><\/a>En \u00e1 \u00feeim degi vil eg undantaka landi\u00f0 G\u00f3sen, \u00fear sem mitt f\u00f3lk b\u00fdr, svo a\u00f0 \u00fear skulu engar flugur vera, til \u00feess \u00fe\u00fa vitir, a\u00f0 eg Drottinn, er \u00ed landinu;<a name=\"23\"><span class=\"versanumer\">23<\/span><\/a>og eg vil setja hl\u00edf milli m\u00edns f\u00f3lks og \u00fe\u00edns f\u00f3lks. \u00c1 morgun skal \u00feetta t\u00e1kn ver\u00f0a.<a name=\"24\"><span class=\"versanumer\">24<\/span><\/a>Drottinn gj\u00f6r\u00f0i svo; kom \u00fe\u00e1 mikill fj\u00f6ldi flugna \u00ed h\u00fas fara\u00f3s og hans \u00fej\u00f3nustumanna, og \u00ed \u00f6llu Egyptalandi lag\u00f0ist landi\u00f0 \u00ed ey\u00f0i af flugunum.<a name=\"25\"><span class=\"versanumer\">25<\/span><\/a>\u00de\u00e1 kalla\u00f0i fara\u00f3 \u00e1 M\u00f3ses og Aron, og sag\u00f0i: fari\u00f0, og f\u00e6ri\u00f0 f\u00f3rnir y\u00f0ar Gu\u00f0i h\u00e9r innanlands.<a name=\"26\"><span class=\"versanumer\">26<\/span><\/a>M\u00f3ses svara\u00f0i: ekki h\u00e6fir, a\u00f0 v\u00e9r gj\u00f6rum svo; \u00fev\u00ed v\u00e9r munum f\u00e6ra Drottni, Gu\u00f0i vorum, \u00fe\u00e6r f\u00f3rnir, sem Egyptalandsm\u00f6nnum \u00feykir \u00f3h\u00e6fa \u00ed; eigum v\u00e9r a\u00f0 f\u00f3rnf\u00e6ra \u00fev\u00ed, sem egypskir \u00e1l\u00edta \u00f3h\u00e6fu? mundu \u00feeir \u00fe\u00e1 ekki gr\u00fdta oss?<a name=\"27\"><span class=\"versanumer\">27<\/span><\/a>V\u00e9r ver\u00f0um a\u00f0 fara \u00ferj\u00e1r daglei\u00f0ir \u00fat \u00ed ey\u00f0im\u00f6rkina til a\u00f0 f\u00e6ra f\u00f3rnir Drottni, Gu\u00f0i vorum, eins og hann hefir oss bo\u00f0i\u00f0.<a name=\"28\"><span class=\"versanumer\">28<\/span><\/a>fara\u00f3 m\u00e6lti: eg vil lofa y\u00f0ur burt, a\u00f0 \u00fe\u00e9r f\u00e6ri\u00f0 f\u00f3rnir Drottni Gu\u00f0i y\u00f0ar, \u00e1 ey\u00f0im\u00f6rku; \u00fe\u00f3 me\u00f0 \u00fev\u00ed m\u00f3ti, a\u00f0 \u00fe\u00e9r fari\u00f0 ei lengra \u00ed burt; bi\u00f0ji\u00f0 fyrir m\u00e9r!<a name=\"29\"><span class=\"versanumer\">29<\/span><\/a>M\u00f3ses svara\u00f0i: sj\u00e1! \u00feegar eg kem \u00fat fr\u00e1 \u00fe\u00e9r, vil eg bi\u00f0ja til Drottins, og skulu \u00fe\u00e1 flugurnar \u00e1 morgun v\u00edkja fr\u00e1 fara\u00f3 og fr\u00e1 \u00fej\u00f3nustum\u00f6nnum hans og fr\u00e1 f\u00f3lki hans; en \u00fe\u00e1 m\u00e1 fara\u00f3 ekki oftar prettast um a\u00f0 lofa f\u00f3lkinu burt til a\u00f0 f\u00e6ra Drottni f\u00f3rnir.<a name=\"30\"><span class=\"versanumer\">30<\/span><\/a>\u00de\u00e1 gekk M\u00f3ses \u00fat fr\u00e1 fara\u00f3, og ba\u00f0 til Drottins;<a name=\"31\"><span class=\"versanumer\">31<\/span><\/a>og Drottinn gj\u00f6r\u00f0i, sem M\u00f3ses ba\u00f0, og l\u00e9t flugurnar hverfa fr\u00e1 fara\u00f3 og hans \u00fej\u00f3nustum\u00f6nnum og f\u00f3lki hans, svo engin ein var eftir.<a name=\"32\"><span class=\"versanumer\">32<\/span><\/a>En fara\u00f3 forherti \u00fe\u00e1 enn sitt hjarta, og leyf\u00f0i ekki f\u00f3lkinu burt.<\/p>\n<div class=\"footnoteVidey\"><\/div>\n","protected":false},"excerpt":{"rendered":"<p>2a\u00f0, 3ja og 4\u00f0a undur; froskar, m\u00fdbit, flugur. 1Drottinn sag\u00f0i vi\u00f0 M\u00f3ses: gakk fyrir fara\u00f3, og seg til hans: Svo segir Drottinn: gef m\u00ednu f\u00f3lki burtfararleyfi, a\u00f0 \u00fea\u00f0 megi \u00fej\u00f3na m\u00e9r;2en ef \u00fe\u00fa vilt eigi gefa \u00fev\u00ed orlof, \u00fe\u00e1 skal eg pl\u00e1ga allt \u00feitt land me\u00f0 froskum;3flj\u00f3ti\u00f0 skal vera kr\u00f6kkt af froskum, \u00feeir skulu skr\u00ed\u00f0a \u00e1 land og fara inn \u00ed h\u00f6ll \u00fe\u00edna og \u00ed svefnherbergi \u00feitt og upp \u00ed rekkju \u00fe\u00edna, inn \u00ed h\u00fas \u00fej\u00f3na \u00feinna og upp \u00e1 f\u00f3lk \u00feitt, \u00ed \u00fe\u00edna baksturofna og deigtrog;4og froskarnir skulu skr\u00ed\u00f0a upp \u00e1 \u00feig og f\u00f3lk \u00feitt, og upp \u00e1 alla <a href=\"https:\/\/biblian.is\/videy\/onnur-mosebok-8-kafli\/\"> [&#8230;]<\/a><\/p>\n","protected":false},"author":1,"featured_media":0,"parent":0,"menu_order":0,"comment_status":"open","ping_status":"open","template":"bibliukaflar.php","meta":{"footnotes":""},"class_list":["post-20907","page","type-page","status-publish","hentry"],"_links":{"self":[{"href":"https:\/\/biblian.is\/videy\/wp-json\/wp\/v2\/pages\/20907","targetHints":{"allow":["GET"]}}],"collection":[{"href":"https:\/\/biblian.is\/videy\/wp-json\/wp\/v2\/pages"}],"about":[{"href":"https:\/\/biblian.is\/videy\/wp-json\/wp\/v2\/types\/page"}],"author":[{"embeddable":true,"href":"https:\/\/biblian.is\/videy\/wp-json\/wp\/v2\/users\/1"}],"replies":[{"embeddable":true,"href":"https:\/\/biblian.is\/videy\/wp-json\/wp\/v2\/comments?post=20907"}],"version-history":[{"count":0,"href":"https:\/\/biblian.is\/videy\/wp-json\/wp\/v2\/pages\/20907\/revisions"}],"wp:attachment":[{"href":"https:\/\/biblian.is\/videy\/wp-json\/wp\/v2\/media?parent=20907"}],"curies":[{"name":"wp","href":"https:\/\/api.w.org\/{rel}","templated":true}]}}