{"id":20906,"date":"2018-01-02T00:59:25","date_gmt":"2018-01-02T00:59:25","guid":{"rendered":"http:\/\/biblian.is\/videy\/onnur-mosebok-7-kafli\/"},"modified":"2018-01-02T00:59:25","modified_gmt":"2018-01-02T00:59:25","slug":"onnur-mosebok-7-kafli","status":"publish","type":"page","link":"https:\/\/biblian.is\/videy\/onnur-mosebok-7-kafli\/","title":{"rendered":"\u00d6nnur M\u00f3seb\u00f3k 7. kafli"},"content":{"rendered":"<div class=\"fyrirsognVidey\">Fyrsta undur: vatn ver\u00f0ur a\u00f0 bl\u00f3\u00f0i.<\/div>\n<p><a name=\"1\"><span class=\"versanumer\">1<\/span><\/a>Drottinn sag\u00f0i vi\u00f0 M\u00f3ses: eg hefi sett \u00feig sem Gu\u00f0 yfir fara\u00f3, en Aron br\u00f3\u00f0ir \u00feinn skal vera \u00feinn sp\u00e1ma\u00f0ur <span class='VideyAth'>(t\u00falkur)<\/span>.<a name=\"2\"><span class=\"versanumer\">2<\/span><\/a>\u00de\u00fa skalt tala allt \u00fea\u00f0 eg b\u00fd\u00f0 \u00fe\u00e9r, en Aron br\u00f3\u00f0ir \u00feinn skal flytja vi\u00f0 fara\u00f3, a\u00f0 hann gefi \u00cdsraelsm\u00f6nnum fararleyfi \u00far landi s\u00ednu.<a name=\"3\"><span class=\"versanumer\">3<\/span><\/a>En eg vil forher\u00f0a hjarta fara\u00f3s, og fremja margar jarteiknir og st\u00f3rmerki \u00ed Egyptalandi.<a name=\"4\"><span class=\"versanumer\">4<\/span><\/a>fara\u00f3 mun ekki skipast vi\u00f0 or\u00f0 ykkar, og skal eg \u00fe\u00e1 leggja m\u00edna h\u00f6nd \u00e1 Egyptaland, og \u00fatlei\u00f0a \u00fea\u00f0an m\u00edna herskara, \u00cdsraelsni\u00f0ja, me\u00f0 st\u00f3rum refsid\u00f3mum;<a name=\"5\"><span class=\"versanumer\">5<\/span><\/a>skulu Egyptar f\u00e1 a\u00f0 vita, a\u00f0 eg em Drottinn, \u00fe\u00e1 eg \u00fatr\u00e9tti m\u00edna h\u00f6nd yfir Egyptaland og \u00fatlei\u00f0i \u00cdsraelsni\u00f0ja \u00fea\u00f0an.<a name=\"6\"><span class=\"versanumer\">6<\/span><\/a>\u00deeir M\u00f3ses og Aron gj\u00f6r\u00f0u n\u00fa sem Drottinn haf\u00f0i \u00feeim um bo\u00f0i\u00f0;<a name=\"7\"><span class=\"versanumer\">7<\/span><\/a>var M\u00f3ses \u00e1ttr\u00e6\u00f0ur, en Aron haf\u00f0i 3 um \u00e1ttr\u00e6tt, \u00fe\u00e1 \u00feeir t\u00f6lu\u00f0u vi\u00f0 fara\u00f3. <br \/><a name=\"8\"><span class=\"versanumer\">8<\/span><\/a>Drottinn tala\u00f0i vi\u00f0 \u00fe\u00e1 M\u00f3ses og Aron, og sag\u00f0i:<a name=\"9\"><span class=\"versanumer\">9<\/span><\/a>ef fara\u00f3 skorar \u00e1 ykkur, a\u00f0 \u00fei\u00f0 skuli\u00f0 s\u00fdna jarteiknir ykkar, \u00fe\u00e1 seg til Arons: tak staf \u00feinn og kasta honum frammi fyrir fara\u00f3, og skal \u00fe\u00e1 stafurinn ver\u00f0a a\u00f0 h\u00f6ggormi.<a name=\"10\"><span class=\"versanumer\">10<\/span><\/a>\u00de\u00e1 gengu \u00feeir M\u00f3ses og Aron inn fyrir fara\u00f3, og gj\u00f6r\u00f0u svo sem Drottinn haf\u00f0i bo\u00f0i\u00f0 \u00feeim; og kasta\u00f0i Aron staf s\u00ednum frammi fyrir fara\u00f3 og \u00fej\u00f3num hans, og var\u00f0 stafurinn a\u00f0 h\u00f6ggormi.<a name=\"11\"><span class=\"versanumer\">11<\/span><\/a>\u00de\u00e1 kalla\u00f0i fara\u00f3 \u00e1 vitringana og t\u00f6framennina, og \u00feessir forneskjumenn Egypta gj\u00f6r\u00f0u sl\u00edkt hi\u00f0 sama me\u00f0 t\u00f6frum s\u00ednum:<a name=\"12\"><span class=\"versanumer\">12<\/span><\/a>kasta\u00f0i hver \u00feeirra staf s\u00ednum, og ur\u00f0u stafirnir a\u00f0 h\u00f6ggormum; en stafur Arons gleypti \u00feeirra stafi.<a name=\"13\"><span class=\"versanumer\">13<\/span><\/a>\u00de\u00e1 forhertist hjarta fara\u00f3s, svo hann skipa\u00f0ist ekki vi\u00f0 or\u00f0 \u00feeirra, eins og Drottinn haf\u00f0i fyrir sagt. <br \/><a name=\"14\"><span class=\"versanumer\">14<\/span><\/a>\u00de\u00e1 sag\u00f0i Drottinn til M\u00f3sis: hjarta fara\u00f3s er \u00f3sveigjanlegt; hann vill ei l\u00e1ta f\u00f3lki\u00f0 laust.<a name=\"15\"><span class=\"versanumer\">15<\/span><\/a>Far \u00fe\u00fa \u00e1 morgun \u00e1 fund fara\u00f3s; hann mun ganga ofan a\u00f0 \u00e1nni, skaltu \u00fe\u00e1 ganga til m\u00f3ts vi\u00f0 hann \u00e1 \u00e1rbakkanum, og haf \u00ed hendi \u00fe\u00e9r staf \u00feann, er var\u00f0 a\u00f0 h\u00f6ggormi.<a name=\"16\"><span class=\"versanumer\">16<\/span><\/a>\u00de\u00fa skalt segja til hans: Drottinn, Gu\u00f0 ebreskra manna, hefir sent mig til \u00fe\u00edn og hann l\u00e6tur segja \u00fe\u00e9r: gef m\u00ednu f\u00f3lki orlof, a\u00f0 \u00fea\u00f0 megi \u00fej\u00f3na m\u00e9r \u00e1 ey\u00f0im\u00f6rku; en \u00fe\u00fa hefir ekki h\u00e9r til vilja\u00f0 vi\u00f0 \u00fea\u00f0 skipast.<a name=\"17\"><span class=\"versanumer\">17<\/span><\/a>Svo segir Drottinn: h\u00e9r af skaltu vi\u00f0 kannast, a\u00f0 eg em Drottinn: me\u00f0 \u00feeim staf, sem eg hef \u00ed minni hendi, l\u00fdst eg \u00e1 vatni\u00f0, sem er \u00ed \u00e1nni, og \u00fe\u00e1 skal \u00fea\u00f0 ver\u00f0a a\u00f0 bl\u00f3\u00f0i;<a name=\"18\"><span class=\"versanumer\">18<\/span><\/a>fiskarnir \u00ed \u00e1nni skulu deyja, og vatni\u00f0 \u00ed \u00e1nni skal f\u00falna, svo a\u00f0 egypska menn skal velgja vi\u00f0 a\u00f0 drekka af \u00fev\u00ed. <br \/><a name=\"19\"><span class=\"versanumer\">19<\/span><\/a>Drottinn m\u00e6lti vi\u00f0 M\u00f3ses: Seg til Arons: tak staf \u00feinn, og r\u00e9tt \u00fe\u00edna h\u00f6nd \u00fat yfir v\u00f6tn Egyptalands, yfir \u00e1rnar, flj\u00f3tin, tjarnirnar og yfir \u00f6ll st\u00f6\u00f0uv\u00f6tn, og skulu \u00feau \u00fe\u00e1 ver\u00f0a a\u00f0 bl\u00f3\u00f0i, og um allt Egyptaland skal bl\u00f3\u00f0 vera b\u00e6\u00f0i \u00ed tr\u00e9\u00edl\u00e1tum og steinkerum.<a name=\"20\"><span class=\"versanumer\">20<\/span><\/a>M\u00f3ses og Aron gj\u00f6r\u00f0u, sem Drottinn haf\u00f0i bo\u00f0i\u00f0 \u00feeim; hann reiddi upp stafinn og laust \u00e1 vatni\u00f0 \u00ed \u00e1nni, a\u00f0 \u00e1sj\u00e1anda fara\u00f3 og hans \u00fej\u00f3num, og allt \u00ed \u00e1nni var\u00f0 a\u00f0 bl\u00f3\u00f0i;<a name=\"21\"><span class=\"versanumer\">21<\/span><\/a>fiskarnir \u00ed \u00e1nni d\u00f3u, og vatni\u00f0 \u00ed \u00e1nni var\u00f0 svo st\u00e6kt, a\u00f0 Egyptar g\u00e1tu ekki drukki\u00f0 \u00fea\u00f0, og bl\u00f3\u00f0 var\u00f0 \u00ed \u00f6llu Egyptalandi.<a name=\"22\"><span class=\"versanumer\">22<\/span><\/a>En \u00fear e\u00f0 forneskjumenn egypskra gj\u00f6r\u00f0u sl\u00edkt hi\u00f0 sama me\u00f0 t\u00f6frum s\u00ednum, \u00fe\u00e1 har\u00f0na\u00f0i hjarta fara\u00f3s, svo hann gegndi \u00feeim ekki, eins og Drottinn haf\u00f0i fyrir sagt;<a name=\"23\"><span class=\"versanumer\">23<\/span><\/a>sneri fara\u00f3 \u00fe\u00e1 heim til hallarinnar, og l\u00e9t s\u00e9r \u00feetta ekki heldur til hjarta ganga.<a name=\"24\"><span class=\"versanumer\">24<\/span><\/a>En allir egypskir menn gr\u00f3fu \u00ed kringum \u00e1na eftir neysluvatni, \u00fev\u00ed \u00feeir g\u00e1tu eigi drukki\u00f0 vatni\u00f0 \u00far \u00e1nni;<a name=\"25\"><span class=\"versanumer\">25<\/span><\/a>li\u00f0u svo sj\u00f6 samfleyttir dagar, eftir \u00fea\u00f0 a\u00f0 Drottinn haf\u00f0i losti\u00f0 \u00e1na.<\/p>\n<div class=\"footnoteVidey\"><\/div>\n","protected":false},"excerpt":{"rendered":"<p>Fyrsta undur: vatn ver\u00f0ur a\u00f0 bl\u00f3\u00f0i. 1Drottinn sag\u00f0i vi\u00f0 M\u00f3ses: eg hefi sett \u00feig sem Gu\u00f0 yfir fara\u00f3, en Aron br\u00f3\u00f0ir \u00feinn skal vera \u00feinn sp\u00e1ma\u00f0ur (t\u00falkur).2\u00de\u00fa skalt tala allt \u00fea\u00f0 eg b\u00fd\u00f0 \u00fe\u00e9r, en Aron br\u00f3\u00f0ir \u00feinn skal flytja vi\u00f0 fara\u00f3, a\u00f0 hann gefi \u00cdsraelsm\u00f6nnum fararleyfi \u00far landi s\u00ednu.3En eg vil forher\u00f0a hjarta fara\u00f3s, og fremja margar jarteiknir og st\u00f3rmerki \u00ed Egyptalandi.4fara\u00f3 mun ekki skipast vi\u00f0 or\u00f0 ykkar, og skal eg \u00fe\u00e1 leggja m\u00edna h\u00f6nd \u00e1 Egyptaland, og \u00fatlei\u00f0a \u00fea\u00f0an m\u00edna herskara, \u00cdsraelsni\u00f0ja, me\u00f0 st\u00f3rum refsid\u00f3mum;5skulu Egyptar f\u00e1 a\u00f0 vita, a\u00f0 eg em Drottinn, \u00fe\u00e1 eg \u00fatr\u00e9tti m\u00edna h\u00f6nd <a href=\"https:\/\/biblian.is\/videy\/onnur-mosebok-7-kafli\/\"> [&#8230;]<\/a><\/p>\n","protected":false},"author":1,"featured_media":0,"parent":0,"menu_order":0,"comment_status":"open","ping_status":"open","template":"bibliukaflar.php","meta":{"footnotes":""},"class_list":["post-20906","page","type-page","status-publish","hentry"],"_links":{"self":[{"href":"https:\/\/biblian.is\/videy\/wp-json\/wp\/v2\/pages\/20906","targetHints":{"allow":["GET"]}}],"collection":[{"href":"https:\/\/biblian.is\/videy\/wp-json\/wp\/v2\/pages"}],"about":[{"href":"https:\/\/biblian.is\/videy\/wp-json\/wp\/v2\/types\/page"}],"author":[{"embeddable":true,"href":"https:\/\/biblian.is\/videy\/wp-json\/wp\/v2\/users\/1"}],"replies":[{"embeddable":true,"href":"https:\/\/biblian.is\/videy\/wp-json\/wp\/v2\/comments?post=20906"}],"version-history":[{"count":0,"href":"https:\/\/biblian.is\/videy\/wp-json\/wp\/v2\/pages\/20906\/revisions"}],"wp:attachment":[{"href":"https:\/\/biblian.is\/videy\/wp-json\/wp\/v2\/media?parent=20906"}],"curies":[{"name":"wp","href":"https:\/\/api.w.org\/{rel}","templated":true}]}}