{"id":20905,"date":"2018-01-02T00:59:25","date_gmt":"2018-01-02T00:59:25","guid":{"rendered":"http:\/\/biblian.is\/videy\/onnur-mosebok-6-kafli\/"},"modified":"2018-01-02T00:59:25","modified_gmt":"2018-01-02T00:59:25","slug":"onnur-mosebok-6-kafli","status":"publish","type":"page","link":"https:\/\/biblian.is\/videy\/onnur-mosebok-6-kafli\/","title":{"rendered":"\u00d6nnur M\u00f3seb\u00f3k 6. kafli"},"content":{"rendered":"<div class=\"fyrirsognVidey\">Fyrirheit Drottins. Fr\u00e1 kyn\u00fe\u00e6tti M\u00f3sis.<\/div>\n<p><a name=\"1\"><span class=\"versanumer\">1<\/span><\/a>Drottinn sag\u00f0i vi\u00f0 M\u00f3ses: \u00fe\u00fa skalt n\u00fa sj\u00e1, hva\u00f0 eg vil gj\u00f6ra fara\u00f3; \u00fev\u00ed fyrir voldugri hendi skal hann \u00fe\u00e1 lausa l\u00e1ta, fyrir voldugri hendi skal hann keyra \u00fe\u00e1 burt \u00far landi s\u00ednu. <br \/><a name=\"2\"><span class=\"versanumer\">2<\/span><\/a>Gu\u00f0 tala\u00f0i til M\u00f3ses, og sag\u00f0i til hans: eg em Drottinn!<a name=\"3\"><span class=\"versanumer\">3<\/span><\/a>eg vitra\u00f0ist Abraham, \u00cdsaak og Jakob, sem alm\u00e1ttugur Gu\u00f0; en mitt nafn \u201eHann sem ver\u00f0ur <span class='VideyAth'>(\u00fea\u00f0 sem hann er)<\/span>\u201c var \u00feeim ekki kunnugt.<a name=\"4\"><span class=\"versanumer\">4<\/span><\/a>Eg gj\u00f6r\u00f0i vi\u00f0 \u00fe\u00e1 \u00feann s\u00e1ttm\u00e1la, a\u00f0 gefa \u00feeim Kanaansland, \u00fea\u00f0 \u00fatleg\u00f0arland, \u00ed hv\u00f6rju \u00feeir voru sem \u00fatlendir.<a name=\"5\"><span class=\"versanumer\">5<\/span><\/a>Eg hefi og heyrt kveinstafi \u00cdsraelsmanna, sem Egyptar hafa a\u00f0 \u00fer\u00e6lum gj\u00f6rt, og eg hefi minnst m\u00edns s\u00e1ttm\u00e1la.<a name=\"6\"><span class=\"versanumer\">6<\/span><\/a>\u00dear fyrir seg \u00cdsraelsm\u00f6nnum: eg em Drottinn, eg vil f\u00e6ra y\u00f0ur undan \u00e1nau\u00f0aroki egypskra, og \u00fer\u00edfa y\u00f0ur \u00far \u00feeirra \u00fer\u00e6ld\u00f3mi, og frelsa y\u00f0ur me\u00f0 \u00fatr\u00e9ttum armlegg og st\u00f3rum refsid\u00f3mum.<a name=\"7\"><span class=\"versanumer\">7<\/span><\/a>Eg vil velja y\u00f0ur fyrir mitt f\u00f3lk, og vera y\u00f0ar Gu\u00f0, og \u00fe\u00e9r skulu\u00f0 reyna, a\u00f0 eg em Drottinn, y\u00f0ar Gu\u00f0, sem f\u00e6ri y\u00f0ur undan \u00e1nau\u00f0 egypskra.<a name=\"8\"><span class=\"versanumer\">8<\/span><\/a>Eg vil lei\u00f0a y\u00f0ur inn \u00ed \u00fea\u00f0 land, sem eg s\u00f3r a\u00f0 gefa Abraham, \u00cdsaak og Jakob; \u00fea\u00f0 land vil eg gefa y\u00f0ur til eignar; eg em Drottinn!<a name=\"9\"><span class=\"versanumer\">9<\/span><\/a>M\u00f3ses sag\u00f0i \u00cdsraelsm\u00f6nnum \u00feetta, en \u00feeir sinntu honum ekki s\u00f6kum hugarangurs og vegna \u00feess stranga \u00fer\u00e6ld\u00f3ms. <br \/><a name=\"10\"><span class=\"versanumer\">10<\/span><\/a>\u00de\u00e1 tala\u00f0i Drottinn vi\u00f0 M\u00f3ses, og sag\u00f0i:<a name=\"11\"><span class=\"versanumer\">11<\/span><\/a>gakk \u00e1 tal vi\u00f0 fara\u00f3, Egyptalands konung, og bi\u00f0 hann leyfa \u00cdsraelsm\u00f6nnum burt \u00far landi s\u00ednu.<a name=\"12\"><span class=\"versanumer\">12<\/span><\/a>M\u00f3ses svara\u00f0i Drottni, og sag\u00f0i: sj\u00e1! \u00cdsraelsmenn vilja ei gefa gaum a\u00f0 or\u00f0um m\u00ednum, hv\u00f6rsu mun \u00fe\u00e1 fara\u00f3 skipast vi\u00f0 \u00feau, \u00fear sem eg er ma\u00f0ur m\u00e1lsta\u00f0ur!<a name=\"13\"><span class=\"versanumer\">13<\/span><\/a>\u00de\u00e1 tala\u00f0i Drottinn vi\u00f0 M\u00f3ses og Aron, og f\u00e9kk \u00feeim \u00feann bo\u00f0skap til \u00cdsraelsmanna og fara\u00f3s, Egyptalands konungs, a\u00f0 \u00fatlei\u00f0a \u00cdsraelsmenn af Egyptalandi.<br \/><a name=\"14\"><span class=\"versanumer\">14<\/span><\/a>\u00deessir eru \u00e6ttfe\u00f0ur \u00feeirra: synir R\u00fabens, er var frumgetinn sonur \u00cdsraels, voru \u00feeir Hanok Pal\u00fa, Hesron og Karm\u00ed; \u00dea\u00f0 er kynsl\u00f3\u00f0 R\u00fabens.<a name=\"15\"><span class=\"versanumer\">15<\/span><\/a>Synir S\u00edmeons voru \u00feeir Jem\u00fael, Jam\u00edn, \u00d3ha\u00f0, Jak\u00edn, S\u00f3har og S\u00e1l, sem var sonur kanverskrar konu; \u00feetta er kynsl\u00f3\u00f0 S\u00edmeons.<a name=\"16\"><span class=\"versanumer\">16<\/span><\/a>\u00deessi eru n\u00f6fn Lev\u00edsona me\u00f0 s\u00ednum kyn\u00fe\u00e1ttum: Gerson, Kahat og Merar\u00ed; var\u00f0 Lev\u00ed 137 \u00e1ra a\u00f0 aldri,<a name=\"17\"><span class=\"versanumer\">17<\/span><\/a>Synir Gersons voru \u00feeir Libni og S\u00edme\u00ed me\u00f0 sinni kynsl\u00f3\u00f0.<a name=\"18\"><span class=\"versanumer\">18<\/span><\/a>Synir Kahats voru \u00feeir Amram, Jesehar, Hebron og \u00dass\u00edel; var\u00f0 Kahat 133 \u00e1ra gamall.<a name=\"19\"><span class=\"versanumer\">19<\/span><\/a>Synir Merar\u00eds voru \u00feeir Maheli og M\u00fas\u00ed; \u00feetta er Lev\u00ed kynsl\u00f3\u00f0 me\u00f0 s\u00ednum \u00e6ttleggjum.<a name=\"20\"><span class=\"versanumer\">20<\/span><\/a>Amram f\u00e9kk J\u00f3kebe\u00f0ar, f\u00f6\u00f0ursystur sinnar, og \u00e1tti h\u00fan vi\u00f0 honum \u00fe\u00e1 Aron og M\u00f3sis; var\u00f0 Amram a\u00f0 aldri 137 \u00e1ra.<a name=\"21\"><span class=\"versanumer\">21<\/span><\/a>Synir Jesehars voru \u00feeir K\u00f3ra, Nefeg og Sikr\u00ed.<a name=\"22\"><span class=\"versanumer\">22<\/span><\/a>Synir \u00dass\u00edels voru \u00feeir M\u00edsael, Elsafan og Sitr\u00ed.<a name=\"23\"><span class=\"versanumer\">23<\/span><\/a>Aron f\u00e9kk Elisebu, d\u00f3ttur Am\u00ednadabs, systur Nahasons, og \u00e1tti h\u00fan vi\u00f0 honum \u00fe\u00e1 Nadab, Ab\u00edh\u00fa, Eleasar og \u00cdtamar.<a name=\"24\"><span class=\"versanumer\">24<\/span><\/a>Synir K\u00f3ru voru \u00feeir Ass\u00edr, Elkana og Ab\u00edasaff; \u00fea\u00f0 er kynsl\u00f3\u00f0 K\u00f3runga.<a name=\"25\"><span class=\"versanumer\">25<\/span><\/a>Eleasar, sonur Arons, kvonga\u00f0ist og f\u00e9kk einnar af d\u00e6trum P\u00fat\u00edels, og \u00e1tti vi\u00f0 henni P\u00ednehas. \u00deetta eru \u00e6ttfe\u00f0ur Lev\u00edtanna og \u00feeirra kyn\u00fe\u00e6ttir. <br \/><a name=\"26\"><span class=\"versanumer\">26<\/span><\/a>\u00dea\u00f0 er \u00feessi Aron og M\u00f3ses, hv\u00f6rjum Drottinn bau\u00f0: lei\u00f0i\u00f0 \u00cdsraelsmenn \u00fat af Egyptalandi me\u00f0 \u00f6llu li\u00f0i \u00feeirra;<a name=\"27\"><span class=\"versanumer\">27<\/span><\/a>\u00fea\u00f0 voru \u00feeir, sem komu or\u00f0i \u00e1 vi\u00f0 fara\u00f3, Egyptalandskonung, a\u00f0 f\u00e6ra \u00cdsraelsmenn \u00fat af Egyptalandi, \u00feessi M\u00f3ses og Aron.<a name=\"28\"><span class=\"versanumer\">28<\/span><\/a>Og \u00feann t\u00edma er Drottinn \u00e1tti tal vi\u00f0 M\u00f3ses \u00ed Egyptalandi,<a name=\"29\"><span class=\"versanumer\">29<\/span><\/a>tala\u00f0i hann til hans \u00feessum or\u00f0um: eg em Drottinn! seg fara\u00f3, Egyptalands konungi, allt hva\u00f0 eg hefi bo\u00f0i\u00f0 \u00fe\u00e9r.<a name=\"30\"><span class=\"versanumer\">30<\/span><\/a>M\u00f3ses svara\u00f0i, \u00fear sem hann st\u00f3\u00f0 frammi fyrir Drottni: sj\u00e1! eg er ma\u00f0ur m\u00e1lsta\u00f0ur; hv\u00f6rsu m\u00e1 fara\u00f3 \u00fe\u00e1 skipast vi\u00f0 or\u00f0 m\u00edn?<\/p>\n<div class=\"footnoteVidey\"><\/div>\n","protected":false},"excerpt":{"rendered":"<p>Fyrirheit Drottins. Fr\u00e1 kyn\u00fe\u00e6tti M\u00f3sis. 1Drottinn sag\u00f0i vi\u00f0 M\u00f3ses: \u00fe\u00fa skalt n\u00fa sj\u00e1, hva\u00f0 eg vil gj\u00f6ra fara\u00f3; \u00fev\u00ed fyrir voldugri hendi skal hann \u00fe\u00e1 lausa l\u00e1ta, fyrir voldugri hendi skal hann keyra \u00fe\u00e1 burt \u00far landi s\u00ednu. 2Gu\u00f0 tala\u00f0i til M\u00f3ses, og sag\u00f0i til hans: eg em Drottinn!3eg vitra\u00f0ist Abraham, \u00cdsaak og Jakob, sem alm\u00e1ttugur Gu\u00f0; en mitt nafn \u201eHann sem ver\u00f0ur (\u00fea\u00f0 sem hann er)\u201c var \u00feeim ekki kunnugt.4Eg gj\u00f6r\u00f0i vi\u00f0 \u00fe\u00e1 \u00feann s\u00e1ttm\u00e1la, a\u00f0 gefa \u00feeim Kanaansland, \u00fea\u00f0 \u00fatleg\u00f0arland, \u00ed hv\u00f6rju \u00feeir voru sem \u00fatlendir.5Eg hefi og heyrt kveinstafi \u00cdsraelsmanna, sem Egyptar hafa a\u00f0 \u00fer\u00e6lum gj\u00f6rt, og <a href=\"https:\/\/biblian.is\/videy\/onnur-mosebok-6-kafli\/\"> [&#8230;]<\/a><\/p>\n","protected":false},"author":1,"featured_media":0,"parent":0,"menu_order":0,"comment_status":"open","ping_status":"open","template":"bibliukaflar.php","meta":{"footnotes":""},"class_list":["post-20905","page","type-page","status-publish","hentry"],"_links":{"self":[{"href":"https:\/\/biblian.is\/videy\/wp-json\/wp\/v2\/pages\/20905","targetHints":{"allow":["GET"]}}],"collection":[{"href":"https:\/\/biblian.is\/videy\/wp-json\/wp\/v2\/pages"}],"about":[{"href":"https:\/\/biblian.is\/videy\/wp-json\/wp\/v2\/types\/page"}],"author":[{"embeddable":true,"href":"https:\/\/biblian.is\/videy\/wp-json\/wp\/v2\/users\/1"}],"replies":[{"embeddable":true,"href":"https:\/\/biblian.is\/videy\/wp-json\/wp\/v2\/comments?post=20905"}],"version-history":[{"count":0,"href":"https:\/\/biblian.is\/videy\/wp-json\/wp\/v2\/pages\/20905\/revisions"}],"wp:attachment":[{"href":"https:\/\/biblian.is\/videy\/wp-json\/wp\/v2\/media?parent=20905"}],"curies":[{"name":"wp","href":"https:\/\/api.w.org\/{rel}","templated":true}]}}