{"id":20903,"date":"2018-01-02T00:59:25","date_gmt":"2018-01-02T00:59:25","guid":{"rendered":"http:\/\/biblian.is\/videy\/onnur-mosebok-4-kafli\/"},"modified":"2018-01-02T00:59:25","modified_gmt":"2018-01-02T00:59:25","slug":"onnur-mosebok-4-kafli","status":"publish","type":"page","link":"https:\/\/biblian.is\/videy\/onnur-mosebok-4-kafli\/","title":{"rendered":"\u00d6nnur M\u00f3seb\u00f3k 4. kafli"},"content":{"rendered":"<div class=\"fyrirsognVidey\">M\u00f3ses f\u00e6r vald til jarteiknagj\u00f6r\u00f0ar, og fer til Egyptalands.<\/div>\n<p><a name=\"1\"><span class=\"versanumer\">1<\/span><\/a>M\u00f3ses svara\u00f0i sag\u00f0i: sj\u00e1! \u00feeir munu ekki tr\u00faa m\u00e9r og eigi skipast vi\u00f0 or\u00f0 m\u00edn, heldur segja: Gu\u00f0 hefir ekki vitrast \u00fe\u00e9r!<a name=\"2\"><span class=\"versanumer\">2<\/span><\/a>Drottinn sag\u00f0i til hans: hva\u00f0 er \u00fea\u00f0, sem \u00fe\u00fa hefir \u00ed hendi \u00fe\u00e9r? Hann svara\u00f0i: stafur er \u00fea\u00f0.<a name=\"3\"><span class=\"versanumer\">3<\/span><\/a>Hann sag\u00f0i: kasta \u00fe\u00fa honum \u00e1 j\u00f6r\u00f0ina! Hann gj\u00f6r\u00f0i svo, og var\u00f0 \u00fe\u00e1 stafurinn a\u00f0 h\u00f6ggormi, og hr\u00f6kk M\u00f3ses undan honum.<a name=\"4\"><span class=\"versanumer\">4<\/span><\/a>Drottinn sag\u00f0i til M\u00f3sis: r\u00e9tt \u00fat h\u00f6nd \u00fe\u00edna, og gr\u00edp um ormshalann; og hann r\u00e9tti \u00fat h\u00f6nd s\u00edna, og t\u00f3k um hann, og var\u00f0 hann \u00fe\u00e1 aftur a\u00f0 staf \u00ed hendi hans.<a name=\"5\"><span class=\"versanumer\">5<\/span><\/a>\u00dear fyrir munu \u00feeir tr\u00faa, a\u00f0 Drottinn, Gu\u00f0 fe\u00f0ra \u00feeirra, Gu\u00f0 Abrahams, Gu\u00f0 \u00cdsaaks og Gu\u00f0 Jakobs, hafi vitrast \u00fe\u00e9r.<a name=\"6\"><span class=\"versanumer\">6<\/span><\/a>Drottinn sag\u00f0i enn fremur til hans: st\u00edktu hendi \u00feinni \u00ed barm \u00fe\u00e9r! Hann stakk hendi sinni \u00ed barm s\u00e9r, og t\u00f3k hana \u00fat aftur; var \u00fe\u00e1 h\u00f6ndin l\u00edk\u00fer\u00e1, og snj\u00f3hv\u00edt.<a name=\"7\"><span class=\"versanumer\">7<\/span><\/a>Hann sag\u00f0i: st\u00edktu hendinni \u00ed barm \u00fe\u00e9r aftur! Hann stakk henni aftur \u00ed barminn, en \u00fe\u00e1 hann t\u00f3k hana \u00fat aftur \u00far barminum, var h\u00fan or\u00f0in jafng\u00f3\u00f0 og me\u00f0 holdslit.<a name=\"8\"><span class=\"versanumer\">8<\/span><\/a>Vilji \u00feeir n\u00fa ekki tr\u00faa \u00fe\u00e9r, e\u00f0a skipast vi\u00f0 hina fyrri jarteiknina, \u00fe\u00e1 munu \u00feeir skipast vi\u00f0 hina s\u00ed\u00f0ari.<a name=\"9\"><span class=\"versanumer\">9<\/span><\/a>En ef \u00feeir vilja hv\u00f6rugri \u00feessari jarteikn tr\u00faa, e\u00f0a skipast l\u00e1ta vi\u00f0 or\u00f0 \u00fe\u00edn, \u00fe\u00e1 tak vatn \u00far \u00e1nni, og aus \u00fev\u00ed upp \u00e1 \u00feurrt land, og mun \u00fe\u00e1 \u00fea\u00f0 vatn, er \u00fe\u00fa tekur \u00far \u00e1nni, ver\u00f0a a\u00f0 bl\u00f3\u00f0i \u00e1 \u00feurrlendinu.<a name=\"10\"><span class=\"versanumer\">10<\/span><\/a>\u00de\u00e1 sag\u00f0i M\u00f3ses til Drottins: heyr, Drottinn, ekki hefi eg veri\u00f0 or\u00f0f\u00e6r ma\u00f0ur h\u00e9r til, og ekki heldur or\u00f0i\u00f0 \u00fea\u00f0 s\u00ed\u00f0an \u00fe\u00fa tala\u00f0ir til \u00fej\u00f3ns \u00fe\u00edns, \u00fev\u00ed m\u00e9r er tregt um m\u00e1lf\u00e6ri og tungutak.<a name=\"11\"><span class=\"versanumer\">11<\/span><\/a>Drottinn sag\u00f0i til hans: hv\u00f6r gefur manninum m\u00e1li\u00f0? e\u00f0a hv\u00f6r gj\u00f6rir \u00feann m\u00e1llausa e\u00f0a daufa, \u00feann skyggna e\u00f0a blinda? er \u00fea\u00f0 ekki eg, Drottinn, sem gj\u00f6ri \u00fea\u00f0?<a name=\"12\"><span class=\"versanumer\">12<\/span><\/a>Far n\u00fa, eg skal styrkja m\u00e1l \u00feitt, og kenna \u00fe\u00e9r hva\u00f0 \u00fe\u00fa skalt m\u00e6la.<a name=\"13\"><span class=\"versanumer\">13<\/span><\/a>Hann svara\u00f0i: heyr, Drottinn, sent\u00fa hv\u00f6rn \u00fe\u00fa vilt!<a name=\"14\"><span class=\"versanumer\">14<\/span><\/a>\u00de\u00e1 var\u00f0 Drottinn st\u00f3rlega rei\u00f0ur vi\u00f0 M\u00f3ses, og sag\u00f0i, skyldi eg ekki vita, a\u00f0 Aron br\u00f3\u00f0ir \u00feinn, Lev\u00edtinn, er vel or\u00f0f\u00e6r ma\u00f0ur? sj\u00e1! hann skal fara til m\u00f3ts vi\u00f0 \u00feig, og \u00fe\u00e1 hann s\u00e9r \u00feig, mun hann taka \u00fe\u00e9r feginsamlega;<a name=\"15\"><span class=\"versanumer\">15<\/span><\/a>\u00fe\u00fa skalt tala til hans og leggja or\u00f0in \u00ed munn honum, en eg mun styrkja m\u00e1l \u00feitt og m\u00e1l hans, og kenna ykkur hva\u00f0 \u00fe\u00e9r skulu\u00f0 gj\u00f6ra;<a name=\"16\"><span class=\"versanumer\">16<\/span><\/a>Hann skal tala fyrir \u00feig til f\u00f3lksins, og hann skal vera \u00fe\u00e9r sem munnur, en \u00fe\u00fa skalt vera honum sem Gu\u00f0.<a name=\"17\"><span class=\"versanumer\">17<\/span><\/a>Staf \u00feenna skalt\u00fa hafa \u00ed hendi \u00fe\u00e9r, og me\u00f0 honum skalt\u00fa jarteiknirnar gj\u00f6ra. <br \/><a name=\"18\"><span class=\"versanumer\">18<\/span><\/a>S\u00ed\u00f0an f\u00f3r M\u00f3ses aftur til Jetr\u00f3s, tengdaf\u00f6\u00f0ur s\u00edns, og m\u00e6lti til hans: leyf m\u00e9r a\u00f0 fara og vitja \u00e6ttbr\u00e6\u00f0ra minna, \u00feeirra sem \u00e1 Egyptalandi eru, svo eg viti hvert \u00feeir eru enn \u00e1 l\u00edfi. Jetr\u00f3 svara\u00f0i honum: far \u00fe\u00fa \u00ed fri\u00f0i!<a name=\"19\"><span class=\"versanumer\">19<\/span><\/a>Drottinn sag\u00f0i vi\u00f0 M\u00f3ses \u00ed Mid\u00edanslandi: far \u00fe\u00fa, og hverf aftur til Egyptalands, \u00fev\u00ed \u00feeir eru allir dau\u00f0ir, er leitu\u00f0u eftir l\u00edfi \u00fe\u00ednu.<a name=\"20\"><span class=\"versanumer\">20<\/span><\/a>M\u00f3ses t\u00f3k me\u00f0 s\u00e9r konu s\u00edna og sonu, l\u00e9t \u00feau r\u00ed\u00f0a \u00e1 \u00f6snum, og f\u00f3r aftur til Egyptalands, og haf\u00f0i Gu\u00f0s staf \u00ed hendi s\u00e9r.<a name=\"21\"><span class=\"versanumer\">21<\/span><\/a>Drottinn sag\u00f0i vi\u00f0 M\u00f3ses: sj\u00e1 svo til, \u00fe\u00e1 er \u00fe\u00fa kemur aftur \u00ed Egyptaland, a\u00f0 \u00fe\u00fa fremjir \u00f6ll \u00feau undur fyrir fara\u00f3, sem eg hefi fyrir \u00feig lagt; en eg mun l\u00e1ta hjarta hans har\u00f0na, svo hann mun eigi l\u00e1ta f\u00f3lki\u00f0 laust.<a name=\"22\"><span class=\"versanumer\">22<\/span><\/a>\u00de\u00fa skalt segja vi\u00f0 fara\u00f3: Svo segir Drottinn: \u00cdsraels l\u00fd\u00f0ur er minn frumgetinn sonur;<a name=\"23\"><span class=\"versanumer\">23<\/span><\/a>eg segi \u00fe\u00e9r, l\u00e1t son minn fara, svo hann megi \u00fej\u00f3na m\u00e9r, en viljir \u00fe\u00fa hann ei lausan l\u00e1ta, \u00fe\u00e1 skal eg lj\u00f3sta \u00ed hel \u00feinn frumgetna son.<a name=\"24\"><span class=\"versanumer\">24<\/span><\/a>En er M\u00f3ses var \u00ed herbergi nokkuru \u00e1 lei\u00f0inni, r\u00e9\u00f0st Drottinn \u00ed m\u00f3ti honum og vildi dey\u00f0a hann.<a name=\"25\"><span class=\"versanumer\">25<\/span><\/a>\u00de\u00e1 t\u00f3k Sippora steinkn\u00edf, og afsnei\u00f0 yfirh\u00fa\u00f0 sonar s\u00edns, og lag\u00f0i fyrir f\u00e6tur hans, og sag\u00f0i: \u00fe\u00fa ert minn bl\u00f3\u00f0br\u00fa\u00f0gumi!<a name=\"26\"><span class=\"versanumer\">26<\/span><\/a>\u00de\u00e1 l\u00e9t hann hann vera; en h\u00fan nefndi bl\u00f3\u00f0br\u00fa\u00f0guma, vegna umskurnarinnar.<br \/><a name=\"27\"><span class=\"versanumer\">27<\/span><\/a>Drottinn sag\u00f0i til Arons: far \u00fe\u00fa \u00fat \u00ed ey\u00f0im\u00f6rkina til m\u00f3ts vi\u00f0 M\u00f3ses; hann f\u00f3r og m\u00e6tti honum \u00e1 Gu\u00f0s fjalli, og kyssti hann.<a name=\"28\"><span class=\"versanumer\">28<\/span><\/a>M\u00f3ses sag\u00f0i Aroni \u00f6ll or\u00f0 Drottins, \u00feess er hann sendi, og allar \u00fe\u00e6r jarteiknir, sem hann haf\u00f0i bo\u00f0i\u00f0 honum a\u00f0 gj\u00f6ra.<a name=\"29\"><span class=\"versanumer\">29<\/span><\/a>\u00deeir M\u00f3ses og Aron f\u00f3ru n\u00fa og stefndu saman \u00f6llum h\u00f6f\u00f0ingjum \u00cdsraelsmanna,<a name=\"30\"><span class=\"versanumer\">30<\/span><\/a>og flutti Aron \u00f6ll \u00feau or\u00f0, er Drottinn haf\u00f0i m\u00e6lt vi\u00f0 M\u00f3ses, og gj\u00f6r\u00f0i t\u00e1knin \u00ed augs\u00fdn f\u00f3lksins;<a name=\"31\"><span class=\"versanumer\">31<\/span><\/a>og f\u00f3lki\u00f0 tr\u00fa\u00f0i; og sem \u00feeir heyr\u00f0u, a\u00f0 Drottinn haf\u00f0i vitja\u00f0 \u00cdsraelsmanna og liti\u00f0 \u00e1 eymd \u00feeirra, \u00fe\u00e1 f\u00e9llu \u00feeir fram og tilb\u00e1\u00f0u.<\/p>\n<div class=\"footnoteVidey\"><\/div>\n","protected":false},"excerpt":{"rendered":"<p>M\u00f3ses f\u00e6r vald til jarteiknagj\u00f6r\u00f0ar, og fer til Egyptalands. 1M\u00f3ses svara\u00f0i sag\u00f0i: sj\u00e1! \u00feeir munu ekki tr\u00faa m\u00e9r og eigi skipast vi\u00f0 or\u00f0 m\u00edn, heldur segja: Gu\u00f0 hefir ekki vitrast \u00fe\u00e9r!2Drottinn sag\u00f0i til hans: hva\u00f0 er \u00fea\u00f0, sem \u00fe\u00fa hefir \u00ed hendi \u00fe\u00e9r? Hann svara\u00f0i: stafur er \u00fea\u00f0.3Hann sag\u00f0i: kasta \u00fe\u00fa honum \u00e1 j\u00f6r\u00f0ina! Hann gj\u00f6r\u00f0i svo, og var\u00f0 \u00fe\u00e1 stafurinn a\u00f0 h\u00f6ggormi, og hr\u00f6kk M\u00f3ses undan honum.4Drottinn sag\u00f0i til M\u00f3sis: r\u00e9tt \u00fat h\u00f6nd \u00fe\u00edna, og gr\u00edp um ormshalann; og hann r\u00e9tti \u00fat h\u00f6nd s\u00edna, og t\u00f3k um hann, og var\u00f0 hann \u00fe\u00e1 aftur a\u00f0 staf \u00ed hendi hans.5\u00dear fyrir <a href=\"https:\/\/biblian.is\/videy\/onnur-mosebok-4-kafli\/\"> [&#8230;]<\/a><\/p>\n","protected":false},"author":1,"featured_media":0,"parent":0,"menu_order":0,"comment_status":"open","ping_status":"open","template":"bibliukaflar.php","meta":{"footnotes":""},"class_list":["post-20903","page","type-page","status-publish","hentry"],"_links":{"self":[{"href":"https:\/\/biblian.is\/videy\/wp-json\/wp\/v2\/pages\/20903","targetHints":{"allow":["GET"]}}],"collection":[{"href":"https:\/\/biblian.is\/videy\/wp-json\/wp\/v2\/pages"}],"about":[{"href":"https:\/\/biblian.is\/videy\/wp-json\/wp\/v2\/types\/page"}],"author":[{"embeddable":true,"href":"https:\/\/biblian.is\/videy\/wp-json\/wp\/v2\/users\/1"}],"replies":[{"embeddable":true,"href":"https:\/\/biblian.is\/videy\/wp-json\/wp\/v2\/comments?post=20903"}],"version-history":[{"count":0,"href":"https:\/\/biblian.is\/videy\/wp-json\/wp\/v2\/pages\/20903\/revisions"}],"wp:attachment":[{"href":"https:\/\/biblian.is\/videy\/wp-json\/wp\/v2\/media?parent=20903"}],"curies":[{"name":"wp","href":"https:\/\/api.w.org\/{rel}","templated":true}]}}