{"id":20902,"date":"2018-01-02T00:59:25","date_gmt":"2018-01-02T00:59:25","guid":{"rendered":"http:\/\/biblian.is\/videy\/onnur-mosebok-3-kafli\/"},"modified":"2018-01-02T00:59:25","modified_gmt":"2018-01-02T00:59:25","slug":"onnur-mosebok-3-kafli","status":"publish","type":"page","link":"https:\/\/biblian.is\/videy\/onnur-mosebok-3-kafli\/","title":{"rendered":"\u00d6nnur M\u00f3seb\u00f3k 3. kafli"},"content":{"rendered":"<div class=\"fyrirsognVidey\">M\u00f3ses er kalla\u00f0ur af Gu\u00f0i til a\u00f0 lei\u00f0a \u00cdsraels f\u00f3lk \u00fat af Egyptalandi.<\/div>\n<p><a name=\"1\"><span class=\"versanumer\">1<\/span><\/a>M\u00f3ses var fj\u00e1rhir\u00f0ir hj\u00e1 Jetr\u00f3, tengdaf\u00f6\u00f0ur s\u00ednum, kennimanni \u00ed Mid\u00edanslandi, og h\u00e9lt f\u00e9nu vestur \u00ed ey\u00f0im\u00f6rkina, og kom til Gu\u00f0s fjalls, H\u00f3rebs.<a name=\"2\"><span class=\"versanumer\">2<\/span><\/a>\u00dear birtist honum engill Drottins \u00ed eldsloga, sem lag\u00f0i \u00fat af \u00feyrnirunni nokkurum; og s\u00e1 hann, a\u00f0 runnurinn loga\u00f0i, en brann ekki.<a name=\"3\"><span class=\"versanumer\">3<\/span><\/a>\u00de\u00e1 sag\u00f0i M\u00f3ses: eg vil ganga n\u00e6r, og sj\u00e1 \u00feessa hina miklu s\u00fdn, hva\u00f0 til \u00feess komi, a\u00f0 runnurinn brennur ekki.<a name=\"4\"><span class=\"versanumer\">4<\/span><\/a>En sem Drottinn s\u00e1, a\u00f0 hann veik \u00feanga\u00f0 til a\u00f0 sko\u00f0a \u00feetta, \u00fe\u00e1 kalla\u00f0i Gu\u00f0 til hans \u00far runninum, og sag\u00f0i: M\u00f3ses! M\u00f3ses! Hann svara\u00f0i: h\u00e9r em eg:<a name=\"5\"><span class=\"versanumer\">5<\/span><\/a>Hann sag\u00f0i: gakk ekki hinga\u00f0! drag sk\u00f3 \u00fe\u00edna af f\u00f3tum \u00fe\u00e9r, \u00fev\u00ed s\u00e1 sta\u00f0ur, er \u00fe\u00fa stendur \u00e1, er heil\u00f6g j\u00f6r\u00f0.<a name=\"6\"><span class=\"versanumer\">6<\/span><\/a>Hann sag\u00f0i enn fremur: eg em Gu\u00f0 f\u00f6\u00f0ur \u00fe\u00edns, Gu\u00f0 Abrahams, Gu\u00f0 \u00cdsaaks, og Gu\u00f0 Jakobs. \u00de\u00e1 byrg\u00f0i M\u00f3ses sitt andlit, \u00fev\u00ed hann \u00feor\u00f0i ekki a\u00f0 l\u00edta upp \u00e1 Gu\u00f0.<a name=\"7\"><span class=\"versanumer\">7<\/span><\/a>Drottinn sag\u00f0i: eg hefi sannlega s\u00e9\u00f0 eymd m\u00edns f\u00f3lks \u00ed Egyptalandi, og heyrt, hversu \u00fea\u00f0 kveinar undan \u00feeim, sem \u00fer\u00e6lka \u00fea\u00f0; eg veit, hva\u00f0 b\u00e1gt \u00fea\u00f0 \u00e1.<a name=\"8\"><span class=\"versanumer\">8<\/span><\/a>Eg em ofan farinn til a\u00f0 frelsa \u00fea\u00f0 af hendi Egyptalandsmanna, og til a\u00f0 lei\u00f0a \u00fea\u00f0 \u00fat af \u00fev\u00ed landi og til \u00feess lands, sem er gott og v\u00ed\u00f0lent, til \u00feess lands, sem fl\u00fdtur af mj\u00f3lk og hunangi, \u00ed st\u00f6\u00f0var \u00feeirra Kanan\u00edta, Het\u00edta, Amor\u00edta, Feres\u00edta, Hev\u00edta og Jebus\u00edta.<a name=\"9\"><span class=\"versanumer\">9<\/span><\/a>N\u00fa me\u00f0 \u00fev\u00ed a\u00f0 kall \u00cdsraelsmanna er komi\u00f0 til m\u00edn, og eg \u00fear me\u00f0 hefi s\u00e9\u00f0 \u00fe\u00e1 k\u00fagun, me\u00f0 hv\u00f6rri Egyptar \u00fer\u00f6ngva \u00feeim:<a name=\"10\"><span class=\"versanumer\">10<\/span><\/a>\u00fe\u00e1 far \u00fe\u00fa n\u00fa, eg vil senda \u00feig til fara\u00f3s, og \u00fe\u00fa skalt lei\u00f0a mitt f\u00f3lk, \u00cdsraelsmenn, \u00fat af Egyptalandi.<a name=\"11\"><span class=\"versanumer\">11<\/span><\/a>M\u00f3ses sag\u00f0i til Gu\u00f0s: hv\u00f6r em eg, a\u00f0 eg fari til fundar vi\u00f0 fara\u00f3, og lei\u00f0i \u00cdsraelsmenn \u00fat af Egyptalandi?<a name=\"12\"><span class=\"versanumer\">12<\/span><\/a>Hann sag\u00f0i: eg vil vera me\u00f0 \u00fe\u00e9r; og \u00fea\u00f0 skaltu til marks hafa, a\u00f0 eg hefi sent \u00feig, a\u00f0 \u00fe\u00e1 \u00fe\u00fa hefir leitt f\u00f3lki\u00f0 \u00fat af Egyptalandi, skulu\u00f0 \u00fe\u00e9r \u00fej\u00f3na Gu\u00f0i \u00e1 \u00feessu fjalli.<a name=\"13\"><span class=\"versanumer\">13<\/span><\/a>M\u00f3ses sag\u00f0i til Gu\u00f0s: en \u00feegar eg kem til \u00cdsraelsmanna, og segi \u00feeim: Gu\u00f0 fe\u00f0ra y\u00f0varra sendi mig til y\u00f0ar, og \u00feeir segja til m\u00edn: hv\u00f6rt er nafn hans? hverju skal eg \u00fe\u00e1 svara?<a name=\"14\"><span class=\"versanumer\">14<\/span><\/a>Gu\u00f0 sag\u00f0i til M\u00f3sis: eg ver\u00f0 s\u00e1 sem eg er; og hann sag\u00f0i: svo skaltu segja \u00cdsraelsm\u00f6nnum: \u201es\u00e1 sem ver\u00f0ur <span class='VideyAth'>(\u00fea\u00f0 sem hann er)<\/span>\u201c, hann sendi mig til y\u00f0ar.<a name=\"15\"><span class=\"versanumer\">15<\/span><\/a>Gu\u00f0 sag\u00f0i enn fremur til M\u00f3ses: svo skaltu segja \u00cdsraelsm\u00f6nnum: Drottinn, Gu\u00f0 fe\u00f0ra y\u00f0varra, Gu\u00f0 Abrahams, Gu\u00f0 \u00cdsaaks, og Gu\u00f0 Jakobs, sendi mig til y\u00f0ar; \u00feetta er mitt nafn \u00e6vinlega, og me\u00f0 \u00fev\u00ed skal nefna mig um aldur og \u00e6vi.<a name=\"16\"><span class=\"versanumer\">16<\/span><\/a>Far n\u00fa, og safna saman h\u00f6f\u00f0ingjum \u00cdsraels f\u00f3lks, og m\u00e6l vi\u00f0 \u00fe\u00e1: Drottinn, Gu\u00f0 fe\u00f0ra y\u00f0varra, Gu\u00f0 Abrahams, \u00cdsaaks og Jakobs, birtist m\u00e9r og sag\u00f0i: eg hefi vitja\u00f0 y\u00f0ar, og s\u00e9\u00f0 me\u00f0fer\u00f0ina \u00e1 y\u00f0ur \u00ed Egyptalandi;<a name=\"17\"><span class=\"versanumer\">17<\/span><\/a>og eg hefi sagt: eg vil lei\u00f0a y\u00f0ur \u00far Egyptalands \u00e1nau\u00f0 inn \u00ed land \u00feeirra Kanan\u00edta, Het\u00edta, Amor\u00edta, Feres\u00edta, Hev\u00edta og Jeb\u00fas\u00edta, \u00ed \u00fea\u00f0 landi\u00f0, sem fl\u00fdtur af mj\u00f3lk og hunangi.<a name=\"18\"><span class=\"versanumer\">18<\/span><\/a>\u00deeir munu skipast vi\u00f0 or\u00f0 \u00fe\u00edn, og skaltu \u00fe\u00e1 ganga me\u00f0 h\u00f6f\u00f0ingjum \u00cdsraelsmanna fyrir Egyptalandskonung, og segja til hans: Drottinn, Gu\u00f0 ebreskra manna, hefir birst oss; \u00fear fyrir leyf oss n\u00fa a\u00f0 fara \u00ferj\u00e1r daglei\u00f0ir \u00e1 ey\u00f0im\u00f6rk, a\u00f0 v\u00e9r f\u00e6rum f\u00f3rnir Drottni, Gu\u00f0i vorum.<a name=\"19\"><span class=\"versanumer\">19<\/span><\/a>Veit eg \u00fe\u00f3, a\u00f0 Egyptalandskonungur mun eigi leyfa y\u00f0ur burtf\u00f6rina, og jafnvel ekki \u00fe\u00f3 har\u00f0ar s\u00e9 \u00e1 honum teki\u00f0.<a name=\"20\"><span class=\"versanumer\">20<\/span><\/a>En eg vil \u00fatr\u00e9tta m\u00edna h\u00f6nd, og lj\u00f3sta Egyptalandsmenn me\u00f0 alls konar undrum, sem eg mun \u00fear fremja me\u00f0al \u00feeirra, og \u00fe\u00e1 skal hann sleppa y\u00f0ur.<a name=\"21\"><span class=\"versanumer\">21<\/span><\/a>Eg skal l\u00e1ta \u00feetta f\u00f3lk hafa \u00fea\u00f0 l\u00e1n hj\u00e1 egypskum, a\u00f0 \u00fe\u00e1 \u00fe\u00e9r fari\u00f0 \u00ed burt, skulu\u00f0 \u00fe\u00e9r eigi t\u00f3mhentir fara;<a name=\"22\"><span class=\"versanumer\">22<\/span><\/a>\u00fev\u00ed hv\u00f6r kona skal f\u00e1 a\u00f0 l\u00e1ni hj\u00e1 grannkonu sinni og samb\u00fdliskonu silfurker, gullker og kl\u00e6\u00f0i, og \u00fea\u00f0 sama skulu\u00f0 \u00fe\u00e9r l\u00e1ta sonu y\u00f0ra og d\u00e6tur \u00ed burt bera og skulu\u00f0 \u00fe\u00e9r taka \u00fea\u00f0 fr\u00e1 egypskum.<\/p>\n<div class=\"footnoteVidey\"><\/div>\n","protected":false},"excerpt":{"rendered":"<p>M\u00f3ses er kalla\u00f0ur af Gu\u00f0i til a\u00f0 lei\u00f0a \u00cdsraels f\u00f3lk \u00fat af Egyptalandi. 1M\u00f3ses var fj\u00e1rhir\u00f0ir hj\u00e1 Jetr\u00f3, tengdaf\u00f6\u00f0ur s\u00ednum, kennimanni \u00ed Mid\u00edanslandi, og h\u00e9lt f\u00e9nu vestur \u00ed ey\u00f0im\u00f6rkina, og kom til Gu\u00f0s fjalls, H\u00f3rebs.2\u00dear birtist honum engill Drottins \u00ed eldsloga, sem lag\u00f0i \u00fat af \u00feyrnirunni nokkurum; og s\u00e1 hann, a\u00f0 runnurinn loga\u00f0i, en brann ekki.3\u00de\u00e1 sag\u00f0i M\u00f3ses: eg vil ganga n\u00e6r, og sj\u00e1 \u00feessa hina miklu s\u00fdn, hva\u00f0 til \u00feess komi, a\u00f0 runnurinn brennur ekki.4En sem Drottinn s\u00e1, a\u00f0 hann veik \u00feanga\u00f0 til a\u00f0 sko\u00f0a \u00feetta, \u00fe\u00e1 kalla\u00f0i Gu\u00f0 til hans \u00far runninum, og sag\u00f0i: M\u00f3ses! M\u00f3ses! Hann svara\u00f0i: <a href=\"https:\/\/biblian.is\/videy\/onnur-mosebok-3-kafli\/\"> [&#8230;]<\/a><\/p>\n","protected":false},"author":1,"featured_media":0,"parent":0,"menu_order":0,"comment_status":"open","ping_status":"open","template":"bibliukaflar.php","meta":{"footnotes":""},"class_list":["post-20902","page","type-page","status-publish","hentry"],"_links":{"self":[{"href":"https:\/\/biblian.is\/videy\/wp-json\/wp\/v2\/pages\/20902","targetHints":{"allow":["GET"]}}],"collection":[{"href":"https:\/\/biblian.is\/videy\/wp-json\/wp\/v2\/pages"}],"about":[{"href":"https:\/\/biblian.is\/videy\/wp-json\/wp\/v2\/types\/page"}],"author":[{"embeddable":true,"href":"https:\/\/biblian.is\/videy\/wp-json\/wp\/v2\/users\/1"}],"replies":[{"embeddable":true,"href":"https:\/\/biblian.is\/videy\/wp-json\/wp\/v2\/comments?post=20902"}],"version-history":[{"count":0,"href":"https:\/\/biblian.is\/videy\/wp-json\/wp\/v2\/pages\/20902\/revisions"}],"wp:attachment":[{"href":"https:\/\/biblian.is\/videy\/wp-json\/wp\/v2\/media?parent=20902"}],"curies":[{"name":"wp","href":"https:\/\/api.w.org\/{rel}","templated":true}]}}