{"id":20901,"date":"2018-01-02T00:59:25","date_gmt":"2018-01-02T00:59:25","guid":{"rendered":"http:\/\/biblian.is\/videy\/onnur-mosebok-2-kafli\/"},"modified":"2018-01-02T00:59:25","modified_gmt":"2018-01-02T00:59:25","slug":"onnur-mosebok-2-kafli","status":"publish","type":"page","link":"https:\/\/biblian.is\/videy\/onnur-mosebok-2-kafli\/","title":{"rendered":"\u00d6nnur M\u00f3seb\u00f3k 2. kafli"},"content":{"rendered":"<div class=\"fyrirsognVidey\">Um f\u00e6\u00f0ing M\u00f3ses, uppf\u00f3stur, fl\u00f3tta og kvonfang.<\/div>\n<p><a name=\"1\"><span class=\"versanumer\">1<\/span><\/a>Ma\u00f0ur nokkur af Lev\u00ed\u00e6tt gekk a\u00f0 eiga eina af d\u00e6trum Lev\u00ed.<a name=\"2\"><span class=\"versanumer\">2<\/span><\/a>\u00deessi kona var\u00f0 barnshafandi, og f\u00e6ddi son; og er h\u00fan s\u00e1, a\u00f0 sveinninn var fagur, \u00fe\u00e1 leyndi h\u00fan honum \u00ed 3 m\u00e1nu\u00f0i.<a name=\"3\"><span class=\"versanumer\">3<\/span><\/a>En er h\u00fan m\u00e1tti ei leyna honum lengur, bj\u00f3 h\u00fan honum til \u00f6rk af reyr, br\u00e6ddi hana me\u00f0 jar\u00f0l\u00edmi og biki, lag\u00f0i sveininn \u00fear \u00ed, og l\u00e9t \u00f6rkina \u00fat \u00ed sefi\u00f0 hj\u00e1 \u00e1rbakkanum;<a name=\"4\"><span class=\"versanumer\">4<\/span><\/a>en systir sveinsins st\u00f3\u00f0 \u00fear langt fr\u00e1, til a\u00f0 vita hva\u00f0 um hann yr\u00f0i.<a name=\"5\"><span class=\"versanumer\">5<\/span><\/a>D\u00f3ttir fara\u00f3s gekk ofan a\u00f0 \u00e1nni til a\u00f0 lauga sig, og gengu \u00fej\u00f3nustumeyjar hennar eftir \u00e1rbakkanum; h\u00fan leit \u00f6rkina \u00ed sefinu, og sendi eina af \u00feernum s\u00ednum eftir henni.<a name=\"6\"><span class=\"versanumer\">6<\/span><\/a>En er h\u00fan lauk upp \u00f6rkinni, s\u00e1 h\u00fan barni\u00f0; og sj\u00e1! \u00fea\u00f0 var sveinbarn, og var a\u00f0 gr\u00e1ta! H\u00fan kenndi \u00ed brj\u00f3sti um hann, og sag\u00f0i: \u00feetta er eitt af sveinb\u00f6rnum ebreskra.<a name=\"7\"><span class=\"versanumer\">7<\/span><\/a>\u00de\u00e1 sag\u00f0i systir hans vi\u00f0 d\u00f3ttur fara\u00f3s: \u00e1 eg a\u00f0 fara og s\u00e6kja fyrir \u00feig einhverja f\u00f3stru af \u00feeim ebresku konum, a\u00f0 h\u00fan hafi sveininn \u00e1 brj\u00f3sti fyrir \u00feig?<a name=\"8\"><span class=\"versanumer\">8<\/span><\/a>D\u00f3ttir fara\u00f3s svara\u00f0i henni: far \u00fe\u00fa; en st\u00falkan f\u00f3r, og s\u00f3tti m\u00f3\u00f0ur sveinsins.<a name=\"9\"><span class=\"versanumer\">9<\/span><\/a>D\u00f3ttir fara\u00f3s sag\u00f0i til hennar: tak \u00feenna svein me\u00f0 \u00fe\u00e9r, og haf hann \u00e1 brj\u00f3sti fyrir mig, og skal eg launa \u00fe\u00e9r fyrir; t\u00f3k konan \u00fe\u00e1 sveininn, og haf\u00f0i hann \u00e1 brj\u00f3sti.<a name=\"10\"><span class=\"versanumer\">10<\/span><\/a>En er sveinninn var vaxinn, f\u00f3r h\u00fan me\u00f0 hann til d\u00f3ttur fara\u00f3s; t\u00f3k h\u00fan hann \u00ed sonarsta\u00f0, og kalla\u00f0i hann M\u00f3ses, \u00fev\u00ed h\u00fan sag\u00f0i: eg hefi teki\u00f0 hann upp \u00far vatninu.<br \/><a name=\"11\"><span class=\"versanumer\">11<\/span><\/a>\u00de\u00e1 er M\u00f3ses var or\u00f0inn fullt\u00ed\u00f0a ma\u00f0ur, f\u00f3r hann eitt sinn \u00e1 fund \u00e6ttbr\u00e6\u00f0ra sinna, og s\u00e1 \u00e1 \u00fer\u00e6ld\u00f3m \u00feeirra; hann s\u00e1, hvar egypskur ma\u00f0ur laust ebreskan mann, einn af kynsm\u00f6nnum hans.<a name=\"12\"><span class=\"versanumer\">12<\/span><\/a>Hann lita\u00f0ist \u00fe\u00e1 um, og er hann s\u00e1 \u00f6ngvan mann, v\u00f3 hann hinn egypska, og huldi hann \u00ed sandi.<a name=\"13\"><span class=\"versanumer\">13<\/span><\/a>Daginn eftir gekk hann \u00fat, og s\u00e1 tvo ebreska menn ryskjast, \u00fe\u00e1 m\u00e6lti hann vi\u00f0 \u00feann, sem \u00e1 r\u00f6ngu m\u00e1li \u00e1tti a\u00f0 standa: hv\u00ed sl\u00e6r \u00fe\u00fa n\u00e1unga \u00feinn?<a name=\"14\"><span class=\"versanumer\">14<\/span><\/a>Hinn svara\u00f0i: hv\u00f6r hefir gj\u00f6rt \u00feig a\u00f0 yfirmanni og d\u00f3mara yfir okkur? er \u00fe\u00e9r \u00ed hug a\u00f0 drepa mig, eins og \u00feann egypska, sem \u00fe\u00fa drapst? \u00de\u00e1 var\u00f0 M\u00f3ses hr\u00e6ddur, og hugsa\u00f0i me\u00f0 s\u00e9r: \u00fea\u00f0 er \u00fe\u00e1 or\u00f0i\u00f0 uppv\u00edst!<a name=\"15\"><span class=\"versanumer\">15<\/span><\/a>En sem fara\u00f3 fr\u00e9tti \u00feenna atbur\u00f0, leita\u00f0i hann eftir a\u00f0 drepa M\u00f3ses; en M\u00f3ses fl\u00fd\u00f0i fyrir fara\u00f3, og t\u00f3k s\u00e9r b\u00fasta\u00f0 \u00ed Mid\u00edanslandi, og bj\u00f3 \u00fear hj\u00e1 vatnsb\u00f3linu.<a name=\"16\"><span class=\"versanumer\">16<\/span><\/a>Kennima\u00f0urinn \u00ed Mid\u00edanslandi \u00e1tti sj\u00f6 d\u00e6tur; \u00fe\u00e6r komu \u00feanga\u00f0, jusu vatn, og fylltu \u00fer\u00f3rnar til a\u00f0 brynna f\u00e9na\u00f0i f\u00f6\u00f0ur s\u00edns.<a name=\"17\"><span class=\"versanumer\">17<\/span><\/a>\u00de\u00e1 komu a\u00f0 hjar\u00f0menn, og b\u00e6g\u00f0u \u00feeim fr\u00e1; en M\u00f3ses reis upp, og hj\u00e1lpa\u00f0i \u00feeim, og brynnti f\u00e9na\u00f0i \u00feeirra.<a name=\"18\"><span class=\"versanumer\">18<\/span><\/a>\u00de\u00e1 \u00fe\u00e6r komu heim til Reguels, f\u00f6\u00f0ur s\u00edns, m\u00e6lti hann: hv\u00ed komi\u00f0 \u00fe\u00e9r svo skj\u00f3tt heim \u00ed dag?<a name=\"19\"><span class=\"versanumer\">19<\/span><\/a>\u00de\u00e6r sv\u00f6ru\u00f0u: egypskur ma\u00f0ur hj\u00e1lpa\u00f0i oss fr\u00e1 hjar\u00f0m\u00f6nnunum, j\u00f3s l\u00edka vatni\u00f0 upp fyrir oss, og vatna\u00f0i f\u00e9nu.<a name=\"20\"><span class=\"versanumer\">20<\/span><\/a>Hann sag\u00f0i \u00fe\u00e1 til d\u00e6tra sinna: hvar er hann \u00fe\u00e1? hvers vegna l\u00e1ti\u00f0 \u00fe\u00e9r \u00feenna mann standa \u00fati? kalli\u00f0 \u00e1 hann, a\u00f0 hann eti me\u00f0 oss!<a name=\"21\"><span class=\"versanumer\">21<\/span><\/a>M\u00f3ses l\u00e9t s\u00e9r vel l\u00edka a\u00f0 vera hj\u00e1 \u00feessum manni, og hann gifti M\u00f3si Sipp\u00f3ru <span class='VideyAth'>(sonar)<\/span>d\u00f3ttur s\u00edna.<a name=\"22\"><span class=\"versanumer\">22<\/span><\/a>H\u00fan \u00f3l son, \u00feann l\u00e9t h\u00fan heita Gersom; \u00fev\u00ed hann sag\u00f0i: eg hefi veri\u00f0 gestur \u00ed \u00f3kunnu landi. <br \/><a name=\"23\"><span class=\"versanumer\">23<\/span><\/a>L\u00f6ngum t\u00edma \u00fear eftir d\u00f3 Egyptalandskonungur. En \u00cdsraels menn andv\u00f6rpu\u00f0u undir \u00e1nau\u00f0inni, og kveinu\u00f0u, og \u00feeirra \u00e1nau\u00f0arkvein st\u00e9 upp til Gu\u00f0s;<a name=\"24\"><span class=\"versanumer\">24<\/span><\/a>og Gu\u00f0 heyr\u00f0i \u00feeirra andvarpanir, og minntist s\u00edns s\u00e1ttm\u00e1la vi\u00f0 Abraham, \u00cdsaak og Jakob;<a name=\"25\"><span class=\"versanumer\">25<\/span><\/a>Gu\u00f0 leit til \u00cdsraelsmanna, og vissi hverninn \u00feeim lei\u00f0.<\/p>\n<div class=\"footnoteVidey\"><\/div>\n","protected":false},"excerpt":{"rendered":"<p>Um f\u00e6\u00f0ing M\u00f3ses, uppf\u00f3stur, fl\u00f3tta og kvonfang. 1Ma\u00f0ur nokkur af Lev\u00ed\u00e6tt gekk a\u00f0 eiga eina af d\u00e6trum Lev\u00ed.2\u00deessi kona var\u00f0 barnshafandi, og f\u00e6ddi son; og er h\u00fan s\u00e1, a\u00f0 sveinninn var fagur, \u00fe\u00e1 leyndi h\u00fan honum \u00ed 3 m\u00e1nu\u00f0i.3En er h\u00fan m\u00e1tti ei leyna honum lengur, bj\u00f3 h\u00fan honum til \u00f6rk af reyr, br\u00e6ddi hana me\u00f0 jar\u00f0l\u00edmi og biki, lag\u00f0i sveininn \u00fear \u00ed, og l\u00e9t \u00f6rkina \u00fat \u00ed sefi\u00f0 hj\u00e1 \u00e1rbakkanum;4en systir sveinsins st\u00f3\u00f0 \u00fear langt fr\u00e1, til a\u00f0 vita hva\u00f0 um hann yr\u00f0i.5D\u00f3ttir fara\u00f3s gekk ofan a\u00f0 \u00e1nni til a\u00f0 lauga sig, og gengu \u00fej\u00f3nustumeyjar hennar eftir \u00e1rbakkanum; h\u00fan <a href=\"https:\/\/biblian.is\/videy\/onnur-mosebok-2-kafli\/\"> [&#8230;]<\/a><\/p>\n","protected":false},"author":1,"featured_media":0,"parent":0,"menu_order":0,"comment_status":"open","ping_status":"open","template":"bibliukaflar.php","meta":{"footnotes":""},"class_list":["post-20901","page","type-page","status-publish","hentry"],"_links":{"self":[{"href":"https:\/\/biblian.is\/videy\/wp-json\/wp\/v2\/pages\/20901","targetHints":{"allow":["GET"]}}],"collection":[{"href":"https:\/\/biblian.is\/videy\/wp-json\/wp\/v2\/pages"}],"about":[{"href":"https:\/\/biblian.is\/videy\/wp-json\/wp\/v2\/types\/page"}],"author":[{"embeddable":true,"href":"https:\/\/biblian.is\/videy\/wp-json\/wp\/v2\/users\/1"}],"replies":[{"embeddable":true,"href":"https:\/\/biblian.is\/videy\/wp-json\/wp\/v2\/comments?post=20901"}],"version-history":[{"count":0,"href":"https:\/\/biblian.is\/videy\/wp-json\/wp\/v2\/pages\/20901\/revisions"}],"wp:attachment":[{"href":"https:\/\/biblian.is\/videy\/wp-json\/wp\/v2\/media?parent=20901"}],"curies":[{"name":"wp","href":"https:\/\/api.w.org\/{rel}","templated":true}]}}