{"id":20900,"date":"2018-01-02T00:59:25","date_gmt":"2018-01-02T00:59:25","guid":{"rendered":"http:\/\/biblian.is\/videy\/onnur-mosebok-1-kafli\/"},"modified":"2018-01-02T00:59:25","modified_gmt":"2018-01-02T00:59:25","slug":"onnur-mosebok-1-kafli","status":"publish","type":"page","link":"https:\/\/biblian.is\/videy\/onnur-mosebok-1-kafli\/","title":{"rendered":"\u00d6nnur M\u00f3seb\u00f3k 1. kafli"},"content":{"rendered":"<div class=\"fyrirsognVidey\">Um \u00e1nau\u00f0 \u00cdsraelsf\u00f3lks \u00ed Egyptalandi.<\/div>\n<p><a name=\"1\"><span class=\"versanumer\">1<\/span><\/a>\u00deessi eru n\u00f6fn \u00cdsraelssona, sem komu me\u00f0 Jakob til Egyptalands, hver me\u00f0 sitt heimilisf\u00f3lk:<a name=\"2\"><span class=\"versanumer\">2<\/span><\/a>R\u00faben, S\u00edmon, Lev\u00ed, J\u00fada,<a name=\"3\"><span class=\"versanumer\">3<\/span><\/a>\u00cdssaskar, Seb\u00falon, Benjam\u00edn,<a name=\"4\"><span class=\"versanumer\">4<\/span><\/a>Dan, Naftal\u00ed, Ga\u00f0 og Aser;<a name=\"5\"><span class=\"versanumer\">5<\/span><\/a>en alls voru ni\u00f0jar Jakobs sj\u00f6tygi manns me\u00f0 J\u00f3sep, sem var \u00ed Egyptalandi.<a name=\"6\"><span class=\"versanumer\">6<\/span><\/a>En er J\u00f3sep var d\u00e1inn, og allir br\u00e6\u00f0ur hans, og allir samt\u00ed\u00f0a menn \u00feeirra,<a name=\"7\"><span class=\"versanumer\">7<\/span><\/a>\u00fe\u00e1 \u00e6xlu\u00f0ust \u00cdsraels ni\u00f0jar og margf\u00f6ldu\u00f0ust, jukust og fj\u00f6lgu\u00f0u svo mj\u00f6g, a\u00f0 landi\u00f0 var\u00f0 fullt af \u00feeim.<br \/><a name=\"8\"><span class=\"versanumer\">8<\/span><\/a>\u00de\u00e1 h\u00f3fst til r\u00edkis \u00ed Egyptalandi n\u00fdr konungur, sem engin deili vissi \u00e1 J\u00f3sep.<a name=\"9\"><span class=\"versanumer\">9<\/span><\/a>Hann sag\u00f0i til s\u00edns f\u00f3lks: sj\u00e1i\u00f0! \u00fej\u00f3\u00f0 \u00cdsraelsmanna hefir aukist og fj\u00f6lga\u00f0 en meir en v\u00e9r;<a name=\"10\"><span class=\"versanumer\">10<\/span><\/a>l\u00e1tum oss fara k\u00e6nlega a\u00f0 vi\u00f0 \u00fe\u00e1, svo \u00feeir eigi fj\u00f6lgi; \u00fev\u00ed vera m\u00e1, ef \u00f3fri\u00f0ur a\u00f0 kemur, a\u00f0 \u00feessi l\u00fd\u00f0ur gangi \u00ed li\u00f0 me\u00f0 \u00f3vinum vorum, berjist \u00ed m\u00f3ti oss, og fari svo af landi burt.<a name=\"11\"><span class=\"versanumer\">11<\/span><\/a>N\u00fa voru settir yfir \u00fe\u00e1 verkstj\u00f3rar, sem skyldu \u00fej\u00e1 \u00fe\u00e1 me\u00f0 \u00fer\u00e6lavinnu; \u00fev\u00ed \u00fe\u00e1 var veri\u00f0 a\u00f0 byggja fyrir fara\u00f3 vistaborgirnar P\u00edtom og Raamses;<a name=\"12\"><span class=\"versanumer\">12<\/span><\/a>en \u00fev\u00ed meir sem \u00feeir voru \u00fej\u00e1\u00f0ir, \u00feess meir fj\u00f6lgu\u00f0u \u00feeir og \u00fatbreiddust, svo menn t\u00f3ku til a\u00f0 \u00f3ttast \u00cdsraelsmenn.<a name=\"13\"><span class=\"versanumer\">13<\/span><\/a>Egyptalandsmenn \u00fej\u00e1\u00f0u \u00cdsraelsl\u00fd\u00f0 v\u00e6g\u00f0arlaust,<a name=\"14\"><span class=\"versanumer\">14<\/span><\/a>og gj\u00f6r\u00f0u \u00feeim l\u00edfi\u00f0 leitt me\u00f0 \u00feungum \u00fer\u00e6ld\u00f3mi, me\u00f0 leireltu, tigulsteinagj\u00f6r\u00f0 og alls konar akurvinnu, og \u00f6\u00f0ru erfi\u00f0i, er \u00feeir l\u00f6g\u00f0u v\u00e6g\u00f0arlaust \u00e1 \u00fe\u00e1.<a name=\"15\"><span class=\"versanumer\">15<\/span><\/a>\u00de\u00e1 m\u00e6lti Egyptalandskonungur til \u00feeirra ebresku lj\u00f3sm\u00e6\u00f0ra, h\u00e9t \u00f6nnur Sifra, en hin P\u00faa;<a name=\"16\"><span class=\"versanumer\">16<\/span><\/a>hann sag\u00f0i: \u00feegar \u00fe\u00e9r sitji\u00f0 yfir \u00feeim ebresku konum, og \u00fe\u00e9r sj\u00e1i\u00f0, \u00fe\u00e1 barni\u00f0 liggur \u00ed laugartroginu, a\u00f0 \u00fea\u00f0 er sveinn, \u00fe\u00e1 l\u00edfl\u00e1ti\u00f0 hann, en s\u00e9 \u00fea\u00f0 meybarn, \u00fe\u00e1 m\u00e1 \u00fea\u00f0 lifa.<a name=\"17\"><span class=\"versanumer\">17<\/span><\/a>En lj\u00f3sm\u00e6\u00f0urnar \u00f3ttu\u00f0ust Gu\u00f0, og gj\u00f6r\u00f0u eigi \u00fea\u00f0 sem Egyptalandskonungur bau\u00f0 \u00feeim, heldur l\u00e9tu sveinb\u00f6rnin lifa.<a name=\"18\"><span class=\"versanumer\">18<\/span><\/a>\u00de\u00e1 kalla\u00f0i Egyptalandskonungur lj\u00f3sm\u00e6\u00f0urnar fyrir sig, og sag\u00f0i til \u00feeirra: hv\u00ed hafi\u00f0 \u00fe\u00e9r svo gj\u00f6rt, a\u00f0 l\u00e1ta sveinb\u00f6rnin lifa?<a name=\"19\"><span class=\"versanumer\">19<\/span><\/a>Lj\u00f3sm\u00e6\u00f0urnar sv\u00f6ru\u00f0u fara\u00f3: \u00fe\u00e6r ebresku konur eru \u00f3l\u00edkar enum egypsku; \u00fe\u00e6r eru hraustar, og \u00e1\u00f0ur en lj\u00f3sm\u00f3\u00f0irin kemur til \u00feeirra, eru \u00fe\u00e6r b\u00fanar a\u00f0 f\u00e6\u00f0a.<a name=\"20\"><span class=\"versanumer\">20<\/span><\/a>\u00dear fyrir gj\u00f6r\u00f0i Gu\u00f0 lj\u00f3sm\u00e6\u00f0runum gott, og f\u00f3lki\u00f0 fj\u00f6lga\u00f0i og var\u00f0 mj\u00f6g margt,<a name=\"21\"><span class=\"versanumer\">21<\/span><\/a>og fyrir \u00fe\u00e1 s\u00f6k a\u00f0 lj\u00f3sm\u00e6\u00f0urnar \u00f3ttu\u00f0ust Gu\u00f0, \u00fe\u00e1 l\u00e9t hann \u00e6ttir Gy\u00f0inga aukast.<a name=\"22\"><span class=\"versanumer\">22<\/span><\/a>\u00de\u00e1 bau\u00f0 fara\u00f3 \u00f6llu s\u00ednu f\u00f3lki og sag\u00f0i: kasti\u00f0 \u00ed \u00e1na \u00f6llum \u00feeim sveinb\u00f6rnum, sem f\u00e6\u00f0ast; en \u00f6ll meyb\u00f6rn mega l\u00edfi halda.<\/p>\n<div class=\"footnoteVidey\"><\/div>\n","protected":false},"excerpt":{"rendered":"<p>Um \u00e1nau\u00f0 \u00cdsraelsf\u00f3lks \u00ed Egyptalandi. 1\u00deessi eru n\u00f6fn \u00cdsraelssona, sem komu me\u00f0 Jakob til Egyptalands, hver me\u00f0 sitt heimilisf\u00f3lk:2R\u00faben, S\u00edmon, Lev\u00ed, J\u00fada,3\u00cdssaskar, Seb\u00falon, Benjam\u00edn,4Dan, Naftal\u00ed, Ga\u00f0 og Aser;5en alls voru ni\u00f0jar Jakobs sj\u00f6tygi manns me\u00f0 J\u00f3sep, sem var \u00ed Egyptalandi.6En er J\u00f3sep var d\u00e1inn, og allir br\u00e6\u00f0ur hans, og allir samt\u00ed\u00f0a menn \u00feeirra,7\u00fe\u00e1 \u00e6xlu\u00f0ust \u00cdsraels ni\u00f0jar og margf\u00f6ldu\u00f0ust, jukust og fj\u00f6lgu\u00f0u svo mj\u00f6g, a\u00f0 landi\u00f0 var\u00f0 fullt af \u00feeim.8\u00de\u00e1 h\u00f3fst til r\u00edkis \u00ed Egyptalandi n\u00fdr konungur, sem engin deili vissi \u00e1 J\u00f3sep.9Hann sag\u00f0i til s\u00edns f\u00f3lks: sj\u00e1i\u00f0! \u00fej\u00f3\u00f0 \u00cdsraelsmanna hefir aukist og fj\u00f6lga\u00f0 en meir en v\u00e9r;10l\u00e1tum oss fara k\u00e6nlega <a href=\"https:\/\/biblian.is\/videy\/onnur-mosebok-1-kafli\/\"> [&#8230;]<\/a><\/p>\n","protected":false},"author":1,"featured_media":0,"parent":0,"menu_order":0,"comment_status":"open","ping_status":"open","template":"bibliukaflar.php","meta":{"footnotes":""},"class_list":["post-20900","page","type-page","status-publish","hentry"],"_links":{"self":[{"href":"https:\/\/biblian.is\/videy\/wp-json\/wp\/v2\/pages\/20900","targetHints":{"allow":["GET"]}}],"collection":[{"href":"https:\/\/biblian.is\/videy\/wp-json\/wp\/v2\/pages"}],"about":[{"href":"https:\/\/biblian.is\/videy\/wp-json\/wp\/v2\/types\/page"}],"author":[{"embeddable":true,"href":"https:\/\/biblian.is\/videy\/wp-json\/wp\/v2\/users\/1"}],"replies":[{"embeddable":true,"href":"https:\/\/biblian.is\/videy\/wp-json\/wp\/v2\/comments?post=20900"}],"version-history":[{"count":0,"href":"https:\/\/biblian.is\/videy\/wp-json\/wp\/v2\/pages\/20900\/revisions"}],"wp:attachment":[{"href":"https:\/\/biblian.is\/videy\/wp-json\/wp\/v2\/media?parent=20900"}],"curies":[{"name":"wp","href":"https:\/\/api.w.org\/{rel}","templated":true}]}}