{"id":20899,"date":"2018-01-02T00:59:25","date_gmt":"2018-01-02T00:59:25","guid":{"rendered":"http:\/\/biblian.is\/videy\/fyrsta-mosebok-50-kafli\/"},"modified":"2018-01-02T00:59:25","modified_gmt":"2018-01-02T00:59:25","slug":"fyrsta-mosebok-50-kafli","status":"publish","type":"page","link":"https:\/\/biblian.is\/videy\/fyrsta-mosebok-50-kafli\/","title":{"rendered":"Fyrsta M\u00f3seb\u00f3k 50. kafli"},"content":{"rendered":"<div class=\"fyrirsognVidey\">1.) Jakobs \u00fatf\u00f6r. 2.) J\u00f3seps andl\u00e1t.<\/div>\n<p><a name=\"1\"><span class=\"versanumer\">1<\/span><\/a><span style='font-weight:bold;padding-left:10px'>1.)<\/span> J\u00f3sep lag\u00f0ist \u00fe\u00e1 ofan a\u00f0 andliti f\u00f6\u00f0ur s\u00edns og gr\u00e9t yfir honum og kyssti hann.<a name=\"2\"><span class=\"versanumer\">2<\/span><\/a>Og J\u00f3sep bau\u00f0 s\u00ednum \u00fej\u00f3num l\u00e6knurunum, a\u00f0 smyrja f\u00f6\u00f0ur sinn. Og l\u00e6knararnir smur\u00f0u \u00cdsrael.<a name=\"3\"><span class=\"versanumer\">3<\/span><\/a>Og n\u00fa li\u00f0u 40 dagar, \u00fev\u00ed \u00e1 smurningunni stendur \u00ed 40 daga. Og egypskir syrg\u00f0u hann \u00ed 70 daga.<a name=\"4\"><span class=\"versanumer\">4<\/span><\/a>Og sem sorgardagarnir voru li\u00f0nir, kom J\u00f3sep a\u00f0 m\u00e1li vi\u00f0 hir\u00f0menn fara\u00f3s og m\u00e6lti: hafi eg fundi\u00f0 n\u00e1\u00f0 fyrir y\u00f0ar augum, \u00fe\u00e1 beri\u00f0 fara\u00f3 \u00feessi m\u00edn or\u00f0:<a name=\"5\"><span class=\"versanumer\">5<\/span><\/a>fa\u00f0ir minn t\u00f3k af m\u00e9r ei\u00f0 og sag\u00f0i: sj\u00e1! eg dey, \u00fe\u00fa skalt jar\u00f0a mig \u00ed minni gr\u00f6f sem eg keypti m\u00e9r \u00ed Kanaanslandi, \u00fear skaltu grafa mig; lofa \u00fe\u00fa m\u00e9r \u00fev\u00ed a\u00f0 fara, a\u00f0 eg jar\u00f0i f\u00f6\u00f0ur minn, og komi svo aftur.<a name=\"6\"><span class=\"versanumer\">6<\/span><\/a>Og fara\u00f3 sag\u00f0i: far \u00fe\u00fa og jar\u00f0a f\u00f6\u00f0ur \u00feinn, eins og \u00fe\u00fa hefur honum svari\u00f0.<a name=\"7\"><span class=\"versanumer\">7<\/span><\/a>Og J\u00f3sep f\u00f3r a\u00f0 jar\u00f0a f\u00f6\u00f0ur sinn og allir \u00fe\u00e9narar fara\u00f3s \u00feeir elstu af hans h\u00fasi, og allir \u00f6ldungar Egyptalands.<a name=\"8\"><span class=\"versanumer\">8<\/span><\/a>Og allt J\u00f3seps h\u00fas, og hans br\u00e6\u00f0ur og hans f\u00f6\u00f0urs h\u00fas; einasta l\u00e9tu \u00feeir eftir ver\u00f0a \u00ed Gosenlandi b\u00f6rn s\u00edn og sau\u00f0i s\u00edna og naut s\u00edn.<a name=\"9\"><span class=\"versanumer\">9<\/span><\/a>\u00deeir f\u00f3ru b\u00e6\u00f0i \u00e1 v\u00f6gnum og \u00e1 hestum, og \u00fea\u00f0 var mikill skari.<a name=\"10\"><span class=\"versanumer\">10<\/span><\/a>Og \u00feeir komu \u00e1 v\u00f6llinn Atad sem liggur hinumegin vi\u00f0 J\u00f3rdan. \u00dear h\u00e9ldu \u00feeir mikinn og beiskan harm, og hann l\u00e9t harma f\u00f6\u00f0ur sinn \u00ed sj\u00f6 daga.<a name=\"11\"><span class=\"versanumer\">11<\/span><\/a>Og sem innb\u00faar landsins, Kanan\u00edtar, s\u00e1u harminn \u00e1 vellinum Atad, s\u00f6g\u00f0u \u00feeir: mikill er harmur \u00feeirra egypsku; \u00fev\u00ed k\u00f6llu\u00f0u \u00feeir v\u00f6llinn: Abel-Misraim, <span class='VideyAth'>(harmur, e\u00f0a eiginlega v\u00f6llur egypskra)<\/span> hann liggur hinumegin vi\u00f0 J\u00f3rdan.<a name=\"12\"><span class=\"versanumer\">12<\/span><\/a>\u00deannig gj\u00f6r\u00f0u synir Jakobs eins og hann haf\u00f0i fyrirm\u00e6lt.<a name=\"13\"><span class=\"versanumer\">13<\/span><\/a>Og synir hans f\u00e6r\u00f0u hann til Kanaanslands, og j\u00f6r\u00f0u\u00f0u hann \u00ed hellirnum \u00e1 akrinum Makfela sem Abraham haf\u00f0i keypt, me\u00f0 akrinum, til greftrunar eignar af Hetitanum Efron, gagnvart Mamre. <br \/><a name=\"14\"><span class=\"versanumer\">14<\/span><\/a><span style='font-weight:bold;padding-left:10px'>2.)<\/span> Og J\u00f3sep f\u00f3r aftur til Egyptalands, hann og hans br\u00e6\u00f0ur og allir sem me\u00f0 honum h\u00f6f\u00f0u fari\u00f0, a\u00f0 jar\u00f0a f\u00f6\u00f0ur hans, eftir a\u00f0 hann haf\u00f0i jar\u00f0a\u00f0 f\u00f6\u00f0ur sinn.<a name=\"15\"><span class=\"versanumer\">15<\/span><\/a>En sem J\u00f3seps br\u00e6\u00f0ur s\u00e1u, a\u00f0 fa\u00f0ir \u00feeirra var d\u00e1inn, hugsu\u00f0u \u00feeir: en ef J\u00f3sep hatar oss og launar n\u00fa allt \u00fea\u00f0 illa sem v\u00e9r h\u00f6fum gj\u00f6rt honum!<a name=\"16\"><span class=\"versanumer\">16<\/span><\/a>og \u00feeir gj\u00f6r\u00f0u J\u00f3sep svol\u00e1tandi or\u00f0sendingu: fa\u00f0ir \u00feinn bau\u00f0 \u00e1\u00f0ur en hann d\u00f3 og m\u00e6lti:<a name=\"17\"><span class=\"versanumer\">17<\/span><\/a>\u00de\u00e9r skulu\u00f0 bera J\u00f3sep \u00feessi m\u00edn or\u00f0: fyrirgef \u00fe\u00fa br\u00e6\u00f0rum \u00fe\u00ednum m\u00f3tgj\u00f6r\u00f0 \u00feeirra og synd, a\u00f0 \u00feeir a\u00f0h\u00f6f\u00f0ust svo illt vi\u00f0 \u00feig; svo fyrirgef n\u00fa m\u00f3tgj\u00f6r\u00f0ina \u00fej\u00f3num \u00feess Gu\u00f0s sem fa\u00f0ir \u00feinn d\u00fdrka\u00f0i; og J\u00f3sep gr\u00e9t \u00fe\u00e1 hann heyr\u00f0i \u00feetta.<a name=\"18\"><span class=\"versanumer\">18<\/span><\/a>Br\u00e6\u00f0ur hans komu l\u00edka sj\u00e1lfir og f\u00e9llu fram fyrir honum og s\u00f6g\u00f0u: sj\u00e1! v\u00e9r erum \u00fe\u00ednir \u00fer\u00e6lar.<a name=\"19\"><span class=\"versanumer\">19<\/span><\/a>Og J\u00f3sep sag\u00f0i til \u00feeirra: \u00f3ttist ekki! er eg ei undir Gu\u00f0s var\u00f0veislu?<a name=\"20\"><span class=\"versanumer\">20<\/span><\/a>\u00de\u00e9r \u00e6tlu\u00f0u\u00f0 a\u00f0 gj\u00f6ra m\u00e9r illt, en Gu\u00f0 sneri \u00fev\u00ed til g\u00f3\u00f0s, til a\u00f0 gj\u00f6ra \u00fea\u00f0 sem n\u00fa er ske\u00f0, a\u00f0 halda m\u00f6rgu f\u00f3lki vi\u00f0 l\u00edfi\u00f0.<a name=\"21\"><span class=\"versanumer\">21<\/span><\/a>Og veri\u00f0 \u00f3hr\u00e6ddir, eg skal annast y\u00f0ur og y\u00f0ar b\u00f6rn! Og hann hughreysti \u00fe\u00e1 og tala\u00f0i vi\u00f0 \u00fe\u00e1 bl\u00ed\u00f0lega.<a name=\"22\"><span class=\"versanumer\">22<\/span><\/a>Svo bj\u00f3 J\u00f3sep \u00ed Egyptalandi, hann og hans f\u00f6\u00f0urs h\u00fas. Og J\u00f3sep lif\u00f0i hundra\u00f0 og t\u00edu \u00e1r.<a name=\"23\"><span class=\"versanumer\">23<\/span><\/a>Og J\u00f3sep s\u00e1 ni\u00f0ja Efraims \u00ed \u00feri\u00f0ja li\u00f0. Og synir Makirs sonar Manassis f\u00e6ddust \u00e1 J\u00f3seps kn\u00e9.<a name=\"24\"><span class=\"versanumer\">24<\/span><\/a>Og J\u00f3sep sag\u00f0i vi\u00f0 br\u00e6\u00f0ur s\u00edna: eg dey, en Gu\u00f0 mun vissulega vitja y\u00f0ar og flytja y\u00f0ur \u00far \u00feessu landi, inn \u00ed \u00fea\u00f0 landi\u00f0, sem hann hefur svari\u00f0 <span class='VideyAth'>(a\u00f0 gefa)<\/span> Abraham, \u00cdsak og Jakob.<a name=\"25\"><span class=\"versanumer\">25<\/span><\/a>Og J\u00f3sep t\u00f3k ei\u00f0 af \u00cdsraelssonum og m\u00e6lti: Gu\u00f0 mun vitja y\u00f0ar, flytji\u00f0 \u00fe\u00e1 m\u00edn bein h\u00e9\u00f0an.<a name=\"26\"><span class=\"versanumer\">26<\/span><\/a>Og svo d\u00f3 J\u00f3sep hundra\u00f0 og t\u00edu \u00e1ra gamall; en \u00feeir smur\u00f0u hann og kistul\u00f6g\u00f0u hann \u00ed Egyptalandi.<\/p>\n<div class=\"footnoteVidey\"><\/div>\n","protected":false},"excerpt":{"rendered":"<p>1.) Jakobs \u00fatf\u00f6r. 2.) J\u00f3seps andl\u00e1t. 11.) J\u00f3sep lag\u00f0ist \u00fe\u00e1 ofan a\u00f0 andliti f\u00f6\u00f0ur s\u00edns og gr\u00e9t yfir honum og kyssti hann.2Og J\u00f3sep bau\u00f0 s\u00ednum \u00fej\u00f3num l\u00e6knurunum, a\u00f0 smyrja f\u00f6\u00f0ur sinn. Og l\u00e6knararnir smur\u00f0u \u00cdsrael.3Og n\u00fa li\u00f0u 40 dagar, \u00fev\u00ed \u00e1 smurningunni stendur \u00ed 40 daga. Og egypskir syrg\u00f0u hann \u00ed 70 daga.4Og sem sorgardagarnir voru li\u00f0nir, kom J\u00f3sep a\u00f0 m\u00e1li vi\u00f0 hir\u00f0menn fara\u00f3s og m\u00e6lti: hafi eg fundi\u00f0 n\u00e1\u00f0 fyrir y\u00f0ar augum, \u00fe\u00e1 beri\u00f0 fara\u00f3 \u00feessi m\u00edn or\u00f0:5fa\u00f0ir minn t\u00f3k af m\u00e9r ei\u00f0 og sag\u00f0i: sj\u00e1! eg dey, \u00fe\u00fa skalt jar\u00f0a mig \u00ed minni gr\u00f6f sem eg keypti m\u00e9r <a href=\"https:\/\/biblian.is\/videy\/fyrsta-mosebok-50-kafli\/\"> [&#8230;]<\/a><\/p>\n","protected":false},"author":1,"featured_media":0,"parent":0,"menu_order":0,"comment_status":"open","ping_status":"open","template":"bibliukaflar.php","meta":{"footnotes":""},"class_list":["post-20899","page","type-page","status-publish","hentry"],"_links":{"self":[{"href":"https:\/\/biblian.is\/videy\/wp-json\/wp\/v2\/pages\/20899","targetHints":{"allow":["GET"]}}],"collection":[{"href":"https:\/\/biblian.is\/videy\/wp-json\/wp\/v2\/pages"}],"about":[{"href":"https:\/\/biblian.is\/videy\/wp-json\/wp\/v2\/types\/page"}],"author":[{"embeddable":true,"href":"https:\/\/biblian.is\/videy\/wp-json\/wp\/v2\/users\/1"}],"replies":[{"embeddable":true,"href":"https:\/\/biblian.is\/videy\/wp-json\/wp\/v2\/comments?post=20899"}],"version-history":[{"count":0,"href":"https:\/\/biblian.is\/videy\/wp-json\/wp\/v2\/pages\/20899\/revisions"}],"wp:attachment":[{"href":"https:\/\/biblian.is\/videy\/wp-json\/wp\/v2\/media?parent=20899"}],"curies":[{"name":"wp","href":"https:\/\/api.w.org\/{rel}","templated":true}]}}