{"id":20898,"date":"2018-01-02T00:59:25","date_gmt":"2018-01-02T00:59:25","guid":{"rendered":"http:\/\/biblian.is\/videy\/fyrsta-mosebok-49-kafli\/"},"modified":"2018-01-02T00:59:25","modified_gmt":"2018-01-02T00:59:25","slug":"fyrsta-mosebok-49-kafli","status":"publish","type":"page","link":"https:\/\/biblian.is\/videy\/fyrsta-mosebok-49-kafli\/","title":{"rendered":"Fyrsta M\u00f3seb\u00f3k 49. kafli"},"content":{"rendered":"<div class=\"fyrirsognVidey\">Jakobs s\u00ed\u00f0asti vilji, hann blessar sonu s\u00edna.<\/div>\n<p><a name=\"1\"><span class=\"versanumer\">1<\/span><\/a>Og Jakob kalla\u00f0i sonu s\u00edna og m\u00e6lti: samansafnist, a\u00f0 eg geti kunngj\u00f6rt y\u00f0ur \u00fea\u00f0 sem \u00fe\u00e9r eigi\u00f0 \u00ed v\u00e6ndum s\u00ed\u00f0ar meir!<a name=\"2\"><span class=\"versanumer\">2<\/span><\/a>Komi\u00f0 saman og heyri\u00f0, Jakobssynir! heyri\u00f0 \u00cdsrael y\u00f0ar f\u00f6\u00f0ur!<a name=\"3\"><span class=\"versanumer\">3<\/span><\/a>R\u00faben, \u00fe\u00fa ert minn frumgetinn son, minn kraftur og frumbur\u00f0ur m\u00edns styrkleika; yfirbur\u00f0ir a\u00f0 ver\u00f0ugleika, yfirbur\u00f0ir a\u00f0 makt;<a name=\"4\"><span class=\"versanumer\">4<\/span><\/a>en \u00f3lgandi sem vatn skaltu ei hafa yfirbur\u00f0i; \u00fev\u00ed \u00fe\u00fa gekkst \u00ed s\u00e6ng f\u00f6\u00f0ur \u00fe\u00edns, flekka\u00f0ir hana\u2014\u00ed m\u00edna s\u00e6ng gekk hann.<a name=\"5\"><span class=\"versanumer\">5<\/span><\/a>Simeon og Levi, \u00feeir eru br\u00e6\u00f0ur, verkf\u00e6ri gu\u00f0leysis <span class='VideyAth'>(er)<\/span> \u00feeirra sver\u00f0,<a name=\"6\"><span class=\"versanumer\">6<\/span><\/a>m\u00edn s\u00e1l komi ekki \u00ed \u00feeirra r\u00e1\u00f0samkomu, mitt hjarta ekki \u00ed \u00feeirra samkv\u00e6mi, \u00fev\u00ed \u00ed br\u00e6\u00f0i sinni dr\u00e1pu \u00feeir manninn, og \u00ed heift sinni sk\u00e1ru \u00feeir \u00e1 aflsinar nautsins,<a name=\"7\"><span class=\"versanumer\">7<\/span><\/a>b\u00f6lvu\u00f0 s\u00e9 \u00feeirra rei\u00f0i sem er ofbeldi og grimmd sem er hamslaus! Eg skipti \u00feeim \u00ed Jakob, og tv\u00edstra \u00feeim \u00ed \u00cdsrael. <span class='VideyAth'>(J\u00f3s. 19,1. 21,3.)<\/span>.<a name=\"8\"><span class=\"versanumer\">8<\/span><\/a>J\u00fada! br\u00e6\u00f0ur \u00fe\u00ednir munu vegsama \u00feig, \u00fe\u00edn h\u00f6nd er \u00e1 h\u00e1lsi \u00feinna \u00f3vina, \u00fe\u00e9r skulu l\u00fata synir f\u00f6\u00f0ur \u00fe\u00edns.<a name=\"9\"><span class=\"versanumer\">9<\/span><\/a>J\u00fada er ungt lj\u00f3n, af br\u00e1\u00f0inni \u00feroskast minn son, hann liggur, hann hv\u00edlist sem lj\u00f3n og sem lj\u00f3nsinna, hver \u00feorir a\u00f0 egna hann \u00e1 f\u00e6tur?<a name=\"10\"><span class=\"versanumer\">10<\/span><\/a>Ekki fer veldissp\u00edran fr\u00e1 J\u00fada, ekki herstj\u00f3rnarsprotinn fr\u00e1 hans f\u00f3tum fyrr en komi\u00f0 er til S\u00edl\u00f3, og f\u00f3lki\u00f0 mun honum hl\u00fd\u00f0a,<a name=\"11\"><span class=\"versanumer\">11<\/span><\/a>hann bindur vi\u00f0 v\u00edntr\u00e9\u00f0 sinn asna, og vi\u00f0 \u00e1g\u00e6tan v\u00ednvi\u00f0 son sinnar \u00f6snu. Hann \u00fev\u00e6r \u00ed v\u00edni s\u00edn kl\u00e6\u00f0i, og \u00ed v\u00ednberjal\u00f6g s\u00edna k\u00e1pu,<a name=\"12\"><span class=\"versanumer\">12<\/span><\/a>rau\u00f0 eru hans augu af v\u00edni, og hv\u00edtar hans tennur af mj\u00f3lk.<a name=\"13\"><span class=\"versanumer\">13<\/span><\/a>Seb\u00falon b\u00fdr vi\u00f0 sj\u00f3inn, hann b\u00fdr \u00fear sem skipin eru, hans land veit a\u00f0 Sidon. <span class='VideyAth'>(J\u00f3s. 19,10)<\/span>.<a name=\"14\"><span class=\"versanumer\">14<\/span><\/a>\u00cdssaskar er beinsterkur asni, hann liggur \u00e1 milli l\u00e6kjanna.<a name=\"15\"><span class=\"versanumer\">15<\/span><\/a>Og hann s\u00e9r a\u00f0 hv\u00edldarsta\u00f0urinn er g\u00f3\u00f0ur, og a\u00f0 landi\u00f0 er elskulegt; og leggur \u00e1 sig \u00fer\u00e6lavinnu.<a name=\"16\"><span class=\"versanumer\">16<\/span><\/a>Dan, hann mun d\u00e6ma sitt f\u00f3lk, sem hver \u00f6nnur \u00cdsraels \u00e6ttkv\u00edsl.<a name=\"17\"><span class=\"versanumer\">17<\/span><\/a>Dan er h\u00f6ggormur \u00e1 vegi, og eiturormur \u00e1 g\u00f6tu; hann b\u00edtur \u00ed h\u00e6l hestsins, og rei\u00f0ma\u00f0urinn r\u00fdkur aftur \u00e1 bak.<a name=\"18\"><span class=\"versanumer\">18<\/span><\/a>\u00deinni hj\u00e1lp treysti eg Drottinn!<a name=\"19\"><span class=\"versanumer\">19<\/span><\/a>R\u00e6ningjaflokkur fer a\u00f0 Ga\u00f0, en hann n\u00e6r \u00ed \u00fe\u00e1 \u00f6ftustu.<a name=\"20\"><span class=\"versanumer\">20<\/span><\/a>Fr\u00e1 Asser kemur feitmeti\u00f0, hann gefur k\u00f3ngakr\u00e1sir.<a name=\"21\"><span class=\"versanumer\">21<\/span><\/a>Naftali er fyrirfer\u00f0amiki\u00f0 \u00f3l\u00edutr\u00e9, \u00fea\u00f0 \u00fat\u00feenur s\u00ednar f\u00f6gru greinir.<a name=\"22\"><span class=\"versanumer\">22<\/span><\/a>J\u00f3sep er grein hins frj\u00f3vsama v\u00ednvi\u00f0ar, grein \u00e1vaxtatr\u00e9sins vi\u00f0 uppsprettuna, hans greinir vaxa upp yfir vegginn.<a name=\"23\"><span class=\"versanumer\">23<\/span><\/a>\u00deeir egndu hann til og skutu, og bogmenn ofs\u00f3ttu hann.<a name=\"24\"><span class=\"versanumer\">24<\/span><\/a>En bogi hans reyndist stinnur, og m\u00e1ttur hans handa fimur. Af hendi ens volduga Jakobs <span class='VideyAth'>(Gu\u00f0s)<\/span> fr\u00e1 \u00feeim sem geymir \u00cdsraels stein, <span class='VideyAth'>(28,12.13)<\/span>,<a name=\"25\"><span class=\"versanumer\">25<\/span><\/a>fr\u00e1 Gu\u00f0i f\u00f6\u00f0ur \u00fe\u00edns, sem hj\u00e1lpa\u00f0i \u00fe\u00e9r, fr\u00e1 \u00feeim alm\u00e1ttuga sem blessa\u00f0i \u00feig, komi blessan himinsins a\u00f0 ofan, blessan dj\u00fapsins a\u00f0 ne\u00f0an, blessan brj\u00f3sta og m\u00f3\u00f0url\u00edfs.<a name=\"26\"><span class=\"versanumer\">26<\/span><\/a>Blessan f\u00f6\u00f0ur \u00fe\u00edns yfirst\u00edgur blessan \u00feeirra g\u00f6mlu fjalla, og afbrag\u00f0s h\u00e6\u00f0anna unan! h\u00fan komi yfir J\u00f3seps h\u00f6fu\u00f0 og \u00ed hvirfil hans, sem er afbrag\u00f0 me\u00f0al sinna br\u00e6\u00f0ra!<a name=\"27\"><span class=\"versanumer\">27<\/span><\/a>Benjam\u00edn er \u00falfur sem sundur r\u00edfur, \u00e1 morgnana etur hann br\u00e1\u00f0, \u00e1 kv\u00f6ldin skiptir hann herfangi. <br \/><a name=\"28\"><span class=\"versanumer\">28<\/span><\/a>\u00deessir eru allir t\u00f3lf kyn\u00fe\u00e6ttir \u00cdsraels, og \u00feetta \u00fea\u00f0 sem fa\u00f0ir \u00feeirra vi\u00f0 \u00fe\u00e1 tala\u00f0i; og svo blessa\u00f0i hann \u00fe\u00e1 og blessa\u00f0i s\u00e9rhvern s\u00e9rlegri blessan.<a name=\"29\"><span class=\"versanumer\">29<\/span><\/a>Og hann bau\u00f0 \u00feeim og m\u00e6lti til \u00feeirra: eg mun safnast til m\u00edns f\u00f3lks, jar\u00f0i\u00f0 mig \u00fe\u00e1 hj\u00e1 m\u00ednum fe\u00f0rum, \u00ed \u00feeim hellir, sem er \u00e1 akri Hetitans Efrons,<a name=\"30\"><span class=\"versanumer\">30<\/span><\/a>\u00ed \u00feeim hellir sem er \u00e1 akrinum Makfela gegnt Mamre \u00ed Kanaanslandi, hvern Abraham keypti me\u00f0 akrinum, af Hetitanum Efron, til greftrunareignar.<a name=\"31\"><span class=\"versanumer\">31<\/span><\/a>\u00dear hafa \u00feeir jar\u00f0a\u00f0 Abraham og konu hans S\u00f6ru; \u00fear hafa \u00feeir jar\u00f0a\u00f0 \u00cdsak og konu hans Rebekku, og \u00fear hefi eg jar\u00f0a\u00f0 Leu,<a name=\"32\"><span class=\"versanumer\">32<\/span><\/a>\u00e1 \u00feeim keypta akri og \u00ed hellirnum \u00fear \u00e1, sem keyptur var, af Hetssonum.<a name=\"33\"><span class=\"versanumer\">33<\/span><\/a>Og sem Jakob haf\u00f0i loki\u00f0 \u00feessum skipunum til sona sinna, lag\u00f0i hann f\u00e6tur s\u00edna upp \u00ed r\u00fami\u00f0, og anda\u00f0ist og safna\u00f0ist til s\u00edns f\u00f3lks.<\/p>\n<div class=\"footnoteVidey\">V. 10. Til S\u00edl\u00f3 \u00fe. e:.inn \u00ed Kanaanslandi\u00f0 \u00feanga\u00f0 til fri\u00f0ur er fenginn. J\u00f3s. 16,6. D\u00f3m b. 18,31. 1 Sam: 1,3. 3,21.  V. 18. \u00dea\u00f0 land sem skiptist Dans \u00e6ttkv\u00edsl var helst undirorpi\u00f0 \u00e1r\u00e1sum \u00f3vina; \u00fev\u00ed \u00feessi b\u00e6n h\u00e9r.<\/div>\n","protected":false},"excerpt":{"rendered":"<p>Jakobs s\u00ed\u00f0asti vilji, hann blessar sonu s\u00edna. 1Og Jakob kalla\u00f0i sonu s\u00edna og m\u00e6lti: samansafnist, a\u00f0 eg geti kunngj\u00f6rt y\u00f0ur \u00fea\u00f0 sem \u00fe\u00e9r eigi\u00f0 \u00ed v\u00e6ndum s\u00ed\u00f0ar meir!2Komi\u00f0 saman og heyri\u00f0, Jakobssynir! heyri\u00f0 \u00cdsrael y\u00f0ar f\u00f6\u00f0ur!3R\u00faben, \u00fe\u00fa ert minn frumgetinn son, minn kraftur og frumbur\u00f0ur m\u00edns styrkleika; yfirbur\u00f0ir a\u00f0 ver\u00f0ugleika, yfirbur\u00f0ir a\u00f0 makt;4en \u00f3lgandi sem vatn skaltu ei hafa yfirbur\u00f0i; \u00fev\u00ed \u00fe\u00fa gekkst \u00ed s\u00e6ng f\u00f6\u00f0ur \u00fe\u00edns, flekka\u00f0ir hana\u2014\u00ed m\u00edna s\u00e6ng gekk hann.5Simeon og Levi, \u00feeir eru br\u00e6\u00f0ur, verkf\u00e6ri gu\u00f0leysis (er) \u00feeirra sver\u00f0,6m\u00edn s\u00e1l komi ekki \u00ed \u00feeirra r\u00e1\u00f0samkomu, mitt hjarta ekki \u00ed \u00feeirra samkv\u00e6mi, \u00fev\u00ed \u00ed br\u00e6\u00f0i sinni dr\u00e1pu <a href=\"https:\/\/biblian.is\/videy\/fyrsta-mosebok-49-kafli\/\"> [&#8230;]<\/a><\/p>\n","protected":false},"author":1,"featured_media":0,"parent":0,"menu_order":0,"comment_status":"open","ping_status":"open","template":"bibliukaflar.php","meta":{"footnotes":""},"class_list":["post-20898","page","type-page","status-publish","hentry"],"_links":{"self":[{"href":"https:\/\/biblian.is\/videy\/wp-json\/wp\/v2\/pages\/20898","targetHints":{"allow":["GET"]}}],"collection":[{"href":"https:\/\/biblian.is\/videy\/wp-json\/wp\/v2\/pages"}],"about":[{"href":"https:\/\/biblian.is\/videy\/wp-json\/wp\/v2\/types\/page"}],"author":[{"embeddable":true,"href":"https:\/\/biblian.is\/videy\/wp-json\/wp\/v2\/users\/1"}],"replies":[{"embeddable":true,"href":"https:\/\/biblian.is\/videy\/wp-json\/wp\/v2\/comments?post=20898"}],"version-history":[{"count":0,"href":"https:\/\/biblian.is\/videy\/wp-json\/wp\/v2\/pages\/20898\/revisions"}],"wp:attachment":[{"href":"https:\/\/biblian.is\/videy\/wp-json\/wp\/v2\/media?parent=20898"}],"curies":[{"name":"wp","href":"https:\/\/api.w.org\/{rel}","templated":true}]}}