{"id":20893,"date":"2018-01-02T00:59:25","date_gmt":"2018-01-02T00:59:25","guid":{"rendered":"http:\/\/biblian.is\/videy\/fyrsta-mosebok-44-kafli\/"},"modified":"2018-01-02T00:59:25","modified_gmt":"2018-01-02T00:59:25","slug":"fyrsta-mosebok-44-kafli","status":"publish","type":"page","link":"https:\/\/biblian.is\/videy\/fyrsta-mosebok-44-kafli\/","title":{"rendered":"Fyrsta M\u00f3seb\u00f3k 44. kafli"},"content":{"rendered":"<div class=\"fyrirsognVidey\">J\u00f3sep vill halda eftir Benjam\u00edn. Br\u00e6\u00f0urnir, einkum J\u00fada, komast \u00ed vandr\u00e6\u00f0i.<\/div>\n<p><a name=\"1\"><span class=\"versanumer\">1<\/span><\/a>\u00dear eftir bau\u00f0 J\u00f3sep s\u00ednum r\u00e1\u00f0smanni og m\u00e6lti: l\u00e1ttu \u00ed sekki \u00feessara manna mat, svo miki\u00f0 sem \u00feeir geta flutt, og hvers eins silfur efst \u00ed hans sekk.<a name=\"2\"><span class=\"versanumer\">2<\/span><\/a>Og minn bikar, \u00feann st\u00f3ra silfur bikar, skalt \u00fe\u00fa l\u00e1ta \u00ed sekk hins yngsta, og silfri\u00f0 fyrir hans korn, og hann gj\u00f6r\u00f0i eins og J\u00f3sep sag\u00f0i honum.<a name=\"3\"><span class=\"versanumer\">3<\/span><\/a>Me\u00f0 degi voru mennirnir l\u00e1tnir fara, \u00feeir og \u00feeirra asnar.<a name=\"4\"><span class=\"versanumer\">4<\/span><\/a>\u00deeir voru komnir \u00fat \u00far borginni, og ekki langt, \u00feegar J\u00f3sep sag\u00f0i vi\u00f0 sinn r\u00e1\u00f0smann: tak \u00fe\u00fa \u00feig til og far \u00fe\u00fa eftir \u00feessum m\u00f6nnum, og \u00feegar \u00fe\u00fa n\u00e6r \u00feeim, \u00fe\u00e1 skaltu segja vi\u00f0 \u00fe\u00e1: \u00fev\u00ed hafi\u00f0 \u00fe\u00e9r launa\u00f0 gott me\u00f0 illu?<a name=\"5\"><span class=\"versanumer\">5<\/span><\/a>Er \u00fea\u00f0 ekki \u00fea\u00f0 sem minn herra drekkur af? hann veit vel <span class='VideyAth'>(hvar \u00fea\u00f0 er)<\/span> \u00fe\u00e9r hafi\u00f0 gj\u00f6rt \u00feetta illa!<a name=\"6\"><span class=\"versanumer\">6<\/span><\/a>Og hann n\u00e1\u00f0i \u00feeim, og tala\u00f0i til \u00feeirra \u00feessi s\u00f6mu or\u00f0.<a name=\"7\"><span class=\"versanumer\">7<\/span><\/a>Og \u00feeir s\u00f6g\u00f0u: \u00fev\u00ed talar minn herra \u00feessi or\u00f0? fj\u00e6rri s\u00e9 \u00fea\u00f0 \u00fe\u00ednum \u00fej\u00f3num a\u00f0 a\u00f0hafast sl\u00edkt.<a name=\"8\"><span class=\"versanumer\">8<\/span><\/a>Sj\u00e1! \u00fea\u00f0 silfur, sem v\u00e9r fundum ofan \u00e1 \u00ed vorum sekkjum, \u00fea\u00f0 f\u00e6r\u00f0um v\u00e9r \u00fe\u00e9r aftur \u00far Kanaans landi; og v\u00e9r skyldum stela \u00far h\u00fasi herra \u00fe\u00edns gulli og silfri?<a name=\"9\"><span class=\"versanumer\">9<\/span><\/a>hver af \u00fe\u00ednum \u00fej\u00f3num sem \u00fea\u00f0 <span class='VideyAth'>(bikarinn)<\/span> finnst hj\u00e1, hann skal deyja, og v\u00e9r l\u00edka skulum vera \u00fer\u00e6lar vors herra.<a name=\"10\"><span class=\"versanumer\">10<\/span><\/a>Og hann svara\u00f0i: j\u00e6ja! Veri \u00fea\u00f0 svo, eins og \u00fe\u00e9r segi\u00f0: hj\u00e1 hverjum sem \u00fea\u00f0 finnst, veri s\u00e1 minn \u00fer\u00e6ll; en \u00fe\u00e9r s\u00e9u\u00f0 fr\u00edir.<a name=\"11\"><span class=\"versanumer\">11<\/span><\/a>\u00de\u00e1 fl\u00fdttu \u00feeir s\u00e9r, og hver t\u00f3k ofan sinn sekk og lag\u00f0i \u00e1 j\u00f6r\u00f0, og hver einn opna\u00f0i sinn sekk.<a name=\"12\"><span class=\"versanumer\">12<\/span><\/a>Og hann <span class='VideyAth'>(r\u00e1\u00f0sma\u00f0urinn)<\/span> leita\u00f0i, byrja\u00f0i \u00e1 \u00feeim elsta og enda\u00f0i \u00e1 \u00feeim yngsta, og bikarinn var \u00ed Benjam\u00edns sekk.<a name=\"13\"><span class=\"versanumer\">13<\/span><\/a>\u00de\u00e1 rifu \u00feeir s\u00edn kl\u00e6\u00f0i, l\u00e9tu upp \u00e1 s\u00edna asna og f\u00f3ru aftur til sta\u00f0arins. <br \/><a name=\"14\"><span class=\"versanumer\">14<\/span><\/a>Og J\u00fada og hans br\u00e6\u00f0ur gengu \u00ed J\u00f3seps h\u00fas, en hann var \u00fear enn \u00fe\u00e1, og \u00feeir f\u00e9llu fram fyrir honum til jar\u00f0ar.<a name=\"15\"><span class=\"versanumer\">15<\/span><\/a>\u00de\u00e1 sag\u00f0i J\u00f3sep til \u00feeirra: hva\u00f0a \u00f3gj\u00f6rningur er \u00feetta sem \u00fe\u00e9r hafi\u00f0 frami\u00f0? viti\u00f0 \u00fe\u00e9r ekki a\u00f0 annar eins ma\u00f0ur og eg gat l\u00e1ti\u00f0 \u00feetta komast upp?<a name=\"16\"><span class=\"versanumer\">16<\/span><\/a>Og J\u00fada m\u00e6lti: hva\u00f0 skulum v\u00e9r tala vi\u00f0 vorn herra? hva\u00f0 segja? og hvernig r\u00e9ttl\u00e6ta oss? Gu\u00f0 hefur fundi\u00f0 misgj\u00f6rning \u00feinna \u00fer\u00e6la; sj\u00e1! v\u00e9r erum \u00fer\u00e6lar m\u00edns herra, b\u00e6\u00f0i v\u00e9r og s\u00e1 sem bikarinn fannst hj\u00e1.<a name=\"17\"><span class=\"versanumer\">17<\/span><\/a>Og hann svara\u00f0i: fj\u00e6rri s\u00e9 m\u00e9r a\u00f0 gj\u00f6ra sl\u00edkt! s\u00e1 ma\u00f0ur, sem bikarinn fannst hj\u00e1, hann s\u00e9 minn \u00fer\u00e6ll; en fari\u00f0 \u00fe\u00e9r \u00ed fri\u00f0i til y\u00f0ar f\u00f6\u00f0urs.<a name=\"18\"><span class=\"versanumer\">18<\/span><\/a>\u00de\u00e1 gekk J\u00fada a\u00f0 honum og m\u00e6lti: \u00e6, minn herra! leyf \u00fe\u00ednum \u00fer\u00e6li eitt or\u00f0 a\u00f0 tala fyrir eyrum m\u00edns herra, og \u00fe\u00edn rei\u00f0i upptendrist ekki gegn \u00fe\u00ednum \u00fer\u00e6l; \u00fev\u00ed \u00fe\u00fa ert sem fara\u00f3.<a name=\"19\"><span class=\"versanumer\">19<\/span><\/a>Minn herra spur\u00f0i s\u00edna \u00fer\u00e6la og m\u00e6lti: eigi\u00f0 \u00fe\u00e9r f\u00f6\u00f0ur e\u00f0a br\u00e6\u00f0ur.<a name=\"20\"><span class=\"versanumer\">20<\/span><\/a>Og v\u00e9r s\u00f6g\u00f0um til vors herra: v\u00e9r eigum gamlan f\u00f6\u00f0ur, og hann ungan svein, sem honum f\u00e6ddist \u00ed hans elli, og br\u00f3\u00f0ir hans er d\u00e1inn, og hann er einn or\u00f0inn eftir s\u00edna m\u00f3\u00f0ur, og fa\u00f0ir hans elskar hann.<a name=\"21\"><span class=\"versanumer\">21<\/span><\/a>Og \u00fe\u00fa sag\u00f0ir vi\u00f0 \u00fe\u00edna \u00fer\u00e6la: komi\u00f0 me\u00f0 hann hinga\u00f0 til m\u00edn, a\u00f0 eg sj\u00e1i hann me\u00f0 m\u00ednum augum.<a name=\"22\"><span class=\"versanumer\">22<\/span><\/a>Og v\u00e9r s\u00f6g\u00f0um til m\u00edns herra: sveinninn m\u00e1 ekki fara fr\u00e1 f\u00f6\u00f0ur s\u00ednum, fari hann fr\u00e1 honum, kostar \u00fea\u00f0 f\u00f6\u00f0ursins l\u00edf.<a name=\"23\"><span class=\"versanumer\">23<\/span><\/a>Og \u00fe\u00fa sag\u00f0ir vi\u00f0 \u00fe\u00edna \u00fer\u00e6la: ef y\u00f0ar yngsti br\u00f3\u00f0ir kemur ekki hinga\u00f0 me\u00f0 y\u00f0ur, svo skulu\u00f0 \u00fe\u00e9r ekki framar f\u00e1 a\u00f0 sj\u00e1 mig.<a name=\"24\"><span class=\"versanumer\">24<\/span><\/a>Og \u00fea\u00f0 ske\u00f0i, \u00fe\u00e1 v\u00e9r f\u00f3rum h\u00e9\u00f0an til \u00fe\u00edns \u00fej\u00f3ns f\u00f6\u00f0ur m\u00edns, \u00fe\u00e1 s\u00f6g\u00f0um v\u00e9r honum umm\u00e6li herra m\u00edns.<a name=\"25\"><span class=\"versanumer\">25<\/span><\/a>Og fa\u00f0ir vor sag\u00f0i: kaupi\u00f0 oss aftur eitthva\u00f0 af vistum!<a name=\"26\"><span class=\"versanumer\">26<\/span><\/a>og v\u00e9r s\u00f6g\u00f0um: v\u00e9r getum ekki fari\u00f0; en s\u00e9 vor yngsti br\u00f3\u00f0ir me\u00f0 oss, svo skulum v\u00e9r fara; \u00fev\u00ed ekki getum v\u00e9r fengi\u00f0 manninn a\u00f0 sj\u00e1, nema vor yngsti br\u00f3\u00f0ir s\u00e9 me\u00f0 oss.<a name=\"27\"><span class=\"versanumer\">27<\/span><\/a>Og \u00feinn \u00fej\u00f3n, fa\u00f0ir minn, sag\u00f0i vi\u00f0 oss: \u00fe\u00e9r viti\u00f0 a\u00f0 kona m\u00edn \u00f3l m\u00e9r tvo syni;<a name=\"28\"><span class=\"versanumer\">28<\/span><\/a>annar \u00feeirra f\u00f3r a\u00f0 heima fr\u00e1 m\u00e9r, og m\u00e9r segir svo hugur um, a\u00f0 hann s\u00e9 vissulega rifinn <span class='VideyAth'>(\u00ed hel)<\/span> og eg hefi ekki s\u00e9\u00f0 hann s\u00ed\u00f0an.<a name=\"29\"><span class=\"versanumer\">29<\/span><\/a>Og ef \u00fe\u00e9r taki\u00f0 n\u00fa l\u00edka \u00feennan burt fr\u00e1 m\u00e9r, og ver\u00f0i hann fyrir slysum, svo lei\u00f0i\u00f0 \u00fe\u00e9r m\u00ednar h\u00e6rur me\u00f0 harmi ni\u00f0ur \u00ed gr\u00f6fina.<a name=\"30\"><span class=\"versanumer\">30<\/span><\/a>Og \u00feegar eg n\u00fa kem til \u00fej\u00f3ns \u00fe\u00edns, f\u00f6\u00f0ur m\u00edns, og s\u00e9 sveinninn ekki me\u00f0 oss, fyrst hann elskar sveininn sem sitt eigi\u00f0 l\u00edf,<a name=\"31\"><span class=\"versanumer\">31<\/span><\/a>\u00fe\u00e1 fer \u00fea\u00f0 svo, sj\u00e1i hann ekki sveininn, a\u00f0 hann deyr, og \u00fe\u00ednir \u00fer\u00e6lar munu svo lei\u00f0a h\u00e6rur \u00fe\u00edns \u00fej\u00f3ns, f\u00f6\u00f0ur vors, me\u00f0 harmi ni\u00f0ur \u00ed gr\u00f6fina;<a name=\"32\"><span class=\"versanumer\">32<\/span><\/a>\u00fev\u00ed eg \u00feinn \u00fer\u00e6ll t\u00f3k sveininn til \u00e1byrg\u00f0ar af f\u00f6\u00f0ur m\u00ednum, og sag\u00f0i: ef eg kem ekki me\u00f0 hann aftur, skal eg vera sekur vi\u00f0 f\u00f6\u00f0ur minn alla m\u00edna \u00e6vi.<a name=\"33\"><span class=\"versanumer\">33<\/span><\/a>Veri eg \u00fev\u00ed \u00feinn \u00fer\u00e6ll h\u00e9r \u00ed sta\u00f0 sveinsins, sem \u00fer\u00e6ll m\u00edns herra, og sveinninn fari me\u00f0 br\u00e6\u00f0rum s\u00ednum.<a name=\"34\"><span class=\"versanumer\">34<\/span><\/a>\u00dev\u00ed hvernig get eg fari\u00f0 heim til f\u00f6\u00f0ur m\u00edns, s\u00e9 sveinninn ekki me\u00f0 m\u00e9r? Eg yr\u00f0i \u00fe\u00e1 a\u00f0 sj\u00e1 \u00fe\u00e1 h\u00f6rmung sem koma mun yfir f\u00f6\u00f0ur minn.<\/p>\n<div class=\"footnoteVidey\">V. 5. Meiningin er: \u00fei\u00f0 hafi\u00f0 teki\u00f0 bikar sj\u00e1lfs J\u00f3seps og hann fer n\u00e6rri um hvar hann er ni\u00f0ur kominn og er \u00fea\u00f0 illa gj\u00f6rt af y\u00f0ur.<\/div>\n","protected":false},"excerpt":{"rendered":"<p>J\u00f3sep vill halda eftir Benjam\u00edn. Br\u00e6\u00f0urnir, einkum J\u00fada, komast \u00ed vandr\u00e6\u00f0i. 1\u00dear eftir bau\u00f0 J\u00f3sep s\u00ednum r\u00e1\u00f0smanni og m\u00e6lti: l\u00e1ttu \u00ed sekki \u00feessara manna mat, svo miki\u00f0 sem \u00feeir geta flutt, og hvers eins silfur efst \u00ed hans sekk.2Og minn bikar, \u00feann st\u00f3ra silfur bikar, skalt \u00fe\u00fa l\u00e1ta \u00ed sekk hins yngsta, og silfri\u00f0 fyrir hans korn, og hann gj\u00f6r\u00f0i eins og J\u00f3sep sag\u00f0i honum.3Me\u00f0 degi voru mennirnir l\u00e1tnir fara, \u00feeir og \u00feeirra asnar.4\u00deeir voru komnir \u00fat \u00far borginni, og ekki langt, \u00feegar J\u00f3sep sag\u00f0i vi\u00f0 sinn r\u00e1\u00f0smann: tak \u00fe\u00fa \u00feig til og far \u00fe\u00fa eftir \u00feessum m\u00f6nnum, og \u00feegar <a href=\"https:\/\/biblian.is\/videy\/fyrsta-mosebok-44-kafli\/\"> [&#8230;]<\/a><\/p>\n","protected":false},"author":1,"featured_media":0,"parent":0,"menu_order":0,"comment_status":"open","ping_status":"open","template":"bibliukaflar.php","meta":{"footnotes":""},"class_list":["post-20893","page","type-page","status-publish","hentry"],"_links":{"self":[{"href":"https:\/\/biblian.is\/videy\/wp-json\/wp\/v2\/pages\/20893","targetHints":{"allow":["GET"]}}],"collection":[{"href":"https:\/\/biblian.is\/videy\/wp-json\/wp\/v2\/pages"}],"about":[{"href":"https:\/\/biblian.is\/videy\/wp-json\/wp\/v2\/types\/page"}],"author":[{"embeddable":true,"href":"https:\/\/biblian.is\/videy\/wp-json\/wp\/v2\/users\/1"}],"replies":[{"embeddable":true,"href":"https:\/\/biblian.is\/videy\/wp-json\/wp\/v2\/comments?post=20893"}],"version-history":[{"count":0,"href":"https:\/\/biblian.is\/videy\/wp-json\/wp\/v2\/pages\/20893\/revisions"}],"wp:attachment":[{"href":"https:\/\/biblian.is\/videy\/wp-json\/wp\/v2\/media?parent=20893"}],"curies":[{"name":"wp","href":"https:\/\/api.w.org\/{rel}","templated":true}]}}