{"id":20891,"date":"2018-01-02T00:59:25","date_gmt":"2018-01-02T00:59:25","guid":{"rendered":"http:\/\/biblian.is\/videy\/fyrsta-mosebok-42-kafli\/"},"modified":"2018-01-02T00:59:25","modified_gmt":"2018-01-02T00:59:25","slug":"fyrsta-mosebok-42-kafli","status":"publish","type":"page","link":"https:\/\/biblian.is\/videy\/fyrsta-mosebok-42-kafli\/","title":{"rendered":"Fyrsta M\u00f3seb\u00f3k 42. kafli"},"content":{"rendered":"<div class=\"fyrirsognVidey\">J\u00f3seps 10 br\u00e6\u00f0ur koma til Egyptalands a\u00f0 kaupa korn.<\/div>\n<p><a name=\"1\"><span class=\"versanumer\">1<\/span><\/a>Og Jakob s\u00e1 a\u00f0 korn var <span class='VideyAth'>(falt)<\/span> \u00ed Egyptalandi; \u00fev\u00ed sag\u00f0i hann vi\u00f0 syni s\u00edna: hva\u00f0 horfi\u00f0 \u00fe\u00e9r hver upp \u00e1 annan?<a name=\"2\"><span class=\"versanumer\">2<\/span><\/a>og hann m\u00e6lti: sj\u00e1! eg hefi heyrt a\u00f0 korn s\u00e9 \u00ed Egyptalandi, fari\u00f0 \u00fev\u00ed og kaupi\u00f0 oss \u00fea\u00f0an, a\u00f0 v\u00e9r lifum og deyjum ekki.<a name=\"3\"><span class=\"versanumer\">3<\/span><\/a>\u00de\u00e1 l\u00f6g\u00f0u \u00feeir 10 br\u00e6\u00f0ur af sta\u00f0, til a\u00f0 kaupa korn \u00ed Egyptalandi.<a name=\"4\"><span class=\"versanumer\">4<\/span><\/a>En Benjam\u00edn br\u00f3\u00f0ir J\u00f3seps, sendi Jakob ekki me\u00f0 br\u00e6\u00f0runum, \u00fev\u00ed hann hugsa\u00f0i honum kynni a\u00f0 vilja eitthvert slys til.<a name=\"5\"><span class=\"versanumer\">5<\/span><\/a>Svo komu \u00cdsraels synir a\u00f0 kaupa korn me\u00f0al annarra sem komu; \u00fev\u00ed hungur var \u00ed Kanaanslandi. <br \/><a name=\"6\"><span class=\"versanumer\">6<\/span><\/a>En J\u00f3sep var stj\u00f3rnari yfir landinu; hann var s\u00e1 sem seldi \u00f6llu landsf\u00f3lkinu korn. Og J\u00f3seps br\u00e6\u00f0ur komu og beyg\u00f0u s\u00edn andlit til jar\u00f0ar fyrir honum.<a name=\"7\"><span class=\"versanumer\">7<\/span><\/a>Og strax sem J\u00f3sep s\u00e1 s\u00edna br\u00e6\u00f0ur, \u00feekkti hann \u00fe\u00e1; en l\u00e9st ekki \u00feekkja \u00fe\u00e1, og tala\u00f0i \u00feeim har\u00f0lega til og m\u00e6lti: hva\u00f0an komi\u00f0 \u00fe\u00e9r? \u00feeir s\u00f6g\u00f0u: \u00far Kanaanslandi, til a\u00f0 kaupa mat.<a name=\"8\"><span class=\"versanumer\">8<\/span><\/a>Og J\u00f3sep \u00feekkti br\u00e6\u00f0ur s\u00edna, en \u00feeir \u00feekktu hann ekki.<a name=\"9\"><span class=\"versanumer\">9<\/span><\/a>J\u00f3sep hugsa\u00f0i \u00fe\u00e1 l\u00edka til drauma \u00feeirra, sem hann haf\u00f0i dreymt um \u00fe\u00e1, og sag\u00f0i til \u00feeirra: \u00fe\u00e9r eru\u00f0 nj\u00f3snarmenn komnir til a\u00f0 sj\u00e1, hvar landi\u00f0 er varnarlaust.<a name=\"10\"><span class=\"versanumer\">10<\/span><\/a>En \u00feeir sv\u00f6ru\u00f0u honum: nei! herra minn! v\u00e9r \u00fej\u00f3nar \u00fe\u00ednir erum komnir til a\u00f0 kaupa mat.<a name=\"11\"><span class=\"versanumer\">11<\/span><\/a>V\u00e9r allir erum synir sama manns, v\u00e9r erum hrekkjalausir menn, v\u00e9r \u00fej\u00f3nar \u00fe\u00ednir erum ekki nj\u00f3snarar.<a name=\"12\"><span class=\"versanumer\">12<\/span><\/a>Og hann sag\u00f0i til \u00feeirra: nei! til a\u00f0 sj\u00e1 varnarleysi landsins eru\u00f0 \u00fe\u00e9r komnir.<a name=\"13\"><span class=\"versanumer\">13<\/span><\/a>\u00deeir sv\u00f6ru\u00f0u: v\u00e9r \u00fej\u00f3nar \u00fe\u00ednir vorum 12 br\u00e6\u00f0ur, synir sama manns \u00ed Kanaanslandi; s\u00e1 yngsti er n\u00fa hj\u00e1 f\u00f6\u00f0ur vorum, og einn er ekki \u00e1 l\u00edfi.<a name=\"14\"><span class=\"versanumer\">14<\/span><\/a>Og J\u00f3sep sag\u00f0i til \u00feeirra: \u00feetta er einmitt \u00fea\u00f0 sem eg sag\u00f0i: \u00fe\u00e9r eru\u00f0 nj\u00f3snarmenn.<a name=\"15\"><span class=\"versanumer\">15<\/span><\/a>\u00de\u00e9r skulu\u00f0 ver\u00f0a pr\u00f3fa\u00f0ir. Svo sannarlega sem fara\u00f3 lifir! \u00fe\u00e9r skulu\u00f0 ekki h\u00e9\u00f0an fara nema y\u00f0ar yngsti br\u00f3\u00f0ir komi hinga\u00f0.<a name=\"16\"><span class=\"versanumer\">16<\/span><\/a>Sendi\u00f0 \u00fev\u00ed einn af y\u00f0ur til a\u00f0 s\u00e6kja br\u00f3\u00f0ur y\u00f0ar; en \u00fe\u00e9r hinir skulu\u00f0 vera \u00ed var\u00f0haldi, a\u00f0 y\u00f0ar or\u00f0 ver\u00f0i pr\u00f3fu\u00f0, hvert \u00fe\u00e9r tali\u00f0 satt e\u00f0a ekki? svo sannarlega sem fara\u00f3 lifir! \u00fe\u00e1 eru\u00f0 \u00fe\u00e9r nj\u00f3snarmenn!<a name=\"17\"><span class=\"versanumer\">17<\/span><\/a>Svo l\u00e9t hann var\u00f0veita \u00fe\u00e1 \u00ed \u00ferj\u00e1 daga.<br \/><a name=\"18\"><span class=\"versanumer\">18<\/span><\/a>\u00c1 \u00feri\u00f0ja degi sag\u00f0i J\u00f3sep til \u00feeirra: gj\u00f6ri\u00f0 \u00feetta svo a\u00f0 \u00fe\u00e9r lifi\u00f0; eg \u00f3ttast Gu\u00f0!<a name=\"19\"><span class=\"versanumer\">19<\/span><\/a>Ef \u00fe\u00e9r eru\u00f0 hrekkjalausir \u00fe\u00e1 ver\u00f0i einn af ykkar br\u00e6\u00f0rum eftir h\u00e9r \u00ed var\u00f0haldi, en fari\u00f0 \u00fe\u00e9r hinir og flytji\u00f0 korn til nau\u00f0\u00feurftar y\u00f0ar heimila,<a name=\"20\"><span class=\"versanumer\">20<\/span><\/a>og komi\u00f0 svo til m\u00edn aftur me\u00f0 y\u00f0ar yngsta br\u00f3\u00f0ur, svo munu or\u00f0 y\u00f0ar sannast og \u00fe\u00e9r halda l\u00edfi. Og \u00feeir gj\u00f6r\u00f0u svo.<a name=\"21\"><span class=\"versanumer\">21<\/span><\/a>\u00de\u00e1 s\u00f6g\u00f0u \u00feeir hver vi\u00f0 annan: \u00feetta eigum v\u00e9r sannarlega skili\u00f0 fyrir br\u00f3\u00f0ur vorn; v\u00e9r s\u00e1um hans s\u00e1larangist \u00feegar hann ba\u00f0 oss v\u00e6g\u00f0ar, en v\u00e9r heyr\u00f0um hann ekki; \u00feess vegna erum v\u00e9r komnir \u00ed \u00feessar kr\u00f6ggur!<a name=\"22\"><span class=\"versanumer\">22<\/span><\/a>Ruben ansa\u00f0i \u00fe\u00e1 til og m\u00e6lti: sag\u00f0i eg ekki vi\u00f0 y\u00f0ur: syndgist ekki \u00e1 sveininum! en \u00fe\u00e9r gegndu\u00f0 \u00fev\u00ed ekki!<a name=\"23\"><span class=\"versanumer\">23<\/span><\/a>En \u00feeir vissu ekki a\u00f0 J\u00f3sep skildi \u00feetta; \u00fev\u00ed \u00feeir br\u00faku\u00f0u t\u00falk,<a name=\"24\"><span class=\"versanumer\">24<\/span><\/a>og hann sneri s\u00e9r undan og gr\u00e9t, s\u00ed\u00f0an sneri hann s\u00e9r a\u00f0 \u00feeim aftur og tala\u00f0i vi\u00f0 \u00fe\u00e1, og t\u00f3k Simeon og batt hann fyrir \u00feeirra augum.<a name=\"25\"><span class=\"versanumer\">25<\/span><\/a>s\u00ed\u00f0an skipa\u00f0i J\u00f3sep a\u00f0 fylla \u00feeirra sekki me\u00f0 korn, og l\u00e1ta silfur hvers eins \u00feeirra \u00ed hans sekk, og svo nesti til fer\u00f0arinnar. Og \u00feetta var gj\u00f6rt.<a name=\"26\"><span class=\"versanumer\">26<\/span><\/a>Svo l\u00e9tu \u00feeir korni\u00f0 upp \u00e1 s\u00edna asna og f\u00f3ru af sta\u00f0. <br \/><a name=\"27\"><span class=\"versanumer\">27<\/span><\/a>En sem einn af \u00feeim opna\u00f0i sinn sekk til a\u00f0 gefa asna s\u00ednum f\u00f3\u00f0ur \u00e1 gistingarsta\u00f0num, s\u00e1 hann sitt silfur, og sj\u00e1! \u00fea\u00f0 l\u00e1 efst \u00ed hans sekk.<a name=\"28\"><span class=\"versanumer\">28<\/span><\/a>Og hann sag\u00f0i br\u00e6\u00f0rum s\u00ednum fr\u00e1: mitt silfur er komi\u00f0 aftur, sj\u00e1! \u00fea\u00f0 liggur \u00ed m\u00ednum sekk. \u00de\u00e1 hvarf \u00feeim hugur og skj\u00e1lfandi af hr\u00e6\u00f0slu s\u00f6g\u00f0u \u00feeir hver vi\u00f0 annan: \u00fev\u00ed hefur Gu\u00f0 gj\u00f6rt oss \u00feetta?<a name=\"29\"><span class=\"versanumer\">29<\/span><\/a>Og \u00feeir komu til Jakobs, f\u00f6\u00f0ur s\u00edns, \u00ed Kanaansland, og s\u00f6g\u00f0u honum fr\u00e1 \u00f6llu sem fram vi\u00f0 \u00fe\u00e1 haf\u00f0i komi\u00f0 me\u00f0 \u00feessum or\u00f0um:<a name=\"30\"><span class=\"versanumer\">30<\/span><\/a>Ma\u00f0urinn sem er herra \u00ed landinu tala\u00f0i oss har\u00f0lega til, og sag\u00f0i v\u00e9r v\u00e6rum nj\u00f3snarmenn \u00ed landinu.<a name=\"31\"><span class=\"versanumer\">31<\/span><\/a>Og v\u00e9r s\u00f6g\u00f0um til hans: v\u00e9r erum hrekkjalausir menn, v\u00e9r erum ekki nj\u00f3snarmenn;<a name=\"32\"><span class=\"versanumer\">32<\/span><\/a>t\u00f3lf br\u00e6\u00f0ur erum v\u00e9r, synir vors f\u00f6\u00f0urs; s\u00e1 eini er ekki framar til, og s\u00e1 yngsti er n\u00fa hj\u00e1 f\u00f6\u00f0ur vorum \u00ed Kanaanslandi.<a name=\"33\"><span class=\"versanumer\">33<\/span><\/a>\u00de\u00e1 sag\u00f0i ma\u00f0urinn, landsins herra, vi\u00f0 oss: \u00fear af skal eg vita hvert \u00fe\u00e9r eru\u00f0 hrekkjalausir: l\u00e1ti\u00f0 einn af y\u00f0ur ver\u00f0a eftir hj\u00e1 m\u00e9r, og taki\u00f0 nau\u00f0synjar y\u00f0ar heimila, og fari\u00f0 svo,<a name=\"34\"><span class=\"versanumer\">34<\/span><\/a>og komi\u00f0 me\u00f0 y\u00f0ar yngsta br\u00f3\u00f0ur til m\u00edn, svo eg sj\u00e1i, a\u00f0 \u00fe\u00e9r eru\u00f0 ekki nj\u00f3snarar, a\u00f0 \u00fe\u00e9r eru\u00f0 hrekkjalausir menn; svo skulu\u00f0 \u00fe\u00e9r fr\u00e1 br\u00f3\u00f0ur y\u00f0ar aftur, og \u00fe\u00e9r skulu\u00f0 eiga kaupskap \u00ed landinu.<a name=\"35\"><span class=\"versanumer\">35<\/span><\/a>En \u00fea\u00f0 ske\u00f0i, \u00fe\u00e1 \u00feeir helltu \u00far s\u00ednum sekkjum, sj\u00e1! \u00fe\u00e1 var hvers eins peninga pyngja \u00ed hans sekk, og er \u00feeir s\u00e1u s\u00ednar pyngjur, skelku\u00f0ust \u00feeir, og \u00feeirra fa\u00f0ir.<a name=\"36\"><span class=\"versanumer\">36<\/span><\/a>Og Jakob fa\u00f0ir \u00feeirra sag\u00f0i til \u00feeirra: \u00fe\u00e9r gj\u00f6ri\u00f0 mig barnlausan. J\u00f3sep er farinn, Simeon er farinn, og Benjam\u00edn vilji\u00f0 \u00fe\u00e9r taka; allt \u00feetta kemur yfir mig.<a name=\"37\"><span class=\"versanumer\">37<\/span><\/a>Og R\u00faben sag\u00f0i vi\u00f0 f\u00f6\u00f0ur sinn: \u00fe\u00fa m\u00e1tt dey\u00f0a b\u00e1\u00f0a syni m\u00edna, ef eg f\u00e6ri \u00fe\u00e9r hann ekki aftur, f\u00e1 \u00fe\u00fa m\u00e9r hann \u00ed h\u00f6nd, eg skal aftur koma me\u00f0 hann til \u00fe\u00edn.<a name=\"38\"><span class=\"versanumer\">38<\/span><\/a>Og Jakob sag\u00f0i: ekki skal sonur minn fara me\u00f0 y\u00f0ur, \u00fev\u00ed br\u00f3\u00f0ir hans er dau\u00f0ur, og \u00feessi er einn eftir, og ver\u00f0i hann fyrir slysum \u00e1 \u00feeim vegi sem \u00fe\u00e9r fari\u00f0, \u00fe\u00e1 lei\u00f0i\u00f0 \u00fe\u00e9r m\u00ednar h\u00e6rur me\u00f0 harmi ni\u00f0ur \u00ed helju.<\/p>\n<div class=\"footnoteVidey\"><\/div>\n","protected":false},"excerpt":{"rendered":"<p>J\u00f3seps 10 br\u00e6\u00f0ur koma til Egyptalands a\u00f0 kaupa korn. 1Og Jakob s\u00e1 a\u00f0 korn var (falt) \u00ed Egyptalandi; \u00fev\u00ed sag\u00f0i hann vi\u00f0 syni s\u00edna: hva\u00f0 horfi\u00f0 \u00fe\u00e9r hver upp \u00e1 annan?2og hann m\u00e6lti: sj\u00e1! eg hefi heyrt a\u00f0 korn s\u00e9 \u00ed Egyptalandi, fari\u00f0 \u00fev\u00ed og kaupi\u00f0 oss \u00fea\u00f0an, a\u00f0 v\u00e9r lifum og deyjum ekki.3\u00de\u00e1 l\u00f6g\u00f0u \u00feeir 10 br\u00e6\u00f0ur af sta\u00f0, til a\u00f0 kaupa korn \u00ed Egyptalandi.4En Benjam\u00edn br\u00f3\u00f0ir J\u00f3seps, sendi Jakob ekki me\u00f0 br\u00e6\u00f0runum, \u00fev\u00ed hann hugsa\u00f0i honum kynni a\u00f0 vilja eitthvert slys til.5Svo komu \u00cdsraels synir a\u00f0 kaupa korn me\u00f0al annarra sem komu; \u00fev\u00ed hungur var \u00ed Kanaanslandi. 6En <a href=\"https:\/\/biblian.is\/videy\/fyrsta-mosebok-42-kafli\/\"> [&#8230;]<\/a><\/p>\n","protected":false},"author":1,"featured_media":0,"parent":0,"menu_order":0,"comment_status":"open","ping_status":"open","template":"bibliukaflar.php","meta":{"footnotes":""},"class_list":["post-20891","page","type-page","status-publish","hentry"],"_links":{"self":[{"href":"https:\/\/biblian.is\/videy\/wp-json\/wp\/v2\/pages\/20891","targetHints":{"allow":["GET"]}}],"collection":[{"href":"https:\/\/biblian.is\/videy\/wp-json\/wp\/v2\/pages"}],"about":[{"href":"https:\/\/biblian.is\/videy\/wp-json\/wp\/v2\/types\/page"}],"author":[{"embeddable":true,"href":"https:\/\/biblian.is\/videy\/wp-json\/wp\/v2\/users\/1"}],"replies":[{"embeddable":true,"href":"https:\/\/biblian.is\/videy\/wp-json\/wp\/v2\/comments?post=20891"}],"version-history":[{"count":0,"href":"https:\/\/biblian.is\/videy\/wp-json\/wp\/v2\/pages\/20891\/revisions"}],"wp:attachment":[{"href":"https:\/\/biblian.is\/videy\/wp-json\/wp\/v2\/media?parent=20891"}],"curies":[{"name":"wp","href":"https:\/\/api.w.org\/{rel}","templated":true}]}}