{"id":20890,"date":"2018-01-02T00:59:25","date_gmt":"2018-01-02T00:59:25","guid":{"rendered":"http:\/\/biblian.is\/videy\/fyrsta-mosebok-41-kafli\/"},"modified":"2018-01-02T00:59:25","modified_gmt":"2018-01-02T00:59:25","slug":"fyrsta-mosebok-41-kafli","status":"publish","type":"page","link":"https:\/\/biblian.is\/videy\/fyrsta-mosebok-41-kafli\/","title":{"rendered":"Fyrsta M\u00f3seb\u00f3k 41. kafli"},"content":{"rendered":"<div class=\"fyrirsognVidey\">1.) Fara\u00f3 dreymir. 2.) J\u00f3sep r\u00e6\u00f0ur drauminn, og 3.) kemst \u00fear fyrir til upphef\u00f0ar.<\/div>\n<p><a name=\"1\"><span class=\"versanumer\">1<\/span><\/a><span style='font-weight:bold;padding-left:10px'>1.)<\/span> En \u00fea\u00f0 ske\u00f0i, a\u00f0 tveim \u00e1rum li\u00f0num, a\u00f0 fara\u00f3 dreymdi draum, hann \u00fe\u00f3ttist standa vi\u00f0 \u00e1na;<a name=\"2\"><span class=\"versanumer\">2<\/span><\/a>og sj\u00e1! a\u00f0 upp \u00far \u00e1nni komu sj\u00f6 k\u00fdr fallegar \u00fatlits og feitar \u00e1 hold, og bitu engi\u00f0.<a name=\"3\"><span class=\"versanumer\">3<\/span><\/a>Og sj\u00e1! sj\u00f6 a\u00f0rar k\u00fdr komu, eftir hinar, upp \u00far \u00e1nni; lj\u00f3tar \u00fatlits og magrar \u00e1 hold, og sta\u00f0n\u00e6mdust hj\u00e1 hinum k\u00fanum \u00e1 \u00e1rbakkanum;<a name=\"4\"><span class=\"versanumer\">4<\/span><\/a>og \u00fe\u00e6r k\u00fdrnar sem lj\u00f3tar voru \u00fatlits og magrar \u00e1 hold, \u00e1tu upp hinar sj\u00f6 k\u00fdrnar sem voru fallegar \u00fatlits og feitar \u00e1 hold. \u00de\u00e1 vakna\u00f0i fara\u00f3.<a name=\"5\"><span class=\"versanumer\">5<\/span><\/a>Og hann sofna\u00f0i aftur og dreymdi \u00ed anna\u00f0 sinn, og sj\u00e1! sj\u00f6 axin spruttu \u00e1 <span class='VideyAth'>(h\u00e1lm)<\/span>st\u00f6ng \u00fer\u00fdstileg og v\u00e6n;<a name=\"6\"><span class=\"versanumer\">6<\/span><\/a>og sj\u00e1! \u00f6nnur sj\u00f6 gr\u00f6nn og af austanvindi kalin spruttu eftir hin.<a name=\"7\"><span class=\"versanumer\">7<\/span><\/a>Og \u00feessi gr\u00f6nnu axin uppsvelgdu hin sj\u00f6 \u00fer\u00fdstilegu og v\u00e6nu axin. \u00de\u00e1 vakna\u00f0i fara\u00f3, og sj\u00e1! \u00fea\u00f0 var draumur.<a name=\"8\"><span class=\"versanumer\">8<\/span><\/a>Og um morguninn var hans andi \u00f3r\u00f3legur, og hann sendi og kalla\u00f0i til s\u00edn alla Egyptalands sp\u00e1fararmenn, og alla s\u00edna vitringa, og fara\u00f3 sag\u00f0i \u00feeim sinn draum; en enginn gat r\u00e1\u00f0i\u00f0 hann fyrir fara\u00f3.<br \/><a name=\"9\"><span class=\"versanumer\">9<\/span><\/a><span style='font-weight:bold;padding-left:10px'>2.)<\/span> \u00de\u00e1 tala\u00f0i s\u00e1 \u00e6\u00f0sti skenkjari vi\u00f0 fara\u00f3 og m\u00e6lti: n\u00fa minnist eg minnar syndar,<a name=\"10\"><span class=\"versanumer\">10<\/span><\/a>\u00fe\u00e1 fara\u00f3 reiddist s\u00ednum \u00fer\u00e6lum, og setti mig \u00ed var\u00f0hald \u00ed h\u00fasi herforingjans, mig, og \u00feann \u00e6\u00f0sta bakara.<a name=\"11\"><span class=\"versanumer\">11<\/span><\/a>\u00de\u00e1 dreymdi okkur \u00e1 s\u00f6mu n\u00f3tt draum, mig og hann; sinn drauminn hvern okkar, eftir \u00fe\u00fd\u00f0ingu draumsins.<a name=\"12\"><span class=\"versanumer\">12<\/span><\/a>\u00dear var me\u00f0 okkur hebreskur ungur ma\u00f0ur, \u00fej\u00f3n herforingjans, honum s\u00f6g\u00f0um vi\u00f0 fr\u00e1, og hann r\u00e9\u00f0 fyrir okkur draumana, hvern drauminn r\u00e9\u00f0i hann eins og hann \u00fe\u00fdddi;<a name=\"13\"><span class=\"versanumer\">13<\/span><\/a>og \u00fat\u00fe\u00fd\u00f0ingin gekkst eftir, \u00fev\u00ed eg var aftur settur til m\u00edns emb\u00e6ttis, en bakarinn var hengdur.<br \/><a name=\"14\"><span class=\"versanumer\">14<\/span><\/a>\u00de\u00e1 sendi fara\u00f3 og kalla\u00f0i J\u00f3sep, og \u00feeir s\u00f3ttu hann sem flj\u00f3tast \u00far fangelsinu; hann skar sitt h\u00e1r og f\u00f3r \u00ed \u00f6nnur kl\u00e6\u00f0i, og gekk inn fyrir fara\u00f3.<a name=\"15\"><span class=\"versanumer\">15<\/span><\/a>\u00de\u00e1 sag\u00f0i fara\u00f3 vi\u00f0 J\u00f3sep: mig hefur dreymt draum, og enginn getur r\u00e1\u00f0i\u00f0 hann, en eg hefi af \u00fe\u00e9r fr\u00e9tt, a\u00f0 \u00fe\u00fa r\u00e1\u00f0ir hvern draum sem \u00fe\u00fa heyrir.<a name=\"16\"><span class=\"versanumer\">16<\/span><\/a>\u00de\u00e1 svara\u00f0i J\u00f3sep fara\u00f3 og m\u00e6lti: \u00fea\u00f0 er ekki \u00ed m\u00ednu valdi; en Gu\u00f0 l\u00e1ti drauminn bo\u00f0a fara\u00f3 lukku!<a name=\"17\"><span class=\"versanumer\">17<\/span><\/a>Og fara\u00f3 sag\u00f0i til J\u00f3seps: sj\u00e1! \u00ed m\u00ednum draumi st\u00f3\u00f0 eg \u00e1 \u00e1rbakkanum,<a name=\"18\"><span class=\"versanumer\">18<\/span><\/a>og sj\u00e1! upp \u00far \u00e1nni komu sj\u00f6 k\u00fdr feitar \u00e1 hold og fallegar \u00fatlits og bitu engi\u00f0.<a name=\"19\"><span class=\"versanumer\">19<\/span><\/a>Og sj\u00e1! sj\u00f6 a\u00f0rar k\u00fdr komu \u00e1 eftir \u00feessar, lj\u00f3tar \u00fatlits og magrar \u00e1 hold; eg hefi \u00ed \u00f6llu Egyptalandi engar s\u00e9\u00f0 jafnlj\u00f3tar.<a name=\"20\"><span class=\"versanumer\">20<\/span><\/a>Og \u00fe\u00e6r m\u00f6gru og lj\u00f3tu k\u00fdrnar \u00e1tu \u00fe\u00e6r sj\u00f6 fyrri feitu k\u00fdrnar,<a name=\"21\"><span class=\"versanumer\">21<\/span><\/a>en \u00fe\u00f3 \u00fe\u00e6r f\u00e6ru \u00ed \u00feeirra belg, var \u00fea\u00f0 ekki \u00e1 \u00feeim a\u00f0 sj\u00e1 a\u00f0 \u00fe\u00e6r hef\u00f0u \u00feanga\u00f0 komi\u00f0, \u00fev\u00ed \u00fe\u00e6r voru lj\u00f3tar sem \u00e1\u00f0ur. \u00de\u00e1 vakna\u00f0i eg.<a name=\"22\"><span class=\"versanumer\">22<\/span><\/a>Og eg s\u00e1 \u00ed m\u00ednum draumi, og sj\u00e1! sj\u00f6 axin spruttu \u00e1 einni st\u00f6ng, f\u00f6gur og \u00fer\u00fdstileg.<a name=\"23\"><span class=\"versanumer\">23<\/span><\/a>Og sj\u00f6 axin \u00feurr, \u00feunn og kalin af vindi spruttu upp eftir hin.<a name=\"24\"><span class=\"versanumer\">24<\/span><\/a>Og \u00feau \u00feurru axin svelgdu \u00ed sig \u00feau sj\u00f6 f\u00f6gru axin; og eg hefi sagt sp\u00e1fararm\u00f6nnunum fr\u00e1, og enginn \u00feeirra hefir geta\u00f0 r\u00e1\u00f0i\u00f0 m\u00e9r drauminn. <br \/><a name=\"25\"><span class=\"versanumer\">25<\/span><\/a>\u00de\u00e1 m\u00e6lti J\u00f3sep vi\u00f0 fara\u00f3: draumur fara\u00f3s er einn; \u00fea\u00f0 sem Gu\u00f0 vill gj\u00f6ra, hefir hann augl\u00fdst fara\u00f3.<a name=\"26\"><span class=\"versanumer\">26<\/span><\/a>\u00de\u00e6r sj\u00f6 f\u00f6gru k\u00fdr eru sj\u00f6 \u00e1r, og \u00feau sj\u00f6 f\u00f6gru axin eru sj\u00f6 \u00e1r; einn draumur er \u00feetta.<a name=\"27\"><span class=\"versanumer\">27<\/span><\/a>Og \u00fe\u00e6r sj\u00f6 m\u00f6gru og lj\u00f3tu k\u00fdr, sem eftir hinar komu, eru sj\u00f6 \u00e1r, og \u00feau sj\u00f6 \u00feunnu og af austanvindi svi\u00f0nu axin, munu ver\u00f0a sj\u00f6 hall\u00e6ris\u00e1r.<a name=\"28\"><span class=\"versanumer\">28<\/span><\/a>\u00dea\u00f0 er \u00fea\u00f0 sem eg sag\u00f0i fara\u00f3: \u00fea\u00f0 sem Gu\u00f0 vill gj\u00f6ra hefur hann l\u00e1ti\u00f0 fara\u00f3 sj\u00e1,<a name=\"29\"><span class=\"versanumer\">29<\/span><\/a>sj\u00e1! sj\u00f6 \u00e1r munu koma, og mikil gn\u00e6g\u00f0 \u00ed \u00f6llu Egyptalandi.<a name=\"30\"><span class=\"versanumer\">30<\/span><\/a>Og eftir \u00feau munu koma sj\u00f6 hungurs \u00e1r; og gleymast mun \u00f6ll gn\u00e6g\u00f0in \u00ed Egyptalandi, og hungri\u00f0 ey\u00f0a landi\u00f0.<a name=\"31\"><span class=\"versanumer\">31<\/span><\/a>Og menn munu ekki vita af n\u00e6gtum \u00ed landinu, vegna skortsins sem \u00e1 eftir kemur; \u00fev\u00ed hann er mikill.<a name=\"32\"><span class=\"versanumer\">32<\/span><\/a>En \u00fea\u00f0, a\u00f0 fara\u00f3 dreymdi tvisvar hi\u00f0 sama, merkir, a\u00f0 \u00feetta er fastr\u00e1\u00f0i\u00f0 af Gu\u00f0i, og Gu\u00f0 hra\u00f0ar s\u00e9r a\u00f0 framkv\u00e6ma \u00fea\u00f0.<a name=\"33\"><span class=\"versanumer\">33<\/span><\/a>\u00dev\u00ed sj\u00e1i fara\u00f3 sig n\u00fa um eftir frams\u00fdnum og vitrum manni, og setji hann yfir Egyptaland.<a name=\"34\"><span class=\"versanumer\">34<\/span><\/a>fara\u00f3 gj\u00f6ri \u00fea\u00f0, hann setji umsj\u00f3narmann yfir landi\u00f0 og taki fimmtung af landsins afrakstri \u00e1 \u00feeim sj\u00f6 n\u00e6gta\u00e1rum.<a name=\"35\"><span class=\"versanumer\">35<\/span><\/a>Og \u00feeir skulu safna matv\u00e6lum \u00e1 \u00feeim sj\u00f6 g\u00f3\u00f0u \u00e1rum sem fara \u00ed h\u00f6nd, og draga a\u00f0 korn undir fara\u00f3s geymslu, vistir \u00ed sta\u00f0ina, og geyma,<a name=\"36\"><span class=\"versanumer\">36<\/span><\/a>svo til s\u00e9u vistir til for\u00f0a fyrir landi\u00f0 \u00e1 \u00feeim sj\u00f6 hall\u00e6ris\u00e1rum, sem koma munu yfir Egyptaland, a\u00f0 landi\u00f0 ver\u00f0i ekki ey\u00f0ilagt af hungri.<a name=\"37\"><span class=\"versanumer\">37<\/span><\/a>\u00deetta tal l\u00edka\u00f0i fara\u00f3, og hans \u00fe\u00e9nurum.<br \/><a name=\"38\"><span class=\"versanumer\">38<\/span><\/a><span style='font-weight:bold;padding-left:10px'>3.)<\/span> Og fara\u00f3 sag\u00f0i vi\u00f0 s\u00edna \u00fe\u00e9nara: munum v\u00e9r finna mann sem \u00feennan \u00ed hverjum Gu\u00f0s andi er.<a name=\"39\"><span class=\"versanumer\">39<\/span><\/a>Og fara\u00f3 sag\u00f0i til J\u00f3seps: \u00fear e\u00f0 Gu\u00f0 hefur kunngj\u00f6rt \u00fe\u00e9r allt \u00feetta, svo er enginn eins hygginn og vitur sem \u00fe\u00fa.<a name=\"40\"><span class=\"versanumer\">40<\/span><\/a>\u00deig set eg yfir allt mitt h\u00fas og \u00fe\u00ednum or\u00f0um skal \u00f6ll \u00fej\u00f3\u00f0 m\u00edn hl\u00fd\u00f0a, og a\u00f0 h\u00e1s\u00e6tinu einu skal eg vera efri enn \u00fe\u00fa.<a name=\"41\"><span class=\"versanumer\">41<\/span><\/a>Og fara\u00f3 sag\u00f0i til J\u00f3seps: sj\u00e1! eg set \u00feig yfir allt Egyptaland.<a name=\"42\"><span class=\"versanumer\">42<\/span><\/a>Og fara\u00f3 t\u00f3k sinn hring af sinni hendi, og setti hann \u00e1 J\u00f3seps h\u00f6nd, og kl\u00e6ddi hann \u00ed silkikl\u00e6\u00f0i og l\u00e9t gullke\u00f0ju um hans h\u00e1ls;<a name=\"43\"><span class=\"versanumer\">43<\/span><\/a>Og l\u00e9t aka honum \u00ed s\u00ednum \u00f6\u00f0rum vagni og menn hr\u00f3pu\u00f0u fyrir honum: l\u00fati\u00f0 honum! \u00fev\u00ed hann er settur yfir allt Egyptaland.<a name=\"44\"><span class=\"versanumer\">44<\/span><\/a>Og fara\u00f3 sag\u00f0i vi\u00f0 J\u00f3sep: Eg er fara\u00f3, og \u00e1n \u00fe\u00edns vilja skal enginn hr\u00e6ra h\u00f6nd e\u00f0a f\u00f3t \u00ed \u00f6llu Egyptalandi.<a name=\"45\"><span class=\"versanumer\">45<\/span><\/a>Og fara\u00f3 kalla\u00f0i J\u00f3sep heimsins bjargv\u00e6tt, og gaf honum Asnat, fyrir konu, d\u00f3ttur P\u00f3t\u00edfars, prests \u00ed On. Og J\u00f3sep fer\u00f0a\u00f0ist um Egyptaland.<a name=\"46\"><span class=\"versanumer\">46<\/span><\/a>En J\u00f3sep var 30 \u00e1ra gamall \u00feegar hann st\u00f3\u00f0 frammi fyrir fara\u00f3, Egyptalandsk\u00f3ngi. Og J\u00f3sep gekk \u00fat fr\u00e1 fara\u00f3 og fer\u00f0a\u00f0ist um allt Egyptaland.<a name=\"47\"><span class=\"versanumer\">47<\/span><\/a>Og landi\u00f0 gaf af s\u00e9r r\u00edkuglega uppskeru \u00feau sj\u00f6 n\u00e6gta\u00e1rin.<a name=\"48\"><span class=\"versanumer\">48<\/span><\/a>\u00de\u00e1 safna\u00f0i hann \u00f6llum matv\u00e6lum \u00feeirra sj\u00f6 g\u00f3\u00f0u \u00e1ra, sem voru \u00ed Egyptalandi og flutti \u00ed sta\u00f0ina; matv\u00e6li akranna, sem voru \u00ed kringum hvern sta\u00f0, flutti hann \u00ed sta\u00f0inn.<a name=\"49\"><span class=\"versanumer\">49<\/span><\/a>Og J\u00f3sep hr\u00faga\u00f0i saman korni sem sandi sj\u00e1varins, \u00e1kaflega miklu, \u00fear til menn h\u00e6ttu a\u00f0 telja; \u00fev\u00ed t\u00f6lu var\u00f0 ei \u00e1komi\u00f0.<a name=\"50\"><span class=\"versanumer\">50<\/span><\/a>En J\u00f3sepi f\u00e6ddust tveir synir, \u00e1\u00f0ur en hall\u00e6ris\u00e1rin komu, \u00fe\u00e1 syni f\u00e6ddi honum Asnat, d\u00f3ttir P\u00f3tifars prests \u00ed On.<a name=\"51\"><span class=\"versanumer\">51<\/span><\/a>Og J\u00f3sep nefndi \u00feann frumgetna Manasse, \u201e\u00fev\u00ed Gu\u00f0 hefur l\u00e1ti\u00f0 mig gleyma \u00f6llu m\u00ednu m\u00f3tl\u00e6ti og \u00f6llu h\u00fasi f\u00f6\u00f0ur m\u00edns.\u201c<a name=\"52\"><span class=\"versanumer\">52<\/span><\/a>Og \u00feann annan son kalla\u00f0i hann Efraim; \u201e\u00fev\u00ed Gu\u00f0 hefir gj\u00f6rt mig frj\u00f3vsaman \u00ed landi eymdar minnar.\u201c<br \/><a name=\"53\"><span class=\"versanumer\">53<\/span><\/a>Og \u00feau sj\u00f6 n\u00e6gta\u00e1r endu\u00f0u sem voru \u00ed Egyptalandi.<a name=\"54\"><span class=\"versanumer\">54<\/span><\/a>Og \u00feau sj\u00f6 hall\u00e6ris\u00e1r byrju\u00f0u, eins og J\u00f3sep haf\u00f0i sagt, og sultur var \u00ed \u00f6llum l\u00f6ndum, en \u00ed \u00f6llu Egyptalandi var brau\u00f0.<a name=\"55\"><span class=\"versanumer\">55<\/span><\/a>Og \u00fe\u00e1 Egyptaland hungra\u00f0i og f\u00f3lki\u00f0 ba\u00f0 fara\u00f3 um brau\u00f0, svo sag\u00f0i fara\u00f3 til allra egypskra: fari\u00f0 til J\u00f3seps, gj\u00f6ri\u00f0 \u00fea\u00f0 sem hann segir y\u00f0ur!<a name=\"56\"><span class=\"versanumer\">56<\/span><\/a>Og hungri\u00f0 gekk yfir allan heiminn, og J\u00f3sep opna\u00f0i allar hl\u00f6\u00f0ur, sem korn var \u00ed, og seldi egypskum korn, og hungri\u00f0 var miki\u00f0 \u00ed Egyptalandi.<a name=\"57\"><span class=\"versanumer\">57<\/span><\/a>Og \u00far \u00f6llum l\u00f6ndum komu menn til Egyptalands a\u00f0 kaupa korn hj\u00e1 J\u00f3sep, \u00fev\u00ed hungri\u00f0 var miki\u00f0 \u00ed \u00f6llum l\u00f6ndum.<\/p>\n<div class=\"footnoteVidey\">V. 11. \u00f3l\u00edka drauma eftir \u00fev\u00ed hvernig \u00feeir voru r\u00e1\u00f0nir e\u00f0a r\u00e9\u00f0ust.  V. 25. b\u00e1\u00f0ir draumarnir \u00fe\u00fd\u00f0a sama.<\/div>\n","protected":false},"excerpt":{"rendered":"<p>1.) Fara\u00f3 dreymir. 2.) J\u00f3sep r\u00e6\u00f0ur drauminn, og 3.) kemst \u00fear fyrir til upphef\u00f0ar. 11.) En \u00fea\u00f0 ske\u00f0i, a\u00f0 tveim \u00e1rum li\u00f0num, a\u00f0 fara\u00f3 dreymdi draum, hann \u00fe\u00f3ttist standa vi\u00f0 \u00e1na;2og sj\u00e1! a\u00f0 upp \u00far \u00e1nni komu sj\u00f6 k\u00fdr fallegar \u00fatlits og feitar \u00e1 hold, og bitu engi\u00f0.3Og sj\u00e1! sj\u00f6 a\u00f0rar k\u00fdr komu, eftir hinar, upp \u00far \u00e1nni; lj\u00f3tar \u00fatlits og magrar \u00e1 hold, og sta\u00f0n\u00e6mdust hj\u00e1 hinum k\u00fanum \u00e1 \u00e1rbakkanum;4og \u00fe\u00e6r k\u00fdrnar sem lj\u00f3tar voru \u00fatlits og magrar \u00e1 hold, \u00e1tu upp hinar sj\u00f6 k\u00fdrnar sem voru fallegar \u00fatlits og feitar \u00e1 hold. \u00de\u00e1 vakna\u00f0i fara\u00f3.5Og hann sofna\u00f0i aftur <a href=\"https:\/\/biblian.is\/videy\/fyrsta-mosebok-41-kafli\/\"> [&#8230;]<\/a><\/p>\n","protected":false},"author":1,"featured_media":0,"parent":0,"menu_order":0,"comment_status":"open","ping_status":"open","template":"bibliukaflar.php","meta":{"footnotes":""},"class_list":["post-20890","page","type-page","status-publish","hentry"],"_links":{"self":[{"href":"https:\/\/biblian.is\/videy\/wp-json\/wp\/v2\/pages\/20890","targetHints":{"allow":["GET"]}}],"collection":[{"href":"https:\/\/biblian.is\/videy\/wp-json\/wp\/v2\/pages"}],"about":[{"href":"https:\/\/biblian.is\/videy\/wp-json\/wp\/v2\/types\/page"}],"author":[{"embeddable":true,"href":"https:\/\/biblian.is\/videy\/wp-json\/wp\/v2\/users\/1"}],"replies":[{"embeddable":true,"href":"https:\/\/biblian.is\/videy\/wp-json\/wp\/v2\/comments?post=20890"}],"version-history":[{"count":0,"href":"https:\/\/biblian.is\/videy\/wp-json\/wp\/v2\/pages\/20890\/revisions"}],"wp:attachment":[{"href":"https:\/\/biblian.is\/videy\/wp-json\/wp\/v2\/media?parent=20890"}],"curies":[{"name":"wp","href":"https:\/\/api.w.org\/{rel}","templated":true}]}}