{"id":20889,"date":"2018-01-02T00:59:20","date_gmt":"2018-01-02T00:59:20","guid":{"rendered":"http:\/\/biblian.is\/videy\/fyrsta-mosebok-40-kafli\/"},"modified":"2018-01-02T00:59:20","modified_gmt":"2018-01-02T00:59:20","slug":"fyrsta-mosebok-40-kafli","status":"publish","type":"page","link":"https:\/\/biblian.is\/videy\/fyrsta-mosebok-40-kafli\/","title":{"rendered":"Fyrsta M\u00f3seb\u00f3k 40. kafli"},"content":{"rendered":"<div class=\"fyrirsognVidey\">Draumar \u00fatlag\u00f0ir af J\u00f3sep.<\/div>\n<p><a name=\"1\"><span class=\"versanumer\">1<\/span><\/a>S\u00e1 atbur\u00f0ur var\u00f0 \u00fear eftir, a\u00f0 skenkjari k\u00f3ngsins \u00ed Egyptalandi og bakarinn brutu \u00e1 m\u00f3ti herra s\u00ednum, Egyptalandsk\u00f3ngi.<a name=\"2\"><span class=\"versanumer\">2<\/span><\/a>Og fara\u00f3 reiddist b\u00e1\u00f0um s\u00ednum hir\u00f0m\u00f6nnum, \u00feeim \u00e6\u00f0sta skenkjara og \u00feeim \u00e6\u00f0sta bakara,<a name=\"3\"><span class=\"versanumer\">3<\/span><\/a>og l\u00e9t setja \u00fe\u00e1 \u00ed var\u00f0hald \u00ed h\u00fasi herforingjans, \u00ed myrkvastofu \u00fe\u00e1, hvar J\u00f3sep var var\u00f0veittur;<a name=\"4\"><span class=\"versanumer\">4<\/span><\/a>og herforinginn l\u00e9t J\u00f3sep \u00fej\u00f3na \u00feeim, og \u00feeir voru nokkurn t\u00edma \u00ed var\u00f0haldi. <br \/><a name=\"5\"><span class=\"versanumer\">5<\/span><\/a>N\u00fa dreymdi \u00fe\u00e1 b\u00e1\u00f0a draum, sinn drauminn hvern s\u00f6mu n\u00f3ttina, skenkjara og bakara k\u00f3ngsins \u00ed Egyptalandi, sem voru fangar \u00ed myrkvastofunni.<a name=\"6\"><span class=\"versanumer\">6<\/span><\/a>Og \u00fe\u00e1 J\u00f3sep kom inn til \u00feeirra um morguninn, og leit til \u00feeirra, s\u00e1 hann a\u00f0 \u00feeir voru \u00f3gla\u00f0ir.<a name=\"7\"><span class=\"versanumer\">7<\/span><\/a>Og hann spur\u00f0i fara\u00f3s hir\u00f0menn, sem voru me\u00f0 honum var\u00f0veittir \u00ed h\u00fasi hans herra, og m\u00e6lti: hvers vegna eru\u00f0 \u00fe\u00e9r svo dauflegir \u00e1 svipinn \u00ed dag?<a name=\"8\"><span class=\"versanumer\">8<\/span><\/a>\u00deeir sv\u00f6ru\u00f0u: okkur hefur dreymt draum, og h\u00e9r er enginn sem geti r\u00e1\u00f0i\u00f0 hann. \u00de\u00e1 sag\u00f0i J\u00f3sep vi\u00f0 \u00fe\u00e1: Er \u00fea\u00f0 ekki Gu\u00f0s a\u00f0 r\u00e1\u00f0a <span class='VideyAth'>(drauma)<\/span>; segi\u00f0 m\u00e9r \u00fe\u00e1 samt!<a name=\"9\"><span class=\"versanumer\">9<\/span><\/a>\u00de\u00e1 sag\u00f0i hinn \u00e6\u00f0sti skenkjari J\u00f3sep draum sinn og m\u00e6lti: mig dreymdi a\u00f0 v\u00ednvi\u00f0ur v\u00e6ri gegnt m\u00e9r;<a name=\"10\"><span class=\"versanumer\">10<\/span><\/a>\u00e1 honum voru \u00ferj\u00e1r greinir, og v\u00ednvi\u00f0urinn var svo sem bl\u00f3mstrandi, og v\u00ednberin or\u00f0in frj\u00f3v;<a name=\"11\"><span class=\"versanumer\">11<\/span><\/a>en fara\u00f3s bikar var \u00ed minni hendi, og eg t\u00f3k v\u00ednberin og sprengdi \u00feau \u00ed bikar fara\u00f3s, og r\u00e9tti svo bikarinn a\u00f0 fara\u00f3.<a name=\"12\"><span class=\"versanumer\">12<\/span><\/a>\u00de\u00e1 sag\u00f0i J\u00f3sep til hans: \u00feessi er draumsins \u00fe\u00fd\u00f0ing: \u00fe\u00e6r \u00ferj\u00e1r v\u00ednvi\u00f0argreinir eru \u00fer\u00edr dagar,<a name=\"13\"><span class=\"versanumer\">13<\/span><\/a>og a\u00f0 \u00feremur d\u00f6gum li\u00f0num mun fara\u00f3 hefja \u00feitt h\u00f6fu\u00f0 og setja \u00feig aftur inn \u00ed \u00feitt emb\u00e6tti, svo \u00fe\u00fa munt r\u00e9tta bikarinn \u00ed fara\u00f3s h\u00f6nd, eins og \u00e1\u00f0ur me\u00f0an \u00fe\u00fa varst hans skenkjari.<a name=\"14\"><span class=\"versanumer\">14<\/span><\/a>En mundu til m\u00edn \u00feegar \u00fe\u00e9r gengur \u00ed vil, og au\u00f0s\u00fdndu m\u00e9r \u00fe\u00e1 g\u00f3\u00f0semi, a\u00f0 minnast \u00e1 mig vi\u00f0 fara\u00f3, og hj\u00e1lpa \u00fe\u00fa m\u00e9r \u00far \u00feessu h\u00fasi;<a name=\"15\"><span class=\"versanumer\">15<\/span><\/a>\u00fev\u00ed stoli\u00f0 var m\u00e9r \u00far hebreskra landi, og s\u00ed\u00f0an eg var hinga\u00f0 fluttur, hefi eg ekkert \u00fea\u00f0 a\u00f0hafst er inni til, a\u00f0 \u00feeir settu mig \u00ed \u00feessa myrkvastofu.<a name=\"16\"><span class=\"versanumer\">16<\/span><\/a>En sem hinn \u00e6\u00f0sti bakari s\u00e1 a\u00f0 hann r\u00e9\u00f0i vel, sag\u00f0i hann til J\u00f3seps: mig dreymdi a\u00f0 eg b\u00e6ri \u00e1 h\u00f6f\u00f0inu \u00ferj\u00e1r k\u00f6rfur me\u00f0 hveiti brau\u00f0i.<a name=\"17\"><span class=\"versanumer\">17<\/span><\/a>Og \u00ed efstu k\u00f6rfunni voru alls lags kr\u00e1sir fara\u00f3s, k\u00f6kur nl. og fuglarnir \u00e1tu \u00fe\u00e6r \u00far k\u00f6rfunni \u00e1 m\u00ednu h\u00f6f\u00f0i.<a name=\"18\"><span class=\"versanumer\">18<\/span><\/a>\u00de\u00e1 svara\u00f0i J\u00f3sep og m\u00e6lti: \u00feessi er draumsins \u00fe\u00fd\u00f0ing: \u00ferj\u00e1r karfir eru \u00fer\u00edr dagar;<a name=\"19\"><span class=\"versanumer\">19<\/span><\/a>eftir \u00ferj\u00e1 daga h\u00e9r fr\u00e1 mun fara\u00f3 hefja \u00feitt h\u00f6fu\u00f0 fr\u00e1 \u00fe\u00e9r, og hengja \u00feig \u00ed g\u00e1lga og fuglar munu eta af \u00fe\u00e9r \u00feitt hold.<br \/><a name=\"20\"><span class=\"versanumer\">20<\/span><\/a>Og \u00fea\u00f0 ske\u00f0i \u00e1 \u00feri\u00f0ja degi \u00e1 fara\u00f3s bur\u00f0ardegi a\u00f0 hann gj\u00f6r\u00f0i heimbo\u00f0 \u00f6llum s\u00ednum \u00fe\u00e9nurum, og hann h\u00f3f upp h\u00f6fu\u00f0 \u00feess \u00e6\u00f0sta skenkjara og h\u00f6fu\u00f0 \u00feess \u00e6\u00f0sta bakara me\u00f0al sinna \u00fe\u00e9nara.<a name=\"21\"><span class=\"versanumer\">21<\/span><\/a>Og setti \u00feann \u00e6\u00f0sta skenkjara aftur til s\u00edns emb\u00e6ttis, a\u00f0 hann r\u00e9tti bikarinn aftur \u00ed fara\u00f3s h\u00f6nd.<a name=\"22\"><span class=\"versanumer\">22<\/span><\/a>En hinn \u00e6\u00f0sta bakara l\u00e9t hann hengja, eins og J\u00f3sep haf\u00f0i r\u00e1\u00f0i\u00f0 drauminn.<a name=\"23\"><span class=\"versanumer\">23<\/span><\/a>Og s\u00e1 \u00e6\u00f0sti skenkjari hugsa\u00f0i ekki til J\u00f3seps, og gleymdi honum.<\/p>\n<div class=\"footnoteVidey\"><\/div>\n","protected":false},"excerpt":{"rendered":"<p>Draumar \u00fatlag\u00f0ir af J\u00f3sep. 1S\u00e1 atbur\u00f0ur var\u00f0 \u00fear eftir, a\u00f0 skenkjari k\u00f3ngsins \u00ed Egyptalandi og bakarinn brutu \u00e1 m\u00f3ti herra s\u00ednum, Egyptalandsk\u00f3ngi.2Og fara\u00f3 reiddist b\u00e1\u00f0um s\u00ednum hir\u00f0m\u00f6nnum, \u00feeim \u00e6\u00f0sta skenkjara og \u00feeim \u00e6\u00f0sta bakara,3og l\u00e9t setja \u00fe\u00e1 \u00ed var\u00f0hald \u00ed h\u00fasi herforingjans, \u00ed myrkvastofu \u00fe\u00e1, hvar J\u00f3sep var var\u00f0veittur;4og herforinginn l\u00e9t J\u00f3sep \u00fej\u00f3na \u00feeim, og \u00feeir voru nokkurn t\u00edma \u00ed var\u00f0haldi. 5N\u00fa dreymdi \u00fe\u00e1 b\u00e1\u00f0a draum, sinn drauminn hvern s\u00f6mu n\u00f3ttina, skenkjara og bakara k\u00f3ngsins \u00ed Egyptalandi, sem voru fangar \u00ed myrkvastofunni.6Og \u00fe\u00e1 J\u00f3sep kom inn til \u00feeirra um morguninn, og leit til \u00feeirra, s\u00e1 hann a\u00f0 \u00feeir voru \u00f3gla\u00f0ir.7Og <a href=\"https:\/\/biblian.is\/videy\/fyrsta-mosebok-40-kafli\/\"> [&#8230;]<\/a><\/p>\n","protected":false},"author":1,"featured_media":0,"parent":0,"menu_order":0,"comment_status":"open","ping_status":"open","template":"bibliukaflar.php","meta":{"footnotes":""},"class_list":["post-20889","page","type-page","status-publish","hentry"],"_links":{"self":[{"href":"https:\/\/biblian.is\/videy\/wp-json\/wp\/v2\/pages\/20889","targetHints":{"allow":["GET"]}}],"collection":[{"href":"https:\/\/biblian.is\/videy\/wp-json\/wp\/v2\/pages"}],"about":[{"href":"https:\/\/biblian.is\/videy\/wp-json\/wp\/v2\/types\/page"}],"author":[{"embeddable":true,"href":"https:\/\/biblian.is\/videy\/wp-json\/wp\/v2\/users\/1"}],"replies":[{"embeddable":true,"href":"https:\/\/biblian.is\/videy\/wp-json\/wp\/v2\/comments?post=20889"}],"version-history":[{"count":0,"href":"https:\/\/biblian.is\/videy\/wp-json\/wp\/v2\/pages\/20889\/revisions"}],"wp:attachment":[{"href":"https:\/\/biblian.is\/videy\/wp-json\/wp\/v2\/media?parent=20889"}],"curies":[{"name":"wp","href":"https:\/\/api.w.org\/{rel}","templated":true}]}}