{"id":20888,"date":"2018-01-02T00:59:20","date_gmt":"2018-01-02T00:59:20","guid":{"rendered":"http:\/\/biblian.is\/videy\/fyrsta-mosebok-39-kafli\/"},"modified":"2018-01-02T00:59:20","modified_gmt":"2018-01-02T00:59:20","slug":"fyrsta-mosebok-39-kafli","status":"publish","type":"page","link":"https:\/\/biblian.is\/videy\/fyrsta-mosebok-39-kafli\/","title":{"rendered":"Fyrsta M\u00f3seb\u00f3k 39. kafli"},"content":{"rendered":"<div class=\"fyrirsognVidey\">1.) J\u00f3sep \u00fej\u00f3nar dyggilega. 2.) l\u00e6tur sig ei lokka til syndar, 3.) er settur \u00ed myrkvastofu.<\/div>\n<p><a name=\"1\"><span class=\"versanumer\">1<\/span><\/a><span style='font-weight:bold;padding-left:10px'>1.)<\/span> En J\u00f3sep var fluttur til Egyptalands, og Potifar k\u00f3ngsins dr\u00f3ttseti og herforingi, ma\u00f0ur egypskur keypti hann af \u00cdsmaelitum, sem fluttu hann \u00feanga\u00f0.<a name=\"2\"><span class=\"versanumer\">2<\/span><\/a>En Drottinn var me\u00f0 J\u00f3sep, og hann var l\u00e1ngefinn, og var \u00ed h\u00fasi s\u00edns herra, \u00feess egypska manns.<a name=\"3\"><span class=\"versanumer\">3<\/span><\/a>Og \u00fe\u00e1 hans herra s\u00e1, a\u00f0 Drottinn var me\u00f0 honum, og l\u00e9t allt sem hann gj\u00f6r\u00f0i, fara honum vel \u00far hendi,<a name=\"4\"><span class=\"versanumer\">4<\/span><\/a>svo fann J\u00f3sep n\u00e1\u00f0 \u00ed hans augum, og var\u00f0 hans \u00fe\u00e9nari; og hans h\u00fassb\u00f3ndi setti hann yfir sitt h\u00fas, og f\u00e9kk honum \u00ed h\u00f6nd allt hva\u00f0 hann \u00e1tti.<a name=\"5\"><span class=\"versanumer\">5<\/span><\/a>Og \u00fea\u00f0 ske\u00f0i svo upp fr\u00e1 \u00feeim t\u00edma, a\u00f0 hann haf\u00f0i sett J\u00f3sep yfir sitt h\u00fas, og yfir allt sem hann \u00e1tti, a\u00f0 Drottinn blessa\u00f0i h\u00fas hins egypska, sakir J\u00f3seps, og Drottins blessan var yfir \u00f6llu sem hann \u00e1tti utanstokks og innan.<a name=\"6\"><span class=\"versanumer\">6<\/span><\/a>Hann f\u00e9kk J\u00f3sep \u00ed h\u00f6nd allt hva\u00f0 hann \u00e1tti, og skipti s\u00e9r af engu nema \u00feeim mat er hann \u00e1t. En J\u00f3sep var vel vaxinn og fr\u00ed\u00f0ur s\u00fdnum. <br \/><a name=\"7\"><span class=\"versanumer\">7<\/span><\/a><span style='font-weight:bold;padding-left:10px'>2.)<\/span> Og \u00fea\u00f0 ske\u00f0i eftir \u00feessa atbur\u00f0i, a\u00f0 kona h\u00fasb\u00f3ndans leit \u00e1staraugum til J\u00f3seps og m\u00e6lti: leggstu me\u00f0 m\u00e9r!<a name=\"8\"><span class=\"versanumer\">8<\/span><\/a>en hann f\u00e6r\u00f0ist undan og sag\u00f0i vi\u00f0 konu s\u00edns herra: sj\u00e1! herra minn l\u00edtur eftir engu \u00ed h\u00fasinu me\u00f0 m\u00e9r, og allt hva\u00f0 hans er, \u00fea\u00f0 er m\u00e9r fengi\u00f0 \u00ed h\u00f6nd.<a name=\"9\"><span class=\"versanumer\">9<\/span><\/a>Enginn er fremri m\u00e9r \u00ed \u00feessu h\u00fasi og hann fyrirmunar m\u00e9r ekkert nema \u00feig, a\u00f0 svo miklu leyti sem \u00fe\u00fa ert hans kona; hvernig skyldi eg \u00fe\u00e1 a\u00f0hafast svo mikla \u00f3h\u00e6fu og syndga \u00e1 m\u00f3ti Gu\u00f0i?<a name=\"10\"><span class=\"versanumer\">10<\/span><\/a>Og \u00fe\u00f3 h\u00fan tala\u00f0i \u00feessum or\u00f0um vi\u00f0 J\u00f3sep dag eftir dag, gegndi hann henni ekki til \u00feess a\u00f0 leggjast me\u00f0 henni, og vera hj\u00e1 henni.<a name=\"11\"><span class=\"versanumer\">11<\/span><\/a>Um \u00feetta leyti bar svo til, a\u00f0 J\u00f3sep gekk inn \u00ed h\u00fasi\u00f0 til starfa sinna, og engin heimilis ma\u00f0ur var inni.<a name=\"12\"><span class=\"versanumer\">12<\/span><\/a>\u00de\u00e1 greip h\u00fan \u00ed fat hans og m\u00e6lti: leggstu n\u00fa me\u00f0 m\u00e9r! en hann l\u00e9t fati\u00f0 ver\u00f0a eftir \u00ed hennar hendi, fl\u00fa\u00f0i og hlj\u00f3p \u00fat.<a name=\"13\"><span class=\"versanumer\">13<\/span><\/a>En sem h\u00fan s\u00e1 a\u00f0 fati\u00f0 var eftir or\u00f0i\u00f0 \u00ed hennar hendi, og a\u00f0 hann hlj\u00f3p \u00fat,<a name=\"14\"><span class=\"versanumer\">14<\/span><\/a>Kalla\u00f0i h\u00fan heimamennina inn \u00ed h\u00fasi\u00f0 og m\u00e6lti: sj\u00e1i\u00f0! hann <span class='VideyAth'>(ma\u00f0urinn minn)<\/span> hefir teki\u00f0 \u00feennan hebreska mann til vor a\u00f0 gj\u00f6ra oss vansa. Hann kom inn til m\u00edn, og vildi hafa lagst me\u00f0 m\u00e9r; \u00fe\u00e1 kalla\u00f0i eg h\u00e1rri r\u00f6dd;<a name=\"15\"><span class=\"versanumer\">15<\/span><\/a>en sem hann heyr\u00f0i a\u00f0 eg hr\u00f3pa\u00f0i og kalla\u00f0i h\u00e1tt, sleppti hann fatinu vi\u00f0 mig og fl\u00fa\u00f0i og hlj\u00f3p \u00fat.<a name=\"16\"><span class=\"versanumer\">16<\/span><\/a>Og h\u00fan lag\u00f0i fat hans hj\u00e1 s\u00e9r, \u00feanga\u00f0 til ma\u00f0ur hennar kom heim \u00ed sitt h\u00fas.<a name=\"17\"><span class=\"versanumer\">17<\/span><\/a>Og h\u00fan tala\u00f0i vi\u00f0 hann \u00f6ll s\u00f6mu or\u00f0 og m\u00e6lti: s\u00e1 hebreski \u00fer\u00e6ll sem \u00fe\u00fa hefur til vor haft, m\u00e9r til skammar, hann kom til m\u00edn;<a name=\"18\"><span class=\"versanumer\">18<\/span><\/a>og \u00fea\u00f0 ske\u00f0i, \u00fe\u00e1 eg kalla\u00f0i og hr\u00f3pa\u00f0i, a\u00f0 hann skildi eftir fat sitt hj\u00e1 m\u00e9r og hlj\u00f3p burt. <br \/><a name=\"19\"><span class=\"versanumer\">19<\/span><\/a><span style='font-weight:bold;padding-left:10px'>3.)<\/span> En sem h\u00fasb\u00f3ndi hans heyr\u00f0i or\u00f0 konu sinnar sem h\u00fan tala\u00f0i vi\u00f0 hann, segjandi: \u00feannig hefur \u00fer\u00e6ll \u00feinn haga\u00f0 s\u00e9r vi\u00f0 mig; \u00fe\u00e1 var\u00f0 hann \u00e1kaflega rei\u00f0ur,<a name=\"20\"><span class=\"versanumer\">20<\/span><\/a>Og J\u00f3seps herra t\u00f3k hann og setti hann \u00ed myrkvastofu, hvar k\u00f3ngsins fangar voru var\u00f0veittir, og hann sat \u00fear \u00ed fangelsi.<a name=\"21\"><span class=\"versanumer\">21<\/span><\/a>En Drottinn var me\u00f0 J\u00f3sep og \u00fatvega\u00f0i honum v\u00e6g\u00f0 og l\u00e9t hann finna n\u00e1\u00f0 hj\u00e1 forstj\u00f3ra myrkvastofunnar,<a name=\"22\"><span class=\"versanumer\">22<\/span><\/a>Og forstj\u00f3ri myrkvastofunnar f\u00e9kk J\u00f3sep \u00ed h\u00f6nd alla fangana sem voru \u00ed myrkvastofunni; og allat sem \u00fear skyldi gj\u00f6rast, \u00fea\u00f0 l\u00e9t hann J\u00f3sep annast.<a name=\"23\"><span class=\"versanumer\">23<\/span><\/a>Forstj\u00f3ri myrkvastofunnar leit ekki eftir neinu, sem var undir hans hendi; \u00fev\u00ed Drottinn var me\u00f0 honum; og hva\u00f0 sem hann gj\u00f6r\u00f0i, \u00fea\u00f0 l\u00e9t Drottinn heppnast.<\/p>\n<div class=\"footnoteVidey\">V. 6. \u00datlendir m\u00e1ttu ei matast me\u00f0 egypskum, sj\u00e1: 43,32. og ekki snerta \u00feeirra mat.<\/div>\n","protected":false},"excerpt":{"rendered":"<p>1.) J\u00f3sep \u00fej\u00f3nar dyggilega. 2.) l\u00e6tur sig ei lokka til syndar, 3.) er settur \u00ed myrkvastofu. 11.) En J\u00f3sep var fluttur til Egyptalands, og Potifar k\u00f3ngsins dr\u00f3ttseti og herforingi, ma\u00f0ur egypskur keypti hann af \u00cdsmaelitum, sem fluttu hann \u00feanga\u00f0.2En Drottinn var me\u00f0 J\u00f3sep, og hann var l\u00e1ngefinn, og var \u00ed h\u00fasi s\u00edns herra, \u00feess egypska manns.3Og \u00fe\u00e1 hans herra s\u00e1, a\u00f0 Drottinn var me\u00f0 honum, og l\u00e9t allt sem hann gj\u00f6r\u00f0i, fara honum vel \u00far hendi,4svo fann J\u00f3sep n\u00e1\u00f0 \u00ed hans augum, og var\u00f0 hans \u00fe\u00e9nari; og hans h\u00fassb\u00f3ndi setti hann yfir sitt h\u00fas, og f\u00e9kk honum \u00ed h\u00f6nd allt <a href=\"https:\/\/biblian.is\/videy\/fyrsta-mosebok-39-kafli\/\"> [&#8230;]<\/a><\/p>\n","protected":false},"author":1,"featured_media":0,"parent":0,"menu_order":0,"comment_status":"open","ping_status":"open","template":"bibliukaflar.php","meta":{"footnotes":""},"class_list":["post-20888","page","type-page","status-publish","hentry"],"_links":{"self":[{"href":"https:\/\/biblian.is\/videy\/wp-json\/wp\/v2\/pages\/20888","targetHints":{"allow":["GET"]}}],"collection":[{"href":"https:\/\/biblian.is\/videy\/wp-json\/wp\/v2\/pages"}],"about":[{"href":"https:\/\/biblian.is\/videy\/wp-json\/wp\/v2\/types\/page"}],"author":[{"embeddable":true,"href":"https:\/\/biblian.is\/videy\/wp-json\/wp\/v2\/users\/1"}],"replies":[{"embeddable":true,"href":"https:\/\/biblian.is\/videy\/wp-json\/wp\/v2\/comments?post=20888"}],"version-history":[{"count":0,"href":"https:\/\/biblian.is\/videy\/wp-json\/wp\/v2\/pages\/20888\/revisions"}],"wp:attachment":[{"href":"https:\/\/biblian.is\/videy\/wp-json\/wp\/v2\/media?parent=20888"}],"curies":[{"name":"wp","href":"https:\/\/api.w.org\/{rel}","templated":true}]}}