{"id":20887,"date":"2018-01-02T00:59:20","date_gmt":"2018-01-02T00:59:20","guid":{"rendered":"http:\/\/biblian.is\/videy\/fyrsta-mosebok-38-kafli\/"},"modified":"2018-01-02T00:59:20","modified_gmt":"2018-01-02T00:59:20","slug":"fyrsta-mosebok-38-kafli","status":"publish","type":"page","link":"https:\/\/biblian.is\/videy\/fyrsta-mosebok-38-kafli\/","title":{"rendered":"Fyrsta M\u00f3seb\u00f3k 38. kafli"},"content":{"rendered":"<div class=\"fyrirsognVidey\">Um J\u00fada og Tamar.<\/div>\n<p><a name=\"1\"><span class=\"versanumer\">1<\/span><\/a>Og \u00fea\u00f0 bar til um \u00feetta leyti, a\u00f0 J\u00fada f\u00f3r fr\u00e1 br\u00e6\u00f0rum s\u00ednum, og lag\u00f0i lag sitt vi\u00f0 mann nokkurn \u00ed Adullam, sem h\u00e9t H\u00edra.<a name=\"2\"><span class=\"versanumer\">2<\/span><\/a>\u00dear s\u00e1 J\u00fada d\u00f3ttur kanversks manns, sem h\u00e9t s\u00faa, og t\u00f3k hana og lag\u00f0ist me\u00f0 henni.<a name=\"3\"><span class=\"versanumer\">3<\/span><\/a>Og h\u00fan var\u00f0 \u00f3l\u00e9tt, og f\u00e6ddi son, og hann kalla\u00f0i hann Ger.<a name=\"4\"><span class=\"versanumer\">4<\/span><\/a>Og \u00ed anna\u00f0 sinn var\u00f0 h\u00fan \u00f3l\u00e9tt og f\u00e6ddi son, og kalla\u00f0i nafn hans Onan,<a name=\"5\"><span class=\"versanumer\">5<\/span><\/a>Enn n\u00fa f\u00e6ddi h\u00fan son og nefndi hann Sela; en J\u00fada var \u00ed Kesib, \u00fe\u00e1 h\u00fan f\u00e6ddi hann.<a name=\"6\"><span class=\"versanumer\">6<\/span><\/a>Og J\u00fada t\u00f3k konu til handa s\u00ednum frumgetna syni Ger, hennar nafn var Tamar.<a name=\"7\"><span class=\"versanumer\">7<\/span><\/a>En Ger, J\u00fada frumgetni son, var vondur \u00ed augs\u00fdn Drottins, og Drottinn deyddi hann.<a name=\"8\"><span class=\"versanumer\">8<\/span><\/a>\u00de\u00e1 m\u00e6lti J\u00fada vi\u00f0 Onan: leggst \u00fe\u00fa me\u00f0 konu br\u00f3\u00f0ur \u00fe\u00edns, og ekta \u00fe\u00fa hana \u00ed sta\u00f0 br\u00f3\u00f0ur \u00fe\u00edns, og afla \u00fe\u00fa br\u00f3\u00f0ur \u00fe\u00ednum afkv\u00e6mis.<a name=\"9\"><span class=\"versanumer\">9<\/span><\/a>En Onan vissi, a\u00f0 afkv\u00e6mi\u00f0 skyldi ei vera hans, og er hann lag\u00f0ist me\u00f0 konu br\u00f3\u00f0ur s\u00edns, l\u00e9t hann s\u00e6\u00f0i\u00f0 spillast \u00e1 j\u00f6r\u00f0u, svo hann g\u00e6fi ei br\u00f3\u00f0ur s\u00ednum afkv\u00e6mi.<a name=\"10\"><span class=\"versanumer\">10<\/span><\/a>\u00dea\u00f0 sem hann gj\u00f6r\u00f0i misl\u00edka\u00f0i Drottni, og hann deyddi hann l\u00edka.<a name=\"11\"><span class=\"versanumer\">11<\/span><\/a>\u00de\u00e1 sag\u00f0i J\u00fada vi\u00f0 Tamar, s\u00edna tengdad\u00f3ttur: vert \u00fe\u00fa sem ekkja \u00ed h\u00fasi f\u00f6\u00f0ur \u00fe\u00edns, \u00feanga\u00f0 til sonur minn Sela er fullt\u00ed\u00f0a; \u00fev\u00ed hann hugsa\u00f0i: ske m\u00e1 a\u00f0 hann deyi l\u00edka sem br\u00e6\u00f0ur hans. Svo f\u00f3r Tamar, og var \u00ed h\u00fasi f\u00f6\u00f0ur s\u00edns.<br \/><a name=\"12\"><span class=\"versanumer\">12<\/span><\/a>N\u00fa l\u00ed\u00f0a fram stundir, \u00feanga\u00f0 til d\u00f3ttir S\u00faa, kona J\u00fada deyr, og \u00feegar J\u00fada sorgardagar voru li\u00f0nir, f\u00f3r hann til Timnat a\u00f0 klippa sau\u00f0i s\u00edna, hann og vinur hans H\u00edra fr\u00e1 Adullam.<a name=\"13\"><span class=\"versanumer\">13<\/span><\/a>\u00deetta fr\u00e9tti Tamar, henni var sagt: sj\u00e1! tengdafa\u00f0ir \u00feinn fer til Timnat a\u00f0 klippa sau\u00f0i s\u00edna.<a name=\"14\"><span class=\"versanumer\">14<\/span><\/a>\u00de\u00e1 f\u00f3r h\u00fan \u00far s\u00ednum ekkjub\u00faningi, vaf\u00f0i um sig skikkju og huldi sig og settist vi\u00f0 port borgarinnar Enaim sem er \u00e1 veginum til Timnat; \u00fev\u00ed h\u00fan s\u00e1 a\u00f0 Sela var or\u00f0in fullt\u00ed\u00f0a, og h\u00fan var \u00fe\u00f3 ekki honum gefin fyrir konu.<a name=\"15\"><span class=\"versanumer\">15<\/span><\/a>Og J\u00fada s\u00e1 hana og h\u00e9lt a\u00f0 h\u00fan v\u00e6ri sk\u00e6kja, \u00fev\u00ed h\u00fan haf\u00f0i huli\u00f0 sitt andlit;<a name=\"16\"><span class=\"versanumer\">16<\/span><\/a>og hann v\u00e9k til hennar \u00e1 lei\u00f0inni og m\u00e6lti: leyf m\u00e9r a\u00f0 leggjast me\u00f0 \u00fe\u00e9r! \u00fev\u00ed hann vissi ekki a\u00f0 h\u00fan var hans tengdad\u00f3ttir. H\u00fan svara\u00f0i: hva\u00f0 viltu gefa m\u00e9r fyrir a\u00f0 \u00fe\u00fa leggist me\u00f0 m\u00e9r?<a name=\"17\"><span class=\"versanumer\">17<\/span><\/a>Og hann m\u00e6lti: eg skal senda \u00fe\u00e9r geithafur af hj\u00f6r\u00f0inni. H\u00fan svara\u00f0i: f\u00e1\u00f0u m\u00e9r \u00fe\u00e1 pant \u00feanga\u00f0 til \u00fe\u00fa sendir hann.<a name=\"18\"><span class=\"versanumer\">18<\/span><\/a>Hva\u00f0a pant \u00e1 eg a\u00f0 f\u00e1 \u00fe\u00e9r? sag\u00f0i hann, og h\u00fan svara\u00f0i: \u00feinn signetshring, sn\u00fdtukl\u00fat, og stafinn sem \u00fe\u00fa hefur \u00ed hendinni. Og hann f\u00e9kk henni \u00feetta, og lag\u00f0ist me\u00f0 henni, og h\u00fan f\u00e9kk getna\u00f0 af honum.<a name=\"19\"><span class=\"versanumer\">19<\/span><\/a>Og h\u00fan st\u00f3\u00f0 upp, gekk burt og lag\u00f0i af s\u00e9r sk\u00fdluna, og f\u00f3r aftur \u00ed sinn ekkjub\u00faning.<a name=\"20\"><span class=\"versanumer\">20<\/span><\/a>Og J\u00fada sendi geithafurinn me\u00f0 vin s\u00ednum fr\u00e1 Adullam, svo a\u00f0 hann fengi aftur pantinn af hendi konunnar; en hann fann hana ekki.<a name=\"21\"><span class=\"versanumer\">21<\/span><\/a>Og hann spur\u00f0i f\u00f3lk \u00ed \u00fev\u00ed pl\u00e1ssi, og sag\u00f0i: hvar er sk\u00e6kjan \u00ed Enaim vi\u00f0 veginn? og \u00feeir s\u00f6g\u00f0u: \u00fear hefur ekki sk\u00e6kja veri\u00f0.<a name=\"22\"><span class=\"versanumer\">22<\/span><\/a>Hann kom \u00fe\u00e1 aftur til J\u00fada og m\u00e6lti: ekki fann eg hana og menn \u00ed \u00fev\u00ed pl\u00e1ssi s\u00f6g\u00f0u: \u00fear hefur engin sk\u00e6kja veri\u00f0.<a name=\"23\"><span class=\"versanumer\">23<\/span><\/a>\u00de\u00e1 m\u00e6lti J\u00fada: haldi h\u00fan \u00fev\u00ed sem h\u00fan hefur, a\u00f0 v\u00e9r ver\u00f0um ekki fyrir vansa; sj\u00e1! eg sendi geithafurinn, eins og eg lofa\u00f0i, og \u00fe\u00fa fannst hana ekki.<a name=\"24\"><span class=\"versanumer\">24<\/span><\/a>En a\u00f0 li\u00f0num \u00feremur m\u00e1nu\u00f0um var J\u00fada sagt: Tamar tengdad\u00f3ttir \u00fe\u00edn hefur h\u00f3rast, og af los\u00e6\u00f0i s\u00ednu er h\u00fan or\u00f0in \u00feungu\u00f0. \u00de\u00e1 m\u00e6lti J\u00fada: fari\u00f0 burt me\u00f0 hana, svo a\u00f0 h\u00fan ve\u00f0ri brennd!<a name=\"25\"><span class=\"versanumer\">25<\/span><\/a>En er h\u00fan var \u00fatleidd, gj\u00f6r\u00f0i h\u00fan tengdaf\u00f6\u00f0ur s\u00ednum \u00feessa or\u00f0sending: af \u00feeim manni, sem \u00feetta \u00e1, hefi eg fengi\u00f0 getna\u00f0, kannastu vi\u00f0, k\u00e6ri! hver muni eiga \u00feennan signetshring, kl\u00fatinn og stafinn!<a name=\"26\"><span class=\"versanumer\">26<\/span><\/a>J\u00fada kanna\u00f0ist \u00fe\u00e1 vi\u00f0 \u00feetta og m\u00e6lti: h\u00fan hefur betri m\u00e1lsta\u00f0 en eg, \u00fev\u00ed eg hefi ekki gift hana syni m\u00ednum Sela. Og hann kenndi hennar ekki upp fr\u00e1 \u00fev\u00ed.<a name=\"27\"><span class=\"versanumer\">27<\/span><\/a>En er h\u00fan skyldi f\u00e6\u00f0a, sj\u00e1! \u00fe\u00e1 gekk h\u00fan me\u00f0 tv\u00edbura.<a name=\"28\"><span class=\"versanumer\">28<\/span><\/a>Og \u00fea\u00f0 ske\u00f0i, a\u00f0 \u00ed f\u00e6\u00f0ingunni kom fram h\u00f6ndin \u00e1 \u00f6\u00f0ru barninu, og lj\u00f3sm\u00f3\u00f0irin batt um hana rau\u00f0um \u00fer\u00e6\u00f0i og sag\u00f0i: \u00feessi f\u00e6ddist fyrr,<a name=\"29\"><span class=\"versanumer\">29<\/span><\/a>En svo f\u00f3r a\u00f0 barni\u00f0 t\u00f3k a\u00f0 s\u00e9r h\u00f6ndina, og \u00ed \u00fev\u00ed f\u00e6ddist br\u00f3\u00f0irinn, og h\u00fan m\u00e6lti: \u00fev\u00ed br\u00fakar \u00fe\u00fa ofbeldi? ofbeldi\u00f0 bitni \u00e1 \u00fe\u00e9r! og hann var kalla\u00f0ur Peres <span class='VideyAth'>(v\u00edkingur)<\/span>.<a name=\"30\"><span class=\"versanumer\">30<\/span><\/a>\u00dear eftir f\u00e6ddist br\u00f3\u00f0irinn, um hvers h\u00f6nd rau\u00f0i \u00fer\u00e1\u00f0urinn var; hann nefndu menn Sara <span class='VideyAth'>(upphaf)<\/span>.<\/p>\n<div class=\"footnoteVidey\"><\/div>\n","protected":false},"excerpt":{"rendered":"<p>Um J\u00fada og Tamar. 1Og \u00fea\u00f0 bar til um \u00feetta leyti, a\u00f0 J\u00fada f\u00f3r fr\u00e1 br\u00e6\u00f0rum s\u00ednum, og lag\u00f0i lag sitt vi\u00f0 mann nokkurn \u00ed Adullam, sem h\u00e9t H\u00edra.2\u00dear s\u00e1 J\u00fada d\u00f3ttur kanversks manns, sem h\u00e9t s\u00faa, og t\u00f3k hana og lag\u00f0ist me\u00f0 henni.3Og h\u00fan var\u00f0 \u00f3l\u00e9tt, og f\u00e6ddi son, og hann kalla\u00f0i hann Ger.4Og \u00ed anna\u00f0 sinn var\u00f0 h\u00fan \u00f3l\u00e9tt og f\u00e6ddi son, og kalla\u00f0i nafn hans Onan,5Enn n\u00fa f\u00e6ddi h\u00fan son og nefndi hann Sela; en J\u00fada var \u00ed Kesib, \u00fe\u00e1 h\u00fan f\u00e6ddi hann.6Og J\u00fada t\u00f3k konu til handa s\u00ednum frumgetna syni Ger, hennar nafn var Tamar.7En Ger, <a href=\"https:\/\/biblian.is\/videy\/fyrsta-mosebok-38-kafli\/\"> [&#8230;]<\/a><\/p>\n","protected":false},"author":1,"featured_media":0,"parent":0,"menu_order":0,"comment_status":"open","ping_status":"open","template":"bibliukaflar.php","meta":{"footnotes":""},"class_list":["post-20887","page","type-page","status-publish","hentry"],"_links":{"self":[{"href":"https:\/\/biblian.is\/videy\/wp-json\/wp\/v2\/pages\/20887","targetHints":{"allow":["GET"]}}],"collection":[{"href":"https:\/\/biblian.is\/videy\/wp-json\/wp\/v2\/pages"}],"about":[{"href":"https:\/\/biblian.is\/videy\/wp-json\/wp\/v2\/types\/page"}],"author":[{"embeddable":true,"href":"https:\/\/biblian.is\/videy\/wp-json\/wp\/v2\/users\/1"}],"replies":[{"embeddable":true,"href":"https:\/\/biblian.is\/videy\/wp-json\/wp\/v2\/comments?post=20887"}],"version-history":[{"count":0,"href":"https:\/\/biblian.is\/videy\/wp-json\/wp\/v2\/pages\/20887\/revisions"}],"wp:attachment":[{"href":"https:\/\/biblian.is\/videy\/wp-json\/wp\/v2\/media?parent=20887"}],"curies":[{"name":"wp","href":"https:\/\/api.w.org\/{rel}","templated":true}]}}