{"id":20886,"date":"2018-01-02T00:59:20","date_gmt":"2018-01-02T00:59:20","guid":{"rendered":"http:\/\/biblian.is\/videy\/fyrsta-mosebok-37-kafli\/"},"modified":"2018-01-02T00:59:20","modified_gmt":"2018-01-02T00:59:20","slug":"fyrsta-mosebok-37-kafli","status":"publish","type":"page","link":"https:\/\/biblian.is\/videy\/fyrsta-mosebok-37-kafli\/","title":{"rendered":"Fyrsta M\u00f3seb\u00f3k 37. kafli"},"content":{"rendered":"<div class=\"fyrirsognVidey\">J\u00f3sep dreymir\u2014er seldur mansali af br\u00e6\u00f0rum s\u00ednum.<\/div>\n<p><a name=\"1\"><span class=\"versanumer\">1<\/span><\/a>Og Jakob bj\u00f3 \u00ed \u00fev\u00ed landi, hvar fa\u00f0ir hans haf\u00f0i veri\u00f0, \u00ed Kanaanslandi.<a name=\"2\"><span class=\"versanumer\">2<\/span><\/a>\u00deetta er Jakobs saga: J\u00f3sep var 17 \u00e1ra gamall \u00fe\u00e1 hann g\u00e6tti sau\u00f0a me\u00f0 br\u00e6\u00f0rum s\u00ednum; en hann var sveinn me\u00f0 sonum Bilu og sonum Silpu, sem voru hj\u00e1konur f\u00f6\u00f0ur hans. Og J\u00f3sep sag\u00f0i f\u00f6\u00f0ur s\u00ednum fr\u00e1 \u00feeirra vonda rikti.<a name=\"3\"><span class=\"versanumer\">3<\/span><\/a>En \u00cdsrael elska\u00f0i J\u00f3sep meir en alla s\u00edna syni, \u00fev\u00ed hann haf\u00f0i \u00e1tt hann \u00ed elli sinni; og hann gj\u00f6r\u00f0i honum mislitan kyrtil.<a name=\"4\"><span class=\"versanumer\">4<\/span><\/a>En sem br\u00e6\u00f0ur hans s\u00e1u, a\u00f0 fa\u00f0ir \u00feeirra elska\u00f0i hann meir en alla hans br\u00e6\u00f0ur, h\u00f6tu\u00f0u \u00feeir hann, og g\u00e1tu ei tala\u00f0 vi\u00f0 hann vinsamlegt or\u00f0. <br \/><a name=\"5\"><span class=\"versanumer\">5<\/span><\/a>Og J\u00f3sep dreymdi draum, og sag\u00f0i hann br\u00e6\u00f0rum s\u00ednum; \u00feeir h\u00f6tu\u00f0u hann \u00fev\u00ed meir.<a name=\"6\"><span class=\"versanumer\">6<\/span><\/a>Og hann sag\u00f0i vi\u00f0 \u00fe\u00e1: heyri\u00f0 \u00fe\u00f3 \u00feennan draum, sem mig dreymdi!<a name=\"7\"><span class=\"versanumer\">7<\/span><\/a>sj\u00e1! v\u00e9r bundum vor kornbindi \u00e1 akrinum, og mitt kornbindi reisti sig upp og st\u00f3\u00f0, og y\u00f0ar kornbindi sneru s\u00e9r a\u00f0 og lutu m\u00ednu kornbindi.<a name=\"8\"><span class=\"versanumer\">8<\/span><\/a>\u00de\u00e1 s\u00f6g\u00f0u br\u00e6\u00f0ur hans vi\u00f0 hann: munt \u00fe\u00fa ver\u00f0a k\u00f3ngur yfir oss, munt \u00fe\u00fa drottna yfir oss? og \u00feeir h\u00f6tu\u00f0u hann \u00fev\u00ed meir, b\u00e6\u00f0i sakir draumsins og hans or\u00f0a.<a name=\"9\"><span class=\"versanumer\">9<\/span><\/a>Hann dreymdi aftur annan draum, og hann sag\u00f0i br\u00e6\u00f0rum s\u00ednum l\u00edka, og m\u00e6lti: mig hefur aftur dreymt draum, og sj\u00e1! s\u00f3lin, tungli\u00f0 og ellefu stj\u00f6rnur lutu m\u00e9r.<a name=\"10\"><span class=\"versanumer\">10<\/span><\/a>Hann sag\u00f0i \u00feennan draum f\u00f6\u00f0ur s\u00ednum og br\u00e6\u00f0rum s\u00ednum, en fa\u00f0ir hans \u00e1v\u00edtti hann og sag\u00f0i: hva\u00f0a draumur er \u00feetta sem \u00feig hefur dreymt? eigum v\u00e9r a\u00f0 koma, eg og m\u00f3\u00f0ir \u00fe\u00edn og br\u00e6\u00f0ur \u00fe\u00ednir og falla fram fyrir \u00fe\u00e9r?<a name=\"11\"><span class=\"versanumer\">11<\/span><\/a>Og hans br\u00e6\u00f0ur \u00f6fundu\u00f0u hann; en fa\u00f0ir hans geymdi \u00feetta hj\u00e1 s\u00e9r. <br \/><a name=\"12\"><span class=\"versanumer\">12<\/span><\/a>Og br\u00e6\u00f0ur hans f\u00f3ru a\u00f0 halda hj\u00f6r\u00f0um f\u00f6\u00f0ur s\u00edns \u00e1 haga \u00ed Sikem.<a name=\"13\"><span class=\"versanumer\">13<\/span><\/a>\u00de\u00e1 m\u00e6lti \u00cdsrael vi\u00f0 J\u00f3sep: hafa ekki br\u00e6\u00f0ur \u00fe\u00ednir hj\u00f6r\u00f0ina \u00e1 beit \u00ed Sikem? heyr\u00f0u! Eg \u00e6tla a\u00f0 senda \u00feig til \u00feeirra! og hann svara\u00f0i: h\u00e9r em eg!<a name=\"14\"><span class=\"versanumer\">14<\/span><\/a>Og hann sag\u00f0i til hans: far \u00fe\u00fa \u00fe\u00e1, og vit \u00fe\u00fa hvert br\u00e6\u00f0rum \u00fe\u00ednum l\u00ed\u00f0ur vel og hj\u00f6r\u00f0inni, og l\u00e1ttu mig svo vita \u00fea\u00f0! Og s\u00ed\u00f0an sendi hann J\u00f3sep \u00far dalnum Hebron; og hann f\u00f3r til Sikem.<a name=\"15\"><span class=\"versanumer\">15<\/span><\/a>\u00de\u00e1 hitti hann ma\u00f0ur nokkur ,og sj\u00e1! hann villtist \u00e1 m\u00f6rkinni; og ma\u00f0urinn spur\u00f0i hann og m\u00e6lti: a\u00f0 hverju leitar \u00fe\u00fa?<a name=\"16\"><span class=\"versanumer\">16<\/span><\/a>Hann svara\u00f0i: eg leita a\u00f0 br\u00e6\u00f0rum m\u00ednum; seg\u00f0u m\u00e9r, hvar eru \u00feeir me\u00f0 hj\u00f6r\u00f0ina.<a name=\"17\"><span class=\"versanumer\">17<\/span><\/a>Og ma\u00f0urinn sag\u00f0i: \u00feeir eru farnir h\u00e9\u00f0an, \u00fev\u00ed eg heyr\u00f0i \u00fe\u00e1 segja: v\u00e9r skulum fara til Dotan! Og J\u00f3sep f\u00f3r eftir br\u00e6\u00f0rum s\u00ednum og fann \u00fe\u00e1 \u00ed Dotan;<a name=\"18\"><span class=\"versanumer\">18<\/span><\/a>Og \u00feeir s\u00e1u hann \u00e1lengdar, og \u00e1\u00f0ur en hann n\u00e1l\u00e6g\u00f0ist, t\u00f3ku \u00feeir saman r\u00e1\u00f0 s\u00edn, a\u00f0 dey\u00f0a hann.<a name=\"19\"><span class=\"versanumer\">19<\/span><\/a>Og \u00feeir s\u00f6g\u00f0u hver vi\u00f0 annan: hana! \u00fearna kemur draumama\u00f0urinn!<a name=\"20\"><span class=\"versanumer\">20<\/span><\/a>Gott og vel! v\u00e9r skulum drepa hann, og kasta honum \u00ed gryfju, og svo segjum v\u00e9r: villud\u00fdr hefur eti\u00f0 hann, \u00fe\u00e1 skulum v\u00e9r sj\u00e1 hva\u00f0 \u00far draumum hans ver\u00f0ur.<a name=\"21\"><span class=\"versanumer\">21<\/span><\/a>Og R\u00faben heyr\u00f0i \u00fea\u00f0 og frelsa\u00f0i hann \u00far \u00feeirra h\u00f6ndum og m\u00e6lti: ekki skulum v\u00e9r sl\u00e1 hann \u00ed hel!<a name=\"22\"><span class=\"versanumer\">22<\/span><\/a>og R\u00faben tala\u00f0i \u00feetta enn framar vi\u00f0 \u00fe\u00e1: \u00fathelli\u00f0 ekki bl\u00f3\u00f0i, kasti\u00f0 honum \u00ed \u00feessa gr\u00f6f h\u00e9r \u00e1 ey\u00f0im\u00f6rkinni, leggi\u00f0 ekki h\u00f6nd \u00e1 hann\u2014\u00fev\u00ed hann \u00e6tla\u00f0i s\u00e9r a\u00f0 frelsa hann \u00far \u00feeirra h\u00f6ndum og f\u00e6ra hann aftur f\u00f6\u00f0ur s\u00ednum.<a name=\"23\"><span class=\"versanumer\">23<\/span><\/a>Og \u00fea\u00f0 ske\u00f0i \u00fe\u00e1 J\u00f3sep kom til br\u00e6\u00f0ra sinna, a\u00f0 \u00feeir f\u00e6r\u00f0u hann \u00far \u00feeim mislita kirtli sem hann var \u00ed,<a name=\"24\"><span class=\"versanumer\">24<\/span><\/a>t\u00f3ku hann og k\u00f6stu\u00f0u \u00ed gryfjuna; en gryfjan var t\u00f3m, ekkert vatn \u00ed henni.<a name=\"25\"><span class=\"versanumer\">25<\/span><\/a>Og \u00feeir settust ni\u00f0ur a\u00f0 eta. En sem \u00feeim var\u00f0 liti\u00f0 vi\u00f0, s\u00e1u \u00feeir \u00cdsmaelita lest, er kom fr\u00e1 Gilea\u00f0 og \u00falfaldar \u00feeirra b\u00e1ru reykelsi, balsam og myrru; \u00feeir \u00e6tlu\u00f0u me\u00f0 \u00feetta til Egyptalands.<a name=\"26\"><span class=\"versanumer\">26<\/span><\/a>\u00de\u00e1 m\u00e6lti J\u00fada vi\u00f0 br\u00e6\u00f0ur s\u00edna: hva\u00f0 sto\u00f0ar \u00fea\u00f0 a\u00f0 v\u00e9r drepum br\u00f3\u00f0ur vorn, og felum hans bl\u00f3\u00f0?<a name=\"27\"><span class=\"versanumer\">27<\/span><\/a>Komi\u00f0! v\u00e9r skulum selja hann \u00cdsmaelitum, en ekki leggja h\u00f6nd \u00e1 hann, \u00fev\u00ed hann er vor br\u00f3\u00f0ir, vort hold. Og hans br\u00e6\u00f0ur hl\u00fdddu \u00feessu.<a name=\"28\"><span class=\"versanumer\">28<\/span><\/a>Og \u00fe\u00e1 Midian\u00edtarnir, sem voru kaupmenn, f\u00f3ru \u00fear framhj\u00e1, dr\u00f3gu \u00feeir br\u00e6\u00f0ur J\u00f3sep upp \u00far gryfjunni, og seldu hann \u00cdsmaelitunum fyrir 20 sikla silfurs, en \u00feeir f\u00f3ru me\u00f0 J\u00f3sep til Egyptalands.<a name=\"29\"><span class=\"versanumer\">29<\/span><\/a>Og er R\u00faben kom aftur a\u00f0 gryfjunni, sj\u00e1! \u00fe\u00e1 var J\u00f3sep \u00fear ekki, og hann reif s\u00edn kl\u00e6\u00f0i.<a name=\"30\"><span class=\"versanumer\">30<\/span><\/a>Og hann gekk aftur til sinna br\u00e6\u00f0ra, og m\u00e6lti: sveinninn er \u00fear ekki, og eg, hva\u00f0 \u00e1 eg af m\u00e9r a\u00f0 gj\u00f6ra? <br \/><a name=\"31\"><span class=\"versanumer\">31<\/span><\/a>\u00de\u00e1 t\u00f3ku \u00feeir J\u00f3seps kyrtil, sk\u00e1ru geithafur, og velktu kyrtilinn \u00ed hans bl\u00f3\u00f0i,<a name=\"32\"><span class=\"versanumer\">32<\/span><\/a>Og sendu \u00feann mislita kyrtil f\u00f6\u00f0ur s\u00ednum, og l\u00e9tu \u00feessa or\u00f0sending fylgja: \u00feetta h\u00f6fum v\u00e9r fundi\u00f0, g\u00e1\u00f0u a\u00f0 hvert \u00fea\u00f0 muni vera kirtill sonar \u00fe\u00edns e\u00f0a ekki.<a name=\"33\"><span class=\"versanumer\">33<\/span><\/a>Og hann \u00feekkti hann og m\u00e6lti: \u00feetta er kyrtill sonar m\u00edns! villud\u00fdr hefur eti\u00f0 hann, J\u00f3sep er sundurrifinn!<a name=\"34\"><span class=\"versanumer\">34<\/span><\/a>Og Jakob reif s\u00edn kl\u00e6\u00f0i, og lag\u00f0i sekk um s\u00ednar lendar og harma\u00f0i son sinn lengi.<a name=\"35\"><span class=\"versanumer\">35<\/span><\/a>Og allir synir hans, og allar d\u00e6tur hans t\u00f3ku sig til a\u00f0 hugga hann; en hann vildi ekki huggast l\u00e1ta og sag\u00f0i: eg mun fara me\u00f0 harmi til sonar m\u00edns \u00ed gr\u00f6fina <span class='VideyAth'>(til helju)<\/span> og svo gr\u00e9t fa\u00f0ir hans hann.<a name=\"36\"><span class=\"versanumer\">36<\/span><\/a>En Mid\u00edanitar seldu J\u00f3sep \u00ed Egyptalandi, Potifar, k\u00f3ngsins dr\u00f3ttseta og herforingja.<\/p>\n<div class=\"footnoteVidey\"><\/div>\n","protected":false},"excerpt":{"rendered":"<p>J\u00f3sep dreymir\u2014er seldur mansali af br\u00e6\u00f0rum s\u00ednum. 1Og Jakob bj\u00f3 \u00ed \u00fev\u00ed landi, hvar fa\u00f0ir hans haf\u00f0i veri\u00f0, \u00ed Kanaanslandi.2\u00deetta er Jakobs saga: J\u00f3sep var 17 \u00e1ra gamall \u00fe\u00e1 hann g\u00e6tti sau\u00f0a me\u00f0 br\u00e6\u00f0rum s\u00ednum; en hann var sveinn me\u00f0 sonum Bilu og sonum Silpu, sem voru hj\u00e1konur f\u00f6\u00f0ur hans. Og J\u00f3sep sag\u00f0i f\u00f6\u00f0ur s\u00ednum fr\u00e1 \u00feeirra vonda rikti.3En \u00cdsrael elska\u00f0i J\u00f3sep meir en alla s\u00edna syni, \u00fev\u00ed hann haf\u00f0i \u00e1tt hann \u00ed elli sinni; og hann gj\u00f6r\u00f0i honum mislitan kyrtil.4En sem br\u00e6\u00f0ur hans s\u00e1u, a\u00f0 fa\u00f0ir \u00feeirra elska\u00f0i hann meir en alla hans br\u00e6\u00f0ur, h\u00f6tu\u00f0u \u00feeir hann, og g\u00e1tu <a href=\"https:\/\/biblian.is\/videy\/fyrsta-mosebok-37-kafli\/\"> [&#8230;]<\/a><\/p>\n","protected":false},"author":1,"featured_media":0,"parent":0,"menu_order":0,"comment_status":"open","ping_status":"open","template":"bibliukaflar.php","meta":{"footnotes":""},"class_list":["post-20886","page","type-page","status-publish","hentry"],"_links":{"self":[{"href":"https:\/\/biblian.is\/videy\/wp-json\/wp\/v2\/pages\/20886","targetHints":{"allow":["GET"]}}],"collection":[{"href":"https:\/\/biblian.is\/videy\/wp-json\/wp\/v2\/pages"}],"about":[{"href":"https:\/\/biblian.is\/videy\/wp-json\/wp\/v2\/types\/page"}],"author":[{"embeddable":true,"href":"https:\/\/biblian.is\/videy\/wp-json\/wp\/v2\/users\/1"}],"replies":[{"embeddable":true,"href":"https:\/\/biblian.is\/videy\/wp-json\/wp\/v2\/comments?post=20886"}],"version-history":[{"count":0,"href":"https:\/\/biblian.is\/videy\/wp-json\/wp\/v2\/pages\/20886\/revisions"}],"wp:attachment":[{"href":"https:\/\/biblian.is\/videy\/wp-json\/wp\/v2\/media?parent=20886"}],"curies":[{"name":"wp","href":"https:\/\/api.w.org\/{rel}","templated":true}]}}