{"id":20885,"date":"2018-01-02T00:59:20","date_gmt":"2018-01-02T00:59:20","guid":{"rendered":"http:\/\/biblian.is\/videy\/fyrsta-mosebok-36-kafli\/"},"modified":"2018-01-02T00:59:20","modified_gmt":"2018-01-02T00:59:20","slug":"fyrsta-mosebok-36-kafli","status":"publish","type":"page","link":"https:\/\/biblian.is\/videy\/fyrsta-mosebok-36-kafli\/","title":{"rendered":"Fyrsta M\u00f3seb\u00f3k 36. kafli"},"content":{"rendered":"<div class=\"fyrirsognVidey\">Esau \u00e6ttartala.<\/div>\n<p><a name=\"1\"><span class=\"versanumer\">1<\/span><\/a>\u00deetta er \u00e6ttartala Esau sem nefndist Edom <span class='VideyAth'>(25,30)<\/span>.<a name=\"2\"><span class=\"versanumer\">2<\/span><\/a>Esau t\u00f3k s\u00e9r konur af Kanaansd\u00e6trum, Ada d\u00f3ttur Elons, Hetita; og Ahalibama, d\u00f3ttur Anas, sem var sonard\u00f3ttir Sibeons, Hevita,<a name=\"3\"><span class=\"versanumer\">3<\/span><\/a>og Basmat \u00cdsmaelsd\u00f3ttur systur Nebajots.<a name=\"4\"><span class=\"versanumer\">4<\/span><\/a>Og Ada f\u00e6ddi Esau Elifas, en Basmat Reguel.<a name=\"5\"><span class=\"versanumer\">5<\/span><\/a>Ahalibama f\u00e6ddi Jeh\u00fas, Iaelam og K\u00f3ra. \u00deessir eru \u00feeir synir sem Esau f\u00e6ddust \u00ed Kanaans landi.<a name=\"6\"><span class=\"versanumer\">6<\/span><\/a>Og Esau t\u00f3k konur s\u00ednar og syni s\u00edna og d\u00e6tur s\u00ednar, og allar s\u00e1lir s\u00edns h\u00fass, og hjar\u00f0ir s\u00ednar og kvikf\u00e9na\u00f0, og alla \u00fe\u00e1 fj\u00e1rhluti sem honum h\u00f6f\u00f0u aflast \u00ed Kanaanslandi, og f\u00e6r\u00f0i sig \u00ed anna\u00f0 land fr\u00e1 Jakob br\u00f3\u00f0ur s\u00ednum.<a name=\"7\"><span class=\"versanumer\">7<\/span><\/a>\u00dev\u00ed \u00feeirra au\u00f0ur var meiri en svo a\u00f0 \u00feeir g\u00e6tu saman b\u00fai\u00f0, og \u00fea\u00f0 land, sem \u00feeir voru \u00ed, bar \u00fe\u00e1 ekki, s\u00f6kum \u00feeirra hjar\u00f0a.<a name=\"8\"><span class=\"versanumer\">8<\/span><\/a>svo bj\u00f3 Esau \u00e1 fjallinu Seir. Esau er Edom.<a name=\"9\"><span class=\"versanumer\">9<\/span><\/a>\u00deetta er saga Esau, f\u00f6\u00f0ur Edomita \u00e1 fjallinu Seir.<a name=\"10\"><span class=\"versanumer\">10<\/span><\/a>\u00deetta eru n\u00f6fn Esausona: Elifas sonur Ada, konu Esau, Reguel, sonur Basmat konu Esau.<a name=\"11\"><span class=\"versanumer\">11<\/span><\/a>En \u00feessir voru Elifassynir: Teman og Omar, Sefo Gaetam og Kenas.<a name=\"12\"><span class=\"versanumer\">12<\/span><\/a>Og Timna var hj\u00e1kona Elifasar sonar Esau, h\u00fan f\u00e6ddi honum Amalek. \u00deetta eru synir Ada, konu Esau.<a name=\"13\"><span class=\"versanumer\">13<\/span><\/a>Og synir Reguels: Nahat og Sera, Samma og Missa. \u00dea\u00f0 voru synir Basmat konu Esau.<a name=\"14\"><span class=\"versanumer\">14<\/span><\/a>Og \u00feessir voru synir Ahalib\u00f6mu, d\u00f3ttur Anas, d\u00f3ttur Sibeons, konu Esau, h\u00fan f\u00e6ddi Esau: Jehus og Iaelam og K\u00f3ra.<a name=\"15\"><span class=\"versanumer\">15<\/span><\/a>\u00deessir eru h\u00f6f\u00f0ingjar Esau ni\u00f0ja. synir Elifasar, Esau frumgetna sonar eru: h\u00f6f\u00f0inginn af Teman, h\u00f6f\u00f0inginn af Omar, h\u00f6f\u00f0inginn af Sefo, h\u00f6f\u00f0inginn af Kenas.<a name=\"16\"><span class=\"versanumer\">16<\/span><\/a>H\u00f6f\u00f0inginn af K\u00f3ra, h\u00f6f\u00f0inginn af Gaetam, h\u00f6f\u00f0inginn af Amalek. \u00deessir h\u00f6f\u00f0ingjar eru komnir af Elifas, \u00ed landinu Edom, og eru ni\u00f0jar Ada.<a name=\"17\"><span class=\"versanumer\">17<\/span><\/a>\u00deessir eru synir Reguels, sonar Esau: h\u00f6f\u00f0inginn af Samma, h\u00f6f\u00f0inginn af Missa. \u00deessir h\u00f6f\u00f0ingjar eru komnir af Reguel \u00ed landinu Edom, og ni\u00f0jar Basmat, konu Esau.<a name=\"18\"><span class=\"versanumer\">18<\/span><\/a>Og \u00feessir eru synir Ahalib\u00f6mu, konu Esau: h\u00f6f\u00f0inginn af Jehus, h\u00f6f\u00f0inginn af Iaelam, h\u00f6f\u00f0inginn af K\u00f3ra. \u00deetta eru h\u00f6f\u00f0ingjarnir af Ahalib\u00f6mu, d\u00f3ttur Anas, konu Esau.<a name=\"19\"><span class=\"versanumer\">19<\/span><\/a>\u00deessir eru ni\u00f0jar Esau og h\u00f6f\u00f0ingjar \u00feeirra, hann hinn sami er Edom.<a name=\"20\"><span class=\"versanumer\">20<\/span><\/a>\u00deetta eru synir Seirs, H\u00f3r\u00edtans, innb\u00faar landsins: Lotan og Sobal og Sibeon og Ana,<a name=\"21\"><span class=\"versanumer\">21<\/span><\/a>og Dison og Eser og Disan. \u00dea\u00f0 eru h\u00f6fu\u00f0smenn H\u00f3r\u00edtanna, sona Seirs \u00ed landinu Edom.<a name=\"22\"><span class=\"versanumer\">22<\/span><\/a>Og L\u00f3tans synir voru: Hori og Heman og systir L\u00f3tans Timna.<a name=\"23\"><span class=\"versanumer\">23<\/span><\/a>Og \u00feetta eru synir Sobals: Alvan og Manahat og Ebal, Sefo og Onam.<a name=\"24\"><span class=\"versanumer\">24<\/span><\/a>Og \u00feetta eru synir Sibeons: Aja og Ana; \u00fea\u00f0 er s\u00e1 Ana sem fann laugarnar \u00ed \u00d3bygg\u00f0inni, \u00fe\u00e1 hann geymdi asna f\u00f6\u00f0ur s\u00edns S\u00edbeons.<a name=\"25\"><span class=\"versanumer\">25<\/span><\/a>Og \u00feetta eru synir Anas: Dison og Ahalibama d\u00f3ttir Anas.<a name=\"26\"><span class=\"versanumer\">26<\/span><\/a>Og \u00feessir eru synir D\u00edsons: Hemdan og Esban og Jetran og Karan. \u00deessir eru Esers synir: Bilkan og Savan og Akan.<a name=\"28\"><span class=\"versanumer\">28<\/span><\/a>\u00deetta eru synir D\u00edsans: Us og Aran.<a name=\"29\"><span class=\"versanumer\">29<\/span><\/a>\u00deetta eru h\u00f6f\u00f0ingjar H\u00f3ritanna: h\u00f6f\u00f0inginn af Lotan, h\u00f6f\u00f0inginn af Sobal, h\u00f6f\u00f0inginn af Sibeon, h\u00f6f\u00f0inginn af Ana.<a name=\"30\"><span class=\"versanumer\">30<\/span><\/a>H\u00f6f\u00f0inginn af Dison, h\u00f6f\u00f0inginn af Eser, h\u00f6f\u00f0inginn af Disan. \u00deessir eru h\u00f6f\u00f0ingjar H\u00f3ritanna, \u00feeirra h\u00f6fu\u00f0smenn \u00ed landinu Seir. <br \/><a name=\"31\"><span class=\"versanumer\">31<\/span><\/a>\u00deessir eru \u00feeir k\u00f3ngar sem r\u00edkt hafa \u00ed landinu Edom; \u00e1\u00f0ur en k\u00f3ngar r\u00edktu yfir sonum \u00cdsraels.<a name=\"32\"><span class=\"versanumer\">32<\/span><\/a>Bela var k\u00f3ngur \u00ed Edom, sonur Beors, og nafn hans sta\u00f0ar Dinhaba.<a name=\"33\"><span class=\"versanumer\">33<\/span><\/a>Og Bela d\u00f3, \u00fe\u00e1 var\u00f0 k\u00f3ngur \u00ed hans sta\u00f0 Jobab, sonur Seras fr\u00e1 Bosra.<a name=\"34\"><span class=\"versanumer\">34<\/span><\/a>Og Jobab d\u00f3, \u00fe\u00e1 var\u00f0 k\u00f3ngur \u00ed hans sta\u00f0 Husam \u00far Temonitalandi.<a name=\"35\"><span class=\"versanumer\">35<\/span><\/a>Og H\u00fasam d\u00f3, \u00fe\u00e1 var\u00f0 k\u00f3ngur \u00ed hans sta\u00f0 Hadad sonur Bedads; hann vann sigur \u00e1 Midianitum \u00e1 M\u00f3absv\u00f6llum; og hans sta\u00f0ar nafn var Avit.<a name=\"36\"><span class=\"versanumer\">36<\/span><\/a>Og Hadad d\u00f3, \u00fe\u00e1 var\u00f0 k\u00f3ngur \u00ed hans sta\u00f0 Samla fr\u00e1 Masreka.<a name=\"37\"><span class=\"versanumer\">37<\/span><\/a>Og Samla d\u00f3, \u00fe\u00e1 var\u00f0 k\u00f3ngur \u00ed hans sta\u00f0 S\u00e1l fr\u00e1 Rehobot hj\u00e1 \u00e1nni.<a name=\"38\"><span class=\"versanumer\">38<\/span><\/a>Og S\u00e1l d\u00f3, \u00fe\u00e1 var\u00f0 k\u00f3ngur \u00ed hans sta\u00f0 Baal-Hanan, sonur Akbors.<a name=\"39\"><span class=\"versanumer\">39<\/span><\/a>Og Baal-Hanan, sonur Akbors, d\u00f3, \u00fe\u00e1 var\u00f0 k\u00f3ngur \u00ed hans sta\u00f0 Hadar, og nafn hans sta\u00f0ar var Pagu, og nafn hans konu Metabeel, d\u00f3ttir Matre\u00f0s, d\u00f3ttir Mesuhabs.<br \/><a name=\"40\"><span class=\"versanumer\">40<\/span><\/a>Og \u00feetta eru n\u00f6fn h\u00f6f\u00f0ingjanna af Esau \u00e6tt, eftir \u00feeirra \u00e6ttkv\u00edslum, eftir \u00feeirra b\u00fast\u00f6\u00f0um, eftir \u00feeirra n\u00f6fnum: h\u00f6f\u00f0inginn af Timna, h\u00f6f\u00f0inginn af Alva, h\u00f6f\u00f0inginn af Jetet,<a name=\"41\"><span class=\"versanumer\">41<\/span><\/a>h\u00f6f\u00f0inginn af Ahalibama, h\u00f6f\u00f0inginn af Ela, h\u00f6f\u00f0inginn af Pinon.<a name=\"42\"><span class=\"versanumer\">42<\/span><\/a>H\u00f6f\u00f0inginn af Kenas, h\u00f6f\u00f0inginn af Teman, h\u00f6f\u00f0inginn af Mibsar.<a name=\"43\"><span class=\"versanumer\">43<\/span><\/a>H\u00f6f\u00f0inginn af Magdiel, h\u00f6f\u00f0inginn af Isam.\u2014\u00deetta eru h\u00f6f\u00f0ingjar Edomita, eftir \u00feeirra b\u00fast\u00f6\u00f0um, \u00ed \u00fev\u00ed landi sem \u00feeir \u00e1ttu. En Esau er fa\u00f0ir Edomita.<\/p>\n<div class=\"footnoteVidey\"><\/div>\n","protected":false},"excerpt":{"rendered":"<p>Esau \u00e6ttartala. 1\u00deetta er \u00e6ttartala Esau sem nefndist Edom (25,30).2Esau t\u00f3k s\u00e9r konur af Kanaansd\u00e6trum, Ada d\u00f3ttur Elons, Hetita; og Ahalibama, d\u00f3ttur Anas, sem var sonard\u00f3ttir Sibeons, Hevita,3og Basmat \u00cdsmaelsd\u00f3ttur systur Nebajots.4Og Ada f\u00e6ddi Esau Elifas, en Basmat Reguel.5Ahalibama f\u00e6ddi Jeh\u00fas, Iaelam og K\u00f3ra. \u00deessir eru \u00feeir synir sem Esau f\u00e6ddust \u00ed Kanaans landi.6Og Esau t\u00f3k konur s\u00ednar og syni s\u00edna og d\u00e6tur s\u00ednar, og allar s\u00e1lir s\u00edns h\u00fass, og hjar\u00f0ir s\u00ednar og kvikf\u00e9na\u00f0, og alla \u00fe\u00e1 fj\u00e1rhluti sem honum h\u00f6f\u00f0u aflast \u00ed Kanaanslandi, og f\u00e6r\u00f0i sig \u00ed anna\u00f0 land fr\u00e1 Jakob br\u00f3\u00f0ur s\u00ednum.7\u00dev\u00ed \u00feeirra au\u00f0ur var meiri en svo <a href=\"https:\/\/biblian.is\/videy\/fyrsta-mosebok-36-kafli\/\"> [&#8230;]<\/a><\/p>\n","protected":false},"author":1,"featured_media":0,"parent":0,"menu_order":0,"comment_status":"open","ping_status":"open","template":"bibliukaflar.php","meta":{"footnotes":""},"class_list":["post-20885","page","type-page","status-publish","hentry"],"_links":{"self":[{"href":"https:\/\/biblian.is\/videy\/wp-json\/wp\/v2\/pages\/20885","targetHints":{"allow":["GET"]}}],"collection":[{"href":"https:\/\/biblian.is\/videy\/wp-json\/wp\/v2\/pages"}],"about":[{"href":"https:\/\/biblian.is\/videy\/wp-json\/wp\/v2\/types\/page"}],"author":[{"embeddable":true,"href":"https:\/\/biblian.is\/videy\/wp-json\/wp\/v2\/users\/1"}],"replies":[{"embeddable":true,"href":"https:\/\/biblian.is\/videy\/wp-json\/wp\/v2\/comments?post=20885"}],"version-history":[{"count":0,"href":"https:\/\/biblian.is\/videy\/wp-json\/wp\/v2\/pages\/20885\/revisions"}],"wp:attachment":[{"href":"https:\/\/biblian.is\/videy\/wp-json\/wp\/v2\/media?parent=20885"}],"curies":[{"name":"wp","href":"https:\/\/api.w.org\/{rel}","templated":true}]}}