{"id":20884,"date":"2018-01-02T00:59:20","date_gmt":"2018-01-02T00:59:20","guid":{"rendered":"http:\/\/biblian.is\/videy\/fyrsta-mosebok-35-kafli\/"},"modified":"2018-01-02T00:59:20","modified_gmt":"2018-01-02T00:59:20","slug":"fyrsta-mosebok-35-kafli","status":"publish","type":"page","link":"https:\/\/biblian.is\/videy\/fyrsta-mosebok-35-kafli\/","title":{"rendered":"Fyrsta M\u00f3seb\u00f3k 35. kafli"},"content":{"rendered":"<div class=\"fyrirsognVidey\">1.) Jakob kemur til Betel. 2.) Rakel andast. 3.) N\u00f6fn Jakobssona. 4.) \u00cdsak andast.<\/div>\n<p><a name=\"1\"><span class=\"versanumer\">1<\/span><\/a><span style='font-weight:bold;padding-left:10px'>1.)<\/span> Og Gu\u00f0 sag\u00f0i vi\u00f0 Jakob: tak \u00fe\u00fa \u00feig upp, og far til Betel og vertu \u00fear, og bygg\u00f0u \u00fear altari \u00feeim Drottni, sem vitra\u00f0ist \u00fe\u00e9r \u00feegar \u00fe\u00fa fl\u00fa\u00f0ir, fyrir br\u00f3\u00f0ur \u00fe\u00ednum Esau!<a name=\"2\"><span class=\"versanumer\">2<\/span><\/a>Og Jakob sag\u00f0i vi\u00f0 sitt h\u00fas og alla sem me\u00f0 honum voru: kasti\u00f0 burt \u00feeim \u00fatlendu go\u00f0um sem hj\u00e1 y\u00f0ur eru, og hreinsi\u00f0 y\u00f0ur og hafi\u00f0 fataskipti.<a name=\"3\"><span class=\"versanumer\">3<\/span><\/a>V\u00e9r skulum taka oss upp og fara til Betel \u00fear vil eg byggja altari \u00feeim Gu\u00f0i sem hefur b\u00e6nheyrt mig \u00e1 degi minnar m\u00e6\u00f0u, og hefur veri\u00f0 me\u00f0 m\u00e9r \u00e1 \u00feeim vegi sem eg hefi fari\u00f0.<a name=\"4\"><span class=\"versanumer\">4<\/span><\/a>Og \u00feeir fengu Jakob \u00f6ll \u00feau \u00fatlendu go\u00f0 sem \u00feeir h\u00f6f\u00f0u hj\u00e1 s\u00e9r, og eyrnagull sem \u00feeir h\u00f6f\u00f0u \u00ed eyrunum, og Jakob gr\u00f3f \u00feetta ni\u00f0ur undir tr\u00e9nu sem st\u00f3\u00f0 hj\u00e1 Sikem.<a name=\"5\"><span class=\"versanumer\">5<\/span><\/a>Svo t\u00f3ku \u00feeir sig upp. Og Gu\u00f0s hr\u00e6\u00f0sla var yfir \u00f6llum st\u00f6\u00f0unum \u00ed kringum \u00fe\u00e1, svo menn eltu ekki Jakobs syni.<a name=\"6\"><span class=\"versanumer\">6<\/span><\/a>Og Jakob kom til L\u00fas, \u00fea\u00f0 er: Betel \u00ed Kanaanslandi, hann og allt \u00fea\u00f0 f\u00f3lk sem me\u00f0 honum var.<a name=\"7\"><span class=\"versanumer\">7<\/span><\/a>Og hann bygg\u00f0i \u00fear altari og kalla\u00f0i <span class='VideyAth'>(sta\u00f0inn)<\/span> altari\u00f0: altari Gu\u00f0s \u00ed Betel, \u00fev\u00ed Gu\u00f0 haf\u00f0i birst honum \u00fear, \u00feegar hann fl\u00fa\u00f0i fyrir br\u00f3\u00f0ur s\u00ednum.<a name=\"8\"><span class=\"versanumer\">8<\/span><\/a>\u00dear anda\u00f0ist Deb\u00f3ra f\u00f3stra Rebekku, og var j\u00f6r\u00f0u\u00f0 fyrir ne\u00f0an Betel undir eik nokkurri, og \u00fe\u00e1 eik kalla\u00f0i hann Gr\u00e1teik <span class='VideyAth'>(Atlon Bakat)<\/span>. <br \/><a name=\"9\"><span class=\"versanumer\">9<\/span><\/a>Og Gu\u00f0 birtist Jakob \u00ed anna\u00f0 sinn fr\u00e1 \u00fev\u00ed hann kom til baka \u00far Mesopotam\u00edu og blessa\u00f0i hann og sag\u00f0i til hans:<a name=\"10\"><span class=\"versanumer\">10<\/span><\/a>\u00fe\u00fa heitir Jakob, en \u00fe\u00fa skalt ekki heita Jakob h\u00e9r eftir, heldur skal nafn \u00feitt vera \u00cdsrael.<a name=\"11\"><span class=\"versanumer\">11<\/span><\/a>Og Gu\u00f0 sag\u00f0i til hans: eg em Gu\u00f0, s\u00e1 alm\u00e1ttugi, vertu frj\u00f3vsamur og fj\u00f6lga kyni \u00fe\u00ednu, \u00fej\u00f3\u00f0ir og \u00fej\u00f3\u00f0flokkar skulu af \u00fe\u00e9r koma, og k\u00f3ngar af \u00fe\u00ednum lendum.<a name=\"12\"><span class=\"versanumer\">12<\/span><\/a>Og land \u00fea\u00f0 sem eg hefi gefi\u00f0 Abraham og \u00cdsak skal eg gefa \u00fe\u00e9r og \u00fe\u00ednum ni\u00f0jum eftir \u00feig.<a name=\"13\"><span class=\"versanumer\">13<\/span><\/a>Svo f\u00f3r Gu\u00f0 upp fr\u00e1 honum, \u00far \u00feeim sta\u00f0, hvar hann tala\u00f0i vi\u00f0 hann.<a name=\"14\"><span class=\"versanumer\">14<\/span><\/a>Og Jakob reisti \u00fear upp merki, \u00e1 \u00feeim sta\u00f0 hvar Gu\u00f0 tala\u00f0i vi\u00f0 hann, merkisstein, og hellti yfir hann v\u00edni og vi\u00f0smj\u00f6ri.<a name=\"15\"><span class=\"versanumer\">15<\/span><\/a>Og Jakob kalla\u00f0i \u00feann sta\u00f0, hvar Gu\u00f0 tala\u00f0i vi\u00f0 hann, Betel <span class='VideyAth'>(Gu\u00f0sh\u00fas)<\/span>. <br \/><a name=\"16\"><span class=\"versanumer\">16<\/span><\/a><span class='VideyAth'>2)<\/span> Og \u00feeir t\u00f3ku sig upp fr\u00e1 Betel; en sem \u00feeir \u00e1ttu skammt til Effrat t\u00f3k Rakel l\u00e9ttas\u00f3tt, og h\u00fan kom hart ni\u00f0ur.<a name=\"17\"><span class=\"versanumer\">17<\/span><\/a>Og \u00fea\u00f0 ske\u00f0i, \u00fe\u00e1 h\u00fan \u00fej\u00e1\u00f0ist \u00feunglega \u00ed barn bur\u00f0inum, sag\u00f0i lj\u00f3sm\u00f3\u00f0irin til hennar: vertu \u00f3hr\u00e6dd, \u00fev\u00ed son muntu n\u00fa eignast!<a name=\"18\"><span class=\"versanumer\">18<\/span><\/a>Og \u00fea\u00f0 ske\u00f0i, \u00fe\u00e1 \u00f6ndin lei\u00f0 upp af henni, svo h\u00fan d\u00f3, a\u00f0 h\u00fan nefndi son sinn Benoni, <span class='VideyAth'>(minn harmkv\u00e6lason)<\/span> en fa\u00f0ir hans nefndi hann Benjam\u00edn <span class='VideyAth'>(lukkuson)<\/span>.<a name=\"19\"><span class=\"versanumer\">19<\/span><\/a>Og svo d\u00f3 Rakel, og var j\u00f6r\u00f0u\u00f0 \u00e1 veginum til Effrat, \u00fea\u00f0 er: Betlehem.<a name=\"20\"><span class=\"versanumer\">20<\/span><\/a>Og Jakob reisti minnismerki yfir hennar gr\u00f6f, \u00fea\u00f0 er bautasteinn Rakelar allt til \u00feessa dags.<br \/><a name=\"21\"><span class=\"versanumer\">21<\/span><\/a><span class='VideyAth'>3)<\/span> Og \u00cdsrael t\u00f3k sig upp \u00fea\u00f0an og setti tjaldb\u00fa\u00f0 s\u00edna hinumegin vi\u00f0 turninn Eder <span class='VideyAth'>(smalaturn)<\/span>.<a name=\"22\"><span class=\"versanumer\">22<\/span><\/a>Og \u00fea\u00f0 ske\u00f0i me\u00f0an \u00cdsrael bj\u00f3 \u00fear \u00ed landinu, a\u00f0 Ruben f\u00f3r og lag\u00f0ist me\u00f0 Bilu, hj\u00e1konu f\u00f6\u00f0ur s\u00edns, og \u00cdsrael f\u00e9kk \u00fea\u00f0 a\u00f0 vita.<a name=\"23\"><span class=\"versanumer\">23<\/span><\/a>Jakob \u00e1tti 12 syni; synir Leu voru \u00feessir: Ruben, s\u00e1 frumgetni sonur Jakobs, og Simeon, og Levi, og Juda og Issakar og Sebulon.<a name=\"24\"><span class=\"versanumer\">24<\/span><\/a>synir Rakelar: Josep og Benjamin.<a name=\"25\"><span class=\"versanumer\">25<\/span><\/a>Og synir Bilu, \u00feernu Rakelar: Dan og Neftali.<a name=\"26\"><span class=\"versanumer\">26<\/span><\/a>Og synir Silpu, \u00feernu Leu: Gad og Asser. \u00deetta eru synir Jakobs sem honum f\u00e6ddust \u00ed Mesopotamiu. <br \/><a name=\"27\"><span class=\"versanumer\">27<\/span><\/a><span style='font-weight:bold;padding-left:10px'>4.)<\/span> Og Jakob heims\u00f3tti f\u00f6\u00f0ur sinn \u00cdsak \u00ed Mamre Kirjat-Arba, \u00fea\u00f0 er Hebron, hvar Abraham og \u00cdsak h\u00f6f\u00f0u veri\u00f0.<a name=\"28\"><span class=\"versanumer\">28<\/span><\/a>Dagar \u00cdsaks voru hundra\u00f0 og \u00e1ttat\u00edu \u00e1r.<a name=\"29\"><span class=\"versanumer\">29<\/span><\/a>Og hann veiktist og d\u00f3, og safna\u00f0ist til s\u00edns f\u00f3lks, aldra\u00f0ur og saddur l\u00edfdaga, og \u00feeir synir hans, Esau og Jakob, j\u00f6r\u00f0u\u00f0u hann.<\/p>\n<div class=\"footnoteVidey\"><\/div>\n","protected":false},"excerpt":{"rendered":"<p>1.) Jakob kemur til Betel. 2.) Rakel andast. 3.) N\u00f6fn Jakobssona. 4.) \u00cdsak andast. 11.) Og Gu\u00f0 sag\u00f0i vi\u00f0 Jakob: tak \u00fe\u00fa \u00feig upp, og far til Betel og vertu \u00fear, og bygg\u00f0u \u00fear altari \u00feeim Drottni, sem vitra\u00f0ist \u00fe\u00e9r \u00feegar \u00fe\u00fa fl\u00fa\u00f0ir, fyrir br\u00f3\u00f0ur \u00fe\u00ednum Esau!2Og Jakob sag\u00f0i vi\u00f0 sitt h\u00fas og alla sem me\u00f0 honum voru: kasti\u00f0 burt \u00feeim \u00fatlendu go\u00f0um sem hj\u00e1 y\u00f0ur eru, og hreinsi\u00f0 y\u00f0ur og hafi\u00f0 fataskipti.3V\u00e9r skulum taka oss upp og fara til Betel \u00fear vil eg byggja altari \u00feeim Gu\u00f0i sem hefur b\u00e6nheyrt mig \u00e1 degi minnar m\u00e6\u00f0u, og hefur veri\u00f0 me\u00f0 <a href=\"https:\/\/biblian.is\/videy\/fyrsta-mosebok-35-kafli\/\"> [&#8230;]<\/a><\/p>\n","protected":false},"author":1,"featured_media":0,"parent":0,"menu_order":0,"comment_status":"open","ping_status":"open","template":"bibliukaflar.php","meta":{"footnotes":""},"class_list":["post-20884","page","type-page","status-publish","hentry"],"_links":{"self":[{"href":"https:\/\/biblian.is\/videy\/wp-json\/wp\/v2\/pages\/20884","targetHints":{"allow":["GET"]}}],"collection":[{"href":"https:\/\/biblian.is\/videy\/wp-json\/wp\/v2\/pages"}],"about":[{"href":"https:\/\/biblian.is\/videy\/wp-json\/wp\/v2\/types\/page"}],"author":[{"embeddable":true,"href":"https:\/\/biblian.is\/videy\/wp-json\/wp\/v2\/users\/1"}],"replies":[{"embeddable":true,"href":"https:\/\/biblian.is\/videy\/wp-json\/wp\/v2\/comments?post=20884"}],"version-history":[{"count":0,"href":"https:\/\/biblian.is\/videy\/wp-json\/wp\/v2\/pages\/20884\/revisions"}],"wp:attachment":[{"href":"https:\/\/biblian.is\/videy\/wp-json\/wp\/v2\/media?parent=20884"}],"curies":[{"name":"wp","href":"https:\/\/api.w.org\/{rel}","templated":true}]}}