{"id":20883,"date":"2018-01-02T00:59:20","date_gmt":"2018-01-02T00:59:20","guid":{"rendered":"http:\/\/biblian.is\/videy\/fyrsta-mosebok-34-kafli\/"},"modified":"2018-01-02T00:59:20","modified_gmt":"2018-01-02T00:59:20","slug":"fyrsta-mosebok-34-kafli","status":"publish","type":"page","link":"https:\/\/biblian.is\/videy\/fyrsta-mosebok-34-kafli\/","title":{"rendered":"Fyrsta M\u00f3seb\u00f3k 34. kafli"},"content":{"rendered":"<div class=\"fyrirsognVidey\">1.) Hemor bi\u00f0lar til D\u00ednu. 2.) Synir Jakobs ey\u00f0ileggja Sikem me\u00f0 svikum.<\/div>\n<p><a name=\"1\"><span class=\"versanumer\">1<\/span><\/a><span style='font-weight:bold;padding-left:10px'>1.)<\/span> Og Dina d\u00f3ttir Leu, er h\u00fan haf\u00f0i f\u00e6tt Jakob, gekk \u00fat a\u00f0 sj\u00e1 landsins d\u00e6tur.<a name=\"2\"><span class=\"versanumer\">2<\/span><\/a>\u00de\u00e1 s\u00e1 Sikem hana, sonur Hemors, Hevita, landsins h\u00f6f\u00f0ingja, og hann t\u00f3k hana, og lag\u00f0ist me\u00f0 henni og spjalla\u00f0i hana.<a name=\"3\"><span class=\"versanumer\">3<\/span><\/a>Og hans hjarta h\u00e9kk vi\u00f0 Dinu Jakobsd\u00f3ttur, og hann elska\u00f0i st\u00falkuna og hugga\u00f0i hana.<a name=\"4\"><span class=\"versanumer\">4<\/span><\/a>Og Sikem kom a\u00f0 m\u00e1li vi\u00f0 f\u00f6\u00f0ur sinn Hemor og m\u00e6lti: taktu m\u00e9r \u00feessa st\u00falku fyrir konu!<a name=\"5\"><span class=\"versanumer\">5<\/span><\/a>Og Jakob fr\u00e9tti a\u00f0 hans d\u00f3ttir Dina var \u00f3s\u00e6md, en synir hans voru me\u00f0 hjar\u00f0ir s\u00ednar \u00fat \u00ed h\u00f6gum, og Jakob var hlj\u00f3\u00f0ur um \u00feetta \u00feanga\u00f0 til \u00feeir komu.<a name=\"6\"><span class=\"versanumer\">6<\/span><\/a>\u00de\u00e1 gekk Hemor, fa\u00f0ir Sikems, \u00fat til Jakobs, til a\u00f0 tala vi\u00f0 hann.<a name=\"7\"><span class=\"versanumer\">7<\/span><\/a>Og synir Jakobs komu heim af m\u00f6rkinni; \u00feegar \u00feeir heyr\u00f0u \u00feetta, stygg\u00f0ust mennirnir og ur\u00f0u mj\u00f6g rei\u00f0ir, \u00fev\u00ed hann <span class='VideyAth'>(Sikem)<\/span> haf\u00f0i a\u00f0hafst vonskuverk m\u00f3ti \u00cdsrael, me\u00f0 \u00fev\u00ed a\u00f0 leggjast me\u00f0 d\u00f3ttur Jakobs, \u00fev\u00ed \u00fea\u00f0 \u00e1tti ekki a\u00f0 vera.<a name=\"8\"><span class=\"versanumer\">8<\/span><\/a>\u00de\u00e1 tala\u00f0i Hemor vi\u00f0 \u00fe\u00e1 og m\u00e6lti: Hjarta Sikems, sonar m\u00edns, elskar innilega y\u00f0ar d\u00f3ttur, gefi\u00f0 honum hana, eg bi\u00f0 y\u00f0ur, fyrir konu.<a name=\"9\"><span class=\"versanumer\">9<\/span><\/a>Gj\u00f6ri\u00f0 m\u00e6g\u00f0ir vi\u00f0 oss, gefi\u00f0 oss y\u00f0ar d\u00e6tur, og taki\u00f0 y\u00f0ur vorar d\u00e6tur,<a name=\"10\"><span class=\"versanumer\">10<\/span><\/a>og b\u00fai\u00f0 hj\u00e1 oss, landi\u00f0 skal vera y\u00f0ur opi\u00f0, b\u00fai\u00f0 \u00fear, hafi\u00f0 y\u00f0ar s\u00fdslanir, og eignist \u00ed \u00fev\u00ed sta\u00f0festu.<a name=\"11\"><span class=\"versanumer\">11<\/span><\/a>Og Sikem tala\u00f0i vi\u00f0 f\u00f6\u00f0ur hennar og br\u00e6\u00f0ur hennar og m\u00e6lti: l\u00e1ti\u00f0 mig finna n\u00e1\u00f0 \u00ed y\u00f0ar augum, og eg skal gefa \u00fea\u00f0 sem \u00fe\u00e9r segi\u00f0 m\u00e9r.<a name=\"12\"><span class=\"versanumer\">12<\/span><\/a>Heimti\u00f0 af m\u00e9r miki\u00f0, sem ver\u00f0 hennar og g\u00e1fu, og eg skal l\u00e1ta \u00fea\u00f0 af hendi eins og \u00fe\u00e9r segi\u00f0 m\u00e9r! en gefi\u00f0 m\u00e9r st\u00falkuna fyrir konu!<a name=\"13\"><span class=\"versanumer\">13<\/span><\/a>Jakobs synir sv\u00f6ru\u00f0u \u00feeim Sikem og f\u00f6\u00f0ur hans Hemor me\u00f0 undirhyggju og h\u00f6f\u00f0u br\u00f6g\u00f0 vi\u00f0, af \u00fev\u00ed hann haf\u00f0i \u00f3s\u00e6mt Dinu \u00feeirra systur.<a name=\"14\"><span class=\"versanumer\">14<\/span><\/a>Ekki getum v\u00e9r gj\u00f6rt \u00feetta, gefi\u00f0 systur vora \u00f3umskornum manni; \u00fev\u00ed oss v\u00e6ri \u00fea\u00f0 sk\u00f6mm.<a name=\"15\"><span class=\"versanumer\">15<\/span><\/a>Einasta me\u00f0 \u00fev\u00ed skilyr\u00f0i viljum v\u00e9r gj\u00f6ra y\u00f0ur til vilja, a\u00f0 \u00fe\u00e9r ver\u00f0i\u00f0 eins og v\u00e9r, me\u00f0 \u00fev\u00ed a\u00f0 umskera allt karlkyns hj\u00e1 y\u00f0ur.<a name=\"16\"><span class=\"versanumer\">16<\/span><\/a>V\u00e9r skulum \u00fe\u00e1 gefa y\u00f0ur vorar d\u00e6tur og taka oss y\u00f0ar d\u00e6tur, og b\u00faa hj\u00e1 y\u00f0ur, og ver\u00f0a a\u00f0 einni \u00fej\u00f3\u00f0;<a name=\"17\"><span class=\"versanumer\">17<\/span><\/a>en ef \u00fe\u00e9r hl\u00fd\u00f0nist oss ekki \u00ed \u00feessu, a\u00f0 umskerast, \u00fe\u00e1 t\u00f6kum v\u00e9r vora d\u00f3ttur og f\u00f6rum burt. <br \/><a name=\"18\"><span class=\"versanumer\">18<\/span><\/a>Og \u00feetta tal l\u00edka\u00f0i Hemor og Sikem syni Hemors.<a name=\"19\"><span class=\"versanumer\">19<\/span><\/a>Og s\u00e1 ungi ma\u00f0ur fresta\u00f0i ekki a\u00f0 gj\u00f6ra \u00fea\u00f0 sem \u00e1skili\u00f0 var, \u00fev\u00ed hann elska\u00f0i d\u00f3ttur Jakobs, en hann var haldinn allra \u00e1g\u00e6tasti ma\u00f0ur \u00ed f\u00f6\u00f0ur s\u00edns h\u00fasi.<a name=\"20\"><span class=\"versanumer\">20<\/span><\/a>Og Hemor og Sikem sonur hans komu \u00ed borgarhli\u00f0i\u00f0, og t\u00f6lu\u00f0u vi\u00f0 menn sta\u00f0arins og s\u00f6g\u00f0u:<a name=\"21\"><span class=\"versanumer\">21<\/span><\/a>\u00deessir menn eru fri\u00f0samir vi\u00f0 oss, \u00feeir mega b\u00faa \u00ed landinu og hafa \u00ed \u00fev\u00ed alla hentisemi, sj\u00e1i\u00f0! landi\u00f0 er n\u00f3gu r\u00famgott handa \u00feeim \u00e1 breidd og lengd; v\u00e9r munum taka \u00feeirra d\u00e6tur oss fyrir konur, og vorar d\u00e6tur viljum v\u00e9r gefa \u00feeim!<a name=\"22\"><span class=\"versanumer\">22<\/span><\/a>En \u00fev\u00ed a\u00f0eins vilja mennirnir vingast vi\u00f0 oss, og b\u00faa vor \u00e1 me\u00f0al, og ver\u00f0a a\u00f0 einni \u00fej\u00f3\u00f0 me\u00f0 oss, a\u00f0 v\u00e9r l\u00e1tum allt karlkyn me\u00f0al vor umskerast, eins og \u00feeir eru umskornir.<a name=\"23\"><span class=\"versanumer\">23<\/span><\/a>\u00deeirra hjar\u00f0ir og \u00feeirra fj\u00e1rhlutir og \u00feeirra f\u00e9na\u00f0ur, mun ei allt \u00fea\u00f0 ver\u00f0a vort? l\u00e1tum oss a\u00f0eins vingast vi\u00f0 \u00fe\u00e1, a\u00f0 \u00feeir b\u00fai hj\u00e1 oss!<a name=\"24\"><span class=\"versanumer\">24<\/span><\/a>Og \u00feeir hl\u00fd\u00f0nu\u00f0ust Hemor og hans syni Sikem, allir sem \u00fatgengu um hli\u00f0 hans sta\u00f0ar, og l\u00e9tu sig umskera, allt karlkyn, \u00feeir sem \u00fatgengu um hli\u00f0 hans sta\u00f0ar. <br \/><a name=\"25\"><span class=\"versanumer\">25<\/span><\/a><span style='font-weight:bold;padding-left:10px'>2.)<\/span> Og \u00fea\u00f0 ske\u00f0i \u00e1 \u00feri\u00f0ja degi, \u00feegar \u00feeim var sem vi\u00f0kv\u00e6mast, \u00fe\u00e1 t\u00f3ku \u00feeir synir Jakobs, Simeon og Levi, br\u00e6\u00f0ur Dinu, hver sitt sver\u00f0, og yfirf\u00e9llu sta\u00f0inn djarflega og dr\u00e1pu \u00fear allt karlkyn.<a name=\"26\"><span class=\"versanumer\">26<\/span><\/a>\u00deeir dr\u00e1pu l\u00edka Hemor og son hans Sikem me\u00f0 sver\u00f0seggjum, og t\u00f3ku Dinu \u00far h\u00fasi Sikems, og f\u00f3ru svo.<a name=\"27\"><span class=\"versanumer\">27<\/span><\/a>En synir Jakobs yfirf\u00e9llu \u00fe\u00e1 sem drepnir h\u00f6f\u00f0u veri\u00f0, og r\u00e6ndu sta\u00f0inn, af \u00fev\u00ed \u00feeir h\u00f6f\u00f0u gj\u00f6rt \u00f3s\u00e6md systir \u00feeirra.<a name=\"28\"><span class=\"versanumer\">28<\/span><\/a>Og \u00feeir t\u00f3ku \u00feeirra sau\u00f0i og \u00feeirra naut og \u00feeirra asna og allt sem \u00ed sta\u00f0num var og \u00ed h\u00f6gunum;<a name=\"29\"><span class=\"versanumer\">29<\/span><\/a>og alla \u00feeirra fj\u00e1rhluti; og \u00f6ll \u00feeirra b\u00f6rn, og \u00feeirra konur t\u00f3ku \u00feeir sem herfang, og allt sem var \u00ed h\u00fasunum.<a name=\"30\"><span class=\"versanumer\">30<\/span><\/a>Og Jakob sag\u00f0i vi\u00f0 Simeon og Levi: \u00fei\u00f0 hafi\u00f0 stofna\u00f0 m\u00e9r til \u00f3lukku, me\u00f0 \u00fev\u00ed a\u00f0 gj\u00f6ra mig \u00f3\u00feokka\u00f0an vi\u00f0 landsmennina, vi\u00f0 Kananita og Ferisita; eg er li\u00f0f\u00e1r og \u00feeir munu samansafnast m\u00f3ti m\u00e9r og drepa mig, og eg ver\u00f0 afm\u00e1\u00f0ur, eg og mitt h\u00fas.<a name=\"31\"><span class=\"versanumer\">31<\/span><\/a>Og \u00feeir sv\u00f6ru\u00f0u: \u00e1tti hann \u00fe\u00e1 a\u00f0 fara me\u00f0 systur okkar eins og me\u00f0 sk\u00e6kju?<\/p>\n<div class=\"footnoteVidey\"><\/div>\n","protected":false},"excerpt":{"rendered":"<p>1.) Hemor bi\u00f0lar til D\u00ednu. 2.) Synir Jakobs ey\u00f0ileggja Sikem me\u00f0 svikum. 11.) Og Dina d\u00f3ttir Leu, er h\u00fan haf\u00f0i f\u00e6tt Jakob, gekk \u00fat a\u00f0 sj\u00e1 landsins d\u00e6tur.2\u00de\u00e1 s\u00e1 Sikem hana, sonur Hemors, Hevita, landsins h\u00f6f\u00f0ingja, og hann t\u00f3k hana, og lag\u00f0ist me\u00f0 henni og spjalla\u00f0i hana.3Og hans hjarta h\u00e9kk vi\u00f0 Dinu Jakobsd\u00f3ttur, og hann elska\u00f0i st\u00falkuna og hugga\u00f0i hana.4Og Sikem kom a\u00f0 m\u00e1li vi\u00f0 f\u00f6\u00f0ur sinn Hemor og m\u00e6lti: taktu m\u00e9r \u00feessa st\u00falku fyrir konu!5Og Jakob fr\u00e9tti a\u00f0 hans d\u00f3ttir Dina var \u00f3s\u00e6md, en synir hans voru me\u00f0 hjar\u00f0ir s\u00ednar \u00fat \u00ed h\u00f6gum, og Jakob var hlj\u00f3\u00f0ur um \u00feetta <a href=\"https:\/\/biblian.is\/videy\/fyrsta-mosebok-34-kafli\/\"> [&#8230;]<\/a><\/p>\n","protected":false},"author":1,"featured_media":0,"parent":0,"menu_order":0,"comment_status":"open","ping_status":"open","template":"bibliukaflar.php","meta":{"footnotes":""},"class_list":["post-20883","page","type-page","status-publish","hentry"],"_links":{"self":[{"href":"https:\/\/biblian.is\/videy\/wp-json\/wp\/v2\/pages\/20883","targetHints":{"allow":["GET"]}}],"collection":[{"href":"https:\/\/biblian.is\/videy\/wp-json\/wp\/v2\/pages"}],"about":[{"href":"https:\/\/biblian.is\/videy\/wp-json\/wp\/v2\/types\/page"}],"author":[{"embeddable":true,"href":"https:\/\/biblian.is\/videy\/wp-json\/wp\/v2\/users\/1"}],"replies":[{"embeddable":true,"href":"https:\/\/biblian.is\/videy\/wp-json\/wp\/v2\/comments?post=20883"}],"version-history":[{"count":0,"href":"https:\/\/biblian.is\/videy\/wp-json\/wp\/v2\/pages\/20883\/revisions"}],"wp:attachment":[{"href":"https:\/\/biblian.is\/videy\/wp-json\/wp\/v2\/media?parent=20883"}],"curies":[{"name":"wp","href":"https:\/\/api.w.org\/{rel}","templated":true}]}}