{"id":20882,"date":"2018-01-02T00:59:20","date_gmt":"2018-01-02T00:59:20","guid":{"rendered":"http:\/\/biblian.is\/videy\/fyrsta-mosebok-33-kafli\/"},"modified":"2018-01-02T00:59:20","modified_gmt":"2018-01-02T00:59:20","slug":"fyrsta-mosebok-33-kafli","status":"publish","type":"page","link":"https:\/\/biblian.is\/videy\/fyrsta-mosebok-33-kafli\/","title":{"rendered":"Fyrsta M\u00f3seb\u00f3k 33. kafli"},"content":{"rendered":"<div class=\"fyrirsognVidey\">1.) \u00deeir br\u00e6\u00f0ur Esau og Jakob finnast. 2.) Jakob kemur til Kanaanslands.<\/div>\n<p><a name=\"1\"><span class=\"versanumer\">1<\/span><\/a><span style='font-weight:bold;padding-left:10px'>1.)<\/span> Og Jakob upplyfti s\u00ednum augum og s\u00e1 Esau koma og me\u00f0 honum 4 hundru\u00f0 manns; \u00fe\u00e1 skipti hann b\u00f6rnunum til Leu og Rakelar og til beggja amb\u00e1ttanna,<a name=\"2\"><span class=\"versanumer\">2<\/span><\/a>og l\u00e9t amb\u00e1ttirnar og \u00feeirra b\u00f6rn vera \u00e1 undan, svo Leu og hennar b\u00f6rn \u00fear n\u00e6st, og Rakel og J\u00f3sep aftast.<a name=\"3\"><span class=\"versanumer\">3<\/span><\/a>Og hann gekk sj\u00e1lfur \u00e1 undan \u00feeim, og laut sj\u00f6sinnum til jar\u00f0ar \u00e1\u00f0ur en hann kom til br\u00f3\u00f0ur s\u00edns, Esau.<a name=\"4\"><span class=\"versanumer\">4<\/span><\/a>\u00de\u00e1 hlj\u00f3p Esau \u00e1 m\u00f3ti honum og umfa\u00f0ma\u00f0i hann, og f\u00e9ll um h\u00e1ls honum og kyssti hann. Og \u00feeir gr\u00e9tu.<a name=\"5\"><span class=\"versanumer\">5<\/span><\/a>Og Esau leit upp og s\u00e1 konurnar og b\u00f6rnin og m\u00e6lti: hva\u00f0 hefur \u00fe\u00fa \u00fear? Og hann svara\u00f0i: \u00feau b\u00f6rn sem Gu\u00f0 hefur gefi\u00f0 \u00fej\u00f3n \u00fe\u00ednum.<a name=\"6\"><span class=\"versanumer\">6<\/span><\/a>\u00de\u00e1 gengu amb\u00e1ttirnar n\u00e6r og \u00feeirra b\u00f6rn og hneig\u00f0u sig.<a name=\"7\"><span class=\"versanumer\">7<\/span><\/a>Og Lea gekk og n\u00e6r og hennar b\u00f6rn og hneig\u00f0i sig, \u00fear eftir kom J\u00f3sep og Rakel og hneig\u00f0i sig.<a name=\"8\"><span class=\"versanumer\">8<\/span><\/a>Og Esau m\u00e6lti: hva\u00f0 vilt \u00fe\u00fa me\u00f0 allan \u00feann flokk sem kom \u00e1 m\u00f3ti m\u00e9r? Og hinn svara\u00f0i: a\u00f0 eg finni n\u00e1\u00f0 \u00ed augum m\u00edns herra.<a name=\"9\"><span class=\"versanumer\">9<\/span><\/a>Og Esau sag\u00f0i: eg \u00e1 n\u00f3g, br\u00f3\u00f0ir minn! eig \u00fe\u00fa \u00feitt!<a name=\"10\"><span class=\"versanumer\">10<\/span><\/a>Og Jakob sag\u00f0i: nei! ekki \u00fea\u00f0! hafi eg fundi\u00f0 n\u00e1\u00f0 \u00ed \u00fe\u00ednum augum, svo tekur \u00fe\u00fa vi\u00f0 \u00feessu af minni hendi, \u00fev\u00ed eg s\u00e1 \u00feitt andlit sem ma\u00f0ur s\u00e9r Gu\u00f0s andlit, og \u00fe\u00fa t\u00f3kst n\u00e1\u00f0arsamlega \u00e1 m\u00f3ti m\u00e9r;<a name=\"11\"><span class=\"versanumer\">11<\/span><\/a>taktu \u00fe\u00f3 vi\u00f0 minni g\u00e1fu, sem \u00fe\u00e9r var f\u00e6r\u00f0, \u00fev\u00ed Gu\u00f0 hefir veri\u00f0 m\u00e9r g\u00f3\u00f0ur, og eg hefi n\u00f3g eftir. Og hann lag\u00f0i a\u00f0 honum, en hinn t\u00f3k vi\u00f0.<a name=\"12\"><span class=\"versanumer\">12<\/span><\/a>Og Esau sag\u00f0i: t\u00f6kum okkur n\u00fa upp og h\u00f6ldum \u00e1fram, og eg skal fara \u00e1 undan.<a name=\"13\"><span class=\"versanumer\">13<\/span><\/a>Og Jakob svara\u00f0i honum: \u00fe\u00fa s\u00e9r, herra minn! a\u00f0 b\u00f6rnin eru ung, og h\u00e9r eru \u00e6r og n\u00fdbornar k\u00fdr hj\u00e1 m\u00e9r, og v\u00e6ri haldi\u00f0 \u00e1fram heilan dag, \u00fe\u00e1 mundi \u00f6ll hj\u00f6r\u00f0in drepast.<a name=\"14\"><span class=\"versanumer\">14<\/span><\/a>Fari minn herra \u00e1 undan s\u00ednum \u00fej\u00f3n; en eg mun reka \u00ed h\u00e6g\u00f0um m\u00ednum \u00e1 eftir, eins og hj\u00f6r\u00f0in getur fari\u00f0, sem eg rek, og b\u00f6rnin, \u00feanga\u00f0 til eg kemst til m\u00edns herra \u00ed Seir.<a name=\"15\"><span class=\"versanumer\">15<\/span><\/a>Og Esau sag\u00f0i: Eg vil l\u00e1ta nokkra af \u00feeim m\u00f6nnum sem me\u00f0 m\u00e9r eru, ver\u00f0a eftir hj\u00e1 \u00fe\u00e9r. Hinn svara\u00f0i: hver \u00fe\u00f6rf er \u00e1 \u00fev\u00ed? L\u00e1t mig a\u00f0eins finna n\u00e1\u00f0 \u00ed augum m\u00edns herra.<a name=\"16\"><span class=\"versanumer\">16<\/span><\/a>Svo f\u00f3r Esau \u00feann sama dag lei\u00f0ar sinnar heim aftur til Seir. <br \/><a name=\"17\"><span class=\"versanumer\">17<\/span><\/a><span style='font-weight:bold;padding-left:10px'>2.)<\/span> Og Jakob t\u00f3k sig upp og f\u00f3r til Sukot, og bygg\u00f0i s\u00e9r \u00fear h\u00fas, gj\u00f6r\u00f0i l\u00edka laufsk\u00e1la handa s\u00ednum f\u00e9na\u00f0i; \u00fev\u00ed kallast s\u00e1 sta\u00f0ur Sukot <span class='VideyAth'>(sk\u00e1li)<\/span>.<a name=\"18\"><span class=\"versanumer\">18<\/span><\/a>Og Jakob kom heill \u00e1 h\u00f3fi til sta\u00f0arins Sikem sem er \u00ed Kanaanslandi, \u00feegar hann kom heim \u00far Mesopotam\u00edu, og hann tjalda\u00f0i fyrir utan sta\u00f0inn,<a name=\"19\"><span class=\"versanumer\">19<\/span><\/a>og hann keypti \u00fea\u00f0 litla land sem hann tjalda\u00f0i \u00e1, af b\u00f6rnum Hemors, sem var fa\u00f0ir Sikems, fyrir hundra\u00f0 peninga.<a name=\"20\"><span class=\"versanumer\">20<\/span><\/a>Og hann bygg\u00f0i \u00fear altari, og kalla\u00f0i \u00fea\u00f0; Gu\u00f0s, \u00cdsraels Gu\u00f0s <span class='VideyAth'>(altari)<\/span>.<\/p>\n<div class=\"footnoteVidey\"><\/div>\n","protected":false},"excerpt":{"rendered":"<p>1.) \u00deeir br\u00e6\u00f0ur Esau og Jakob finnast. 2.) Jakob kemur til Kanaanslands. 11.) Og Jakob upplyfti s\u00ednum augum og s\u00e1 Esau koma og me\u00f0 honum 4 hundru\u00f0 manns; \u00fe\u00e1 skipti hann b\u00f6rnunum til Leu og Rakelar og til beggja amb\u00e1ttanna,2og l\u00e9t amb\u00e1ttirnar og \u00feeirra b\u00f6rn vera \u00e1 undan, svo Leu og hennar b\u00f6rn \u00fear n\u00e6st, og Rakel og J\u00f3sep aftast.3Og hann gekk sj\u00e1lfur \u00e1 undan \u00feeim, og laut sj\u00f6sinnum til jar\u00f0ar \u00e1\u00f0ur en hann kom til br\u00f3\u00f0ur s\u00edns, Esau.4\u00de\u00e1 hlj\u00f3p Esau \u00e1 m\u00f3ti honum og umfa\u00f0ma\u00f0i hann, og f\u00e9ll um h\u00e1ls honum og kyssti hann. Og \u00feeir gr\u00e9tu.5Og Esau leit <a href=\"https:\/\/biblian.is\/videy\/fyrsta-mosebok-33-kafli\/\"> [&#8230;]<\/a><\/p>\n","protected":false},"author":1,"featured_media":0,"parent":0,"menu_order":0,"comment_status":"open","ping_status":"open","template":"bibliukaflar.php","meta":{"footnotes":""},"class_list":["post-20882","page","type-page","status-publish","hentry"],"_links":{"self":[{"href":"https:\/\/biblian.is\/videy\/wp-json\/wp\/v2\/pages\/20882","targetHints":{"allow":["GET"]}}],"collection":[{"href":"https:\/\/biblian.is\/videy\/wp-json\/wp\/v2\/pages"}],"about":[{"href":"https:\/\/biblian.is\/videy\/wp-json\/wp\/v2\/types\/page"}],"author":[{"embeddable":true,"href":"https:\/\/biblian.is\/videy\/wp-json\/wp\/v2\/users\/1"}],"replies":[{"embeddable":true,"href":"https:\/\/biblian.is\/videy\/wp-json\/wp\/v2\/comments?post=20882"}],"version-history":[{"count":0,"href":"https:\/\/biblian.is\/videy\/wp-json\/wp\/v2\/pages\/20882\/revisions"}],"wp:attachment":[{"href":"https:\/\/biblian.is\/videy\/wp-json\/wp\/v2\/media?parent=20882"}],"curies":[{"name":"wp","href":"https:\/\/api.w.org\/{rel}","templated":true}]}}