{"id":20881,"date":"2018-01-02T00:59:20","date_gmt":"2018-01-02T00:59:20","guid":{"rendered":"http:\/\/biblian.is\/videy\/fyrsta-mosebok-32-kafli\/"},"modified":"2018-01-02T00:59:20","modified_gmt":"2018-01-02T00:59:20","slug":"fyrsta-mosebok-32-kafli","status":"publish","type":"page","link":"https:\/\/biblian.is\/videy\/fyrsta-mosebok-32-kafli\/","title":{"rendered":"Fyrsta M\u00f3seb\u00f3k 32. kafli"},"content":{"rendered":"<div class=\"fyrirsognVidey\">1.) Jakob \u00f3ttast hefnd af Esau. 2.) Bl\u00ed\u00f0kar hann me\u00f0 gj\u00f6fum. 3.) f\u00e6r nafni\u00f0 \u00cdsrael.<\/div>\n<p><a name=\"1\"><span class=\"versanumer\">1<\/span><\/a><span style='font-weight:bold;padding-left:10px'>1.)<\/span> En Jakob f\u00f3r s\u00edna lei\u00f0; \u00fe\u00e1 m\u00e6ttu honum englar Gu\u00f0s.<a name=\"2\"><span class=\"versanumer\">2<\/span><\/a>Og hann sag\u00f0i er hann s\u00e1 \u00fe\u00e1: \u00feetta eru herb\u00fa\u00f0ir Gu\u00f0s! og hann kalla\u00f0i \u00feann sama sta\u00f0 Mahanaim.<a name=\"3\"><span class=\"versanumer\">3<\/span><\/a>Og Jakob gj\u00f6r\u00f0i sendimenn \u00e1 undan s\u00e9r til m\u00f3ts vi\u00f0 Esau br\u00f3\u00f0ur sinn til landsins Seir, landsins Edom.<a name=\"4\"><span class=\"versanumer\">4<\/span><\/a>Og hann bau\u00f0 \u00feeim og sag\u00f0i: segi\u00f0 herra m\u00ednum Esau, svo segir \u00feinn \u00fe\u00e9nari Jakob: eg hefi veri\u00f0 utanlands, hj\u00e1 Laban, \u00feanga\u00f0 til n\u00fa;<a name=\"5\"><span class=\"versanumer\">5<\/span><\/a>og eg hefi eignast uxa og asna, sau\u00f0i og \u00fer\u00e6la og amb\u00e1ttir, og n\u00fa hefi eg sent til m\u00edns herra, a\u00f0 l\u00e1ta hann vita \u00fea\u00f0, til \u00feess a\u00f0 finna n\u00e1\u00f0 \u00ed \u00fe\u00ednum augum.<a name=\"6\"><span class=\"versanumer\">6<\/span><\/a>Og sendimennirnir komu aftur til Jakobs og s\u00f6g\u00f0u: v\u00e9r komum til br\u00f3\u00f0ur \u00fe\u00edns Esau, hann fer \u00e1 m\u00f3ti \u00fe\u00e9r me\u00f0 4 hundru\u00f0 manns.<a name=\"7\"><span class=\"versanumer\">7<\/span><\/a>\u00de\u00e1 var\u00f0 Jakob mj\u00f6g hr\u00e6ddur og kv\u00ed\u00f0afullur; og hann skipti f\u00f3lkinu sem me\u00f0 honum var, og sau\u00f0um og nautum og \u00falf\u00f6ldum, \u00ed tvo flokka;<a name=\"8\"><span class=\"versanumer\">8<\/span><\/a>\u00fev\u00ed hann hugsa\u00f0i: \u00fe\u00f3 Esau yfirfalli annan flokkinn og drepi allt ni\u00f0ur, \u00fe\u00e1 getur ske\u00f0 a\u00f0 s\u00e1 annar komist undan. <br \/><a name=\"9\"><span class=\"versanumer\">9<\/span><\/a><span style='font-weight:bold;padding-left:10px'>2.)<\/span> Og Jakob sag\u00f0i: Gu\u00f0 f\u00f6\u00f0ur m\u00edns Abrahams, og Gu\u00f0 f\u00f6\u00f0ur m\u00edns \u00cdsaks, Drottinn, \u00fe\u00fa sem sag\u00f0ir vi\u00f0 mig: sn\u00fa \u00fe\u00fa aftur til \u00fe\u00edns lands og til \u00fe\u00edns heimkynnis, eg vil gj\u00f6ra vel vi\u00f0 \u00feig,<a name=\"10\"><span class=\"versanumer\">10<\/span><\/a>\u00f3maklegur er eg allrar \u00feeirrar miskunnar og tr\u00fafesti sem \u00fe\u00fa hefur au\u00f0s\u00fdnt \u00fej\u00f3ni \u00fe\u00ednum; \u00fev\u00ed me\u00f0 stafinn minn einan f\u00f3r eg yfir \u00feessa J\u00f3rdan, en n\u00fa er eg or\u00f0inn a\u00f0 tveimur fylkingum;<a name=\"11\"><span class=\"versanumer\">11<\/span><\/a>frelsa mig af hendi br\u00f3\u00f0ur m\u00edns, af hendi Esau, \u00fev\u00ed eg er hr\u00e6ddur vi\u00f0 hann, og \u00f3ttast a\u00f0 hann yfirfalli mig, og drepi l\u00edka m\u00e6\u00f0urnar me\u00f0 b\u00f6rnunum.<a name=\"12\"><span class=\"versanumer\">12<\/span><\/a>\u00de\u00fa hefir sagt: eg mun veita \u00fe\u00e9r velgj\u00f6rninga og gj\u00f6ra \u00fe\u00edna ni\u00f0ja sem sj\u00e1varsand, sem ekki ver\u00f0ur talinn fyrir fj\u00f6lda sakir.<a name=\"13\"><span class=\"versanumer\">13<\/span><\/a>Og hann var \u00fear um n\u00f3ttina, og t\u00f3k af \u00fev\u00ed, sem hann haf\u00f0i hj\u00e1 s\u00e9r, g\u00e1fur handa br\u00f3\u00f0ur s\u00ednum Esau,<a name=\"14\"><span class=\"versanumer\">14<\/span><\/a>tv\u00f6 hundru\u00f0 geitur, tuttugu geithafra, tv\u00f6 hundru\u00f0 \u00e1sau\u00f0i, tuttugu hr\u00fata,<a name=\"15\"><span class=\"versanumer\">15<\/span><\/a>\u00ferj\u00e1t\u00edu mylka \u00falfalda me\u00f0 \u00feeirra fol\u00f6ldum, fj\u00f6rut\u00edu k\u00fdr og t\u00edu naut <span class='VideyAth'>(bola)<\/span>, tuttugu \u00f6snur og t\u00edu asna;<a name=\"16\"><span class=\"versanumer\">16<\/span><\/a>og hann f\u00e9kk \u00feetta \u00ed hendur s\u00ednum \u00fej\u00f3num; hverjum hj\u00f6r\u00f0 \u00fat af fyrir sig, og m\u00e6lti vi\u00f0 s\u00edna \u00fej\u00f3na: fari\u00f0 \u00e1 undan m\u00e9r, og l\u00e1ti\u00f0 vera bil \u00e1 milli hjar\u00f0anna.<a name=\"17\"><span class=\"versanumer\">17<\/span><\/a>svo bau\u00f0 hann \u00feeim fyrsta og m\u00e6lti: \u00feegar Esau br\u00f3\u00f0ir minn m\u00e6tir \u00fe\u00e9r og spyr \u00feig og segir: hverjum heyrir \u00fe\u00fa til? og hvert \u00e6tlar \u00fe\u00fa? og hver \u00e1 \u00feetta, sem \u00fe\u00fa rekur \u00e1 undan \u00fe\u00e9r?<a name=\"18\"><span class=\"versanumer\">18<\/span><\/a>\u00de\u00e1 skaltu segja: \u00fe\u00ednum \u00fe\u00e9nara Jakob tilheyri eg; g\u00e1fa \u00feessi er sending til m\u00edns herra Esau, og hann er h\u00e9r \u00e1 eftir okkur.<a name=\"19\"><span class=\"versanumer\">19<\/span><\/a>Og hann bau\u00f0 hi\u00f0 sama \u00feeim \u00f6\u00f0rum og \u00feri\u00f0ja og \u00f6llum \u00feeim sem r\u00e1ku hjar\u00f0irnar, og m\u00e6lti: \u00feessi or\u00f0 skulu\u00f0 \u00fe\u00e9r tala vi\u00f0 Esau, \u00feegar \u00fe\u00e9r hitti\u00f0 hann;<a name=\"20\"><span class=\"versanumer\">20<\/span><\/a>og \u00fe\u00e9r skulu\u00f0 l\u00edka segja: sj\u00e1! \u00fe\u00e9nari \u00feinn Jakob kemur \u00e1 eftir okkur l\u00edka. \u00dev\u00ed hann hugsa\u00f0i: eg skal bl\u00ed\u00f0ka hann me\u00f0 g\u00e1fum, sem eg sendi \u00e1 undan m\u00e9r, og \u00fear eftir skal eg finna hann; kannske hann geti \u00fe\u00e1 s\u00e9\u00f0 mig.<a name=\"21\"><span class=\"versanumer\">21<\/span><\/a>Svo f\u00f3r g\u00e1fan \u00e1 undan honum, en hann var \u00fe\u00e1 s\u00f6mu n\u00f3tt \u00ed s\u00ednum \u00e1fangasta\u00f0. <br \/><a name=\"22\"><span class=\"versanumer\">22<\/span><\/a><span style='font-weight:bold;padding-left:10px'>3.)<\/span> Og hann st\u00f3\u00f0 upp \u00fe\u00e1 s\u00f6mu n\u00f3tt og t\u00f3k b\u00e1\u00f0ar konur s\u00ednar, og b\u00e1\u00f0ar s\u00ednar amb\u00e1ttir og s\u00edn ellefu b\u00f6rn, og f\u00f3r a\u00f0 va\u00f0inu \u00e1 Jabok,<a name=\"23\"><span class=\"versanumer\">23<\/span><\/a>og flutti yfir \u00e1na, og f\u00f3r me\u00f0 allt, sem hann \u00e1tti, yfir \u00e1na.<a name=\"24\"><span class=\"versanumer\">24<\/span><\/a>En Jakob var\u00f0 einn eftir, og ma\u00f0ur nokkur gl\u00edmdi vi\u00f0 hann \u00feanga\u00f0 til daga\u00f0i.<a name=\"25\"><span class=\"versanumer\">25<\/span><\/a>Og sem hann s\u00e1 a\u00f0 hann gat ekki fellt hann, snart hann hans mja\u00f0mar sk\u00e1l, og Jakobs mj\u00f6\u00f0m skekktist \u00ed li\u00f0i \u00ed \u00fev\u00ed hann gl\u00edmdi vi\u00f0 hann;<a name=\"26\"><span class=\"versanumer\">26<\/span><\/a>og hann sag\u00f0i vi\u00f0 hann: slepptu m\u00e9r, \u00fev\u00ed n\u00fa dagar. Og hann svara\u00f0i: eg sleppi \u00fe\u00e9r ekki nema \u00fe\u00fa blessir mig.<a name=\"27\"><span class=\"versanumer\">27<\/span><\/a>Og hann sag\u00f0i: hvert er nafn \u00feitt. Hann svara\u00f0i: Jakob.<a name=\"28\"><span class=\"versanumer\">28<\/span><\/a>Og hinn sag\u00f0i: nafn \u00feitt skal ekki lengur vera Jakob, heldur \u00cdsrael; \u00fev\u00ed \u00fe\u00fa hefur gl\u00edmt vi\u00f0 Gu\u00f0 og menn og fengi\u00f0 sigur.<a name=\"29\"><span class=\"versanumer\">29<\/span><\/a>Og Jakob spur\u00f0i og m\u00e6lti: seg\u00f0u m\u00e9r \u00fe\u00f3 nafn \u00feitt! og hann svara\u00f0i: hvers vegna spyr \u00fe\u00fa a\u00f0 m\u00ednu nafni? Og hann blessa\u00f0i hann \u00fear.<a name=\"30\"><span class=\"versanumer\">30<\/span><\/a>Og Jakob nefndi \u00feennan sta\u00f0 Pniel <span class='VideyAth'>(Gu\u00f0s auglit)<\/span> \u201e\u00fev\u00ed s\u00e9\u00f0 hefi eg Gu\u00f0 bers\u00fdnilega, og l\u00edf mitt er frelsa\u00f0\u201c<a name=\"31\"><span class=\"versanumer\">31<\/span><\/a>Og sem hann f\u00f3r fr\u00e1 Pniel, rann s\u00f3lin upp; og hann var haltur \u00ed mj\u00f6\u00f0minni.<a name=\"32\"><span class=\"versanumer\">32<\/span><\/a>\u00dev\u00ed eta \u00cdsraels synir ekki aflsinina, \u00fe\u00e1 sem er yfir mja\u00f0marholunni, \u00fev\u00ed hann snart aflsin Jakobs mja\u00f0marsk\u00e1lar.<\/p>\n<div class=\"footnoteVidey\"><\/div>\n","protected":false},"excerpt":{"rendered":"<p>1.) Jakob \u00f3ttast hefnd af Esau. 2.) Bl\u00ed\u00f0kar hann me\u00f0 gj\u00f6fum. 3.) f\u00e6r nafni\u00f0 \u00cdsrael. 11.) En Jakob f\u00f3r s\u00edna lei\u00f0; \u00fe\u00e1 m\u00e6ttu honum englar Gu\u00f0s.2Og hann sag\u00f0i er hann s\u00e1 \u00fe\u00e1: \u00feetta eru herb\u00fa\u00f0ir Gu\u00f0s! og hann kalla\u00f0i \u00feann sama sta\u00f0 Mahanaim.3Og Jakob gj\u00f6r\u00f0i sendimenn \u00e1 undan s\u00e9r til m\u00f3ts vi\u00f0 Esau br\u00f3\u00f0ur sinn til landsins Seir, landsins Edom.4Og hann bau\u00f0 \u00feeim og sag\u00f0i: segi\u00f0 herra m\u00ednum Esau, svo segir \u00feinn \u00fe\u00e9nari Jakob: eg hefi veri\u00f0 utanlands, hj\u00e1 Laban, \u00feanga\u00f0 til n\u00fa;5og eg hefi eignast uxa og asna, sau\u00f0i og \u00fer\u00e6la og amb\u00e1ttir, og n\u00fa hefi eg sent til <a href=\"https:\/\/biblian.is\/videy\/fyrsta-mosebok-32-kafli\/\"> [&#8230;]<\/a><\/p>\n","protected":false},"author":1,"featured_media":0,"parent":0,"menu_order":0,"comment_status":"open","ping_status":"open","template":"bibliukaflar.php","meta":{"footnotes":""},"class_list":["post-20881","page","type-page","status-publish","hentry"],"_links":{"self":[{"href":"https:\/\/biblian.is\/videy\/wp-json\/wp\/v2\/pages\/20881","targetHints":{"allow":["GET"]}}],"collection":[{"href":"https:\/\/biblian.is\/videy\/wp-json\/wp\/v2\/pages"}],"about":[{"href":"https:\/\/biblian.is\/videy\/wp-json\/wp\/v2\/types\/page"}],"author":[{"embeddable":true,"href":"https:\/\/biblian.is\/videy\/wp-json\/wp\/v2\/users\/1"}],"replies":[{"embeddable":true,"href":"https:\/\/biblian.is\/videy\/wp-json\/wp\/v2\/comments?post=20881"}],"version-history":[{"count":0,"href":"https:\/\/biblian.is\/videy\/wp-json\/wp\/v2\/pages\/20881\/revisions"}],"wp:attachment":[{"href":"https:\/\/biblian.is\/videy\/wp-json\/wp\/v2\/media?parent=20881"}],"curies":[{"name":"wp","href":"https:\/\/api.w.org\/{rel}","templated":true}]}}