{"id":20879,"date":"2018-01-02T00:59:20","date_gmt":"2018-01-02T00:59:20","guid":{"rendered":"http:\/\/biblian.is\/videy\/fyrsta-mosebok-30-kafli\/"},"modified":"2018-01-02T00:59:20","modified_gmt":"2018-01-02T00:59:20","slug":"fyrsta-mosebok-30-kafli","status":"publish","type":"page","link":"https:\/\/biblian.is\/videy\/fyrsta-mosebok-30-kafli\/","title":{"rendered":"Fyrsta M\u00f3seb\u00f3k 30. kafli"},"content":{"rendered":"<div class=\"fyrirsognVidey\">B\u00f6rn Jakobs og au\u00f0s\u00e6ld.<\/div>\n<p><a name=\"1\"><span class=\"versanumer\">1<\/span><\/a>En sem Rakel s\u00e1 a\u00f0 h\u00fan \u00f3l ekki b\u00f6rn me\u00f0 Jakob, \u00fe\u00e1 \u00f6funda\u00f0i h\u00fan systur s\u00edna, og sag\u00f0i vi\u00f0 Jakob: l\u00e1ttu mig f\u00e1 barna! annars dey eg.<a name=\"2\"><span class=\"versanumer\">2<\/span><\/a>Jakob reiddist \u00fe\u00e1 vi\u00f0 Rakel, og sag\u00f0i: er eg \u00fe\u00e9r s\u00e1 Gu\u00f0 sem fyrirmuni \u00fe\u00e9r l\u00edfs\u00e1vaxtar.<a name=\"3\"><span class=\"versanumer\">3<\/span><\/a>\u00de\u00e1 sag\u00f0i Rakel: \u00fearna er Bila, \u00feerna m\u00edn, leggst \u00fe\u00fa me\u00f0 henni svo h\u00fan f\u00e6\u00f0i \u00e1 mitt skaut og eg hafi li\u00f0 af henni.<a name=\"4\"><span class=\"versanumer\">4<\/span><\/a>Svo gaf h\u00fan honum Bilu \u00feernu s\u00edna fyrir konu, og Jakob lag\u00f0ist me\u00f0 henni.<a name=\"5\"><span class=\"versanumer\">5<\/span><\/a>Og Bila var\u00f0 \u00f3l\u00e9tt og f\u00e6ddi Jakob son.<a name=\"6\"><span class=\"versanumer\">6<\/span><\/a>\u00de\u00e1 sag\u00f0i Rakel: Drottinn hefir d\u00e6mt mitt m\u00e1lefni og heyrt m\u00edna b\u00e6n og gefi\u00f0 m\u00e9r son; \u00fev\u00ed kalla\u00f0i h\u00fan hann Dan <span class='VideyAth'>(D\u00f3mur)<\/span>.<a name=\"7\"><span class=\"versanumer\">7<\/span><\/a>Og Bila amb\u00e1tt Rakelar var\u00f0 \u00f3l\u00e9tt \u00ed anna\u00f0 sinn og f\u00e6ddi Jakob annan son,<a name=\"8\"><span class=\"versanumer\">8<\/span><\/a>\u00fe\u00e1 sag\u00f0i Rakel: eg hefi barist mikinn bardaga vi\u00f0 systur m\u00edna og hefi l\u00edka sigra\u00f0, og h\u00fan nefndi nafn hans Naftali <span class='VideyAth'>(minn bardagi)<\/span>.<a name=\"9\"><span class=\"versanumer\">9<\/span><\/a>Og sem Lea s\u00e1 a\u00f0 h\u00fan h\u00e6g\u00f0i \u00e1 s\u00e9r a\u00f0 eiga b\u00f6rn, \u00fe\u00e1 t\u00f3k h\u00fan Silpu \u00feernu s\u00edna og f\u00e9kk Jakob hana fyrir konu.<a name=\"10\"><span class=\"versanumer\">10<\/span><\/a>Og Silpa, \u00feerna Leu, f\u00e6ddi Jakob son;<a name=\"11\"><span class=\"versanumer\">11<\/span><\/a>og Lea sag\u00f0i: til lukku! og h\u00fan nefndi hans nafn Ga\u00f0 <span class='VideyAth'>(Lukka)<\/span>.<a name=\"12\"><span class=\"versanumer\">12<\/span><\/a>Og Silpa, \u00feerna Leu, f\u00e6ddi Jakob annan son.<a name=\"13\"><span class=\"versanumer\">13<\/span><\/a>\u00de\u00e1 sag\u00f0i Lea: s\u00e6l er eg, \u00fev\u00ed d\u00e6turnar kalla mig s\u00e6la; Og h\u00fan nefndi hans nafn Asser <span class='VideyAth'>(Fars\u00e6ll)<\/span>.<br \/><a name=\"14\"><span class=\"versanumer\">14<\/span><\/a>Og \u00fe\u00e1 Ruben gekk einu sinni \u00fat um hveitiuppskerut\u00edmann, fann hann elskuepli <span class='VideyAth'>(dudaim)<\/span> \u00e1 landinu og f\u00e6r\u00f0i Leu m\u00f3\u00f0ur sinni, \u00fe\u00e1 sag\u00f0i Rakel vi\u00f0 Leu: gef \u00fe\u00fa m\u00e9r nokku\u00f0 af elskuepli sonar \u00fe\u00edns!<a name=\"15\"><span class=\"versanumer\">15<\/span><\/a>Og h\u00fan svara\u00f0i: er \u00fea\u00f0 ekki n\u00f3g a\u00f0 \u00fe\u00fa t\u00f3kst manninn minn, villtu n\u00fa l\u00edka taka elskuepli sonar m\u00edns? Og Rakel m\u00e6lti: hann m\u00e1 l\u00edka sofa hj\u00e1 \u00fe\u00e9r \u00ed n\u00f3tt fyrir elskuepli sonar \u00fe\u00edns.<a name=\"16\"><span class=\"versanumer\">16<\/span><\/a>En \u00feegar Jakob kom heim um kv\u00f6ldi\u00f0 \u00e1 akrinum, gekk Lea \u00e1 m\u00f3ti honum og sag\u00f0i: hj\u00e1 m\u00e9r \u00e1tt \u00fe\u00fa a\u00f0 sofa; \u00fev\u00ed eg hefi keypt \u00feig fyrir elskuepli sonar m\u00edns. svo svaf hann hj\u00e1 henni \u00fe\u00e1 s\u00f6mu n\u00f3tt.<a name=\"17\"><span class=\"versanumer\">17<\/span><\/a>Og Gu\u00f0 b\u00e6nheyr\u00f0i Leu, og h\u00fan var\u00f0 \u00f3l\u00e9tt og f\u00e6ddi Jakob \u00feann fimmta son og sag\u00f0i:<a name=\"18\"><span class=\"versanumer\">18<\/span><\/a>Gu\u00f0 hefur launa\u00f0 m\u00e9r \u00fea\u00f0, a\u00f0 eg gaf manni m\u00ednum m\u00edna \u00feernu, og \u00feennan kalla\u00f0i h\u00fan \u00cdssaskar <span class='VideyAth'>(\u00fea\u00f0 eru laun)<\/span>.<a name=\"19\"><span class=\"versanumer\">19<\/span><\/a>Og Lea var\u00f0 enn \u00f3l\u00e9tt og f\u00e6ddi Jakob \u00feann sj\u00f6tta son,<a name=\"20\"><span class=\"versanumer\">20<\/span><\/a>og Lea sag\u00f0i \u00fe\u00e1: Gu\u00f0 hefur gefi\u00f0 m\u00e9r fallega gj\u00f6f; n\u00fa mun ma\u00f0urinn minn h\u00e6nast a\u00f0 m\u00e9r; \u00fev\u00ed eg hefi f\u00e6tt honum sex syni, og h\u00fan nefndi hann Sabulon <span class='VideyAth'>(samb\u00fa\u00f0)<\/span>.<a name=\"21\"><span class=\"versanumer\">21<\/span><\/a>Eftir \u00fea\u00f0 \u00e1tti h\u00fan d\u00f3ttir; hana nefndi h\u00fan D\u00ednu.<a name=\"22\"><span class=\"versanumer\">22<\/span><\/a>Og Gu\u00f0 minntist Rakelar og b\u00e6nheyr\u00f0i hana og opna\u00f0i hennar m\u00f3\u00f0ur l\u00edf;<a name=\"23\"><span class=\"versanumer\">23<\/span><\/a>og h\u00fan var\u00f0 \u00f3l\u00e9tt og f\u00e6ddi son og sag\u00f0i: Gu\u00f0 hefir burtteki\u00f0 m\u00edna sm\u00e1n,<a name=\"24\"><span class=\"versanumer\">24<\/span><\/a>og h\u00fan nefndi hann J\u00f3sep <span class='VideyAth'>(b\u00e6ti hann vi\u00f0)<\/span> og sag\u00f0i: Gu\u00f0 b\u00e6ti vi\u00f0 mig \u00f6\u00f0rum syni!<br \/><a name=\"25\"><span class=\"versanumer\">25<\/span><\/a>Og \u00fea\u00f0 ske\u00f0i, \u00fe\u00e1 Rakel haf\u00f0i f\u00e6tt J\u00f3sep, a\u00f0 Jakob sag\u00f0i vi\u00f0 Laban: slepp \u00fe\u00fa m\u00e9r n\u00fa a\u00f0 eg fari \u00e1 m\u00ednar st\u00f6\u00f0var og \u00ed mitt land,<a name=\"26\"><span class=\"versanumer\">26<\/span><\/a>og f\u00e1\u00f0u m\u00e9r konur m\u00ednar og afkv\u00e6mi m\u00edn, hvar fyrir eg hefi \u00fej\u00f3na\u00f0 \u00fe\u00e9r, a\u00f0 eg geti fari\u00f0, \u00fev\u00ed \u00fe\u00fa veist hvernig eg hefi \u00fe\u00e9r \u00fej\u00f3na\u00f0.<a name=\"27\"><span class=\"versanumer\">27<\/span><\/a>\u00de\u00e1 sag\u00f0i Laban til hans: \u00f3 a\u00f0 eg fyndi n\u00e1\u00f0 \u00ed \u00fe\u00ednum augum! eg hefi teki\u00f0 eftir \u00fev\u00ed a\u00f0 Drottinn hefur blessa\u00f0 mig fyrir \u00fe\u00ednar sakir,<a name=\"28\"><span class=\"versanumer\">28<\/span><\/a>og hann m\u00e6lti: tiltaktu kaup handa sj\u00e1lfum \u00fe\u00e9r! eg skal svara \u00fev\u00ed.<a name=\"29\"><span class=\"versanumer\">29<\/span><\/a>Og hann <span class='VideyAth'>(Jakob)<\/span> svara\u00f0i: \u00fe\u00fa veist sj\u00e1lfur hvernig eg hefi \u00fej\u00f3na\u00f0 \u00fe\u00e9r og hver \u00fe\u00edn hj\u00f6r\u00f0 er or\u00f0in hj\u00e1 m\u00e9r.<a name=\"30\"><span class=\"versanumer\">30<\/span><\/a>\u00dev\u00ed \u00fea\u00f0 l\u00edti\u00f0 sem \u00fe\u00fa \u00e1ttir \u00e1\u00f0ur en eg kom, hefir margfaldlega aukist, og Drottinn hefir blessa\u00f0 \u00feig fyrir minn f\u00f3t. N\u00e6r skal eg l\u00edka vinna fyrir mitt h\u00fas?<a name=\"31\"><span class=\"versanumer\">31<\/span><\/a>Og Laban m\u00e6lti: hva\u00f0 skal eg \u00fe\u00e1 gefa \u00fe\u00e9r? Jakob sag\u00f0i: \u00fe\u00fa skalt ekkert gefa m\u00e9r, en viljir \u00fe\u00fa gj\u00f6ra \u00feetta <span class='VideyAth'>(sem eg segi)<\/span> \u00fe\u00e1 vil eg enn n\u00fa halda f\u00e9 \u00fe\u00ednu til haga og vakta \u00fea\u00f0.<a name=\"32\"><span class=\"versanumer\">32<\/span><\/a>Eg vil \u00ed dag ganga um alla \u00fe\u00edna hj\u00f6r\u00f0, og skilja fr\u00e1 flekk\u00f3tt og mislitt, og s\u00e9rhverja svarta kind me\u00f0al sau\u00f0anna og \u00fea\u00f0 mislita og flekk\u00f3tta me\u00f0al geitanna. Og \u00feetta skal vera mitt kaup.<a name=\"33\"><span class=\"versanumer\">33<\/span><\/a>Og r\u00e9ttv\u00edsi m\u00edn skal seinna meir bera m\u00e9r vitni, \u00feegar \u00fe\u00fa kemur og sko\u00f0ar mitt kaup; hva\u00f0 sem ekki er flekk\u00f3tt og mislitt me\u00f0al geitanna og svart me\u00f0al sau\u00f0anna, \u00fea\u00f0 skal vera sem stoli\u00f0 hj\u00e1 m\u00e9r.<a name=\"34\"><span class=\"versanumer\">34<\/span><\/a>Og Laban sag\u00f0i: s\u00e9 \u00fea\u00f0 eins og \u00fe\u00fa hefur sagt.<a name=\"35\"><span class=\"versanumer\">35<\/span><\/a>Og \u00e1 sama degi skildi hann Laban fr\u00e1 alla flekk\u00f3tta og mislita hafra, og allar mislitar og flekk\u00f3ttar geitur, allt \u00fea\u00f0 sem haf\u00f0i \u00e1 s\u00e9r einhv\u00f6rn d\u00edl, og allt d\u00f6kkleitt me\u00f0al sau\u00f0anna, og f\u00e9kk \u00feetta sonum s\u00ednum,<a name=\"36\"><span class=\"versanumer\">36<\/span><\/a>og l\u00e9t vera \u00ferj\u00e1r daglei\u00f0ir milli s\u00edn og Jakobs, og Jakob g\u00e6tti \u00feeirrar hjar\u00f0ar sem eftir var\u00f0.<a name=\"37\"><span class=\"versanumer\">37<\/span><\/a>Og Jakob t\u00f3k s\u00e9r stafi af gr\u00e6nu popiltr\u00e9 og haslvi\u00f0i, og kastan\u00ed\u00fatr\u00e9, og sk\u00f3f \u00fear \u00e1 hv\u00edtar r\u00e1kir, svo \u00fea\u00f0 hv\u00edta \u00e1 st\u00f6funum var\u00f0 bert,<a name=\"38\"><span class=\"versanumer\">38<\/span><\/a>og lag\u00f0i svo stafina, sem hann haf\u00f0i skafi\u00f0 b\u00f6rkinn af, \u00ed vatnsrennurnar \u00ed tryglana \u00fear sem f\u00e9na\u00f0urinn \u00e1tti a\u00f0 drekka, fyrir f\u00e9na\u00f0inn, og \u00e6rnar fengu r\u00e9tt \u00ed \u00fev\u00ed \u00fe\u00e6r voru a\u00f0 drekka,<a name=\"39\"><span class=\"versanumer\">39<\/span><\/a>og lembdust upp yfir st\u00f6funum, og f\u00e6ddu mislitt, d\u00edl\u00f3tt og flekk\u00f3tt.<a name=\"40\"><span class=\"versanumer\">40<\/span><\/a>Og \u00feau <span class='VideyAth'>(mislitu)<\/span> l\u00f6mb, skildi Jakob fr\u00e1 og l\u00e9t sau\u00f0i Labans horfa \u00e1 \u00fea\u00f0 flekk\u00f3tta og d\u00f6kkleita; en gj\u00f6r\u00f0i s\u00e9r hj\u00f6r\u00f0 \u00fat af fyrir sig, og l\u00e9t hana ekki koma saman vi\u00f0 Labans hj\u00f6r\u00f0.<a name=\"41\"><span class=\"versanumer\">41<\/span><\/a>Og fyrir augu \u00feess f\u00e9na\u00f0ar, sem snemma gekk, lag\u00f0i Jakob stafina \u00ed rennurnar fyrir hans augu, svo hann skyldi f\u00e1, me\u00f0an hann horf\u00f0i \u00e1 stafina;<a name=\"42\"><span class=\"versanumer\">42<\/span><\/a>en lag\u00f0i \u00fe\u00e1 ekki fyrir f\u00e9na\u00f0inn, sem seint gekk; svo var\u00f0 \u00fea\u00f0 s\u00ed\u00f0borna Labans, en hi\u00f0 snemmborna Jakobs.<a name=\"43\"><span class=\"versanumer\">43<\/span><\/a>Af \u00feessu var\u00f0 ma\u00f0urinn st\u00f3rau\u00f0ugur, svo hann \u00e1tti mikinn f\u00e9na\u00f0, amb\u00e1ttir, \u00fer\u00e6la, \u00falfalda og asna.<\/p>\n<div class=\"footnoteVidey\">V. 32. Ekki \u00fea\u00f0 mislita sem hann skildi fr\u00e1 hj\u00f6r\u00f0 Labans, heldur \u00fea\u00f0 sem flekk\u00f3tt e\u00f0a mislitt k\u00e6mi, af \u00feeirri eftir or\u00f0nu hj\u00f6r\u00f0, er Jakob enn vildi vakta.<\/div>\n","protected":false},"excerpt":{"rendered":"<p>B\u00f6rn Jakobs og au\u00f0s\u00e6ld. 1En sem Rakel s\u00e1 a\u00f0 h\u00fan \u00f3l ekki b\u00f6rn me\u00f0 Jakob, \u00fe\u00e1 \u00f6funda\u00f0i h\u00fan systur s\u00edna, og sag\u00f0i vi\u00f0 Jakob: l\u00e1ttu mig f\u00e1 barna! annars dey eg.2Jakob reiddist \u00fe\u00e1 vi\u00f0 Rakel, og sag\u00f0i: er eg \u00fe\u00e9r s\u00e1 Gu\u00f0 sem fyrirmuni \u00fe\u00e9r l\u00edfs\u00e1vaxtar.3\u00de\u00e1 sag\u00f0i Rakel: \u00fearna er Bila, \u00feerna m\u00edn, leggst \u00fe\u00fa me\u00f0 henni svo h\u00fan f\u00e6\u00f0i \u00e1 mitt skaut og eg hafi li\u00f0 af henni.4Svo gaf h\u00fan honum Bilu \u00feernu s\u00edna fyrir konu, og Jakob lag\u00f0ist me\u00f0 henni.5Og Bila var\u00f0 \u00f3l\u00e9tt og f\u00e6ddi Jakob son.6\u00de\u00e1 sag\u00f0i Rakel: Drottinn hefir d\u00e6mt mitt m\u00e1lefni og heyrt m\u00edna b\u00e6n <a href=\"https:\/\/biblian.is\/videy\/fyrsta-mosebok-30-kafli\/\"> [&#8230;]<\/a><\/p>\n","protected":false},"author":1,"featured_media":0,"parent":0,"menu_order":0,"comment_status":"open","ping_status":"open","template":"bibliukaflar.php","meta":{"footnotes":""},"class_list":["post-20879","page","type-page","status-publish","hentry"],"_links":{"self":[{"href":"https:\/\/biblian.is\/videy\/wp-json\/wp\/v2\/pages\/20879","targetHints":{"allow":["GET"]}}],"collection":[{"href":"https:\/\/biblian.is\/videy\/wp-json\/wp\/v2\/pages"}],"about":[{"href":"https:\/\/biblian.is\/videy\/wp-json\/wp\/v2\/types\/page"}],"author":[{"embeddable":true,"href":"https:\/\/biblian.is\/videy\/wp-json\/wp\/v2\/users\/1"}],"replies":[{"embeddable":true,"href":"https:\/\/biblian.is\/videy\/wp-json\/wp\/v2\/comments?post=20879"}],"version-history":[{"count":0,"href":"https:\/\/biblian.is\/videy\/wp-json\/wp\/v2\/pages\/20879\/revisions"}],"wp:attachment":[{"href":"https:\/\/biblian.is\/videy\/wp-json\/wp\/v2\/media?parent=20879"}],"curies":[{"name":"wp","href":"https:\/\/api.w.org\/{rel}","templated":true}]}}