{"id":20878,"date":"2018-01-02T00:59:20","date_gmt":"2018-01-02T00:59:20","guid":{"rendered":"http:\/\/biblian.is\/videy\/fyrsta-mosebok-29-kafli\/"},"modified":"2018-01-02T00:59:20","modified_gmt":"2018-01-02T00:59:20","slug":"fyrsta-mosebok-29-kafli","status":"publish","type":"page","link":"https:\/\/biblian.is\/videy\/fyrsta-mosebok-29-kafli\/","title":{"rendered":"Fyrsta M\u00f3seb\u00f3k 29. kafli"},"content":{"rendered":"<div class=\"fyrirsognVidey\">Jakob giftist tveimur d\u00e6trum Labans, eignast syni me\u00f0 Leu, ver\u00f0ur au\u00f0ugur.<\/div>\n<p><a name=\"1\"><span class=\"versanumer\">1<\/span><\/a>Og Jakob f\u00f3r af sta\u00f0 og gekk til lands austursins sona.<a name=\"2\"><span class=\"versanumer\">2<\/span><\/a>\u00dear lita\u00f0ist hann um, og sj\u00e1! \u00fear var brunnur \u00e1 m\u00f6rkinni, og vi\u00f0 hann l\u00e1gu \u00ferj\u00e1r sau\u00f0ahjar\u00f0ir, \u00fev\u00ed \u00feeim \u00e1tti a\u00f0 vatna vi\u00f0 \u00feennan sama brunn; en mikill steinn l\u00e1 yfir munna brunnsins.<a name=\"3\"><span class=\"versanumer\">3<\/span><\/a>\u00deanga\u00f0 \u00e1tti a\u00f0 reka allar hjar\u00f0irnar, velta svo steininum fr\u00e1 munna brunnsins og vatna f\u00e9na\u00f0inum, s\u00ed\u00f0an var steinninn l\u00e1tinn aftur yfir munna brunnsins \u00e1 sinn sta\u00f0.<a name=\"4\"><span class=\"versanumer\">4<\/span><\/a>\u00de\u00e1 sag\u00f0i Jakob til \u00feeirra: br\u00e6\u00f0ur m\u00ednir! hva\u00f0an eru\u00f0 \u00fe\u00e9r? og \u00feeir s\u00f6g\u00f0u: v\u00e9r erum fr\u00e1 Haran.<a name=\"5\"><span class=\"versanumer\">5<\/span><\/a>Og hann m\u00e6lti til \u00feeirra: \u00feekki\u00f0 \u00fe\u00e9r Laban Nahorsson. Og \u00feeir s\u00f6g\u00f0u: v\u00e9r \u00feekkjum hann.<a name=\"6\"><span class=\"versanumer\">6<\/span><\/a>Og hann m\u00e6lti til \u00feeirra: gengur honum vel? \u00feeir sv\u00f6ru\u00f0u: vel gengur honum, og sj\u00e1! \u00fearna kemur Rakel d\u00f3ttir hans me\u00f0 sau\u00f0ina.<a name=\"7\"><span class=\"versanumer\">7<\/span><\/a>Og hann m\u00e6lti: sj\u00e1! enn er miki\u00f0 dags eftir; og ekki kominn t\u00edmi til a\u00f0 reka f\u00e9\u00f0 saman; vatni\u00f0 sau\u00f0unum og reki\u00f0 \u00fe\u00e1 aftur \u00e1 beit!<a name=\"8\"><span class=\"versanumer\">8<\/span><\/a>Og \u00feeir sv\u00f6ru\u00f0u: v\u00e9r megum \u00fea\u00f0 ekki fyrr en allar hjar\u00f0irnar koma saman og menn velta steininum fr\u00e1 brunnsmynninu, \u00fe\u00e1 er f\u00e9nu vatna\u00f0.<a name=\"9\"><span class=\"versanumer\">9<\/span><\/a>\u00cd \u00fev\u00ed hann r\u00e6ddi \u00feetta vi\u00f0 \u00fe\u00e1, kom Rakel me\u00f0 sau\u00f0i f\u00f6\u00f0ur s\u00edns, \u00fev\u00ed h\u00fan g\u00e6tti \u00feeirra.<a name=\"10\"><span class=\"versanumer\">10<\/span><\/a>En sem Jakob s\u00e1 Rakel, d\u00f3ttur Labans m\u00f3\u00f0urbr\u00f3\u00f0ur s\u00edns, og sau\u00f0i Labans m\u00f3\u00f0urbr\u00f3\u00f0ur s\u00edns, \u00fe\u00e1 f\u00f3r hann til, og velti steininum fr\u00e1 munna brunnsins, og vatna\u00f0i sau\u00f0um Labans, m\u00f3\u00f0urbr\u00f3\u00f0ur s\u00edns.<a name=\"11\"><span class=\"versanumer\">11<\/span><\/a>Og Jakob kyssti Rakel, og gr\u00e9t h\u00e1st\u00f6fum.<br \/><a name=\"12\"><span class=\"versanumer\">12<\/span><\/a>Og Jakob sag\u00f0i Rakel fr\u00e1, a\u00f0 hann v\u00e6ri \u00e6ttingi f\u00f6\u00f0ur hennar, sonur Rebekku; en h\u00fan hlj\u00f3p og sag\u00f0i \u00feetta f\u00f6\u00f0ur s\u00ednum.<a name=\"13\"><span class=\"versanumer\">13<\/span><\/a>Og \u00fea\u00f0 ske\u00f0i, \u00fe\u00e1 Laban fr\u00e9tti til Jakobs, systur sonar s\u00edns, hlj\u00f3p hann \u00e1 m\u00f3ti honum, og t\u00f3k hann s\u00e9r \u00ed fa\u00f0m, og minntist vi\u00f0 hann, og leiddi hann \u00ed sitt h\u00fas; og hann <span class='VideyAth'>(Jakob)<\/span> sag\u00f0i Laban fr\u00e1 \u00f6llum \u00feessum atbur\u00f0um.<a name=\"14\"><span class=\"versanumer\">14<\/span><\/a>\u00de\u00e1 sag\u00f0i Laban til hans: sannarlega ertu mitt hold og bein! og hann var hj\u00e1 honum heilan m\u00e1nu\u00f0. <br \/><a name=\"15\"><span class=\"versanumer\">15<\/span><\/a>Og Laban sag\u00f0i vi\u00f0 Jakob: skyldir \u00fe\u00fa \u00fej\u00f3na m\u00e9r fyrir ekkert, \u00fe\u00f3 \u00fe\u00fa s\u00e9rt minn \u00e6ttingi? seg\u00f0u til, hver \u00fe\u00edn laun skulu vera!<a name=\"16\"><span class=\"versanumer\">16<\/span><\/a>En Laban \u00e1tti tv\u00e6r d\u00e6tur, s\u00fa eldri h\u00e9t Lea, en hin yngri h\u00e9t Rakel.<a name=\"17\"><span class=\"versanumer\">17<\/span><\/a>Lea var augnd\u00f6pur, en Rakel var b\u00e6\u00f0i vel vaxin og fr\u00ed\u00f0 s\u00fdnum.<a name=\"18\"><span class=\"versanumer\">18<\/span><\/a>Og Jakob elska\u00f0i Rakel og sag\u00f0i: eg vil \u00fej\u00f3na \u00fe\u00e9r \u00ed 7 \u00e1r fyrir Rakel \u00fe\u00edna yngri d\u00f3ttur.<a name=\"19\"><span class=\"versanumer\">19<\/span><\/a>Laban svara\u00f0i: \u00fea\u00f0 er betra a\u00f0 eg gefi \u00fe\u00e9r hana en a\u00f0 eg gefi hana \u00f6\u00f0rum manni. Vertu hj\u00e1 m\u00e9r!<a name=\"20\"><span class=\"versanumer\">20<\/span><\/a>svo vann Jakob fyrir Rakel \u00ed 7 \u00e1r, og \u00fe\u00f3tti honum sem f\u00e1ir dagar v\u00e6ru, \u00fev\u00ed hann elska\u00f0i hana.<a name=\"21\"><span class=\"versanumer\">21<\/span><\/a>Og Jakob sag\u00f0i vi\u00f0 Laban: f\u00e1\u00f0u m\u00e9r n\u00fa konu m\u00edna \u00fev\u00ed t\u00edmi er til kominn a\u00f0 eg giftist henni.<a name=\"22\"><span class=\"versanumer\">22<\/span><\/a>\u00de\u00e1 bau\u00f0 Laban \u00f6llum m\u00f6nnum \u00ed \u00feeim sta\u00f0 og h\u00e9lt veislu.<a name=\"23\"><span class=\"versanumer\">23<\/span><\/a>En um kv\u00f6ldi\u00f0 t\u00f3k Laban d\u00f3ttur s\u00edna Leu, og leiddi hana inn til hans og hann l\u00e1 me\u00f0 henni.<a name=\"24\"><span class=\"versanumer\">24<\/span><\/a>Og Laban f\u00e9kk Leu d\u00f3ttur sinni, amb\u00e1tt s\u00edna Silpu, a\u00f0 h\u00fan v\u00e6ri hennar \u00feerna.<a name=\"25\"><span class=\"versanumer\">25<\/span><\/a>En um morguninn, sj\u00e1! \u00fe\u00e1 var \u00fea\u00f0 Lea! og hann sag\u00f0i til Labans: \u00fev\u00ed gj\u00f6r\u00f0ir \u00fe\u00fa m\u00e9r \u00feetta! hefi eg ekki unni\u00f0 \u00fe\u00e9r fyrir Rakel? \u00fev\u00ed hefur \u00fe\u00fa sviki\u00f0 mig!<a name=\"26\"><span class=\"versanumer\">26<\/span><\/a>Og Laban sag\u00f0i: \u00fea\u00f0 er ekki si\u00f0ur h\u00e9r a\u00f0 gifta fr\u00e1 s\u00e9r \u00fe\u00e1 yngri d\u00f3ttur heldur en \u00fe\u00e1 frumgetnu.<a name=\"27\"><span class=\"versanumer\">27<\/span><\/a>Haltu n\u00fa \u00feessa, vikuna \u00fat, \u00fe\u00e1 skulum v\u00e9r gefa \u00fe\u00e9r hina l\u00edka fyrir \u00fe\u00e1 vinnu sem \u00fe\u00fa munt vinna m\u00e9r \u00ed \u00f6nnur 7 \u00e1r.<a name=\"28\"><span class=\"versanumer\">28<\/span><\/a>Og Jakob gj\u00f6r\u00f0i svo, og h\u00e9lt \u00fat vikuna. svo gifti Jakob honum d\u00f3ttur s\u00edna Rakel.<a name=\"29\"><span class=\"versanumer\">29<\/span><\/a>Og hann f\u00e9kk d\u00f3ttur sinni Rakel amb\u00e1tt s\u00edna Bilu fyrir \u00feernu.<a name=\"30\"><span class=\"versanumer\">30<\/span><\/a>Og hann lag\u00f0ist og me\u00f0 Rakel og elska\u00f0i hana meir en Leu. Og hann vann Laban enn n\u00fa \u00ed 7 \u00e1r.<a name=\"31\"><span class=\"versanumer\">31<\/span><\/a>En sem Drottinn s\u00e1 a\u00f0 Lea var fyrirlitin, \u00fe\u00e1 gj\u00f6r\u00f0i hann hana frj\u00f3vsama, en Rakel var \u00f3frj\u00f3vs\u00f6m.<a name=\"32\"><span class=\"versanumer\">32<\/span><\/a>Og Lea f\u00e9kk getna\u00f0 og f\u00e6ddi son, og kalla\u00f0i hann Ruben <span class='VideyAth'>(sj\u00e1 son)<\/span> \u00fev\u00ed h\u00fan sag\u00f0i: Drottinn hefur s\u00e9\u00f0 m\u00ednar raunir, \u00fev\u00ed n\u00fa mun ma\u00f0urinn minn elska mig.<a name=\"33\"><span class=\"versanumer\">33<\/span><\/a>Og h\u00fan var\u00f0 \u00f3l\u00e9tt aftur og f\u00e6ddi son, og h\u00fan sag\u00f0i: Drottinn hefur heyrt a\u00f0 eg var fyrirlitin, \u00fev\u00ed hefur hann l\u00edka gefi\u00f0 m\u00e9r \u00feennan; og h\u00fan kalla\u00f0i hann Simeon <span class='VideyAth'>(heyrn)<\/span>.<a name=\"34\"><span class=\"versanumer\">34<\/span><\/a>Og enn var\u00f0 h\u00fan \u00f3l\u00e9tt og f\u00e6ddi son, \u00fe\u00e1 sag\u00f0i h\u00fan: n\u00fa mun ma\u00f0urinn minn h\u00e6nast a\u00f0 m\u00e9r, \u00fev\u00ed eg hefi f\u00e6tt honum \u00ferj\u00e1 syni, \u00fev\u00ed kalla\u00f0i h\u00fan hann Levi <span class='VideyAth'>(me\u00f0fylgd)<\/span>.<a name=\"35\"><span class=\"versanumer\">35<\/span><\/a>Og enn var\u00f0 h\u00fan \u00feungu\u00f0 og f\u00e6ddi son og sag\u00f0i: n\u00fa vil eg vegsama Drottin, \u00fev\u00ed kalla\u00f0i h\u00fan hann Juda <span class='VideyAth'>(Gu\u00f0 vegsama\u00f0ur)<\/span> og h\u00fan h\u00e6tti a\u00f0 eiga b\u00f6rn.<\/p>\n<div class=\"footnoteVidey\"><\/div>\n","protected":false},"excerpt":{"rendered":"<p>Jakob giftist tveimur d\u00e6trum Labans, eignast syni me\u00f0 Leu, ver\u00f0ur au\u00f0ugur. 1Og Jakob f\u00f3r af sta\u00f0 og gekk til lands austursins sona.2\u00dear lita\u00f0ist hann um, og sj\u00e1! \u00fear var brunnur \u00e1 m\u00f6rkinni, og vi\u00f0 hann l\u00e1gu \u00ferj\u00e1r sau\u00f0ahjar\u00f0ir, \u00fev\u00ed \u00feeim \u00e1tti a\u00f0 vatna vi\u00f0 \u00feennan sama brunn; en mikill steinn l\u00e1 yfir munna brunnsins.3\u00deanga\u00f0 \u00e1tti a\u00f0 reka allar hjar\u00f0irnar, velta svo steininum fr\u00e1 munna brunnsins og vatna f\u00e9na\u00f0inum, s\u00ed\u00f0an var steinninn l\u00e1tinn aftur yfir munna brunnsins \u00e1 sinn sta\u00f0.4\u00de\u00e1 sag\u00f0i Jakob til \u00feeirra: br\u00e6\u00f0ur m\u00ednir! hva\u00f0an eru\u00f0 \u00fe\u00e9r? og \u00feeir s\u00f6g\u00f0u: v\u00e9r erum fr\u00e1 Haran.5Og hann m\u00e6lti til \u00feeirra: \u00feekki\u00f0 <a href=\"https:\/\/biblian.is\/videy\/fyrsta-mosebok-29-kafli\/\"> [&#8230;]<\/a><\/p>\n","protected":false},"author":1,"featured_media":0,"parent":0,"menu_order":0,"comment_status":"open","ping_status":"open","template":"bibliukaflar.php","meta":{"footnotes":""},"class_list":["post-20878","page","type-page","status-publish","hentry"],"_links":{"self":[{"href":"https:\/\/biblian.is\/videy\/wp-json\/wp\/v2\/pages\/20878","targetHints":{"allow":["GET"]}}],"collection":[{"href":"https:\/\/biblian.is\/videy\/wp-json\/wp\/v2\/pages"}],"about":[{"href":"https:\/\/biblian.is\/videy\/wp-json\/wp\/v2\/types\/page"}],"author":[{"embeddable":true,"href":"https:\/\/biblian.is\/videy\/wp-json\/wp\/v2\/users\/1"}],"replies":[{"embeddable":true,"href":"https:\/\/biblian.is\/videy\/wp-json\/wp\/v2\/comments?post=20878"}],"version-history":[{"count":0,"href":"https:\/\/biblian.is\/videy\/wp-json\/wp\/v2\/pages\/20878\/revisions"}],"wp:attachment":[{"href":"https:\/\/biblian.is\/videy\/wp-json\/wp\/v2\/media?parent=20878"}],"curies":[{"name":"wp","href":"https:\/\/api.w.org\/{rel}","templated":true}]}}