{"id":20877,"date":"2018-01-02T00:59:20","date_gmt":"2018-01-02T00:59:20","guid":{"rendered":"http:\/\/biblian.is\/videy\/fyrsta-mosebok-28-kafli\/"},"modified":"2018-01-02T00:59:20","modified_gmt":"2018-01-02T00:59:20","slug":"fyrsta-mosebok-28-kafli","status":"publish","type":"page","link":"https:\/\/biblian.is\/videy\/fyrsta-mosebok-28-kafli\/","title":{"rendered":"Fyrsta M\u00f3seb\u00f3k 28. kafli"},"content":{"rendered":"<div class=\"fyrirsognVidey\">1.) Jakob fer til Mesopotamiu. 2.) Esau giftist d\u00f3ttur \u00cdsmaels. 3.) Jakobs vitran \u00ed Betel.<\/div>\n<p><a name=\"1\"><span class=\"versanumer\">1<\/span><\/a><span style='font-weight:bold;padding-left:10px'>1.)<\/span> \u00de\u00e1 kalla\u00f0i \u00cdsak til s\u00edn Jakob, og blessa\u00f0i hann og bau\u00f0 honum og sag\u00f0i til hans: \u00fe\u00fa skalt enga konu taka af Kanaansd\u00e6trum.<a name=\"2\"><span class=\"versanumer\">2<\/span><\/a>Taktu \u00feig heldur upp og far til Mesopotam\u00edu, \u00ed h\u00fas Betuels m\u00f3\u00f0ur f\u00f6\u00f0ur \u00fe\u00edns, og tak \u00fe\u00e9r \u00fea\u00f0an konu af d\u00e6trum Labans m\u00f3\u00f0urbr\u00f3\u00f0ur \u00fe\u00edns.<a name=\"3\"><span class=\"versanumer\">3<\/span><\/a>S\u00e1 alm\u00e1ttugi Gu\u00f0 blessi \u00feig og gj\u00f6ri \u00feig frj\u00f3vsaman, og auki \u00e6tt \u00fe\u00edna, svo a\u00f0 \u00fe\u00fa ver\u00f0ir a\u00f0 mikilli \u00fej\u00f3\u00f0!<a name=\"4\"><span class=\"versanumer\">4<\/span><\/a>Hann gefi \u00fe\u00e9r Abrahams blessan, \u00fe\u00e9r og \u00fe\u00ednum ni\u00f0jum me\u00f0 \u00fe\u00e9r, a\u00f0 \u00fe\u00fa megir eignast \u00fea\u00f0 land sem \u00fe\u00fa b\u00fdr \u00ed, sem Gu\u00f0 gaf Abraham.<br \/><a name=\"5\"><span class=\"versanumer\">5<\/span><\/a>Svo l\u00e9t \u00cdsak Jakob fr\u00e1 s\u00e9r, og sendi hann til Mesopotam\u00edu, til Labans Betuelssonar hins s\u00fdrlenska, sem var br\u00f3\u00f0ir Rebekku, m\u00f3\u00f0ur Jakobs og Esau. <br \/><a name=\"6\"><span class=\"versanumer\">6<\/span><\/a><span style='font-weight:bold;padding-left:10px'>2.)<\/span> Og Esau s\u00e1 a\u00f0 \u00cdsak haf\u00f0i blessa\u00f0 Jakob, og sent hann \u00ed Mesopotam\u00edu til a\u00f0 f\u00e1 s\u00e9r \u00fea\u00f0an konu, og haf\u00f0i \u00ed \u00fev\u00ed hann blessa\u00f0i hann, bo\u00f0i\u00f0 honum og sagt: \u00fe\u00fa skalt ekki taka \u00fe\u00e9r konu af Kanaansd\u00e6trum,<a name=\"7\"><span class=\"versanumer\">7<\/span><\/a>og a\u00f0 Jakob var hl\u00fd\u00f0inn f\u00f6\u00f0ur s\u00ednum og m\u00f3\u00f0ur sinni, og f\u00f3r til Mesopotam\u00edu;<a name=\"8\"><span class=\"versanumer\">8<\/span><\/a>\u00fe\u00e1 s\u00e1 Esau a\u00f0 Kanaansd\u00e6tur ge\u00f0ju\u00f0ust ekki f\u00f6\u00f0ur s\u00ednum \u00cdsak.<a name=\"9\"><span class=\"versanumer\">9<\/span><\/a>Og Esau f\u00f3r til \u00cdsmaels, og t\u00f3k s\u00e9r konu Mahalat, d\u00f3ttur \u00cdsmaels Abrahamssonar, systur Nabajots, auk \u00feeirra kvenna sem hann \u00e1tti \u00e1\u00f0ur. <br \/><a name=\"10\"><span class=\"versanumer\">10<\/span><\/a><span style='font-weight:bold;padding-left:10px'>3.)<\/span> Og Jakob lag\u00f0i af sta\u00f0 fr\u00e1 Berseba og kom til Haran.<a name=\"11\"><span class=\"versanumer\">11<\/span><\/a>Og hann kom <span class='VideyAth'>(\u00e1 fer\u00f0inni)<\/span> \u00e1 vissan sta\u00f0 og var \u00fear um n\u00f3tt, \u00fev\u00ed s\u00f3larlag var komi\u00f0; og hann t\u00f3k stein og lag\u00f0i undir h\u00f6fu\u00f0 sitt, og hann lag\u00f0i sig til svefns, \u00ed \u00feeim sama sta\u00f0.<a name=\"12\"><span class=\"versanumer\">12<\/span><\/a>Og hann dreymdi:\u2014Honum \u00fe\u00f3tti stigi standa \u00e1 j\u00f6r\u00f0u, sem n\u00e1\u00f0i til himins, og sj\u00e1! englar Gu\u00f0s f\u00f3ru upp og ni\u00f0ur stigann.<a name=\"13\"><span class=\"versanumer\">13<\/span><\/a>Og sj\u00e1! Drottinn st\u00f3\u00f0 \u00fear upp yfir og sag\u00f0i: eg em Drottinn, Gu\u00f0 Abrahams f\u00f6\u00f0ur \u00fe\u00edns og Gu\u00f0 \u00cdsaks; \u00fea\u00f0 land sem \u00fe\u00fa hv\u00edlist \u00e1 mun eg gefa \u00fe\u00e9r og \u00feinni \u00e6tt.<a name=\"14\"><span class=\"versanumer\">14<\/span><\/a>Og \u00fe\u00ednir ni\u00f0jar skulu ver\u00f0a sem duft jar\u00f0ar, og \u00fe\u00fa skalt \u00fatbrei\u00f0ast til vesturs og austurs, nor\u00f0urs og su\u00f0urs og af \u00fe\u00e9r munu allar \u00e6ttir jar\u00f0arinnar hlj\u00f3ta blessan og af \u00fe\u00ednu s\u00e6\u00f0i.<a name=\"15\"><span class=\"versanumer\">15<\/span><\/a>Og sj\u00e1! eg em me\u00f0 \u00fe\u00e9r og var\u00f0veiti \u00feig hvert sem \u00fe\u00fa fer, og eg mun aftur flytja \u00feig inn \u00ed \u00feetta land; \u00fev\u00ed ekki mun eg sleppa af \u00fe\u00e9r hendinni, \u00feanga\u00f0 til, og hefi gj\u00f6rt allt, sem eg hefi vi\u00f0 \u00feig tala\u00f0.<a name=\"16\"><span class=\"versanumer\">16<\/span><\/a>\u00de\u00e1 vakna\u00f0i Jakob af s\u00ednum svefni og m\u00e6lti: vissulega er Drottinn \u00e1 \u00feessum sta\u00f0, og eg vissi \u00fea\u00f0 ekki!<a name=\"17\"><span class=\"versanumer\">17<\/span><\/a>Og \u00f3tta sl\u00f3 yfir hann, og hann sag\u00f0i: \u00feessi sta\u00f0ur er \u00f3ttalegur! h\u00e9r er Gu\u00f0s h\u00fas, h\u00e9r er hli\u00f0 himinsins!<a name=\"18\"><span class=\"versanumer\">18<\/span><\/a>Og Jakob st\u00f3\u00f0 snemma upp um morguninn, og t\u00f3k steininn, sem hann haf\u00f0i haft undir h\u00f6f\u00f0inu, og reisti hann upp, til merkis, og hellti vi\u00f0smj\u00f6ri yfir hann.<a name=\"19\"><span class=\"versanumer\">19<\/span><\/a>Og hann kalla\u00f0i \u00feennan sta\u00f0 Betel, <span class='VideyAth'>(Gu\u00f0sh\u00fas)<\/span>, \u00e1\u00f0ur h\u00e9t hann L\u00fas.\u2014<a name=\"20\"><span class=\"versanumer\">20<\/span><\/a>Og Jakob gj\u00f6r\u00f0i heit og m\u00e6lti: ef Gu\u00f0 ver\u00f0ur me\u00f0 m\u00e9r og var\u00f0veitir mig \u00e1 \u00feessari fer\u00f0 sem eg n\u00fa fer, og gefur m\u00e9r brau\u00f0 a\u00f0 eta og kl\u00e6\u00f0ir mig,<a name=\"21\"><span class=\"versanumer\">21<\/span><\/a>og komi eg fars\u00e6llega aftur heim \u00ed m\u00edns f\u00f6\u00f0urs h\u00fas, svo skal Drottinn vera minn Gu\u00f0, og \u00feessi steinn, sem eg hefi uppreist til merkis, skal ver\u00f0a Gu\u00f0s h\u00fas; og allt sem \u00fe\u00fa gefur m\u00e9r, \u00fea\u00f0 skal eg t\u00edunda \u00fe\u00e9r.<\/p>\n<div class=\"footnoteVidey\"><\/div>\n","protected":false},"excerpt":{"rendered":"<p>1.) Jakob fer til Mesopotamiu. 2.) Esau giftist d\u00f3ttur \u00cdsmaels. 3.) Jakobs vitran \u00ed Betel. 11.) \u00de\u00e1 kalla\u00f0i \u00cdsak til s\u00edn Jakob, og blessa\u00f0i hann og bau\u00f0 honum og sag\u00f0i til hans: \u00fe\u00fa skalt enga konu taka af Kanaansd\u00e6trum.2Taktu \u00feig heldur upp og far til Mesopotam\u00edu, \u00ed h\u00fas Betuels m\u00f3\u00f0ur f\u00f6\u00f0ur \u00fe\u00edns, og tak \u00fe\u00e9r \u00fea\u00f0an konu af d\u00e6trum Labans m\u00f3\u00f0urbr\u00f3\u00f0ur \u00fe\u00edns.3S\u00e1 alm\u00e1ttugi Gu\u00f0 blessi \u00feig og gj\u00f6ri \u00feig frj\u00f3vsaman, og auki \u00e6tt \u00fe\u00edna, svo a\u00f0 \u00fe\u00fa ver\u00f0ir a\u00f0 mikilli \u00fej\u00f3\u00f0!4Hann gefi \u00fe\u00e9r Abrahams blessan, \u00fe\u00e9r og \u00fe\u00ednum ni\u00f0jum me\u00f0 \u00fe\u00e9r, a\u00f0 \u00fe\u00fa megir eignast \u00fea\u00f0 land sem \u00fe\u00fa b\u00fdr <a href=\"https:\/\/biblian.is\/videy\/fyrsta-mosebok-28-kafli\/\"> [&#8230;]<\/a><\/p>\n","protected":false},"author":1,"featured_media":0,"parent":0,"menu_order":0,"comment_status":"open","ping_status":"open","template":"bibliukaflar.php","meta":{"footnotes":""},"class_list":["post-20877","page","type-page","status-publish","hentry"],"_links":{"self":[{"href":"https:\/\/biblian.is\/videy\/wp-json\/wp\/v2\/pages\/20877","targetHints":{"allow":["GET"]}}],"collection":[{"href":"https:\/\/biblian.is\/videy\/wp-json\/wp\/v2\/pages"}],"about":[{"href":"https:\/\/biblian.is\/videy\/wp-json\/wp\/v2\/types\/page"}],"author":[{"embeddable":true,"href":"https:\/\/biblian.is\/videy\/wp-json\/wp\/v2\/users\/1"}],"replies":[{"embeddable":true,"href":"https:\/\/biblian.is\/videy\/wp-json\/wp\/v2\/comments?post=20877"}],"version-history":[{"count":0,"href":"https:\/\/biblian.is\/videy\/wp-json\/wp\/v2\/pages\/20877\/revisions"}],"wp:attachment":[{"href":"https:\/\/biblian.is\/videy\/wp-json\/wp\/v2\/media?parent=20877"}],"curies":[{"name":"wp","href":"https:\/\/api.w.org\/{rel}","templated":true}]}}