{"id":20874,"date":"2018-01-02T00:59:20","date_gmt":"2018-01-02T00:59:20","guid":{"rendered":"http:\/\/biblian.is\/videy\/fyrsta-mosebok-25-kafli\/"},"modified":"2018-01-02T00:59:20","modified_gmt":"2018-01-02T00:59:20","slug":"fyrsta-mosebok-25-kafli","status":"publish","type":"page","link":"https:\/\/biblian.is\/videy\/fyrsta-mosebok-25-kafli\/","title":{"rendered":"Fyrsta M\u00f3seb\u00f3k 25. kafli"},"content":{"rendered":"<div class=\"fyrirsognVidey\">1.) Abraham giftist aftur og deyr. 2.) \u00c6ttir \u00cdsmaels og \u00cdsaks. 3.) Esau og Jakob f\u00e6\u00f0ast\u2014\u00feeirra vi\u00f0skipti.<\/div>\n<p><a name=\"1\"><span class=\"versanumer\">1<\/span><\/a><span style='font-weight:bold;padding-left:10px'>1.)<\/span> Og Abraham t\u00f3k s\u00e9r konu aftur, h\u00fan h\u00e9t Ket\u00fara.<a name=\"2\"><span class=\"versanumer\">2<\/span><\/a>Og h\u00fan f\u00e6ddi honum Simram og Joksan og Medan og Midian og Jesbak og S\u00faa.<a name=\"3\"><span class=\"versanumer\">3<\/span><\/a>Og Joksan gat Sabea og Dedan, og synir Dedans voru \u00feeir Assurim og Letusim og Leomim.<a name=\"4\"><span class=\"versanumer\">4<\/span><\/a>Og synir Midians: Efa og Esfer og Henok og Abida og Eldaa, allir \u00feessir eru Keturusynir.<a name=\"5\"><span class=\"versanumer\">5<\/span><\/a>Og Abraham gaf \u00cdsak allt sem hann \u00e1tti.<a name=\"6\"><span class=\"versanumer\">6<\/span><\/a>En sonum \u00feeim sem Abraham haf\u00f0i \u00e1tt me\u00f0 hj\u00e1konunum, gaf hann gjafir, og l\u00e9t \u00fe\u00e1 fara austur \u00ed landi\u00f0, til austurs, me\u00f0an hann enn var \u00e1 l\u00edfi, fr\u00e1 syni s\u00ednum \u00cdsak.<a name=\"7\"><span class=\"versanumer\">7<\/span><\/a>\u00deetta er s\u00e1 aldur sem Abraham lif\u00f0i: hundra\u00f0 og sj\u00f6t\u00edu og fimm \u00e1r. <br \/><a name=\"8\"><span class=\"versanumer\">8<\/span><\/a>Og Abraham anda\u00f0ist og d\u00f3 \u00ed g\u00f3\u00f0ri elli, gamall og saddur l\u00edfdaga; og safna\u00f0ist til s\u00edns f\u00f3lks.<a name=\"9\"><span class=\"versanumer\">9<\/span><\/a>Og \u00cdsak og \u00cdsmael synir hans j\u00f6r\u00f0u\u00f0u hann \u00ed hellirnum \u00ed Makfela \u00e1 akri Efrons sonar Sosars Hetitans, fyrir austan Mamre;<a name=\"10\"><span class=\"versanumer\">10<\/span><\/a>\u00e1 \u00feeim akri sem Abraham keypti af Hetssonum; \u00fear var Abraham jar\u00f0a\u00f0ur og Sara kona hans.<a name=\"11\"><span class=\"versanumer\">11<\/span><\/a>Og \u00fea\u00f0 ske\u00f0i, a\u00f0 eftir andl\u00e1t Abrahams blessa\u00f0i Gu\u00f0 \u00cdsak son hans. Og \u00cdsak bj\u00f3 hj\u00e1 \u00feeim brunni sem heitir: Brunnur hins lifanda er s\u00e9r r\u00e1\u00f0. <br \/><a name=\"12\"><span class=\"versanumer\">12<\/span><\/a><span style='font-weight:bold;padding-left:10px'>2.)<\/span> \u00deetta er \u00e6ttartal \u00cdsmaels Abrahamssonar, \u00feess sem Hagar hin egypska, amb\u00e1tt S\u00f6ru, f\u00e6ddi honum.<a name=\"13\"><span class=\"versanumer\">13<\/span><\/a>Og \u00feessi eru n\u00f6fn \u00cdsmaelssona me\u00f0 \u00feeirra n\u00f6fnum, eftir \u00feeirra kyn\u00fe\u00e1ttum. Nebajot var hans frumgetin son, svo Kedar og Abdeel og Mibsam,<a name=\"14\"><span class=\"versanumer\">14<\/span><\/a>og Misma og Duma og Massa,<a name=\"15\"><span class=\"versanumer\">15<\/span><\/a>og Hadar og Tema, Jet\u00far, Nafis og Kedma.<a name=\"16\"><span class=\"versanumer\">16<\/span><\/a>\u00deessir eru synir \u00cdsmaels, og \u00feessi \u00feeirra n\u00f6fn, eftir \u00feeirra beitarh\u00edb\u00fdlum, og tjaldgir\u00f0ingum <span class='VideyAth'>*)<\/span>; t\u00f3lf voru h\u00f6f\u00f0ingjar \u00feeirra \u00e6ttkv\u00edsla.<a name=\"17\"><span class=\"versanumer\">17<\/span><\/a>\u00deetta var\u00f0 aldur \u00cdsmaels: hundra\u00f0 \u00ferj\u00e1t\u00edu og sj\u00f6 \u00e1r, \u00fe\u00e1 d\u00f3 hann og s\u00e1la\u00f0ist, og safna\u00f0ist til s\u00edns f\u00f3lks.<a name=\"18\"><span class=\"versanumer\">18<\/span><\/a>Og \u00feeir bjuggu fr\u00e1 Hevila til S\u00far, fyrir austan Egyptaland, \u00ed stefnu til Assyriu; fyrir austan alla s\u00edna br\u00e6\u00f0ur, t\u00f3k hann <span class='VideyAth'>(\u00cdsmael)<\/span> s\u00e9r b\u00fasta\u00f0.<a name=\"19\"><span class=\"versanumer\">19<\/span><\/a>\u00deetta er saga \u00cdsaks Abrahams sonar. Abraham \u00e1tti \u00cdsak;<a name=\"20\"><span class=\"versanumer\">20<\/span><\/a>og \u00cdsak var fj\u00f6rut\u00edu \u00e1ra gamall, \u00feegar hann giftist Rebekku, d\u00f3ttir Betuels hins syrlenska, \u00far Mesopotamiu, systur Labans \u00feess syrlenska. <br \/><a name=\"21\"><span class=\"versanumer\">21<\/span><\/a><span style='font-weight:bold;padding-left:10px'>3.)<\/span> Og \u00cdsak ba\u00f0 Drottin fyrir konu sinni, \u00fev\u00ed h\u00fan var \u00f3byrja, og Drottinn b\u00e6nheyr\u00f0i hann, og Rebekka kona hans var\u00f0 \u00f3l\u00e9tt.<a name=\"22\"><span class=\"versanumer\">22<\/span><\/a>Og \u00fe\u00e1 b\u00f6rnin hnitlu\u00f0ust vi\u00f0 me\u00f0 henni, sag\u00f0i h\u00fan: s\u00e9 \u00fea\u00f0 svona, \u00fev\u00ed er eg \u00fe\u00e1 <span class='VideyAth'>(or\u00f0in \u00feungu\u00f0)<\/span> og h\u00fan f\u00f3r a\u00f0 spyrja Drottin.<a name=\"23\"><span class=\"versanumer\">23<\/span><\/a>En Drottinn svara\u00f0i henni: \u00fe\u00fa gengur me\u00f0 tv\u00e6r \u00fej\u00f3\u00f0ir, og tveir \u00e6ttleggir munu af \u00fe\u00ednu skauti koma; annar ver\u00f0ur sterkari en hinn, og s\u00e1 st\u00e6rri mun \u00fej\u00f3na \u00feeim minni.<a name=\"24\"><span class=\"versanumer\">24<\/span><\/a>Og er hennar dagar voru li\u00f0nir a\u00f0 h\u00fan skyldi f\u00e6\u00f0a, sj\u00e1! \u00fe\u00e1 voru tv\u00edburar \u00ed hennar kvi\u00f0i.<a name=\"25\"><span class=\"versanumer\">25<\/span><\/a>Og hinn fyrri kom \u00ed lj\u00f3s; hann var rau\u00f0leitur og allur lo\u00f0inn sem <span class='VideyAth'>(g\u00e6ra)<\/span> fat \u00far h\u00e1ri og \u00feeir k\u00f6llu\u00f0u hann Esau <span class='VideyAth'>(lo\u00f0inn)<\/span>.<a name=\"26\"><span class=\"versanumer\">26<\/span><\/a>Og eftir \u00fea\u00f0 kom br\u00f3\u00f0ir hans \u00ed lj\u00f3s, og hann h\u00e9lt um h\u00e6linn \u00e1 Esau, og menn k\u00f6llu\u00f0u nafn hans Jakob. <span class='VideyAth'>(H\u00e6lhaldari)<\/span>. \u00cdsak var 60 \u00e1ra \u00fe\u00e1 \u00feeir f\u00e6ddust.<a name=\"27\"><span class=\"versanumer\">27<\/span><\/a>En sem sveinarnir voru or\u00f0nir st\u00f3rir, gj\u00f6r\u00f0ist Esau sni\u00f0ugur vei\u00f0ima\u00f0ur og akuryrkjuma\u00f0ur; en Jakob var g\u00f3\u00f0ur ma\u00f0ur og h\u00e9lt sig a\u00f0 tj\u00f6ldunum.<a name=\"28\"><span class=\"versanumer\">28<\/span><\/a>Og \u00cdsak elska\u00f0i Esau, \u00fev\u00ed honum smakka\u00f0ist vel hans vei\u00f0i; en Rebekka elska\u00f0i Jakob.<a name=\"29\"><span class=\"versanumer\">29<\/span><\/a>Og einu sinni haf\u00f0i Jakob matb\u00fai\u00f0 r\u00e9tt nokkurn, \u00feegar Esau kom heim \u00fereyttur af m\u00f6rkinni;<a name=\"30\"><span class=\"versanumer\">30<\/span><\/a>\u00fe\u00e1 sag\u00f0i Esau til Jakobs: l\u00e1ttu mig smakka \u00fea\u00f0 rau\u00f0a, \u00feetta rau\u00f0a \u00fearna; \u00fev\u00ed eg em \u00fereyttur, af \u00fev\u00ed var hann kalla\u00f0ur Rau\u00f0ur <span class='VideyAth'>(Edom)<\/span>.<a name=\"31\"><span class=\"versanumer\">31<\/span><\/a>Og Jakob m\u00e6lti: seldu m\u00e9r fyrst \u00feinn frumbur\u00f0arr\u00e9tt!<a name=\"32\"><span class=\"versanumer\">32<\/span><\/a>Og Esau m\u00e6lti: eg er kominn \u00ed dau\u00f0ann; hva\u00f0 sto\u00f0ar mig minn frumbur\u00f0arr\u00e9ttur?<a name=\"33\"><span class=\"versanumer\">33<\/span><\/a>Og Jakob m\u00e6lti: vinn \u00fe\u00fa m\u00e9r \u00fe\u00e1 \u00ed dag ei\u00f0 a\u00f0 \u00fev\u00ed! og hann s\u00f3r honum, og seldi Jakob sinn frumbur\u00f0arr\u00e9tt.<a name=\"34\"><span class=\"versanumer\">34<\/span><\/a>Og Jakob gaf Esau brau\u00f0 og baunar\u00e9ttinn og hann \u00e1t og drakk og st\u00f3\u00f0 upp og gekk burt. svo l\u00edtils matti Esau sinn frumbur\u00f0arr\u00e9tt!<\/p>\n<div class=\"footnoteVidey\">*) V. 16. for\u00f0um voru sumir arabiskir me\u00f0 hjar\u00f0ir s\u00ednar \u00ed afd\u00f6lum e\u00f0a \u00e1 fj\u00f6llum og l\u00e1gu vi\u00f0 hellra e\u00f0a \u00fear sem \u00feeir g\u00e1tu haft v\u00edgi og l\u00e1gu \u00fear \u00fe\u00e1 tjaldlausir; sumir \u00fear \u00e1 m\u00f3t voru \u00ed tj\u00f6ldum \u00e1 sl\u00e9ttlendi; en h\u00f6f\u00f0u gir\u00f0ingar kringum \u00feessi tj\u00f6ld svo \u00f3grei\u00f0ara v\u00e6ri a\u00f0 gj\u00f6ra \u00feeim \u00e1r\u00e1s. \u00dev\u00ed \u00fear var hvers h\u00f6nd m\u00f3ti \u00f6\u00f0rum.<\/div>\n","protected":false},"excerpt":{"rendered":"<p>1.) Abraham giftist aftur og deyr. 2.) \u00c6ttir \u00cdsmaels og \u00cdsaks. 3.) Esau og Jakob f\u00e6\u00f0ast\u2014\u00feeirra vi\u00f0skipti. 11.) Og Abraham t\u00f3k s\u00e9r konu aftur, h\u00fan h\u00e9t Ket\u00fara.2Og h\u00fan f\u00e6ddi honum Simram og Joksan og Medan og Midian og Jesbak og S\u00faa.3Og Joksan gat Sabea og Dedan, og synir Dedans voru \u00feeir Assurim og Letusim og Leomim.4Og synir Midians: Efa og Esfer og Henok og Abida og Eldaa, allir \u00feessir eru Keturusynir.5Og Abraham gaf \u00cdsak allt sem hann \u00e1tti.6En sonum \u00feeim sem Abraham haf\u00f0i \u00e1tt me\u00f0 hj\u00e1konunum, gaf hann gjafir, og l\u00e9t \u00fe\u00e1 fara austur \u00ed landi\u00f0, til austurs, me\u00f0an hann <a href=\"https:\/\/biblian.is\/videy\/fyrsta-mosebok-25-kafli\/\"> [&#8230;]<\/a><\/p>\n","protected":false},"author":1,"featured_media":0,"parent":0,"menu_order":0,"comment_status":"open","ping_status":"open","template":"bibliukaflar.php","meta":{"footnotes":""},"class_list":["post-20874","page","type-page","status-publish","hentry"],"_links":{"self":[{"href":"https:\/\/biblian.is\/videy\/wp-json\/wp\/v2\/pages\/20874","targetHints":{"allow":["GET"]}}],"collection":[{"href":"https:\/\/biblian.is\/videy\/wp-json\/wp\/v2\/pages"}],"about":[{"href":"https:\/\/biblian.is\/videy\/wp-json\/wp\/v2\/types\/page"}],"author":[{"embeddable":true,"href":"https:\/\/biblian.is\/videy\/wp-json\/wp\/v2\/users\/1"}],"replies":[{"embeddable":true,"href":"https:\/\/biblian.is\/videy\/wp-json\/wp\/v2\/comments?post=20874"}],"version-history":[{"count":0,"href":"https:\/\/biblian.is\/videy\/wp-json\/wp\/v2\/pages\/20874\/revisions"}],"wp:attachment":[{"href":"https:\/\/biblian.is\/videy\/wp-json\/wp\/v2\/media?parent=20874"}],"curies":[{"name":"wp","href":"https:\/\/api.w.org\/{rel}","templated":true}]}}