{"id":20873,"date":"2018-01-02T00:59:20","date_gmt":"2018-01-02T00:59:20","guid":{"rendered":"http:\/\/biblian.is\/videy\/fyrsta-mosebok-24-kafli\/"},"modified":"2018-01-02T00:59:20","modified_gmt":"2018-01-02T00:59:20","slug":"fyrsta-mosebok-24-kafli","status":"publish","type":"page","link":"https:\/\/biblian.is\/videy\/fyrsta-mosebok-24-kafli\/","title":{"rendered":"Fyrsta M\u00f3seb\u00f3k 24. kafli"},"content":{"rendered":"<div class=\"fyrirsognVidey\">\u00cdsak f\u00e6r Rebekku.<\/div>\n<p><a name=\"1\"><span class=\"versanumer\">1<\/span><\/a>\u00deegar Abraham var or\u00f0inn gamall, kominn til \u00e1ra, og Drottinn haf\u00f0i blessa\u00f0 hann \u00ed \u00f6llu,<a name=\"2\"><span class=\"versanumer\">2<\/span><\/a>\u00fe\u00e1 sag\u00f0i Abraham vi\u00f0 sinn \u00fej\u00f3n, \u00feann elsta \u00ed s\u00ednu h\u00fasi, umsj\u00f3narmann yfir \u00f6llu sem hann \u00e1tti: legg \u00fe\u00fa \u00fe\u00edna h\u00f6nd undir m\u00edna lend<a name=\"3\"><span class=\"versanumer\">3<\/span><\/a>og sver \u00fe\u00fa m\u00e9r vi\u00f0 Drottin Gu\u00f0 himinsins, og Gu\u00f0 jar\u00f0arinnar, a\u00f0 \u00fe\u00fa skulir ekki taka syni m\u00ednum til handa nokkra konu af Kanaan\u00edtad\u00e6trum, me\u00f0al hverra eg b\u00fd;<a name=\"4\"><span class=\"versanumer\">4<\/span><\/a>heldur skaltu fara \u00ed mitt f\u00f6\u00f0urland og til \u00e6ttf\u00f3lks m\u00edns, og taka konu handa syni m\u00ednum \u00cdsak.<a name=\"5\"><span class=\"versanumer\">5<\/span><\/a>\u00dej\u00f3nninn svara\u00f0i honum: en ef konan vill ekki koma me\u00f0 m\u00e9r \u00ed \u00feetta land, \u00e1 eg \u00fe\u00e1 a\u00f0 fara me\u00f0 son \u00feinn aftur \u00ed \u00fea\u00f0 land sem \u00fe\u00fa komst fr\u00e1?<a name=\"6\"><span class=\"versanumer\">6<\/span><\/a>Og Abraham sag\u00f0i til hans: varastu a\u00f0 hafa son minn \u00feanga\u00f0!<a name=\"7\"><span class=\"versanumer\">7<\/span><\/a>Drottinn, himinsins Gu\u00f0, sem t\u00f3k mig \u00far h\u00fasi f\u00f6\u00f0ur m\u00edns, og \u00far m\u00ednu f\u00f6\u00f0urlandi, sem hefur gefi\u00f0 m\u00e9r fyrirheit og svari\u00f0 m\u00e9r og sagt: \u00feinni \u00e6tt skal eg gefa \u00feetta land, hann mun senda sinn engil \u00e1 undan \u00fe\u00e9r, a\u00f0 \u00fe\u00fa \u00fea\u00f0an getir teki\u00f0 konu handa syni m\u00ednum.<a name=\"8\"><span class=\"versanumer\">8<\/span><\/a>Og vilji konan ekki fara me\u00f0 \u00fe\u00e9r, svo ertu kvittur ei\u00f0sins. L\u00e1ttu a\u00f0eins ekki son minn fara \u00feanga\u00f0.<a name=\"9\"><span class=\"versanumer\">9<\/span><\/a>svo lag\u00f0i \u00fej\u00f3ninn s\u00edna h\u00f6nd undir Abrahams lend, s\u00edns h\u00fasb\u00f3nda, og vann honum ei\u00f0 a\u00f0 \u00feessu. <br \/><a name=\"10\"><span class=\"versanumer\">10<\/span><\/a>Svo t\u00f3k \u00fej\u00f3ninn t\u00edu \u00falfalda af \u00falf\u00f6ldum s\u00edns herra og lag\u00f0i af sta\u00f0, og haf\u00f0i me\u00f0 s\u00e9r \u00fdmislega d\u00fdrgripi s\u00edns herra, lag\u00f0i upp og fer\u00f0a\u00f0ist til Mesopotam\u00edu, til Nahors borgar.<a name=\"11\"><span class=\"versanumer\">11<\/span><\/a>Og hann \u00e1\u00f0i s\u00ednum \u00falf\u00f6ldum utan borgar, hj\u00e1 vatnsbrunni, um kv\u00f6ld, um \u00fea\u00f0 bil sem vatn er s\u00f3tt.<a name=\"12\"><span class=\"versanumer\">12<\/span><\/a>Og hann m\u00e6lti: Drottinn, Gu\u00f0 h\u00fasb\u00f3nda m\u00edns Abrahams, l\u00e1ttu mig sj\u00e1 \u00fea\u00f0 \u00ed dag, a\u00f0 \u00fe\u00fa au\u00f0s\u00fdnir miskunn m\u00ednum h\u00fasb\u00f3nda Abraham!<a name=\"13\"><span class=\"versanumer\">13<\/span><\/a>sj\u00e1! eg stend vi\u00f0 \u00feennan brunn og d\u00e6tur b\u00e6jarmanna koma hinga\u00f0 a\u00f0 s\u00e6kja vatn;<a name=\"14\"><span class=\"versanumer\">14<\/span><\/a>og ef \u00fea\u00f0 ske\u00f0ur, a\u00f0 s\u00fa st\u00falka sem eg segi vi\u00f0: hneig \u00fe\u00edna skj\u00f3lu ni\u00f0ur, og l\u00e1t mig drekka; a\u00f0 h\u00fan svarar: drekk \u00fe\u00fa! eg vil l\u00edka vatna \u00fe\u00ednum \u00falf\u00f6ldum; s\u00fa hin sama s\u00e9 s\u00fa, sem \u00fe\u00fa hefur \u00fatvali\u00f0 \u00fe\u00ednum \u00fe\u00e9nara \u00cdsak; og \u00fear af get eg vita\u00f0 a\u00f0 \u00fe\u00fa au\u00f0s\u00fdnir miskunn m\u00ednum herra.<a name=\"15\"><span class=\"versanumer\">15<\/span><\/a>Og \u00fea\u00f0 ske\u00f0i, \u00e1\u00f0ur en hann haf\u00f0i enda\u00f0 sitt tal, sj\u00e1! \u00fe\u00e1 kom Rebekka, d\u00f3ttir Betuels, sem var sonur Milku, konu Nahors, br\u00f3\u00f0ur Abrahams; og h\u00fan bar skj\u00f3luna \u00e1 \u00f6xlinni.<a name=\"16\"><span class=\"versanumer\">16<\/span><\/a>En st\u00falkan var miki\u00f0 fr\u00ed\u00f0, enn \u00fe\u00e1 mey, og engin ma\u00f0ur haf\u00f0i \u00fe\u00fd\u00f0st hana og h\u00fan st\u00e9 ni\u00f0ur \u00ed brunninn, fyllti s\u00edna skj\u00f3lu, og kom aftur upp <span class='VideyAth'>(\u00far brunninum)<\/span>.<a name=\"17\"><span class=\"versanumer\">17<\/span><\/a>\u00de\u00e1 hlj\u00f3p \u00fej\u00f3ninn m\u00f3ti henni og m\u00e6lti: gef m\u00e9r a\u00f0 drekka vatnssopa, \u00far skj\u00f3lu \u00feinni!<a name=\"18\"><span class=\"versanumer\">18<\/span><\/a>Og h\u00fan svara\u00f0i: drekk minn herra! og h\u00fan t\u00f3k strax skj\u00f3luna ni\u00f0ur <span class='VideyAth'>(af \u00f6xlinni)<\/span> \u00ed s\u00edna h\u00f6nd, og gaf honum a\u00f0 drekka.<a name=\"19\"><span class=\"versanumer\">19<\/span><\/a>Og \u00feegar h\u00fan haf\u00f0i gefi\u00f0 honum n\u00f3g a\u00f0 drekka, m\u00e6lti h\u00fan: l\u00edka skal eg ausa \u00fe\u00ednum \u00falf\u00f6ldum vatn \u00feanga\u00f0 til \u00feeir hafa drukki\u00f0 n\u00f3g;<a name=\"20\"><span class=\"versanumer\">20<\/span><\/a>Og n\u00fa var h\u00fan ekki sein, og hellti \u00far skj\u00f3lunni \u00ed trygilinn, og hlj\u00f3p svo a\u00f0 brunninum a\u00f0 s\u00e6kja vatni\u00f0; og h\u00fan s\u00f3tti vatn \u00f6llum hans \u00falf\u00f6ldum.<a name=\"21\"><span class=\"versanumer\">21<\/span><\/a>Og manninum var\u00f0 stars\u00fdnt \u00e1 hana, en \u00feag\u00f0i, til a\u00f0 vita hvert Drottinn hef\u00f0i l\u00e1ti\u00f0 hans fer\u00f0 lukkast e\u00f0ur ei.<a name=\"22\"><span class=\"versanumer\">22<\/span><\/a>En sem hans \u00falfaldar h\u00f6f\u00f0u drukki\u00f0, t\u00f3k ma\u00f0urinn eyrnahring \u00far gulli, sem v\u00f3g h\u00e1lfan sikil; og tv\u00f6 armb\u00f6nd, <span class='VideyAth'>(setti hann)<\/span> \u00e1 hennar hendur; \u00feau v\u00f3gu 10 sikla gulls;<a name=\"23\"><span class=\"versanumer\">23<\/span><\/a>og m\u00e6lti: hverra manna ert \u00fe\u00fa? seg\u00f0u m\u00e9r! er r\u00fam \u00ed h\u00fasi f\u00f6\u00f0ur \u00fe\u00edns til a\u00f0 h\u00fdsa oss \u00ed n\u00f3tt?<a name=\"24\"><span class=\"versanumer\">24<\/span><\/a>Og h\u00fan sag\u00f0i til hans: eg er d\u00f3ttir Betuels sonar Milku, sem h\u00fan \u00f3l Nahor.<a name=\"25\"><span class=\"versanumer\">25<\/span><\/a>Og h\u00fan sag\u00f0i til hans: b\u00e6\u00f0i er h\u00e1lmur og n\u00f3g hey hj\u00e1 oss, og l\u00edka r\u00fam til a\u00f0 h\u00fdsa y\u00f0ur.<a name=\"26\"><span class=\"versanumer\">26<\/span><\/a>\u00de\u00e1 laut ma\u00f0urinn og hneig\u00f0i sig fyrir Drottni,<a name=\"27\"><span class=\"versanumer\">27<\/span><\/a>og hann m\u00e6lti: lofa\u00f0ur s\u00e9 Drottinn, Gu\u00f0 h\u00fasb\u00f3nda m\u00edns Abrahams, sem ekki hefur dregi\u00f0 \u00ed hl\u00e9 s\u00edna miskunn og trygg\u00f0 vi\u00f0 minn herra! Drottinn hefur leitt mig veginn til h\u00fasa br\u00f3\u00f0ur h\u00fasb\u00f3nda m\u00edns.<a name=\"28\"><span class=\"versanumer\">28<\/span><\/a>Og st\u00falkan rann heim og sag\u00f0i fr\u00e1 \u00fev\u00ed \u00ed h\u00fasi m\u00f3\u00f0ur sinnar, sem ske\u00f0 var.<a name=\"29\"><span class=\"versanumer\">29<\/span><\/a>En Rebekka \u00e1tti br\u00f3\u00f0ur, sem h\u00e9t Laban, og Laban hlj\u00f3p til mannsins, \u00fat a\u00f0 brunninum.<a name=\"30\"><span class=\"versanumer\">30<\/span><\/a>Og \u00fea\u00f0 ske\u00f0i, \u00fe\u00e1 hann s\u00e1 hringinn og armb\u00f6ndin \u00e1 \u00f6rmum systur sinnar, og \u00fe\u00e1 hann heyr\u00f0i or\u00f0 Rebekku, systur sinnar, sem sag\u00f0i: svona tala\u00f0i ma\u00f0urinn vi\u00f0 mig; \u00fe\u00e1 f\u00f3r hann til mannsins. Og sj\u00e1! hann st\u00f3\u00f0 hj\u00e1 \u00falf\u00f6ldunum vi\u00f0 brunninn.<a name=\"31\"><span class=\"versanumer\">31<\/span><\/a>Og hann sag\u00f0i: kom \u00fe\u00fa inn <span class='VideyAth'>(til vor)<\/span> blessa\u00f0ur af Drottni! \u00fev\u00ed stendur \u00fe\u00fa h\u00e9r \u00fati? eg hefi r\u00fdmt til \u00ed h\u00fasinu, og pl\u00e1ss er fyrir \u00fe\u00edna \u00falfalda.<a name=\"32\"><span class=\"versanumer\">32<\/span><\/a>Svo kom ma\u00f0urinn inn \u00ed h\u00fasi\u00f0, og hann <span class='VideyAth'>(Laban)<\/span> t\u00f3k ofan af \u00falf\u00f6ldunum og gaf \u00feeim h\u00e1lm og f\u00f3\u00f0ur, en f\u00e6r\u00f0i honum vatn til a\u00f0 \u00fevo s\u00edna f\u00e6tur, og f\u00e6tur \u00feeirra manna sem voru me\u00f0 honum;<a name=\"33\"><span class=\"versanumer\">33<\/span><\/a>og matur var settur fyrir hann, en hann sag\u00f0i: eg et ekki fyrri, enn eg hefi bori\u00f0 upp mitt erindi. Og <span class='VideyAth'>(Laban)<\/span> hann svara\u00f0i: tala \u00fe\u00fa!<a name=\"34\"><span class=\"versanumer\">34<\/span><\/a>Og hann m\u00e6lti: eg em \u00fej\u00f3n Abrahams.<a name=\"35\"><span class=\"versanumer\">35<\/span><\/a>Drottinn hefur r\u00edkuglega blessa\u00f0 h\u00fasb\u00f3nda minn, svo hann er or\u00f0inn mikill ma\u00f0ur, og hann hefur gefi\u00f0 honum sau\u00f0i og uxa og silfur og gull, og \u00fer\u00e6la og \u00feernur og \u00falfalda og asna.<a name=\"36\"><span class=\"versanumer\">36<\/span><\/a>Og Sara, kona h\u00fasb\u00f3nda m\u00edns hefir ali\u00f0 herra m\u00ednum son, \u00ed sinni elli, og hann hefur gefi\u00f0 honum allt hva\u00f0 hann \u00e1.<a name=\"37\"><span class=\"versanumer\">37<\/span><\/a>Og minn herra t\u00f3k af m\u00e9r ei\u00f0 og sag\u00f0i: \u00fe\u00fa skalt enga konu taka syni m\u00ednum, af d\u00e6trum Kanan\u00edta, \u00ed hverra landi eg b\u00fd;<a name=\"38\"><span class=\"versanumer\">38<\/span><\/a>heldur skaltu fara \u00ed m\u00edns f\u00f6\u00f0urs h\u00fas, og til minna \u00e6ttingja, og taka syni m\u00ednum konu.<a name=\"39\"><span class=\"versanumer\">39<\/span><\/a>Og eg sag\u00f0i vi\u00f0 h\u00fasb\u00f3nda minn: m\u00e1ske konan vilji ei fara me\u00f0 m\u00e9r.<a name=\"40\"><span class=\"versanumer\">40<\/span><\/a>Og hann svara\u00f0i m\u00e9r: Drottinn, fyrir hvers augs\u00fdn eg hefi gengi\u00f0, mun senda sinn engil me\u00f0 \u00fe\u00e9r, og l\u00e1ta fer\u00f0 \u00fe\u00edna lukkast, svo \u00fe\u00fa getir fengi\u00f0 syni m\u00ednum konu af minni \u00e6tt, og \u00far h\u00fasi m\u00edns f\u00f6\u00f0urs;<a name=\"41\"><span class=\"versanumer\">41<\/span><\/a>\u00dev\u00ed a\u00f0eins skaltu vera kvittur \u00feess ei\u00f0s sem \u00fe\u00fa sver m\u00e9r, a\u00f0 \u00fe\u00fa komir til minna \u00e6ttingja, og \u00feeir vilji ekki gefa \u00fe\u00e9r hana, \u00fe\u00e1 ertu kvittur ei\u00f0sins sem eg tek af \u00fe\u00e9r.<a name=\"42\"><span class=\"versanumer\">42<\/span><\/a>Og \u00fe\u00e1 eg \u00ed dag kom a\u00f0 brunninum, sag\u00f0i eg: Drottinn, Gu\u00f0 m\u00edns herra Abrahams! \u00e6tlir \u00fe\u00fa a\u00f0 gefa lukku til \u00feeirrar fer\u00f0ar, sem eg n\u00fa hefi fari\u00f0,<a name=\"43\"><span class=\"versanumer\">43<\/span><\/a>\u00fe\u00e1 sj\u00e1! eg stend vi\u00f0 \u00feennan brunn, og fari svo, a\u00f0 s\u00fa st\u00falka, af \u00feeim sem koma hinga\u00f0 til a\u00f0 s\u00e6kja vatn, sem eg \u00e1varpa \u00feannig: lofa \u00fe\u00fa m\u00e9r a\u00f0 drekka d\u00e1l\u00edti\u00f0 af vatni \u00far \u00fe\u00ednu vatns \u00edl\u00e1ti, segir:<a name=\"44\"><span class=\"versanumer\">44<\/span><\/a>b\u00e6\u00f0i m\u00e1tt \u00fe\u00fa drekka, og l\u00edka skal eg s\u00e6kja vatn \u00fe\u00ednum \u00falf\u00f6ldum; s\u00fa s\u00e9 kona s\u00fa, sem Drottinn hefur \u00e6tla\u00f0 syni m\u00edns herra.<a name=\"45\"><span class=\"versanumer\">45<\/span><\/a>En \u00e1\u00f0ur en eg haf\u00f0i enda\u00f0 mitt tal \u00ed m\u00ednu hjarta, sj\u00e1! \u00fe\u00e1 kom Rebekka \u00feanga\u00f0, og hennar skj\u00f3la var \u00e1 hennar \u00f6xl, og h\u00fan gekk ni\u00f0ur \u00ed brunninn, og bar upp vatni\u00f0; og eg sag\u00f0i vi\u00f0 hana: lofa \u00fe\u00fa m\u00e9r a\u00f0 drekka!<a name=\"46\"><span class=\"versanumer\">46<\/span><\/a>Og \u00f3\u00f0ar l\u00e9t h\u00fan skj\u00f3luna ni\u00f0ur af \u00f6xlinni og sag\u00f0i: drekk \u00fe\u00fa! l\u00edka skal eg vatna \u00fe\u00ednum \u00falf\u00f6ldum. Og eg drakk, og l\u00edka vatna\u00f0i h\u00fan \u00falf\u00f6ldunum.<a name=\"47\"><span class=\"versanumer\">47<\/span><\/a>\u00de\u00e1 spur\u00f0i eg hana og m\u00e6lti: hvers d\u00f3ttir ert \u00fe\u00fa? og h\u00fan sag\u00f0i: d\u00f3ttir Betuels, Nahorssonar sem Milka f\u00e6ddi honum. svo hengdi eg skart \u00e1 hennar andlit, og armb\u00f6nd \u00e1 hennar arma.<a name=\"48\"><span class=\"versanumer\">48<\/span><\/a>Og eg laut og beyg\u00f0i mig fyrir Drottni, Gu\u00f0i h\u00fasb\u00f3nda m\u00edns Abrahams, sem haf\u00f0i leitt mig \u00feann r\u00e9tta veg, til a\u00f0 taka br\u00f3\u00f0urd\u00f3ttur m\u00edns herra, handa hans syni.<a name=\"49\"><span class=\"versanumer\">49<\/span><\/a>\u00dear fyrir segi\u00f0 m\u00e9r, hvert \u00fe\u00e9r vilji\u00f0 s\u00fdna vinsemd og trygg\u00f0 herra m\u00ednum, en ef ekki, svo segi\u00f0 m\u00e9r \u00fea\u00f0, svo eg geti sn\u00fai\u00f0 m\u00e9r til h\u00e6gri e\u00f0a vinstri <span class='VideyAth'>(leitast fyrir annars sta\u00f0ar)<\/span>.<a name=\"50\"><span class=\"versanumer\">50<\/span><\/a>\u00de\u00e1 sv\u00f6ru\u00f0u \u00feeir Laban og Betuel: \u00feessi atbur\u00f0ur er komin fr\u00e1 Drottni: v\u00e9r getum ekki sagt \u00fe\u00e9r nei, <span class='VideyAth'>(gott n\u00e9 illt)<\/span>.<a name=\"51\"><span class=\"versanumer\">51<\/span><\/a>sj\u00e1! Rebekka stendur \u00fearna, tak \u00fe\u00fa hana, og far \u00fe\u00edna lei\u00f0! a\u00f0 h\u00fan ver\u00f0i kona sonar \u00fe\u00edns herra, eins og Drottinn hefur sagt.<a name=\"52\"><span class=\"versanumer\">52<\/span><\/a>Og sem Abrahams \u00fej\u00f3n heyr\u00f0i \u00feessi or\u00f0, hneig\u00f0i hann sig til jar\u00f0ar fyrir Drottni.<a name=\"53\"><span class=\"versanumer\">53<\/span><\/a>Og hann t\u00f3k upp gersemar af gulli og silfri og kl\u00e6\u00f0na\u00f0, og gaf Rebekku, en br\u00f3\u00f0ur hennar og m\u00f3\u00f0ur gaf hann d\u00fdrgripi. <span class='VideyAth'>(2 Kron. 21,3)<\/span>.<a name=\"54\"><span class=\"versanumer\">54<\/span><\/a>S\u00ed\u00f0an \u00e1tu \u00feeir og drukku, og gistu \u00fear um n\u00f3ttina. Og \u00feeir st\u00f3\u00f0u upp \u00e1rla um morguninn, og hann m\u00e6lti: l\u00e1ti\u00f0 mig n\u00fa fara heim til m\u00edns herra!<a name=\"55\"><span class=\"versanumer\">55<\/span><\/a>\u00de\u00e1 sv\u00f6ru\u00f0u hennar br\u00f3\u00f0ir og hennar m\u00f3\u00f0ir: l\u00e1ttu st\u00falkuna vera enn n\u00fa hj\u00e1 oss nokkra daga, svo sem t\u00edu! \u00dear eftir m\u00e1ttu fara.<a name=\"56\"><span class=\"versanumer\">56<\/span><\/a>En hann svara\u00f0i \u00feeim: tefji\u00f0 mig ekki! Drottinn hefir l\u00e1ti\u00f0 fer\u00f0 m\u00edna heppnast; leyfi\u00f0 m\u00e9r a\u00f0 fara heim til m\u00edns herra!<a name=\"57\"><span class=\"versanumer\">57<\/span><\/a>\u00deau s\u00f6g\u00f0u \u00fe\u00e1: vi\u00f0 skulum kalla \u00e1 st\u00falkuna og vita hva\u00f0 h\u00fan segir. <br \/><a name=\"58\"><span class=\"versanumer\">58<\/span><\/a>\u00de\u00e1 k\u00f6llu\u00f0u \u00feau \u00e1 Rebekku og s\u00f6g\u00f0u vi\u00f0 hana: viltu fara me\u00f0 \u00feessum manni? og h\u00fan sag\u00f0i: eg vil fara.<a name=\"59\"><span class=\"versanumer\">59<\/span><\/a>Svo l\u00e9tu \u00feau Rebekku systir s\u00edna og f\u00f3stru hennar fara me\u00f0 Abrahams \u00fe\u00e9nara og hans m\u00f6nnum.<a name=\"60\"><span class=\"versanumer\">60<\/span><\/a>Og \u00feau blessu\u00f0u Rebekku og s\u00f6g\u00f0u til hennar: systir vor! \u00d3 a\u00f0 \u00fe\u00fa ver\u00f0ir a\u00f0 \u00fe\u00fasund sinnum \u00fe\u00fasundum! ni\u00f0jar \u00fe\u00ednir eignist borgarhli\u00f0 sinna \u00f3vina! <br \/><a name=\"61\"><span class=\"versanumer\">61<\/span><\/a>\u00de\u00e1 t\u00f3k Rebekka sig upp me\u00f0 s\u00ednum \u00feernum og \u00fe\u00e6r settust upp \u00e1 \u00falfaldana, og f\u00f3ru me\u00f0 manninum; og \u00fe\u00e9narinn t\u00f3k vi\u00f0 Rebekku og f\u00f3r s\u00edna lei\u00f0.<a name=\"62\"><span class=\"versanumer\">62<\/span><\/a>En \u00cdsak kom gangandi fr\u00e1 brunninum sem heitir: brunnur hins lifanda er s\u00e9r r\u00e1\u00f0 <span class='VideyAth'>(16,14)<\/span>, \u00fev\u00ed hann bj\u00f3 su\u00f0ur \u00ed landinu;<a name=\"63\"><span class=\"versanumer\">63<\/span><\/a>\u00cdsak haf\u00f0i gengi\u00f0 \u00fat um kv\u00f6ldi\u00f0 til a\u00f0 gj\u00f6ra b\u00e6n s\u00edna, \u00fat \u00e1 akrinum, og hann lita\u00f0ist um og s\u00e1 \u00falfaldana koma.<a name=\"64\"><span class=\"versanumer\">64<\/span><\/a>Og Rebekka leit upp og s\u00e1 \u00cdsak; h\u00fan st\u00e9 \u00fe\u00e1 strax ni\u00f0ur af \u00falfaldanum.<a name=\"65\"><span class=\"versanumer\">65<\/span><\/a>Og h\u00fan sag\u00f0i vi\u00f0 \u00fe\u00e9narann: hver er \u00feessi ma\u00f0ur sem kemur \u00e1 m\u00f3ti oss \u00fearna \u00e1 akrinum? Og \u00fe\u00e9narinn svara\u00f0i: \u00fea\u00f0 er minn herra! \u00de\u00e1 t\u00f3k h\u00fan sk\u00fdluna og huldi sig.<a name=\"66\"><span class=\"versanumer\">66<\/span><\/a>Og \u00fe\u00e9narinn sag\u00f0i \u00cdsak fr\u00e1 \u00f6llu \u00fev\u00ed sem hann haf\u00f0i gj\u00f6rt.<a name=\"67\"><span class=\"versanumer\">67<\/span><\/a>Og \u00cdsak leiddi hana \u00ed tjald m\u00f3\u00f0ur sinnar S\u00f6ru, og t\u00f3k Rebekku, og h\u00fan var\u00f0 hans kona, og hann elska\u00f0i hana. Og svo var\u00f0 \u00cdsak hugga\u00f0ur \u00feess harms, er hann haf\u00f0i eftir m\u00f3\u00f0ur s\u00edna.<\/p>\n<div class=\"footnoteVidey\"><\/div>\n","protected":false},"excerpt":{"rendered":"<p>\u00cdsak f\u00e6r Rebekku. 1\u00deegar Abraham var or\u00f0inn gamall, kominn til \u00e1ra, og Drottinn haf\u00f0i blessa\u00f0 hann \u00ed \u00f6llu,2\u00fe\u00e1 sag\u00f0i Abraham vi\u00f0 sinn \u00fej\u00f3n, \u00feann elsta \u00ed s\u00ednu h\u00fasi, umsj\u00f3narmann yfir \u00f6llu sem hann \u00e1tti: legg \u00fe\u00fa \u00fe\u00edna h\u00f6nd undir m\u00edna lend3og sver \u00fe\u00fa m\u00e9r vi\u00f0 Drottin Gu\u00f0 himinsins, og Gu\u00f0 jar\u00f0arinnar, a\u00f0 \u00fe\u00fa skulir ekki taka syni m\u00ednum til handa nokkra konu af Kanaan\u00edtad\u00e6trum, me\u00f0al hverra eg b\u00fd;4heldur skaltu fara \u00ed mitt f\u00f6\u00f0urland og til \u00e6ttf\u00f3lks m\u00edns, og taka konu handa syni m\u00ednum \u00cdsak.5\u00dej\u00f3nninn svara\u00f0i honum: en ef konan vill ekki koma me\u00f0 m\u00e9r \u00ed \u00feetta land, \u00e1 eg \u00fe\u00e1 <a href=\"https:\/\/biblian.is\/videy\/fyrsta-mosebok-24-kafli\/\"> [&#8230;]<\/a><\/p>\n","protected":false},"author":1,"featured_media":0,"parent":0,"menu_order":0,"comment_status":"open","ping_status":"open","template":"bibliukaflar.php","meta":{"footnotes":""},"class_list":["post-20873","page","type-page","status-publish","hentry"],"_links":{"self":[{"href":"https:\/\/biblian.is\/videy\/wp-json\/wp\/v2\/pages\/20873","targetHints":{"allow":["GET"]}}],"collection":[{"href":"https:\/\/biblian.is\/videy\/wp-json\/wp\/v2\/pages"}],"about":[{"href":"https:\/\/biblian.is\/videy\/wp-json\/wp\/v2\/types\/page"}],"author":[{"embeddable":true,"href":"https:\/\/biblian.is\/videy\/wp-json\/wp\/v2\/users\/1"}],"replies":[{"embeddable":true,"href":"https:\/\/biblian.is\/videy\/wp-json\/wp\/v2\/comments?post=20873"}],"version-history":[{"count":0,"href":"https:\/\/biblian.is\/videy\/wp-json\/wp\/v2\/pages\/20873\/revisions"}],"wp:attachment":[{"href":"https:\/\/biblian.is\/videy\/wp-json\/wp\/v2\/media?parent=20873"}],"curies":[{"name":"wp","href":"https:\/\/api.w.org\/{rel}","templated":true}]}}