{"id":20872,"date":"2018-01-02T00:59:20","date_gmt":"2018-01-02T00:59:20","guid":{"rendered":"http:\/\/biblian.is\/videy\/fyrsta-mosebok-23-kafli\/"},"modified":"2018-01-02T00:59:20","modified_gmt":"2018-01-02T00:59:20","slug":"fyrsta-mosebok-23-kafli","status":"publish","type":"page","link":"https:\/\/biblian.is\/videy\/fyrsta-mosebok-23-kafli\/","title":{"rendered":"Fyrsta M\u00f3seb\u00f3k 23. kafli"},"content":{"rendered":"<div class=\"fyrirsognVidey\">Sara andast\u2014Abraham kaupir fasteign \u00ed landinu.<\/div>\n<p><a name=\"1\"><span class=\"versanumer\">1<\/span><\/a>Og dagar S\u00f6ru v\u00f3ru hundra\u00f0 tuttugu og sj\u00f6 \u00e1r, l\u00edfs \u00e1r S\u00f6ru.<a name=\"2\"><span class=\"versanumer\">2<\/span><\/a>Og Sara d\u00f3 \u00ed Kirjat-Arba, \u00fea\u00f0 er: Hebron, \u00ed landinu Kanaan, og Abraham kom til a\u00f0 harma hana og gr\u00e1ta.<a name=\"3\"><span class=\"versanumer\">3<\/span><\/a>s\u00ed\u00f0an st\u00f3\u00f0 hann upp fr\u00e1 hli\u00f0 sinnar \u00f6ndu\u00f0u og tala\u00f0i vi\u00f0 sonu Hets og m\u00e6lti:<a name=\"4\"><span class=\"versanumer\">4<\/span><\/a>eg em \u00fatlendur ma\u00f0ur og b\u00fd \u00fe\u00f3 me\u00f0al y\u00f0ar; l\u00e1ti\u00f0 mig f\u00e1 greftrunareign hj\u00e1 y\u00f0ur, a\u00f0 eg jar\u00f0i mitt l\u00edk og komi \u00fev\u00ed fr\u00e1 m\u00e9r.<a name=\"5\"><span class=\"versanumer\">5<\/span><\/a>\u00de\u00e1 sv\u00f6ru\u00f0u synir Hets Abraham og s\u00f6g\u00f0u:<a name=\"6\"><span class=\"versanumer\">6<\/span><\/a>heyr oss, minn herra! \u00fe\u00fa ert Gu\u00f0s h\u00f6f\u00f0ingi vor \u00e1 me\u00f0al; jar\u00f0a \u00fe\u00fa \u00fe\u00edna framli\u00f0nu \u00ed vorum hei\u00f0arlegustu gr\u00f6fum! engin me\u00f0al vor skal meina \u00fe\u00e9r s\u00edna gr\u00f6f, a\u00f0 jar\u00f0a \u00ed \u00fe\u00edna framli\u00f0nu.<a name=\"7\"><span class=\"versanumer\">7<\/span><\/a>\u00de\u00e1 st\u00f3\u00f0 Abraham upp og hneig\u00f0i sig fyrir landsf\u00f3lkinu, fyrir Hetssonum,<a name=\"8\"><span class=\"versanumer\">8<\/span><\/a>og tala\u00f0i vi\u00f0 \u00fe\u00e1 og m\u00e6lti: ef \u00fea\u00f0 er y\u00f0ar vilji a\u00f0 eg megi jar\u00f0a m\u00edna framli\u00f0nu og a\u00f0 eg flytji hana fr\u00e1 minni augs\u00fdn, \u00fe\u00e1 heyri\u00f0 mig! og bi\u00f0ji\u00f0 fyrir mig, Efron S\u00f3arsson,<a name=\"9\"><span class=\"versanumer\">9<\/span><\/a>a\u00f0 hann l\u00e1ti mig f\u00e1 hellirinn Makfela, sem er vi\u00f0 endann \u00e1 hans akri; hann l\u00e1ti mig f\u00e1 hann, fyrir fullt ver\u00f0, til greftrunareignar me\u00f0al y\u00f0ar.<a name=\"10\"><span class=\"versanumer\">10<\/span><\/a>En Efron bj\u00f3 me\u00f0al Hetssona. \u00de\u00e1 svara\u00f0i Efron, s\u00e1 Hetiti, Abraham, svo a\u00f0 Hetssynir heyr\u00f0u, frammi fyrir \u00f6llum \u00feeim sem gengu \u00fat og inn um hans borgarhli\u00f0, og m\u00e6lti:<a name=\"11\"><span class=\"versanumer\">11<\/span><\/a>nei, minn herra! heyr mig! eg gef \u00fe\u00e9r akurinn, og hellirinn sem \u00fear er, gef eg \u00fe\u00e9r l\u00edka, \u00ed \u00e1heyrn Hetssona. Graf \u00fe\u00fa \u00fe\u00edna framli\u00f0nu.<a name=\"12\"><span class=\"versanumer\">12<\/span><\/a>\u00de\u00e1 hneig\u00f0i Abraham sig fyrir landsf\u00f3lkinu.<a name=\"13\"><span class=\"versanumer\">13<\/span><\/a>Og hann tala\u00f0i vi\u00f0 Efron \u00ed vi\u00f0urvist landsf\u00f3lksins og m\u00e6lti: viljir \u00fe\u00fa unna m\u00e9r akursins, \u00fe\u00e1 bi\u00f0 eg a\u00f0 \u00fe\u00fa a\u00f0eins heyrir mig! eg gef peninga fyrir akurinn, tak \u00fe\u00fa vi\u00f0 \u00feeim af m\u00e9r! svo gref eg \u00fear m\u00edna framli\u00f0nu.<a name=\"14\"><span class=\"versanumer\">14<\/span><\/a>\u00de\u00e1 svara\u00f0i Efron Abraham og m\u00e6lti:<a name=\"15\"><span class=\"versanumer\">15<\/span><\/a>minn herra! akurinn er 4 hundru\u00f0 silfur sikla vir\u00f0i, en hva\u00f0 er \u00fea\u00f0 okkar \u00ed milli? jar\u00f0a \u00fe\u00fa \u00fe\u00edna framli\u00f0nu!<a name=\"16\"><span class=\"versanumer\">16<\/span><\/a>Og Abraham hl\u00fdddi Efron og reiddi honum silfri\u00f0, eins og Efron haf\u00f0i tilteki\u00f0 \u00ed vi\u00f0urvist Hetssona, 4 hundru\u00f0 sikla silfur gilda og g\u00f3\u00f0a.<a name=\"17\"><span class=\"versanumer\">17<\/span><\/a>svo var Efrons akur sem er hj\u00e1 Makfela, austan til vi\u00f0 Mamre, akurinn og hellirinn me\u00f0, og \u00f6ll tr\u00e9n sem voru \u00e1 akrinum allt um kring, festur Abraham til eignar,<a name=\"18\"><span class=\"versanumer\">18<\/span><\/a>\u00ed \u00e1heyrn Hetssona, \u00ed vi\u00f0urvist allra sem \u00fat og inn gengu um hans borgarhli\u00f0.<a name=\"19\"><span class=\"versanumer\">19<\/span><\/a>Og eftir \u00fea\u00f0 jar\u00f0a\u00f0i Abraham konu s\u00edna S\u00f6ru, \u00ed hellri akursins \u00ed Makfela, fyrir austan Mamre, \u00fea\u00f0 er: Hebron \u00ed Kanaanslandi.<a name=\"20\"><span class=\"versanumer\">20<\/span><\/a>Svona var akurinn og hellirinn \u00fear \u00e1, festur Abraham, til greftrunar eignar, af sonum Hets.<\/p>\n<div class=\"footnoteVidey\"><\/div>\n","protected":false},"excerpt":{"rendered":"<p>Sara andast\u2014Abraham kaupir fasteign \u00ed landinu. 1Og dagar S\u00f6ru v\u00f3ru hundra\u00f0 tuttugu og sj\u00f6 \u00e1r, l\u00edfs \u00e1r S\u00f6ru.2Og Sara d\u00f3 \u00ed Kirjat-Arba, \u00fea\u00f0 er: Hebron, \u00ed landinu Kanaan, og Abraham kom til a\u00f0 harma hana og gr\u00e1ta.3s\u00ed\u00f0an st\u00f3\u00f0 hann upp fr\u00e1 hli\u00f0 sinnar \u00f6ndu\u00f0u og tala\u00f0i vi\u00f0 sonu Hets og m\u00e6lti:4eg em \u00fatlendur ma\u00f0ur og b\u00fd \u00fe\u00f3 me\u00f0al y\u00f0ar; l\u00e1ti\u00f0 mig f\u00e1 greftrunareign hj\u00e1 y\u00f0ur, a\u00f0 eg jar\u00f0i mitt l\u00edk og komi \u00fev\u00ed fr\u00e1 m\u00e9r.5\u00de\u00e1 sv\u00f6ru\u00f0u synir Hets Abraham og s\u00f6g\u00f0u:6heyr oss, minn herra! \u00fe\u00fa ert Gu\u00f0s h\u00f6f\u00f0ingi vor \u00e1 me\u00f0al; jar\u00f0a \u00fe\u00fa \u00fe\u00edna framli\u00f0nu \u00ed vorum hei\u00f0arlegustu gr\u00f6fum! engin <a href=\"https:\/\/biblian.is\/videy\/fyrsta-mosebok-23-kafli\/\"> [&#8230;]<\/a><\/p>\n","protected":false},"author":1,"featured_media":0,"parent":0,"menu_order":0,"comment_status":"open","ping_status":"open","template":"bibliukaflar.php","meta":{"footnotes":""},"class_list":["post-20872","page","type-page","status-publish","hentry"],"_links":{"self":[{"href":"https:\/\/biblian.is\/videy\/wp-json\/wp\/v2\/pages\/20872","targetHints":{"allow":["GET"]}}],"collection":[{"href":"https:\/\/biblian.is\/videy\/wp-json\/wp\/v2\/pages"}],"about":[{"href":"https:\/\/biblian.is\/videy\/wp-json\/wp\/v2\/types\/page"}],"author":[{"embeddable":true,"href":"https:\/\/biblian.is\/videy\/wp-json\/wp\/v2\/users\/1"}],"replies":[{"embeddable":true,"href":"https:\/\/biblian.is\/videy\/wp-json\/wp\/v2\/comments?post=20872"}],"version-history":[{"count":0,"href":"https:\/\/biblian.is\/videy\/wp-json\/wp\/v2\/pages\/20872\/revisions"}],"wp:attachment":[{"href":"https:\/\/biblian.is\/videy\/wp-json\/wp\/v2\/media?parent=20872"}],"curies":[{"name":"wp","href":"https:\/\/api.w.org\/{rel}","templated":true}]}}