{"id":20871,"date":"2018-01-02T00:59:20","date_gmt":"2018-01-02T00:59:20","guid":{"rendered":"http:\/\/biblian.is\/videy\/fyrsta-mosebok-22-kafli\/"},"modified":"2018-01-02T00:59:20","modified_gmt":"2018-01-02T00:59:20","slug":"fyrsta-mosebok-22-kafli","status":"publish","type":"page","link":"https:\/\/biblian.is\/videy\/fyrsta-mosebok-22-kafli\/","title":{"rendered":"Fyrsta M\u00f3seb\u00f3k 22. kafli"},"content":{"rendered":"<div class=\"fyrirsognVidey\">1.) \u00cdsak \u00e1 a\u00f0 f\u00f3rnf\u00e6rast. 2.) Abraham f\u00e6r n\u00fdtt fyrirheit.<\/div>\n<p><a name=\"1\"><span class=\"versanumer\">1<\/span><\/a><span style='font-weight:bold;padding-left:10px'>1.)<\/span> Og \u00fea\u00f0 ske\u00f0i eftir \u00feessa atbur\u00f0i, a\u00f0 Gu\u00f0 freista\u00f0i Abrahams og m\u00e6lti til hans: Abraham! og hann ansa\u00f0i: h\u00e9r em eg!<a name=\"2\"><span class=\"versanumer\">2<\/span><\/a>Og hann sag\u00f0i: l\u00e1ttu sj\u00e1! tak \u00fe\u00fa son \u00feinn, \u00feinn einkason, sem \u00fe\u00fa elskar, hann \u00cdsak, og far \u00fe\u00fa \u00ed landi\u00f0 Mor\u00eda, og offra honum \u00fear sem brennif\u00f3rn \u00e1 \u00fev\u00ed fjalli sem eg mun v\u00edsa \u00fe\u00e9r \u00e1.<a name=\"3\"><span class=\"versanumer\">3<\/span><\/a>Og Abraham var snemma \u00e1 f\u00f3tum og s\u00f6\u00f0la\u00f0i asna sinn, og t\u00f3k me\u00f0 s\u00e9r tvo af \u00fer\u00e6lum s\u00ednum, og \u00cdsak son sinn, og hann klauf vi\u00f0inn til brennif\u00f3rnarinnar, t\u00f3k sig upp og h\u00e9lt \u00e1 sta\u00f0, \u00feanga\u00f0 sem Gu\u00f0 sag\u00f0i honum.<a name=\"4\"><span class=\"versanumer\">4<\/span><\/a>\u00c1 \u00feri\u00f0ja degi s\u00e1 Abraham sta\u00f0inn \u00e1lengdar.<a name=\"5\"><span class=\"versanumer\">5<\/span><\/a>\u00de\u00e1 sag\u00f0i Abraham til sinna \u00fer\u00e6la: veri\u00f0 h\u00e9r hj\u00e1 asnanum; en eg og sveinninn, vi\u00f0 munum ganga \u00feanga\u00f0 <span class='VideyAth'>(sem eg bendi til)<\/span> til a\u00f0 bi\u00f0jast fyrir, og komum svo til ykkar aftur.<a name=\"6\"><span class=\"versanumer\">6<\/span><\/a>Og Abraham t\u00f3k brennif\u00f3rnarvi\u00f0inn og lag\u00f0i syni s\u00ednum, \u00cdsak \u00e1 her\u00f0ar, en t\u00f3k eldinn og hn\u00edfinn s\u00e9r \u00ed h\u00f6nd; og svo gengu \u00feeir b\u00e1\u00f0ir saman.<a name=\"7\"><span class=\"versanumer\">7<\/span><\/a>\u00de\u00e1 m\u00e6lti \u00cdsak vi\u00f0 f\u00f6\u00f0ur sinn Abraham: fa\u00f0ir minn! og hann svara\u00f0i: h\u00e9r er eg, sonur minn. Og hann m\u00e6lti: sj\u00e1! h\u00e9r er eldurinn og vi\u00f0urinn, en hvar er sau\u00f0urinn til brennif\u00f3rnarinnar?<a name=\"8\"><span class=\"versanumer\">8<\/span><\/a>Og Abraham sag\u00f0i: Gu\u00f0 mun sj\u00e1 fyrir sau\u00f0 til brennif\u00f3rnarinnar, sonur minn! og svo gengu \u00feeir tveir einir saman.<a name=\"9\"><span class=\"versanumer\">9<\/span><\/a>Og \u00feeir komu \u00e1 sta\u00f0inn sem Gu\u00f0 haf\u00f0i v\u00edsa\u00f0 \u00e1, og Abraham bygg\u00f0i \u00fear altari, og lag\u00f0i vi\u00f0inn \u00e1, og batt son sinn \u00cdsak og lag\u00f0i hann upp \u00e1 altari\u00f0, ofan \u00e1 vi\u00f0inn.<a name=\"10\"><span class=\"versanumer\">10<\/span><\/a>Og Abraham r\u00e9tti \u00fat s\u00edna h\u00f6nd og t\u00f3k hn\u00edfinn, til a\u00f0 sl\u00e1tra syni s\u00ednum.<a name=\"11\"><span class=\"versanumer\">11<\/span><\/a>\u00de\u00e1 kalla\u00f0i engill Drottins til hans af himni, og m\u00e6lti: Abraham! Abraham! og hann ansa\u00f0i: h\u00e9r em eg.<a name=\"12\"><span class=\"versanumer\">12<\/span><\/a>Hann sag\u00f0i \u00fe\u00e1: legg \u00fe\u00fa ekki h\u00f6nd \u00e1 sveininn! og gj\u00f6r\u00f0u honum ekkert! \u00fev\u00ed n\u00fa veit eg a\u00f0 \u00fe\u00fa \u00f3ttast Gu\u00f0, a\u00f0 \u00fe\u00fa synja\u00f0ir m\u00e9r ekki um \u00feinn son, \u00feinn einasta.<a name=\"13\"><span class=\"versanumer\">13<\/span><\/a>\u00de\u00e1 var\u00f0 Abraham liti\u00f0 vi\u00f0, og sj\u00e1! hr\u00fatur h\u00e9kk \u00e1 bakvi\u00f0 hann \u00e1 hornunum \u00ed runna nokkrum; og Abraham f\u00f3r og t\u00f3k hr\u00fatinn og offra\u00f0i honum, sem brennif\u00f3rn, \u00ed sta\u00f0 sonar s\u00edns.<a name=\"14\"><span class=\"versanumer\">14<\/span><\/a>Og Abraham kalla\u00f0i \u00feennan sta\u00f0: Drottinn s\u00e9r r\u00e1\u00f0.<a name=\"15\"><span class=\"versanumer\">15<\/span><\/a>Og engill Drottins kalla\u00f0i \u00ed anna\u00f0 sinn af himni til Abrahams,<a name=\"16\"><span class=\"versanumer\">16<\/span><\/a>og m\u00e6lti: eg sver vi\u00f0 sj\u00e1lfan mig, segir Drottinn, a\u00f0 fyrst \u00fe\u00fa gj\u00f6r\u00f0ir sl\u00edkt, og spara\u00f0ir ekki vi\u00f0 mig \u00feinn son, \u00feinn eina son,<a name=\"17\"><span class=\"versanumer\">17<\/span><\/a>\u00fe\u00e1 skal eg blessa \u00feig, og margfalda \u00feitt kyn, sem stj\u00f6rnur \u00e1 himni, sem sand \u00e1 sj\u00e1varstr\u00f6nd. Og \u00fe\u00edn \u00e6tt skal n\u00e1 borgarhli\u00f0inu sinna \u00f3vina.<a name=\"18\"><span class=\"versanumer\">18<\/span><\/a>Og af \u00feinni \u00e6tt skulu allar \u00fej\u00f3\u00f0ir \u00e1 j\u00f6r\u00f0unni blessun hlj\u00f3ta, vegna \u00feess \u00fe\u00fa hl\u00fdddir minni raust.<a name=\"19\"><span class=\"versanumer\">19<\/span><\/a>Og Abraham f\u00f3r til baka til sinna \u00fer\u00e6la. Og \u00feeir t\u00f3ku sig upp, og ur\u00f0u samfer\u00f0a til Berseba; \u00fev\u00ed Abraham bj\u00f3 \u00fe\u00e1 \u00ed Berseba. <br \/><a name=\"20\"><span class=\"versanumer\">20<\/span><\/a>Og \u00fea\u00f0 ske\u00f0i eftir \u00feessa atbur\u00f0i a\u00f0 Abraham var sagt: sj\u00e1! Milka hefir f\u00e6tt br\u00f3\u00f0ur \u00fe\u00ednum Nahor b\u00f6rn.<a name=\"21\"><span class=\"versanumer\">21<\/span><\/a>Us sinn frumbur\u00f0 og B\u00fas hans br\u00f3\u00f0ur, og Kemuel, f\u00f6\u00f0ur Arams,<a name=\"22\"><span class=\"versanumer\">22<\/span><\/a>og Kesed og Kafo og Fildas, og Idlaf og Betuel.<a name=\"23\"><span class=\"versanumer\">23<\/span><\/a>Og Betuel gat Rebekku; \u00feessa \u00e1tta f\u00e6ddi Milka, Nahor br\u00f3\u00f0ur Abrahams.<a name=\"24\"><span class=\"versanumer\">24<\/span><\/a>Og hans hj\u00e1kona, sem h\u00e9t Reuma, h\u00fan \u00f3l l\u00edka: Teda, og Gaham og Tabus og Maaka.<\/p>\n<div class=\"footnoteVidey\"><\/div>\n","protected":false},"excerpt":{"rendered":"<p>1.) \u00cdsak \u00e1 a\u00f0 f\u00f3rnf\u00e6rast. 2.) Abraham f\u00e6r n\u00fdtt fyrirheit. 11.) Og \u00fea\u00f0 ske\u00f0i eftir \u00feessa atbur\u00f0i, a\u00f0 Gu\u00f0 freista\u00f0i Abrahams og m\u00e6lti til hans: Abraham! og hann ansa\u00f0i: h\u00e9r em eg!2Og hann sag\u00f0i: l\u00e1ttu sj\u00e1! tak \u00fe\u00fa son \u00feinn, \u00feinn einkason, sem \u00fe\u00fa elskar, hann \u00cdsak, og far \u00fe\u00fa \u00ed landi\u00f0 Mor\u00eda, og offra honum \u00fear sem brennif\u00f3rn \u00e1 \u00fev\u00ed fjalli sem eg mun v\u00edsa \u00fe\u00e9r \u00e1.3Og Abraham var snemma \u00e1 f\u00f3tum og s\u00f6\u00f0la\u00f0i asna sinn, og t\u00f3k me\u00f0 s\u00e9r tvo af \u00fer\u00e6lum s\u00ednum, og \u00cdsak son sinn, og hann klauf vi\u00f0inn til brennif\u00f3rnarinnar, t\u00f3k sig upp og h\u00e9lt <a href=\"https:\/\/biblian.is\/videy\/fyrsta-mosebok-22-kafli\/\"> [&#8230;]<\/a><\/p>\n","protected":false},"author":1,"featured_media":0,"parent":0,"menu_order":0,"comment_status":"open","ping_status":"open","template":"bibliukaflar.php","meta":{"footnotes":""},"class_list":["post-20871","page","type-page","status-publish","hentry"],"_links":{"self":[{"href":"https:\/\/biblian.is\/videy\/wp-json\/wp\/v2\/pages\/20871","targetHints":{"allow":["GET"]}}],"collection":[{"href":"https:\/\/biblian.is\/videy\/wp-json\/wp\/v2\/pages"}],"about":[{"href":"https:\/\/biblian.is\/videy\/wp-json\/wp\/v2\/types\/page"}],"author":[{"embeddable":true,"href":"https:\/\/biblian.is\/videy\/wp-json\/wp\/v2\/users\/1"}],"replies":[{"embeddable":true,"href":"https:\/\/biblian.is\/videy\/wp-json\/wp\/v2\/comments?post=20871"}],"version-history":[{"count":0,"href":"https:\/\/biblian.is\/videy\/wp-json\/wp\/v2\/pages\/20871\/revisions"}],"wp:attachment":[{"href":"https:\/\/biblian.is\/videy\/wp-json\/wp\/v2\/media?parent=20871"}],"curies":[{"name":"wp","href":"https:\/\/api.w.org\/{rel}","templated":true}]}}