{"id":20870,"date":"2018-01-02T00:59:20","date_gmt":"2018-01-02T00:59:20","guid":{"rendered":"http:\/\/biblian.is\/videy\/fyrsta-mosebok-21-kafli\/"},"modified":"2018-01-02T00:59:20","modified_gmt":"2018-01-02T00:59:20","slug":"fyrsta-mosebok-21-kafli","status":"publish","type":"page","link":"https:\/\/biblian.is\/videy\/fyrsta-mosebok-21-kafli\/","title":{"rendered":"Fyrsta M\u00f3seb\u00f3k 21. kafli"},"content":{"rendered":"<div class=\"fyrirsognVidey\">1.) \u00cdsak f\u00e6\u00f0ist. 2.) \u00cdsmael er rekinn burt. 3.) Abraham gj\u00f6rir s\u00e1ttm\u00e1la vi\u00f0 Abimelek.<\/div>\n<p><a name=\"1\"><span class=\"versanumer\">1<\/span><\/a><span style='font-weight:bold;padding-left:10px'>1.)<\/span> Og Drottinn leit til S\u00f6ru eins og hann haf\u00f0i lofa\u00f0, og gj\u00f6r\u00f0i vi\u00f0 hana \u00fea\u00f0, sem hann haf\u00f0i sagt.<a name=\"2\"><span class=\"versanumer\">2<\/span><\/a>Og svo var\u00f0 Sara \u00f3l\u00e9tt og f\u00e6ddi Abraham son \u00ed hans elli, \u00ed \u00fea\u00f0 mund sem Gu\u00f0 haf\u00f0i sagt.<a name=\"3\"><span class=\"versanumer\">3<\/span><\/a>Og Abraham nefndi nafn \u00feess sonar sem honum f\u00e6ddist, sem Sara f\u00e6ddi honum: \u00cdsak.<a name=\"4\"><span class=\"versanumer\">4<\/span><\/a>Og Abraham umskar son sinn \u00cdsak \u00fe\u00e1 hann var 8ta daga gamall, eins og Gu\u00f0 haf\u00f0i bo\u00f0i\u00f0 honum.<a name=\"5\"><span class=\"versanumer\">5<\/span><\/a>En Abraham var 100 \u00e1ra gamall \u00feegar honum f\u00e6ddist sonur hans \u00cdsak.<a name=\"6\"><span class=\"versanumer\">6<\/span><\/a>Og Sara sag\u00f0i: Gu\u00f0 hefur gj\u00f6rt m\u00e9r hl\u00e1tur; hver sem \u00feetta heyrir mun upp \u00e1 mig hl\u00e6ja.<a name=\"7\"><span class=\"versanumer\">7<\/span><\/a>Hver mundi hafa \u00feora\u00f0 a\u00f0 segja Abraham: Sara leggur b\u00f6rn \u00e1 brj\u00f3st? a\u00f0 eg skyldi ala son \u00ed hans elli!<a name=\"8\"><span class=\"versanumer\">8<\/span><\/a>Og barni\u00f0 dafna\u00f0i og var vani\u00f0 af brj\u00f3sti, og Abraham gj\u00f6r\u00f0i mikla veislu \u00feann dag, sem \u00cdsak var tekinn af brj\u00f3sti. <br \/><a name=\"9\"><span class=\"versanumer\">9<\/span><\/a><span style='font-weight:bold;padding-left:10px'>2.)<\/span> Og Sara s\u00e1 a\u00f0 sonur Hagar \u00feeirrar egypsku, er h\u00fan haf\u00f0i f\u00e6tt Abraham, hl\u00f3;<a name=\"10\"><span class=\"versanumer\">10<\/span><\/a>og h\u00fan sag\u00f0i vi\u00f0 Abraham: rek \u00fe\u00fa burt \u00feessa amb\u00e1tt, og hennar son, \u00fev\u00ed ekki skal \u00feessi amb\u00e1ttarsonur taka arf me\u00f0 syni m\u00ednum, me\u00f0 \u00cdsak!<a name=\"11\"><span class=\"versanumer\">11<\/span><\/a>En Abraham misl\u00edka\u00f0i mj\u00f6g \u00feetta or\u00f0, vegna sonar s\u00edns <span class='VideyAth'>(\u00cdsmaels)<\/span>.<a name=\"12\"><span class=\"versanumer\">12<\/span><\/a>\u00de\u00e1 sag\u00f0i Gu\u00f0 vi\u00f0 Abraham: tak \u00fe\u00fa ekki upp \u00feykkjuna fyrir sveininn og \u00fe\u00edna amb\u00e1tt! hl\u00fd\u00f0 \u00fe\u00fa \u00f6llu \u00fev\u00ed sem Sara hefir sagt \u00fe\u00e9r; \u00fev\u00ed \u00fear sem \u00cdsak er, \u00fear skal \u00fe\u00edn \u00e6tt heita.<a name=\"13\"><span class=\"versanumer\">13<\/span><\/a>Eg mun l\u00edka gj\u00f6ra amb\u00e1ttarsoninn a\u00f0 \u00fej\u00f3\u00f0, \u00fev\u00ed hann er \u00feitt afkv\u00e6mi.<a name=\"14\"><span class=\"versanumer\">14<\/span><\/a>Og Abraham st\u00f3\u00f0 \u00e1rla morguns upp, t\u00f3k brau\u00f0 og legil me\u00f0 vatn, og lag\u00f0i Hagar \u00e1 her\u00f0ar, og barni\u00f0 me\u00f0 og l\u00e9t hana fara burt. H\u00fan f\u00f3r og villtist \u00ed ey\u00f0im\u00f6rkunni <span class='VideyAth'>(sem kennd er vi\u00f0)<\/span> Berseba.<a name=\"15\"><span class=\"versanumer\">15<\/span><\/a>En sem vatni\u00f0 var \u00feroti\u00f0 \u00e1 leglinum, lag\u00f0i h\u00fan barni\u00f0 undir runna nokkurn.<a name=\"16\"><span class=\"versanumer\">16<\/span><\/a>Og gekk burt og settist gagnvart, svo sem \u00ed \u00f6rskotsfjarl\u00e6g\u00f0, \u00fev\u00ed h\u00fan sag\u00f0i: eg get ekki horft \u00e1 a\u00f0 barni\u00f0 deyi. Og h\u00fan sat gegnt og gr\u00e9t h\u00e1st\u00f6fum. <br \/><a name=\"17\"><span class=\"versanumer\">17<\/span><\/a>\u00de\u00e1 heyr\u00f0i Gu\u00f0 raust sveinsins, og engill Gu\u00f0s kalla\u00f0i til Hagar af himni, og m\u00e6lti: hva\u00f0 gengur a\u00f0 \u00fe\u00e9r Hagar? vertu \u00f3hr\u00e6dd! Gu\u00f0 hefur heyrt til sveinsins, \u00fear sem hann liggur.<a name=\"18\"><span class=\"versanumer\">18<\/span><\/a>statt \u00fe\u00fa upp, reistu drenginn \u00e1 f\u00e6tur, og leiddu hann \u00fe\u00e9r vi\u00f0 h\u00f6nd, \u00fev\u00ed eg mun gj\u00f6ra hann a\u00f0 mikilli \u00fej\u00f3\u00f0.<a name=\"19\"><span class=\"versanumer\">19<\/span><\/a>Og Gu\u00f0 upplauk hennar augum svo h\u00fan s\u00e1 vatnsbrunn; \u00feanga\u00f0 gekk h\u00fan og fyllti sinn legil me\u00f0 vatn, og gaf sveininum a\u00f0 drekka.<a name=\"20\"><span class=\"versanumer\">20<\/span><\/a>Og Gu\u00f0 var me\u00f0 sveininum, og hann \u00feroska\u00f0ist og bj\u00f3 \u00ed ey\u00f0im\u00f6rkunni, og \u00feegar hann haf\u00f0i \u00feroska til, var\u00f0 hann bogma\u00f0ur.<a name=\"21\"><span class=\"versanumer\">21<\/span><\/a>Hann \u00e1tti heima \u00e1 ey\u00f0im\u00f6rkunni Faran, og m\u00f3\u00f0ir hans t\u00f3k honum konu \u00e1 Egyptalandi. <br \/><a name=\"22\"><span class=\"versanumer\">22<\/span><\/a><span style='font-weight:bold;padding-left:10px'>3.)<\/span> Og \u00fea\u00f0 ske\u00f0i a\u00f0 Abimelek og hans hersh\u00f6f\u00f0ingi Pikol tala\u00f0i um \u00feetta leyti vi\u00f0 Abraham: Gu\u00f0 er me\u00f0 \u00fe\u00e9r \u00ed \u00f6llu sem \u00fe\u00fa gj\u00f6rir.<a name=\"23\"><span class=\"versanumer\">23<\/span><\/a>Vinn \u00fe\u00fa m\u00e9r n\u00fa h\u00e9r ei\u00f0 vi\u00f0 Gu\u00f0, a\u00f0 \u00fe\u00fa skulir hverki vera m\u00e9r \u00f3tr\u00far, n\u00e9 m\u00ednum b\u00f6rnum n\u00e9 barna b\u00f6rnum; eins og eg hefi au\u00f0s\u00fdnt \u00fe\u00e9r g\u00f3\u00f0semi, svo skalt \u00fe\u00fa breyta vi\u00f0 mig og \u00fea\u00f0 land sem \u00fe\u00fa hefir sta\u00f0n\u00e6mst \u00ed.<a name=\"24\"><span class=\"versanumer\">24<\/span><\/a>Og Abraham m\u00e6lti: eg skal sverja!<a name=\"25\"><span class=\"versanumer\">25<\/span><\/a>en Abraham \u00e1taldi Abimelek sakir vatnsbrunnsins, sem \u00fer\u00e6lar Abimeleks h\u00f6f\u00f0u teki\u00f0 me\u00f0 ofr\u00edki.<a name=\"26\"><span class=\"versanumer\">26<\/span><\/a>\u00de\u00e1 sag\u00f0i Abimelek: ekki vissi eg hver \u00fea\u00f0 gj\u00f6r\u00f0i, hverki hefir \u00fe\u00fa sagt m\u00e9r \u00fea\u00f0, og ekki heldur hefi eg heyrt \u00fea\u00f0 fyrri en \u00ed dag.<a name=\"27\"><span class=\"versanumer\">27<\/span><\/a>\u00de\u00e1 t\u00f3k Abraham sau\u00f0i og naut og gaf Abimelek; og \u00feeir gj\u00f6r\u00f0u s\u00e1ttm\u00e1la s\u00edn \u00ed milli.<a name=\"28\"><span class=\"versanumer\">28<\/span><\/a>Og Abraham t\u00f3k afs\u00ed\u00f0is sj\u00f6 l\u00f6mb.<a name=\"29\"><span class=\"versanumer\">29<\/span><\/a>\u00de\u00e1 m\u00e6lti Abimelek til Abrahams: hva\u00f0 skulu \u00feau sj\u00f6 l\u00f6mb, sem \u00fe\u00fa t\u00f3kst afs\u00ed\u00f0is?<a name=\"30\"><span class=\"versanumer\">30<\/span><\/a>Og hann svara\u00f0i: vi\u00f0 \u00feessum sj\u00f6 l\u00f6mbum skaltu taka af minni hendi til vitnis um, a\u00f0 eg hefi grafi\u00f0 \u00feennan brunn.<a name=\"31\"><span class=\"versanumer\">31<\/span><\/a>svo kallast s\u00e1 sami sta\u00f0ur Berseba <span class='VideyAth'>(Sj\u00f6brunnur)<\/span> af \u00fev\u00ed \u00feeir f\u00f3ru \u00fear b\u00e1\u00f0ir.<a name=\"32\"><span class=\"versanumer\">32<\/span><\/a>Og svo gj\u00f6r\u00f0u \u00feeir s\u00e1ttm\u00e1la s\u00edn \u00ed milli \u00ed Berseba; s\u00ed\u00f0an t\u00f3k Abimelek sig upp og Pikol hans hersh\u00f6f\u00f0ingi og f\u00f3ru til baka \u00ed Filistea land.<a name=\"33\"><span class=\"versanumer\">33<\/span><\/a>Og hann <span class='VideyAth'>(Abraham)<\/span> planta\u00f0i lund \u00ed Berseba, og \u00e1kalla\u00f0i \u00fear nafn Drottins \u00feess eil\u00edfa Gu\u00f0s.<a name=\"34\"><span class=\"versanumer\">34<\/span><\/a>Og Abraham sta\u00f0n\u00e6mdist lengi \u00ed Filistealandi.<\/p>\n<div class=\"footnoteVidey\"><\/div>\n","protected":false},"excerpt":{"rendered":"<p>1.) \u00cdsak f\u00e6\u00f0ist. 2.) \u00cdsmael er rekinn burt. 3.) Abraham gj\u00f6rir s\u00e1ttm\u00e1la vi\u00f0 Abimelek. 11.) Og Drottinn leit til S\u00f6ru eins og hann haf\u00f0i lofa\u00f0, og gj\u00f6r\u00f0i vi\u00f0 hana \u00fea\u00f0, sem hann haf\u00f0i sagt.2Og svo var\u00f0 Sara \u00f3l\u00e9tt og f\u00e6ddi Abraham son \u00ed hans elli, \u00ed \u00fea\u00f0 mund sem Gu\u00f0 haf\u00f0i sagt.3Og Abraham nefndi nafn \u00feess sonar sem honum f\u00e6ddist, sem Sara f\u00e6ddi honum: \u00cdsak.4Og Abraham umskar son sinn \u00cdsak \u00fe\u00e1 hann var 8ta daga gamall, eins og Gu\u00f0 haf\u00f0i bo\u00f0i\u00f0 honum.5En Abraham var 100 \u00e1ra gamall \u00feegar honum f\u00e6ddist sonur hans \u00cdsak.6Og Sara sag\u00f0i: Gu\u00f0 hefur gj\u00f6rt m\u00e9r hl\u00e1tur; <a href=\"https:\/\/biblian.is\/videy\/fyrsta-mosebok-21-kafli\/\"> [&#8230;]<\/a><\/p>\n","protected":false},"author":1,"featured_media":0,"parent":0,"menu_order":0,"comment_status":"open","ping_status":"open","template":"bibliukaflar.php","meta":{"footnotes":""},"class_list":["post-20870","page","type-page","status-publish","hentry"],"_links":{"self":[{"href":"https:\/\/biblian.is\/videy\/wp-json\/wp\/v2\/pages\/20870","targetHints":{"allow":["GET"]}}],"collection":[{"href":"https:\/\/biblian.is\/videy\/wp-json\/wp\/v2\/pages"}],"about":[{"href":"https:\/\/biblian.is\/videy\/wp-json\/wp\/v2\/types\/page"}],"author":[{"embeddable":true,"href":"https:\/\/biblian.is\/videy\/wp-json\/wp\/v2\/users\/1"}],"replies":[{"embeddable":true,"href":"https:\/\/biblian.is\/videy\/wp-json\/wp\/v2\/comments?post=20870"}],"version-history":[{"count":0,"href":"https:\/\/biblian.is\/videy\/wp-json\/wp\/v2\/pages\/20870\/revisions"}],"wp:attachment":[{"href":"https:\/\/biblian.is\/videy\/wp-json\/wp\/v2\/media?parent=20870"}],"curies":[{"name":"wp","href":"https:\/\/api.w.org\/{rel}","templated":true}]}}