{"id":20868,"date":"2018-01-02T00:59:15","date_gmt":"2018-01-02T00:59:15","guid":{"rendered":"http:\/\/biblian.is\/videy\/fyrsta-mosebok-19-kafli\/"},"modified":"2018-01-02T00:59:15","modified_gmt":"2018-01-02T00:59:15","slug":"fyrsta-mosebok-19-kafli","status":"publish","type":"page","link":"https:\/\/biblian.is\/videy\/fyrsta-mosebok-19-kafli\/","title":{"rendered":"Fyrsta M\u00f3seb\u00f3k 19. kafli"},"content":{"rendered":"<div class=\"fyrirsognVidey\">1.) S\u00f3d\u00f3ma er ey\u00f0il\u00f6g\u00f0. 2.) Lot frelsast. 3.) Uppruni Amorita og M\u00f3abita.<\/div>\n<p><a name=\"1\"><span class=\"versanumer\">1<\/span><\/a><span style='font-weight:bold;padding-left:10px'>1.)<\/span> Og um kv\u00f6ldi\u00f0 komu tveir englarnir til S\u00f3d\u00f3ma, en Lot sat \u00ed S\u00f3d\u00f3muborgar hli\u00f0i; og er hann s\u00e1 \u00fe\u00e1, st\u00f3\u00f0 hann upp \u00ed m\u00f3ti \u00feeim, og hneig\u00f0i s\u00edna \u00e1sj\u00f3nu til jar\u00f0ar,<a name=\"2\"><span class=\"versanumer\">2<\/span><\/a>og m\u00e6lti: heyri\u00f0, m\u00ednir herrar! komi\u00f0 \u00fe\u00f3 inn \u00ed h\u00fas ykkar \u00fer\u00e6ls, og n\u00e1tti\u00f0 <span class='VideyAth'>(\u00fear)<\/span> og \u00fevoi\u00f0 ykkar f\u00e6tur. svo geti\u00f0 \u00fei\u00f0 \u00e1 morgun teki\u00f0 ykkur upp og fari\u00f0 ykkar lei\u00f0. Og \u00feeir s\u00f6g\u00f0u: nei! heldur viljum vi\u00f0 vera \u00ed n\u00f3tt, \u00e1 str\u00e6tinu.<a name=\"3\"><span class=\"versanumer\">3<\/span><\/a>Og hann lag\u00f0i miki\u00f0 a\u00f0 \u00feeim, og \u00feeir f\u00f3ru inn til hans \u00ed hans h\u00fas. Og hann bj\u00f3 \u00feeim m\u00e1lt\u00ed\u00f0 og baka\u00f0i \u00feeim \u00f3s\u00fdr\u00f0ar k\u00f6kur, og \u00feeir \u00e1tu.<a name=\"4\"><span class=\"versanumer\">4<\/span><\/a>En \u00e1\u00f0ur en \u00feeir gengu \u00ed hv\u00edlur, umkringdu borgar menn, mennirnir \u00ed S\u00f3d\u00f3ma, h\u00fasi\u00f0, ungir og gamlir, allur m\u00fagurinn allsta\u00f0ar fr\u00e1,<a name=\"5\"><span class=\"versanumer\">5<\/span><\/a>k\u00f6llu\u00f0u \u00e1 Lot og m\u00e6ltu: hvar eru \u00feeir menn sem komu til \u00fe\u00edn \u00ed kv\u00f6ld? lei\u00f0 \u00fe\u00fa \u00fe\u00e1 \u00fat a\u00f0 v\u00e9r megum leika vi\u00f0 \u00fe\u00e1!<a name=\"6\"><span class=\"versanumer\">6<\/span><\/a>Lot gekk \u00fe\u00e1 \u00fat til \u00feeirra og l\u00e6sti eftir s\u00e9r h\u00fasinu,<a name=\"7\"><span class=\"versanumer\">7<\/span><\/a>og sag\u00f0i: a\u00f0hafist ekki illt, br\u00e6\u00f0ur m\u00ednir!<a name=\"8\"><span class=\"versanumer\">8<\/span><\/a>sj\u00e1! eg hefi tv\u00e6r d\u00e6tur sem enn n\u00fa hafa engan mann \u00fe\u00fd\u00f0st, eg skal lei\u00f0a \u00fe\u00e6r \u00fat til y\u00f0ar, gj\u00f6ri\u00f0 vi\u00f0 \u00fe\u00e6r sem y\u00f0ur gott s\u00fdnist; gj\u00f6ri\u00f0 a\u00f0eins ekkert \u00feessum m\u00f6nnum; \u00fev\u00ed \u00feess vegna eru \u00feeir komnir undir skugga m\u00edns \u00feaks.<a name=\"9\"><span class=\"versanumer\">9<\/span><\/a>Og \u00feeir s\u00f6g\u00f0u: kom \u00fe\u00fa n\u00e6r! og enn aftur: \u00fe\u00fa ert \u00fatlendur ma\u00f0ur h\u00e9r, og villt si\u00f0a oss! vel og gott! v\u00e9r skulum fara verr me\u00f0 \u00feig enn \u00fe\u00e1; og n\u00fa gj\u00f6r\u00f0u \u00feeir \u00fer\u00f6ng a\u00f0 manninum, a\u00f0 Lot, og f\u00e6r\u00f0u sig n\u00e6r, til a\u00f0 brj\u00f3ta upp h\u00fasi\u00f0.<a name=\"10\"><span class=\"versanumer\">10<\/span><\/a>\u00de\u00e1 seildust mennirnir \u00fat, og dr\u00f3gu Lot til s\u00edn inn \u00ed h\u00fasi\u00f0 og l\u00e6stu dyrunum.<a name=\"11\"><span class=\"versanumer\">11<\/span><\/a>En mennina sem voru \u00fati fyrir dyrum h\u00fassins, sl\u00f3gu \u00feeir me\u00f0 blindni, sm\u00e1a og st\u00f3ra, svo \u00feeir \u00e1ttu b\u00e1gt me\u00f0 a\u00f0 finna dyrnar.<a name=\"12\"><span class=\"versanumer\">12<\/span><\/a>Og mennirnir s\u00f6g\u00f0u vi\u00f0 Lot: ef \u00fe\u00fa hefir nokkurn m\u00e1g, syni e\u00f0a d\u00e6tur e\u00f0a nokkurn \u00fe\u00e9r vanabundinn <span class='VideyAth'>(auk \u00feessara)<\/span> \u00ed b\u00e6num, \u00fe\u00e1 haf \u00fe\u00e1 burt \u00far \u00feessum sta\u00f0.<a name=\"13\"><span class=\"versanumer\">13<\/span><\/a>\u00dev\u00ed vi\u00f0 \u00e6tlum a\u00f0 ey\u00f0ileggja \u00feennan sta\u00f0, af \u00fev\u00ed \u00feeirra miklu \u00f3l\u00e6ti eru komin Drottni til eyrna, og hann hefur sent okkur til a\u00f0 ey\u00f0ileggja sta\u00f0inn.<a name=\"14\"><span class=\"versanumer\">14<\/span><\/a>\u00de\u00e1 gekk Lot \u00fat og tala\u00f0i vi\u00f0 m\u00e1ga s\u00edna, sem \u00e6tlu\u00f0u a\u00f0 eiga d\u00e6tur hans, og m\u00e6lti: taki\u00f0 y\u00f0ur upp og fari\u00f0 \u00far \u00feessum sta\u00f0, \u00fev\u00ed Drottinn mun ey\u00f0ileggja b\u00e6inn; en m\u00e1garnir t\u00f3ku \u00feessu sem hann v\u00e6ri a\u00f0 gj\u00f6ra a\u00f0 gamni s\u00ednu.<a name=\"15\"><span class=\"versanumer\">15<\/span><\/a>En strax sem daga\u00f0i, r\u00e1ku englarnir eftir Lot, og s\u00f6g\u00f0u: taktu \u00feig til! tak \u00fe\u00fa konu \u00fe\u00edna og b\u00e1\u00f0ar d\u00e6tur \u00fe\u00ednar, sem hj\u00e1 \u00fe\u00e9r eru, svo \u00fe\u00fa ekki tort\u00ednist vegna synda \u00feessa sta\u00f0ar.<a name=\"16\"><span class=\"versanumer\">16<\/span><\/a>En er hann f\u00f3r enn \u00fe\u00e1 h\u00e6gt a\u00f0 \u00f6llu, t\u00f3ku mennirnir \u00ed h\u00f6nd honum og \u00ed h\u00f6nd hans konu, og \u00ed h\u00f6nd hans b\u00e1\u00f0um d\u00e6trum, \u00fev\u00ed Drottinn vildi \u00feyrma honum, og leiddu hann \u00fat fyrir sta\u00f0inn. <br \/><a name=\"17\"><span class=\"versanumer\">17<\/span><\/a><span style='font-weight:bold;padding-left:10px'>2.)<\/span> Og \u00fea\u00f0 ske\u00f0i, \u00feegar \u00feeir h\u00f6f\u00f0u leitt hann \u00fat, a\u00f0 annar engillinn sag\u00f0i vi\u00f0 hann: frelsa l\u00edf \u00feitt! l\u00edt ekki til baka og nem hvergi sta\u00f0ar \u00e1 \u00f6llu \u00feessu sl\u00e9ttlendi! bjarga \u00fe\u00e9r \u00e1 fjallinu, a\u00f0 \u00fe\u00fa ekki t\u00ednist.<a name=\"18\"><span class=\"versanumer\">18<\/span><\/a>\u00de\u00e1 sag\u00f0i Lot til \u00feeirra: \u00e6 nei, herra minn!<a name=\"19\"><span class=\"versanumer\">19<\/span><\/a>sj\u00e1! \u00feinn \u00fer\u00e6ll hefir fundi\u00f0 n\u00e1\u00f0 \u00ed \u00fe\u00ednum augum, og \u00fe\u00fa hefir s\u00fdnt \u00e1 m\u00e9r mikla miskunn, a\u00f0 l\u00e1ta mig halda l\u00edfi; en eg get ekki bjarga\u00f0 m\u00e9r \u00e1 \u00feessu fjalli; m\u00e9r getur vilja\u00f0 s\u00fa \u00f3lukka til a\u00f0 eg deyi;<a name=\"20\"><span class=\"versanumer\">20<\/span><\/a>sj\u00e1! \u00fearna er b\u00e6r \u00ed n\u00e1nd, og er l\u00edtill, til a\u00f0 fl\u00fdja \u00ed, \u00feanga\u00f0 vildi eg mega fl\u00fdja, er hann ekki l\u00edtill? a\u00f0 m\u00edn s\u00e1l lifi.<a name=\"21\"><span class=\"versanumer\">21<\/span><\/a>Og hann <span class='VideyAth'>(engillinn)<\/span> sag\u00f0i til hans: sj\u00e1! eg hefi veitt \u00fe\u00e9r l\u00edka \u00feessa b\u00e6n, eg skal ekki ey\u00f0ileggja \u00feann b\u00e6, sem \u00fe\u00fa talar um.<a name=\"22\"><span class=\"versanumer\">22<\/span><\/a>Fl\u00fdt \u00fe\u00e9r \u00feanga\u00f0! bjarga \u00fe\u00e9r! \u00fev\u00ed eg get ekkert gj\u00f6rt fyrr en \u00fe\u00fa kemst \u00feanga\u00f0; \u00fev\u00ed kallar ma\u00f0ur \u00feann b\u00e6r S\u00f3ar. <span class='VideyAth'>(L\u00edtill.)<\/span><a name=\"23\"><span class=\"versanumer\">23<\/span><\/a>En s\u00f3lin var komin upp, \u00feegar Lot kom til S\u00f3ar.<a name=\"24\"><span class=\"versanumer\">24<\/span><\/a>Og Drottinn l\u00e9t rigna yfir S\u00f3d\u00f3ma og Gomorra brennisteini og eldi fr\u00e1 Drottni af himni.<a name=\"25\"><span class=\"versanumer\">25<\/span><\/a>Og hann ey\u00f0ilag\u00f0i \u00feessa sta\u00f0i og allt h\u00e9ra\u00f0i\u00f0 og alla innb\u00faa sta\u00f0anna, og gr\u00f3\u00f0a jar\u00f0arinnar.<a name=\"26\"><span class=\"versanumer\">26<\/span><\/a>En kona Lots hvarf aftur og var\u00f0 a\u00f0 saltst\u00f3lpa.<a name=\"27\"><span class=\"versanumer\">27<\/span><\/a>Og Abraham f\u00f3r snemma \u00e1 f\u00e6tur \u00feann sama morgun, og gekk \u00feanga\u00f0, hvar hann haf\u00f0i sta\u00f0i\u00f0 frammi fyrir Drottni;<a name=\"28\"><span class=\"versanumer\">28<\/span><\/a>og horf\u00f0i til S\u00f3d\u00f3ma og Gomorra, til alls h\u00e9ra\u00f0sins um kring, og s\u00e1 sig um, og sj\u00e1! reykur gekk upp af j\u00f6r\u00f0unni, eins og reykur \u00far ofni.<a name=\"29\"><span class=\"versanumer\">29<\/span><\/a>En \u00feegar Drottinn ey\u00f0ilag\u00f0i sta\u00f0ina \u00e1 \u00feessu sl\u00e9ttlendi, minntist Gu\u00f0 \u00e1 Abraham, og leiddi Lot \u00far ey\u00f0ileggingunni, \u00feegar hann ey\u00f0ilag\u00f0i sta\u00f0ina sem Lot bj\u00f3 \u00ed.<br \/><a name=\"30\"><span class=\"versanumer\">30<\/span><\/a><span style='font-weight:bold;padding-left:10px'>3.)<\/span> En Lot flutti sig fr\u00e1 S\u00f3ar, og sta\u00f0n\u00e6mdist \u00e1 fjallinu og b\u00e1\u00f0ar hans d\u00e6tur me\u00f0 honum; \u00fev\u00ed hann var hr\u00e6ddur vi\u00f0 a\u00f0 vera \u00ed S\u00f3ar, og hann var \u00fear \u00ed hellir, hann og b\u00e1\u00f0ar hans d\u00e6tur.<a name=\"31\"><span class=\"versanumer\">31<\/span><\/a>\u00de\u00e1 sag\u00f0i s\u00fa eldri vi\u00f0 hina yngri: fa\u00f0ir okkar er gamall, og enginn ma\u00f0ur \u00e1 j\u00f6r\u00f0unni sem leggist me\u00f0 okkur eftir alls heimsins si\u00f0.<a name=\"32\"><span class=\"versanumer\">32<\/span><\/a>Kom \u00fe\u00fa! vi\u00f0 skulum gefa f\u00f6\u00f0ur okkar v\u00edn a\u00f0 drekka, og leggjast hj\u00e1 honum, svo vi\u00f0 f\u00e1um getna\u00f0 af okkar f\u00f6\u00f0ur.<a name=\"33\"><span class=\"versanumer\">33<\/span><\/a>svo g\u00e1fu \u00fe\u00e6r f\u00f6\u00f0ur s\u00ednum v\u00edn a\u00f0 drekka \u00fe\u00e1 s\u00f6mu n\u00f3tt, og s\u00fa eldri gekk inn og lag\u00f0ist hj\u00e1 f\u00f6\u00f0ur s\u00ednum; og hann vissi hverki af \u00fev\u00ed a\u00f0 h\u00fan lag\u00f0i sig, n\u00e9 a\u00f0 h\u00fan st\u00f3\u00f0 upp.<a name=\"34\"><span class=\"versanumer\">34<\/span><\/a>Og um morguninn sag\u00f0i s\u00fa eldri vi\u00f0 \u00fe\u00e1 yngri: sj\u00e1! \u00ed n\u00f3tt l\u00e1 eg hj\u00e1 f\u00f6\u00f0ur m\u00ednum; vi\u00f0 skulum n\u00fa og \u00ed <span class='VideyAth'>(n\u00f3tt)<\/span> kv\u00f6ld gefa honum v\u00edn a\u00f0 drekka, og far \u00fe\u00fa inn, og sof hj\u00e1 honum, a\u00f0 vi\u00f0 f\u00e1um getna\u00f0 af okkar f\u00f6\u00f0ur.<a name=\"35\"><span class=\"versanumer\">35<\/span><\/a>svo g\u00e1fu \u00fe\u00e6r f\u00f6\u00f0ur s\u00ednum v\u00edn a\u00f0 drekka \u00fe\u00e1 s\u00f6mu n\u00f3tt og s\u00fa yngri t\u00f3k sig til og lag\u00f0ist hj\u00e1 honum, og hann vissi ekki af \u00feegar h\u00fan lag\u00f0i sig, e\u00f0a st\u00f3\u00f0 upp.<a name=\"36\"><span class=\"versanumer\">36<\/span><\/a>Og b\u00e1\u00f0ar d\u00e6tur Lots fengu getna\u00f0 af f\u00f6\u00f0ur s\u00ednum.<a name=\"37\"><span class=\"versanumer\">37<\/span><\/a>s\u00fa eldri f\u00e6ddi son sem h\u00fan kalla\u00f0i Moab <span class='VideyAth'>(af f\u00f6\u00f0ur)<\/span>, hann er fa\u00f0ir Moabita, sem enn kallast svo.<a name=\"38\"><span class=\"versanumer\">38<\/span><\/a>s\u00fa yngri f\u00e6ddi l\u00edka son og kalla\u00f0i hann Ben-ammi <span class='VideyAth'>(sonur f\u00f6\u00f0ur m\u00edns)<\/span> hann er fa\u00f0ir \u00feeirra sem enn \u00ed dag kallast Ammonssynir.<\/p>\n<div class=\"footnoteVidey\">V. 26. L\u00fac. 17,32.<\/div>\n","protected":false},"excerpt":{"rendered":"<p>1.) S\u00f3d\u00f3ma er ey\u00f0il\u00f6g\u00f0. 2.) Lot frelsast. 3.) Uppruni Amorita og M\u00f3abita. 11.) Og um kv\u00f6ldi\u00f0 komu tveir englarnir til S\u00f3d\u00f3ma, en Lot sat \u00ed S\u00f3d\u00f3muborgar hli\u00f0i; og er hann s\u00e1 \u00fe\u00e1, st\u00f3\u00f0 hann upp \u00ed m\u00f3ti \u00feeim, og hneig\u00f0i s\u00edna \u00e1sj\u00f3nu til jar\u00f0ar,2og m\u00e6lti: heyri\u00f0, m\u00ednir herrar! komi\u00f0 \u00fe\u00f3 inn \u00ed h\u00fas ykkar \u00fer\u00e6ls, og n\u00e1tti\u00f0 (\u00fear) og \u00fevoi\u00f0 ykkar f\u00e6tur. svo geti\u00f0 \u00fei\u00f0 \u00e1 morgun teki\u00f0 ykkur upp og fari\u00f0 ykkar lei\u00f0. Og \u00feeir s\u00f6g\u00f0u: nei! heldur viljum vi\u00f0 vera \u00ed n\u00f3tt, \u00e1 str\u00e6tinu.3Og hann lag\u00f0i miki\u00f0 a\u00f0 \u00feeim, og \u00feeir f\u00f3ru inn til hans \u00ed hans h\u00fas. <a href=\"https:\/\/biblian.is\/videy\/fyrsta-mosebok-19-kafli\/\"> [&#8230;]<\/a><\/p>\n","protected":false},"author":1,"featured_media":0,"parent":0,"menu_order":0,"comment_status":"open","ping_status":"open","template":"bibliukaflar.php","meta":{"footnotes":""},"class_list":["post-20868","page","type-page","status-publish","hentry"],"_links":{"self":[{"href":"https:\/\/biblian.is\/videy\/wp-json\/wp\/v2\/pages\/20868","targetHints":{"allow":["GET"]}}],"collection":[{"href":"https:\/\/biblian.is\/videy\/wp-json\/wp\/v2\/pages"}],"about":[{"href":"https:\/\/biblian.is\/videy\/wp-json\/wp\/v2\/types\/page"}],"author":[{"embeddable":true,"href":"https:\/\/biblian.is\/videy\/wp-json\/wp\/v2\/users\/1"}],"replies":[{"embeddable":true,"href":"https:\/\/biblian.is\/videy\/wp-json\/wp\/v2\/comments?post=20868"}],"version-history":[{"count":0,"href":"https:\/\/biblian.is\/videy\/wp-json\/wp\/v2\/pages\/20868\/revisions"}],"wp:attachment":[{"href":"https:\/\/biblian.is\/videy\/wp-json\/wp\/v2\/media?parent=20868"}],"curies":[{"name":"wp","href":"https:\/\/api.w.org\/{rel}","templated":true}]}}