{"id":20867,"date":"2018-01-02T00:59:15","date_gmt":"2018-01-02T00:59:15","guid":{"rendered":"http:\/\/biblian.is\/videy\/fyrsta-mosebok-18-kafli\/"},"modified":"2018-01-02T00:59:15","modified_gmt":"2018-01-02T00:59:15","slug":"fyrsta-mosebok-18-kafli","status":"publish","type":"page","link":"https:\/\/biblian.is\/videy\/fyrsta-mosebok-18-kafli\/","title":{"rendered":"Fyrsta M\u00f3seb\u00f3k 18. kafli"},"content":{"rendered":"<div class=\"fyrirsognVidey\">1.) sonur \u00e1 n\u00fd heitinn Abraham. 2.) englar bo\u00f0a honum S\u00f3d\u00f3mu ey\u00f0ilegging.<\/div>\n<p><a name=\"1\"><span class=\"versanumer\">1<\/span><\/a><span style='font-weight:bold;padding-left:10px'>1.)<\/span> Og Drottinn birtist honum \u00ed Mamreslundi, \u00fe\u00e1 hann sat \u00ed s\u00ednum tjalddyrum, um h\u00e1degisbili\u00f0.<a name=\"2\"><span class=\"versanumer\">2<\/span><\/a>Og hann h\u00f3f upp s\u00edn augu, og lita\u00f0ist um, og sj\u00e1! \u00fer\u00edr menn st\u00f3\u00f0u frammi fyrir honum; og er hann s\u00e1 \u00fe\u00e1, hlj\u00f3p hann m\u00f3ti \u00feeim \u00far s\u00ednum tjalddyrum og laut \u00feeim til jar\u00f0ar,<a name=\"3\"><span class=\"versanumer\">3<\/span><\/a>og m\u00e6lti: Herra! hafi eg fundi\u00f0 n\u00e1\u00f0 \u00ed \u00fe\u00ednum augum, svo gakk \u00fe\u00fa ekki framhj\u00e1 \u00fe\u00ednum \u00fer\u00e6li.<a name=\"4\"><span class=\"versanumer\">4<\/span><\/a>Leyfi\u00f0 a\u00f0 s\u00f3tt s\u00e9 vatn, og \u00fevoi\u00f0 y\u00f0ar f\u00e6tur, og hv\u00edli\u00f0 y\u00f0ur undir tr\u00e9nu.<a name=\"5\"><span class=\"versanumer\">5<\/span><\/a>Og eg vil f\u00e6ra y\u00f0ur l\u00edti\u00f0 eitt af mat, og styrki\u00f0 y\u00f0ar hj\u00f6rtu, s\u00ed\u00f0an megi\u00f0 \u00fe\u00e9r halda \u00e1fram fer\u00f0inni; \u00fev\u00ed \u00feess vegna hafi\u00f0 \u00fe\u00e9r gengi\u00f0 h\u00e9r um hj\u00e1 y\u00f0ar \u00fer\u00e6li. Og \u00feeir sv\u00f6ru\u00f0u: gj\u00f6r\u00f0u eins og \u00fe\u00fa hefur sagt.<a name=\"6\"><span class=\"versanumer\">6<\/span><\/a>\u00de\u00e1 fl\u00fdtti Abraham s\u00e9r \u00ed tjald S\u00f6ru og m\u00e6lti: s\u00e6ktu n\u00fa sem skj\u00f3tast \u00ferj\u00e1 m\u00e6lira hveitis, hno\u00f0a\u00f0u og baka\u00f0u k\u00f6kur!<a name=\"7\"><span class=\"versanumer\">7<\/span><\/a>Og Abraham hlj\u00f3p til nautanna, og t\u00f3k k\u00e1lf ungan og g\u00f3\u00f0an og f\u00e9kk \u00fe\u00e9naranum sem fl\u00fdtti s\u00e9r a\u00f0 matrei\u00f0a hann.<a name=\"8\"><span class=\"versanumer\">8<\/span><\/a>Og hann t\u00f3k rj\u00f3ma og mj\u00f3lk og \u00feann k\u00e1lf sem var matb\u00fainn, og setti fyrir \u00fe\u00e1, en hann st\u00f3\u00f0 frammi fyrir \u00feeim undir tr\u00e9nu, og \u00feeir \u00e1tu.<a name=\"9\"><span class=\"versanumer\">9<\/span><\/a>Og \u00feeir s\u00f6g\u00f0u til hans: hvar er kona \u00fe\u00edn Sara? hann svara\u00f0i: \u00fearna \u00ed tjaldinu.<a name=\"10\"><span class=\"versanumer\">10<\/span><\/a>Og einn \u00feeirra sag\u00f0i: aftur mun eg koma til \u00fe\u00edn \u00e1 \u00f6\u00f0ru \u00e1ri, \u00fe\u00e1 skal Sara kona \u00fe\u00edn vera b\u00fain a\u00f0 eignast son; og Sara heyr\u00f0i \u00feetta \u00ed dyrum tjaldsins sem voru a\u00f0 baki hans.<a name=\"11\"><span class=\"versanumer\">11<\/span><\/a>En Abraham og Sara voru g\u00f6mul og komin til \u00e1ra sinna; og kvenlegir e\u00f0lish\u00e6ttir voru horfnir fr\u00e1 S\u00f6ru.<a name=\"12\"><span class=\"versanumer\">12<\/span><\/a>Og Sara hl\u00f3 \u00ed s\u00ednu hjarta, og m\u00e6lti: eftir a\u00f0 eg er g\u00f6mul or\u00f0in, skal eg \u00fe\u00e1 muna\u00f0 hafa? og minn ma\u00f0ur er gamall!<a name=\"13\"><span class=\"versanumer\">13<\/span><\/a>Og Drottinn sag\u00f0i til Abrahams: hvar fyrir hl\u00e6r Sara, og segir: mun eg \u00fe\u00e1 eiga barn, eg sem er svo g\u00f6mul?<a name=\"14\"><span class=\"versanumer\">14<\/span><\/a>Er Drottni nokku\u00f0 \u00f3m\u00f6gulegt? \u00ed \u00feetta mund mun eg aftur til \u00fe\u00edn koma a\u00f0 \u00e1ri, og Sara hefur \u00fe\u00e1 eignast son.<a name=\"15\"><span class=\"versanumer\">15<\/span><\/a>2.) Og Sara neita\u00f0i og sag\u00f0i: eg hl\u00f3 ekki, \u00fev\u00ed h\u00fan var hr\u00e6dd. Og hann sag\u00f0i: nei! v\u00edst hl\u00f3stu.<a name=\"16\"><span class=\"versanumer\">16<\/span><\/a>\u00de\u00e1 st\u00f3\u00f0u mennirnir upp, og stefndu \u00fea\u00f0an til S\u00f3d\u00f3ma; en Abraham gekk me\u00f0 \u00feeim \u00e1 veg a\u00f0 fylgja \u00feeim.<a name=\"17\"><span class=\"versanumer\">17<\/span><\/a>Og Drottinn m\u00e6lti: \u00fev\u00ed skyldi eg leyna Abraham \u00fev\u00ed sem eg \u00e6tla a\u00f0 gj\u00f6ra?<a name=\"18\"><span class=\"versanumer\">18<\/span><\/a>\u00dear e\u00f0 Abraham skal ver\u00f0a a\u00f0 miklu og voldugu f\u00f3lki. Og allar \u00fej\u00f3\u00f0ir skulu af honum blessun hlj\u00f3ta;<a name=\"19\"><span class=\"versanumer\">19<\/span><\/a>\u00fev\u00ed eg hefi \u00fatvali\u00f0 hann, a\u00f0 hann bj\u00f3\u00f0i sonum s\u00ednum, og s\u00ednu h\u00fasi eftir sig, a\u00f0 \u00feeir var\u00f0veiti vegu Drottins, og gj\u00f6ri \u00fea\u00f0 sem r\u00e9tt er og r\u00e1\u00f0vandlegt, til \u00feess Drottinn l\u00e1ti koma fram vi\u00f0 Abraham, \u00fea\u00f0 sem hann hefur honum heiti\u00f0. <br \/><a name=\"20\"><span class=\"versanumer\">20<\/span><\/a><span style='font-weight:bold;padding-left:10px'>2.)<\/span> Og Drottinn m\u00e6lti: mikill h\u00e1va\u00f0i er \u00ed S\u00f3d\u00f3ma og Gomorra, og \u00feeirra synd er mj\u00f6g \u00feung.<a name=\"21\"><span class=\"versanumer\">21<\/span><\/a>\u00dev\u00ed \u00e6tla eg a\u00f0 fara \u00feanga\u00f0 og sj\u00e1, hvert \u00feeir fullkomlega hafa a\u00f0hafst eftir \u00fev\u00ed hr\u00f3pi sem til m\u00edn er komi\u00f0, e\u00f0a ef ekki, vil eg l\u00edka vita \u00fea\u00f0.<a name=\"22\"><span class=\"versanumer\">22<\/span><\/a>Og mennirnir snerust \u00e1 veg og h\u00e9ldu til S\u00f3d\u00f3ma, og Abraham st\u00f3\u00f0 enn n\u00fa frammi fyrir Drottni.<a name=\"23\"><span class=\"versanumer\">23<\/span><\/a>Og Abraham gekk n\u00e6r honum og m\u00e6lti: hvert munt \u00fe\u00fa afm\u00e1 hinn r\u00e9ttl\u00e1ta me\u00f0 \u00feeim gu\u00f0lausa?<a name=\"24\"><span class=\"versanumer\">24<\/span><\/a>M\u00e1ske 50 r\u00e9ttl\u00e1tir s\u00e9u \u00ed sta\u00f0num: vilt \u00fe\u00fa og burtrykkja \u00feeim, og \u00feyrma ekki sta\u00f0num vegna \u00feeirra 50 r\u00e9ttl\u00e1tu sem \u00fear eru?<a name=\"25\"><span class=\"versanumer\">25<\/span><\/a>fj\u00e6rri s\u00e9 \u00fea\u00f0 \u00fe\u00e9r a\u00f0 gj\u00f6ra sl\u00edkt, a\u00f0 dey\u00f0a hinn r\u00e9ttl\u00e1ta me\u00f0 \u00feeim gu\u00f0lausa, svo a\u00f0 s\u00e1 r\u00e9ttl\u00e1ti s\u00e9 eins og s\u00e1 \u00f3gu\u00f0legi; fj\u00e6rri s\u00e9 \u00fea\u00f0 \u00fe\u00e9r! mun d\u00f3mari alls heimsins ekki d\u00e6ma r\u00e9tt?<a name=\"26\"><span class=\"versanumer\">26<\/span><\/a>Og Drottinn m\u00e6lti: finni eg \u00ed sta\u00f0num S\u00f3d\u00f3ma 50 r\u00e9ttl\u00e1ta, svo \u00feyrmi eg \u00f6llum sta\u00f0num \u00feeirra vegna.<a name=\"27\"><span class=\"versanumer\">27<\/span><\/a>Abraham svara\u00f0i og sag\u00f0i: \u00c6! eg hefi dirfst a\u00f0 tala vi\u00f0 Drottin, enn \u00fe\u00f3tt eg s\u00e9 mold og aska.<a name=\"28\"><span class=\"versanumer\">28<\/span><\/a>Kannske fimm skorti \u00e1 fimmt\u00edu r\u00e9ttl\u00e1ta: munt \u00fe\u00fa ey\u00f0ileggja allan sta\u00f0inn vegna \u00feessara fim? og hann <span class='VideyAth'>(Drottinn)<\/span> m\u00e6lti: eg skal ekki ey\u00f0ileggja hann, finni eg \u00fear 45.<a name=\"29\"><span class=\"versanumer\">29<\/span><\/a>Og hann h\u00e9lt \u00e1fram vi\u00f0 hann a\u00f0 tala og m\u00e6lti: \u00fear kynnu m\u00e1ske a\u00f0 finnast 40. En hann svara\u00f0i: eg skal ekki gj\u00f6ra \u00fea\u00f0 <span class='VideyAth'>(ey\u00f0ileggja sta\u00f0inn)<\/span> vegna \u00feeirra 40.<a name=\"30\"><span class=\"versanumer\">30<\/span><\/a>Og hann sag\u00f0i: \u00e6 a\u00f0 \u00fe\u00f3 Herrann ekki rei\u00f0ist a\u00f0 eg tala! m\u00e1ske \u00fear finnist 30. Og hann svara\u00f0i: eg skal ekki gj\u00f6ra \u00fea\u00f0, finni eg \u00fear 30.<a name=\"31\"><span class=\"versanumer\">31<\/span><\/a>Og hann sag\u00f0i: \u00e6, sj\u00e1! eg dirfist a\u00f0 tala vi\u00f0 Herrann! m\u00e1ske \u00fear finnist 20. Og hann m\u00e6lti: eg skal ekki ey\u00f0ileggja hann vegna \u00feeirra 20.<a name=\"32\"><span class=\"versanumer\">32<\/span><\/a>Og hann m\u00e6lti: \u00e6 a\u00f0 Herrann \u00fe\u00f3 ekki rei\u00f0st a\u00f0 eg enn a\u00f0eins \u00ed \u00feetta sinn tala! m\u00e1ske \u00fear finnist 10. Og hann sag\u00f0i: eg vil ekki ey\u00f0ileggja hann vegna \u00feeirra 10.<a name=\"33\"><span class=\"versanumer\">33<\/span><\/a>Og Drottinn f\u00f3r lei\u00f0ar sinnar \u00feegar hann haf\u00f0i enda\u00f0 tal sitt vi\u00f0 Abraham; en Abraham f\u00f3r aftur heimlei\u00f0is.<\/p>\n<div class=\"footnoteVidey\"><\/div>\n","protected":false},"excerpt":{"rendered":"<p>1.) sonur \u00e1 n\u00fd heitinn Abraham. 2.) englar bo\u00f0a honum S\u00f3d\u00f3mu ey\u00f0ilegging. 11.) Og Drottinn birtist honum \u00ed Mamreslundi, \u00fe\u00e1 hann sat \u00ed s\u00ednum tjalddyrum, um h\u00e1degisbili\u00f0.2Og hann h\u00f3f upp s\u00edn augu, og lita\u00f0ist um, og sj\u00e1! \u00fer\u00edr menn st\u00f3\u00f0u frammi fyrir honum; og er hann s\u00e1 \u00fe\u00e1, hlj\u00f3p hann m\u00f3ti \u00feeim \u00far s\u00ednum tjalddyrum og laut \u00feeim til jar\u00f0ar,3og m\u00e6lti: Herra! hafi eg fundi\u00f0 n\u00e1\u00f0 \u00ed \u00fe\u00ednum augum, svo gakk \u00fe\u00fa ekki framhj\u00e1 \u00fe\u00ednum \u00fer\u00e6li.4Leyfi\u00f0 a\u00f0 s\u00f3tt s\u00e9 vatn, og \u00fevoi\u00f0 y\u00f0ar f\u00e6tur, og hv\u00edli\u00f0 y\u00f0ur undir tr\u00e9nu.5Og eg vil f\u00e6ra y\u00f0ur l\u00edti\u00f0 eitt af mat, og styrki\u00f0 y\u00f0ar <a href=\"https:\/\/biblian.is\/videy\/fyrsta-mosebok-18-kafli\/\"> [&#8230;]<\/a><\/p>\n","protected":false},"author":1,"featured_media":0,"parent":0,"menu_order":0,"comment_status":"open","ping_status":"open","template":"bibliukaflar.php","meta":{"footnotes":""},"class_list":["post-20867","page","type-page","status-publish","hentry"],"_links":{"self":[{"href":"https:\/\/biblian.is\/videy\/wp-json\/wp\/v2\/pages\/20867","targetHints":{"allow":["GET"]}}],"collection":[{"href":"https:\/\/biblian.is\/videy\/wp-json\/wp\/v2\/pages"}],"about":[{"href":"https:\/\/biblian.is\/videy\/wp-json\/wp\/v2\/types\/page"}],"author":[{"embeddable":true,"href":"https:\/\/biblian.is\/videy\/wp-json\/wp\/v2\/users\/1"}],"replies":[{"embeddable":true,"href":"https:\/\/biblian.is\/videy\/wp-json\/wp\/v2\/comments?post=20867"}],"version-history":[{"count":0,"href":"https:\/\/biblian.is\/videy\/wp-json\/wp\/v2\/pages\/20867\/revisions"}],"wp:attachment":[{"href":"https:\/\/biblian.is\/videy\/wp-json\/wp\/v2\/media?parent=20867"}],"curies":[{"name":"wp","href":"https:\/\/api.w.org\/{rel}","templated":true}]}}