{"id":20865,"date":"2018-01-02T00:59:15","date_gmt":"2018-01-02T00:59:15","guid":{"rendered":"http:\/\/biblian.is\/videy\/fyrsta-mosebok-16-kafli\/"},"modified":"2018-01-02T00:59:15","modified_gmt":"2018-01-02T00:59:15","slug":"fyrsta-mosebok-16-kafli","status":"publish","type":"page","link":"https:\/\/biblian.is\/videy\/fyrsta-mosebok-16-kafli\/","title":{"rendered":"Fyrsta M\u00f3seb\u00f3k 16. kafli"},"content":{"rendered":"<div class=\"fyrirsognVidey\">Hagar f\u00e6\u00f0ir \u00cdsmael.<\/div>\n<p><a name=\"1\"><span class=\"versanumer\">1<\/span><\/a>En Sara\u00ed kona Abrams \u00f3l honum ekki b\u00f6rn, h\u00fan haf\u00f0i egypska \u00feernu, sem h\u00e9t Hagar.<a name=\"2\"><span class=\"versanumer\">2<\/span><\/a>Og Sarai sag\u00f0i til Abrams: heyr\u00f0u n\u00fa! Drottinn hefir varna\u00f0 m\u00e9r barngetna\u00f0ar, leggst \u00fe\u00fa n\u00fa me\u00f0 minni \u00feernu, ske m\u00e1, a\u00f0 m\u00e9r ver\u00f0i \u00fea\u00f0 hagur; og Abram hl\u00fdddi or\u00f0um Sarai.<a name=\"3\"><span class=\"versanumer\">3<\/span><\/a>svo t\u00f3k Sarai, Abrams kona, Hagar s\u00edna \u00feernu, \u00fe\u00e1 egypsku, eftir a\u00f0 \u00feau h\u00f6f\u00f0u b\u00fai\u00f0 10 \u00e1r \u00ed Kanaanslandi, og gaf manni s\u00ednum, Abram, hana fyrir konu. <br \/><a name=\"4\"><span class=\"versanumer\">4<\/span><\/a>Og hann lag\u00f0ist me\u00f0 Hagar og h\u00fan var\u00f0 \u00f3l\u00e9tt; en er h\u00fan vissi a\u00f0 h\u00fan var me\u00f0 barni, fyrirleit h\u00fan h\u00fasm\u00f3\u00f0ur s\u00edna.<a name=\"5\"><span class=\"versanumer\">5<\/span><\/a>\u00de\u00e1 sag\u00f0i Sarai til Abrams: s\u00e1 \u00f3r\u00e9ttur, sem eg l\u00ed\u00f0, bitnar \u00e1 \u00fe\u00e9r! eg gaf \u00fe\u00e9r \u00feernu m\u00edna \u00ed fa\u00f0m, h\u00fan s\u00e9r a\u00f0 h\u00fan hefur fengi\u00f0 getna\u00f0, og eg ver\u00f0 fyrirlitin af henni. Drottinn d\u00e6mi milli m\u00edn og \u00fe\u00edn!<a name=\"6\"><span class=\"versanumer\">6<\/span><\/a>Og Abram sag\u00f0i til Sarai: heyr\u00f0u! \u00fe\u00edn \u00feerna er \u00ed \u00feinni hendi, gj\u00f6r \u00fe\u00fa vi\u00f0 hana \u00fea\u00f0 sem \u00fe\u00e9r gott \u00feykir. \u00de\u00e1 \u00fej\u00e1\u00f0i Sarai hana, svo h\u00fan fl\u00fa\u00f0i \u00ed burt.<a name=\"7\"><span class=\"versanumer\">7<\/span><\/a>\u00de\u00e1 fann Drottins engill hana hj\u00e1 vatnslind \u00ed ey\u00f0im\u00f6rkunni, hj\u00e1 lindinni \u00e1 veginum til S\u00far.<a name=\"8\"><span class=\"versanumer\">8<\/span><\/a>Og hann m\u00e6lti: Hagar, \u00feerna Sarai! hva\u00f0an kemur \u00fe\u00fa og hvert \u00e6tlar \u00fe\u00fa a\u00f0 fara? Og h\u00fan m\u00e6lti: eg fl\u00fd fr\u00e1 augum Sarai, h\u00fassm\u00f3\u00f0ur minnar.<a name=\"9\"><span class=\"versanumer\">9<\/span><\/a>Og engill Drottins sag\u00f0i til hennar: hverf \u00fe\u00fa heim aftur til h\u00fassm\u00f3\u00f0ur \u00feinnar, og au\u00f0m\u00fdktu \u00feig undir hennar h\u00f6nd.<a name=\"10\"><span class=\"versanumer\">10<\/span><\/a>Og engill Drottins sag\u00f0i til hennar: eg mun margfalda \u00feitt afkv\u00e6mi, a\u00f0 \u00fea\u00f0 ver\u00f0i ei tali\u00f0 fyrir fj\u00f6lda sakir.<a name=\"11\"><span class=\"versanumer\">11<\/span><\/a>Og engill Drottins sag\u00f0i til hennar: sj\u00e1! \u00fe\u00fa ert \u00feungu\u00f0, og munt son f\u00e6\u00f0a, hans nafn skaltu kalla \u00cdsmael <span class='VideyAth'>(Gu\u00f0 heyrir)<\/span> \u00fev\u00ed heyrt hefur Drottinn \u00fe\u00edna m\u00e6\u00f0u.<a name=\"12\"><span class=\"versanumer\">12<\/span><\/a>Hann mun ver\u00f0a \u00f3lmur ma\u00f0ur, hans h\u00f6nd mun vera m\u00f3ti hverjum manni, og hvers manns h\u00f6nd m\u00f3ti honum; og hann mun b\u00faa fyrir austan alla s\u00edna br\u00e6\u00f0ur.<a name=\"13\"><span class=\"versanumer\">13<\/span><\/a>Og h\u00fan kalla\u00f0i nafn Drottins sem vi\u00f0 hana tala\u00f0i: sannarlega hefi eg h\u00e9r s\u00e9\u00f0 \u00feann sem s\u00e9r mig h\u00e9r eftir.<a name=\"14\"><span class=\"versanumer\">14<\/span><\/a>\u00deess vegna heitir lindin: brunnur \u00feeirrar lifandi sj\u00f3nar; sj\u00e1! h\u00fan er \u00e1 milli Kades og Bere\u00f0.<a name=\"15\"><span class=\"versanumer\">15<\/span><\/a>Og Hagar f\u00e6ddi Abram son, og Abram nefndi nafn sonar s\u00edns, sem Hagar f\u00e6ddi honum, \u00cdsmael.<a name=\"16\"><span class=\"versanumer\">16<\/span><\/a>En Abram var 86 \u00e1ra gamall, \u00feegar Hagar \u00f3l honum \u00cdsmael.<\/p>\n<div class=\"footnoteVidey\"><\/div>\n","protected":false},"excerpt":{"rendered":"<p>Hagar f\u00e6\u00f0ir \u00cdsmael. 1En Sara\u00ed kona Abrams \u00f3l honum ekki b\u00f6rn, h\u00fan haf\u00f0i egypska \u00feernu, sem h\u00e9t Hagar.2Og Sarai sag\u00f0i til Abrams: heyr\u00f0u n\u00fa! Drottinn hefir varna\u00f0 m\u00e9r barngetna\u00f0ar, leggst \u00fe\u00fa n\u00fa me\u00f0 minni \u00feernu, ske m\u00e1, a\u00f0 m\u00e9r ver\u00f0i \u00fea\u00f0 hagur; og Abram hl\u00fdddi or\u00f0um Sarai.3svo t\u00f3k Sarai, Abrams kona, Hagar s\u00edna \u00feernu, \u00fe\u00e1 egypsku, eftir a\u00f0 \u00feau h\u00f6f\u00f0u b\u00fai\u00f0 10 \u00e1r \u00ed Kanaanslandi, og gaf manni s\u00ednum, Abram, hana fyrir konu. 4Og hann lag\u00f0ist me\u00f0 Hagar og h\u00fan var\u00f0 \u00f3l\u00e9tt; en er h\u00fan vissi a\u00f0 h\u00fan var me\u00f0 barni, fyrirleit h\u00fan h\u00fasm\u00f3\u00f0ur s\u00edna.5\u00de\u00e1 sag\u00f0i Sarai til Abrams: s\u00e1 <a href=\"https:\/\/biblian.is\/videy\/fyrsta-mosebok-16-kafli\/\"> [&#8230;]<\/a><\/p>\n","protected":false},"author":1,"featured_media":0,"parent":0,"menu_order":0,"comment_status":"open","ping_status":"open","template":"bibliukaflar.php","meta":{"footnotes":""},"class_list":["post-20865","page","type-page","status-publish","hentry"],"_links":{"self":[{"href":"https:\/\/biblian.is\/videy\/wp-json\/wp\/v2\/pages\/20865","targetHints":{"allow":["GET"]}}],"collection":[{"href":"https:\/\/biblian.is\/videy\/wp-json\/wp\/v2\/pages"}],"about":[{"href":"https:\/\/biblian.is\/videy\/wp-json\/wp\/v2\/types\/page"}],"author":[{"embeddable":true,"href":"https:\/\/biblian.is\/videy\/wp-json\/wp\/v2\/users\/1"}],"replies":[{"embeddable":true,"href":"https:\/\/biblian.is\/videy\/wp-json\/wp\/v2\/comments?post=20865"}],"version-history":[{"count":0,"href":"https:\/\/biblian.is\/videy\/wp-json\/wp\/v2\/pages\/20865\/revisions"}],"wp:attachment":[{"href":"https:\/\/biblian.is\/videy\/wp-json\/wp\/v2\/media?parent=20865"}],"curies":[{"name":"wp","href":"https:\/\/api.w.org\/{rel}","templated":true}]}}