{"id":20862,"date":"2018-01-02T00:59:15","date_gmt":"2018-01-02T00:59:15","guid":{"rendered":"http:\/\/biblian.is\/videy\/fyrsta-mosebok-13-kafli\/"},"modified":"2018-01-02T00:59:15","modified_gmt":"2018-01-02T00:59:15","slug":"fyrsta-mosebok-13-kafli","status":"publish","type":"page","link":"https:\/\/biblian.is\/videy\/fyrsta-mosebok-13-kafli\/","title":{"rendered":"Fyrsta M\u00f3seb\u00f3k 13. kafli"},"content":{"rendered":"<div class=\"fyrirsognVidey\">Abram og Lot skilja.<\/div>\n<p><a name=\"1\"><span class=\"versanumer\">1<\/span><\/a>\u00deannig f\u00f3r Abram \u00far Egyptalandi, hann, og kona hans me\u00f0 allt, sem hann \u00e1tti, og Lot me\u00f0 honum, su\u00f0ur \u00e1 vi\u00f0.<a name=\"2\"><span class=\"versanumer\">2<\/span><\/a>Og Abram var st\u00f3rau\u00f0ugur af kvikf\u00e9, og l\u00edka af gulli og silfri.<a name=\"3\"><span class=\"versanumer\">3<\/span><\/a>Og hann flutti sig sunnan a\u00f0 sm\u00e1tt og sm\u00e1tt, allt til Betel, til \u00feess sta\u00f0ar hvar tjald hans haf\u00f0i \u00e1\u00f0ur veri\u00f0, milli Betel og Ai;<a name=\"4\"><span class=\"versanumer\">4<\/span><\/a>\u00fear sem hann \u00e1\u00f0ur haf\u00f0i byggt altari\u00f0. Og Abram \u00e1kalla\u00f0i, \u00e1 \u00feessum sta\u00f0, Drottins nafn. <br \/><a name=\"5\"><span class=\"versanumer\">5<\/span><\/a>En Lot, sem f\u00f3r me\u00f0 Abram, \u00e1tti og naut og sau\u00f0i og tj\u00f6ld;<a name=\"6\"><span class=\"versanumer\">6<\/span><\/a>og landi\u00f0 bar \u00fe\u00e1 ekki b\u00e1\u00f0a, svo \u00feeir g\u00e6tu saman veri\u00f0, og \u00feeirra fj\u00e1rafli var mikill, svo \u00feeir g\u00e1tu ei saman b\u00fai\u00f0.<a name=\"7\"><span class=\"versanumer\">7<\/span><\/a>Og \u00fear var\u00f0 sundur\u00feykkja milli Abrams hir\u00f0ara og Lots hir\u00f0ara, en Kanaanitar og Feresitar bjuggu \u00fe\u00e1 \u00ed landinu,<a name=\"8\"><span class=\"versanumer\">8<\/span><\/a>\u00fe\u00e1 m\u00e6lti Abram vi\u00f0 Lot: heyr\u00f0u! engin miskl\u00ed\u00f0 s\u00e9 milli m\u00edn og \u00fe\u00edn, ekki heldur milli minna og \u00feinna hir\u00f0ara, \u00fev\u00ed vi\u00f0 erum br\u00e6\u00f0ur <span class='VideyAth'>(n\u00e1skyldir)<\/span>.<a name=\"9\"><span class=\"versanumer\">9<\/span><\/a>stendur \u00fe\u00e9r ekki allt landi\u00f0 opi\u00f0? skil \u00feig \u00fev\u00ed vi\u00f0 mig! viljir \u00fe\u00fa til vinstri, \u00fe\u00e1 fer eg til h\u00e6gri handar; og viljir \u00fe\u00fa til h\u00e6gri, \u00fe\u00e1 fer eg til vinstri.<a name=\"10\"><span class=\"versanumer\">10<\/span><\/a>\u00de\u00e1 upph\u00f3f Lot s\u00edn augu, og leit allt landi\u00f0 \u00ed kringum J\u00f3rdan, a\u00f0 \u00fea\u00f0 var vatnsr\u00edkt <span class='VideyAth'>(\u00e1\u00f0ur en Drottinn ey\u00f0ilag\u00f0i S\u00f3d\u00f3ma og Gomorra)<\/span> eins og aldingar\u00f0ur Drottins, eins og Egyptaland, allt til Soar.<a name=\"11\"><span class=\"versanumer\">11<\/span><\/a>Og Lot kaus s\u00e9r allt \u00feetta land hj\u00e1 J\u00f3rdan, og flutti sig austur \u00e1 vi\u00f0, og \u00feannig skildust \u00feeir a\u00f0.<a name=\"12\"><span class=\"versanumer\">12<\/span><\/a>Abram bj\u00f3 \u00ed Kanaanslandi, og Lot bj\u00f3 \u00ed st\u00f6\u00f0unum \u00feessa h\u00e9ra\u00f0s, og f\u00e6r\u00f0i tjald sitt allt til S\u00f3d\u00f3ma.<a name=\"13\"><span class=\"versanumer\">13<\/span><\/a>En f\u00f3lki\u00f0 \u00ed S\u00f3d\u00f3ma var vont, og syndga\u00f0i mj\u00f6g m\u00f3ti Drottni. <br \/><a name=\"14\"><span class=\"versanumer\">14<\/span><\/a>Og eftir a\u00f0 Lot var farinn burt fr\u00e1 Abram, sag\u00f0i Drottinn vi\u00f0 hann: lyft \u00fe\u00fa upp \u00fe\u00ednum augum, og litast um fr\u00e1 \u00feeim sta\u00f0 sem \u00fe\u00fa ert \u00e1, til nor\u00f0urs, su\u00f0urs, austurs og vesturs;<a name=\"15\"><span class=\"versanumer\">15<\/span><\/a>\u00fev\u00ed allt landi\u00f0, sem \u00fe\u00fa s\u00e9r, mun eg gefa \u00fe\u00e9r og \u00fe\u00ednum ni\u00f0jum a\u00f0 eil\u00edfu; <br \/><a name=\"16\"><span class=\"versanumer\">16<\/span><\/a>og eg gj\u00f6ri ni\u00f0ja \u00fe\u00edna <span class='VideyAth'>(marga)<\/span> sem duft jar\u00f0ar, geti nokkur tali\u00f0 duft jar\u00f0arinnar, svo skulu ni\u00f0jar \u00fe\u00ednir ver\u00f0a taldir.<a name=\"17\"><span class=\"versanumer\">17<\/span><\/a>Tak \u00feig n\u00fa upp, og flyt \u00feig um landi\u00f0, eftir \u00feess lengd og eftir \u00feess breidd; \u00fev\u00ed \u00fe\u00e9r mun eg gefa \u00fea\u00f0.<a name=\"18\"><span class=\"versanumer\">18<\/span><\/a>Og Abram setti upp tjald sitt og f\u00f3r og bj\u00f3 \u00ed Mamreslundi, hj\u00e1 Hebron, og bygg\u00f0i Drottni \u00fear altari.<\/p>\n<div class=\"footnoteVidey\"><\/div>\n","protected":false},"excerpt":{"rendered":"<p>Abram og Lot skilja. 1\u00deannig f\u00f3r Abram \u00far Egyptalandi, hann, og kona hans me\u00f0 allt, sem hann \u00e1tti, og Lot me\u00f0 honum, su\u00f0ur \u00e1 vi\u00f0.2Og Abram var st\u00f3rau\u00f0ugur af kvikf\u00e9, og l\u00edka af gulli og silfri.3Og hann flutti sig sunnan a\u00f0 sm\u00e1tt og sm\u00e1tt, allt til Betel, til \u00feess sta\u00f0ar hvar tjald hans haf\u00f0i \u00e1\u00f0ur veri\u00f0, milli Betel og Ai;4\u00fear sem hann \u00e1\u00f0ur haf\u00f0i byggt altari\u00f0. Og Abram \u00e1kalla\u00f0i, \u00e1 \u00feessum sta\u00f0, Drottins nafn. 5En Lot, sem f\u00f3r me\u00f0 Abram, \u00e1tti og naut og sau\u00f0i og tj\u00f6ld;6og landi\u00f0 bar \u00fe\u00e1 ekki b\u00e1\u00f0a, svo \u00feeir g\u00e6tu saman veri\u00f0, og \u00feeirra fj\u00e1rafli <a href=\"https:\/\/biblian.is\/videy\/fyrsta-mosebok-13-kafli\/\"> [&#8230;]<\/a><\/p>\n","protected":false},"author":1,"featured_media":0,"parent":0,"menu_order":0,"comment_status":"open","ping_status":"open","template":"bibliukaflar.php","meta":{"footnotes":""},"class_list":["post-20862","page","type-page","status-publish","hentry"],"_links":{"self":[{"href":"https:\/\/biblian.is\/videy\/wp-json\/wp\/v2\/pages\/20862","targetHints":{"allow":["GET"]}}],"collection":[{"href":"https:\/\/biblian.is\/videy\/wp-json\/wp\/v2\/pages"}],"about":[{"href":"https:\/\/biblian.is\/videy\/wp-json\/wp\/v2\/types\/page"}],"author":[{"embeddable":true,"href":"https:\/\/biblian.is\/videy\/wp-json\/wp\/v2\/users\/1"}],"replies":[{"embeddable":true,"href":"https:\/\/biblian.is\/videy\/wp-json\/wp\/v2\/comments?post=20862"}],"version-history":[{"count":0,"href":"https:\/\/biblian.is\/videy\/wp-json\/wp\/v2\/pages\/20862\/revisions"}],"wp:attachment":[{"href":"https:\/\/biblian.is\/videy\/wp-json\/wp\/v2\/media?parent=20862"}],"curies":[{"name":"wp","href":"https:\/\/api.w.org\/{rel}","templated":true}]}}