{"id":20859,"date":"2018-01-02T00:59:15","date_gmt":"2018-01-02T00:59:15","guid":{"rendered":"http:\/\/biblian.is\/videy\/fyrsta-mosebok-10-kafli\/"},"modified":"2018-01-02T00:59:15","modified_gmt":"2018-01-02T00:59:15","slug":"fyrsta-mosebok-10-kafli","status":"publish","type":"page","link":"https:\/\/biblian.is\/videy\/fyrsta-mosebok-10-kafli\/","title":{"rendered":"Fyrsta M\u00f3seb\u00f3k 10. kafli"},"content":{"rendered":"<div class=\"fyrirsognVidey\">\u00c6tt og ni\u00f0jar N\u00f3a sona.<\/div>\n<p><a name=\"1\"><span class=\"versanumer\">1<\/span><\/a>\u00deetta er \u00e6ttartal N\u00f3a sona, Sems, Kams og Jafets. \u00deeim f\u00e6ddust synir eftir fl\u00f3\u00f0i\u00f0.<a name=\"2\"><span class=\"versanumer\">2<\/span><\/a>synir Jafets eru: Gomer, Magog og Madai og Javan og Tubal og Mesek og Tiras.<a name=\"3\"><span class=\"versanumer\">3<\/span><\/a>Og synir Gomers: Askenas og Rifat og T\u00f3gorma.<a name=\"4\"><span class=\"versanumer\">4<\/span><\/a>og synir Javans: Elisa og Tarsis, Kitim og Dodanim,<a name=\"5\"><span class=\"versanumer\">5<\/span><\/a>fr\u00e1 \u00feessum \u00fatkv\u00edslu\u00f0ust eyjanna \u00fej\u00f3\u00f0ir, a\u00f0 l\u00f6ndum, tungum\u00e1lum og \u00e6ttum hver fr\u00e1 annarri innbyr\u00f0is a\u00f0greindar.<a name=\"6\"><span class=\"versanumer\">6<\/span><\/a>Og synir Kams: Kusk og Misraim og Put og Kanaan.<a name=\"7\"><span class=\"versanumer\">7<\/span><\/a>Og synir Kusks: Meroe og Hevila og Sabta og Raema og Sabtka. Og synir Raemas: Sabea og Dedan.<a name=\"8\"><span class=\"versanumer\">8<\/span><\/a>Og Kusk gat Nimrod, s\u00e1 hinn sami f\u00f3r a\u00f0 ver\u00f0a voldugur \u00e1 j\u00f6r\u00f0unni,<a name=\"9\"><span class=\"versanumer\">9<\/span><\/a>s\u00e1 hinn sami var mikill vei\u00f0ima\u00f0ur fyrir Drottni. \u00dev\u00ed er m\u00e1lt\u00e6ki\u00f0: voldugur vei\u00f0ima\u00f0ur fyrir Drottni, eins og Nimrod.<a name=\"10\"><span class=\"versanumer\">10<\/span><\/a>Og Babel var upphaf hans r\u00edkis, Erek og Akkad og Kalne \u00ed landinu Sinear.<a name=\"11\"><span class=\"versanumer\">11<\/span><\/a>Fr\u00e1 \u00feessu landi kom Assur, og bygg\u00f0i Ninive og Rehobot, Ir og Kala;<a name=\"12\"><span class=\"versanumer\">12<\/span><\/a>og Resen milli Ninive og Kala; \u00fea\u00f0 er st\u00f3ri sta\u00f0urinn.<a name=\"13\"><span class=\"versanumer\">13<\/span><\/a>Og Misraim gat Luda og Anamu og Lekaba og Naftua,<a name=\"14\"><span class=\"versanumer\">14<\/span><\/a>og Patrusim og Kasluka <span class='VideyAth'>(\u00fea\u00f0an eru komnir Filistar)<\/span> og Kaftora.<a name=\"15\"><span class=\"versanumer\">15<\/span><\/a>Og Kanaan gat Sidon sinn frumgetning, og Het, <br \/><a name=\"16\"><span class=\"versanumer\">16<\/span><\/a>og Jeb\u00fasi og Amroi og Gergesi,<a name=\"17\"><span class=\"versanumer\">17<\/span><\/a>og Hivi og Arki og Sini,<a name=\"18\"><span class=\"versanumer\">18<\/span><\/a>og Arradi og Semari og Hamati og eftir \u00fea\u00f0 \u00fatdreif\u00f0ust \u00e6ttir Kanaan\u00edtanna.<a name=\"19\"><span class=\"versanumer\">19<\/span><\/a>Landamerki Kanan\u00edtanna eru: fr\u00e1 Sidon um Gerar allt til Gasa, \u00fe\u00e1 er stefnan til S\u00f3d\u00f3ma og Gomorra og Adama og Seboim, allt til Lesa.<a name=\"20\"><span class=\"versanumer\">20<\/span><\/a>\u00deetta eru synir Kams eftir \u00feeirra \u00e6ttum, eftir \u00feeirra tungum\u00e1lum, \u00ed \u00feeirra l\u00f6ndum, \u00ed \u00feeirra \u00fej\u00f3\u00f0um.<a name=\"21\"><span class=\"versanumer\">21<\/span><\/a>Og sem \u00e1tti l\u00edka syni, fa\u00f0ir allra Eberssona, \u00feeim eldra br\u00f3\u00f0ur Jafets.<a name=\"22\"><span class=\"versanumer\">22<\/span><\/a>synir Sems eru: Elam og Assur og Arfaksad og Lud og Aram.<a name=\"23\"><span class=\"versanumer\">23<\/span><\/a>Og synir Arams: Us og Hul og Geter og Mas.<a name=\"24\"><span class=\"versanumer\">24<\/span><\/a>Og Arfaksad gat Sala, og Sala gat Eber.<a name=\"25\"><span class=\"versanumer\">25<\/span><\/a>Og Eber voru bornir tveir synir: nafn annars Peleg, \u00fev\u00ed \u00e1 hans d\u00f6gum var j\u00f6r\u00f0unni skipt; hinn br\u00f3\u00f0irinn h\u00e9t Jaktan.<a name=\"26\"><span class=\"versanumer\">26<\/span><\/a>Og Jaktan gat Almodad og Salep, Hasarmavet og Jara.<a name=\"27\"><span class=\"versanumer\">27<\/span><\/a>Had\u00f3ram og Usal og Dikla.<a name=\"28\"><span class=\"versanumer\">28<\/span><\/a>Og Obal og Abimael og Seba.<a name=\"29\"><span class=\"versanumer\">29<\/span><\/a>Og Of\u00edr og Hevila og Jobab. \u00deessir eru allir Jaktans synir.<a name=\"30\"><span class=\"versanumer\">30<\/span><\/a>Og \u00feeirra b\u00fasta\u00f0ur var: fr\u00e1 Mesa til Sefar, fjallsins austur fr\u00e1.<a name=\"31\"><span class=\"versanumer\">31<\/span><\/a>\u00deetta eru synir Sems, eftir \u00feeirra \u00e6ttkv\u00edslum og tungum\u00e1lum \u00ed \u00feeirra l\u00f6ndum, eftir \u00feeirra \u00fej\u00f3\u00f0um.<a name=\"32\"><span class=\"versanumer\">32<\/span><\/a>\u00deetta er \u00e6ttartal N\u00f3a sona, eftir \u00feeirra \u00e6ttkv\u00edslum, \u00ed \u00feeirra \u00fej\u00f3\u00f0um, og fr\u00e1 \u00feeim \u00fatdreif\u00f0ust \u00fej\u00f3\u00f0irnar um j\u00f6r\u00f0ina eftir fl\u00f3\u00f0i\u00f0.<\/p>\n<div class=\"footnoteVidey\"><\/div>\n","protected":false},"excerpt":{"rendered":"<p>\u00c6tt og ni\u00f0jar N\u00f3a sona. 1\u00deetta er \u00e6ttartal N\u00f3a sona, Sems, Kams og Jafets. \u00deeim f\u00e6ddust synir eftir fl\u00f3\u00f0i\u00f0.2synir Jafets eru: Gomer, Magog og Madai og Javan og Tubal og Mesek og Tiras.3Og synir Gomers: Askenas og Rifat og T\u00f3gorma.4og synir Javans: Elisa og Tarsis, Kitim og Dodanim,5fr\u00e1 \u00feessum \u00fatkv\u00edslu\u00f0ust eyjanna \u00fej\u00f3\u00f0ir, a\u00f0 l\u00f6ndum, tungum\u00e1lum og \u00e6ttum hver fr\u00e1 annarri innbyr\u00f0is a\u00f0greindar.6Og synir Kams: Kusk og Misraim og Put og Kanaan.7Og synir Kusks: Meroe og Hevila og Sabta og Raema og Sabtka. Og synir Raemas: Sabea og Dedan.8Og Kusk gat Nimrod, s\u00e1 hinn sami f\u00f3r a\u00f0 ver\u00f0a voldugur \u00e1 j\u00f6r\u00f0unni,9s\u00e1 <a href=\"https:\/\/biblian.is\/videy\/fyrsta-mosebok-10-kafli\/\"> [&#8230;]<\/a><\/p>\n","protected":false},"author":1,"featured_media":0,"parent":0,"menu_order":0,"comment_status":"open","ping_status":"open","template":"bibliukaflar.php","meta":{"footnotes":""},"class_list":["post-20859","page","type-page","status-publish","hentry"],"_links":{"self":[{"href":"https:\/\/biblian.is\/videy\/wp-json\/wp\/v2\/pages\/20859","targetHints":{"allow":["GET"]}}],"collection":[{"href":"https:\/\/biblian.is\/videy\/wp-json\/wp\/v2\/pages"}],"about":[{"href":"https:\/\/biblian.is\/videy\/wp-json\/wp\/v2\/types\/page"}],"author":[{"embeddable":true,"href":"https:\/\/biblian.is\/videy\/wp-json\/wp\/v2\/users\/1"}],"replies":[{"embeddable":true,"href":"https:\/\/biblian.is\/videy\/wp-json\/wp\/v2\/comments?post=20859"}],"version-history":[{"count":0,"href":"https:\/\/biblian.is\/videy\/wp-json\/wp\/v2\/pages\/20859\/revisions"}],"wp:attachment":[{"href":"https:\/\/biblian.is\/videy\/wp-json\/wp\/v2\/media?parent=20859"}],"curies":[{"name":"wp","href":"https:\/\/api.w.org\/{rel}","templated":true}]}}