{"id":20857,"date":"2018-01-02T00:59:15","date_gmt":"2018-01-02T00:59:15","guid":{"rendered":"http:\/\/biblian.is\/videy\/fyrsta-mosebok-8-kafli\/"},"modified":"2018-01-02T00:59:15","modified_gmt":"2018-01-02T00:59:15","slug":"fyrsta-mosebok-8-kafli","status":"publish","type":"page","link":"https:\/\/biblian.is\/videy\/fyrsta-mosebok-8-kafli\/","title":{"rendered":"Fyrsta M\u00f3seb\u00f3k 8. kafli"},"content":{"rendered":"<div class=\"fyrirsognVidey\">1.) Fl\u00f3\u00f0inu linnir. 2.) N\u00f3i offrar.<\/div>\n<p><a name=\"1\"><span class=\"versanumer\">1<\/span><\/a><span style='font-weight:bold;padding-left:10px'>1.)<\/span> \u00de\u00e1 minntist Gu\u00f0 \u00e1 N\u00f3a, og \u00f6ll d\u00fdrin og allan f\u00e9na\u00f0inn sem me\u00f0 honum var \u00ed \u00f6rkinni, og Gu\u00f0 l\u00e9t vind fara yfir j\u00f6r\u00f0ina, og vatni\u00f0 sjatna\u00f0i,<a name=\"2\"><span class=\"versanumer\">2<\/span><\/a>og uppsprettur undirdj\u00fapsins luktust aftur og gluggar himinsins, og regninu linnti af himninum.<a name=\"3\"><span class=\"versanumer\">3<\/span><\/a>Og vatni\u00f0 r\u00e9na\u00f0i, \u00fev\u00ed \u00fea\u00f0 rann burt meir og meir, og \u00feverra\u00f0i, eftir hundra\u00f0 og fimmt\u00edu daga.<a name=\"4\"><span class=\"versanumer\">4<\/span><\/a>Og \u00f6rkin nam sta\u00f0ar \u00ed sj\u00f6unda m\u00e1nu\u00f0i, \u00e1 seytj\u00e1nda degi m\u00e1na\u00f0arins, \u00e1 fjallinu Ararat.<a name=\"5\"><span class=\"versanumer\">5<\/span><\/a>Og vatni\u00f0 var a\u00f0 r\u00e9na allt til hins 10da m\u00e1na\u00f0ar; \u00e1 fyrsta degi m\u00e1na\u00f0arins s\u00e1ust fjallatindarnir. <br \/><a name=\"6\"><span class=\"versanumer\">6<\/span><\/a>Og \u00fea\u00f0 ske\u00f0i eftir 40 daga a\u00f0 N\u00f3i lauk upp glugga arkarinnar sem hann haf\u00f0i gj\u00f6rt,<a name=\"7\"><span class=\"versanumer\">7<\/span><\/a>og l\u00e9t \u00fat hrafn; hann flaug fram og aftur, \u00feanga\u00f0 til vatni\u00f0 \u00feorna\u00f0i \u00e1 j\u00f6r\u00f0unni.<a name=\"8\"><span class=\"versanumer\">8<\/span><\/a>Og hann sendi \u00fat fr\u00e1 s\u00e9r d\u00fafu, til a\u00f0 vita hvert vatni\u00f0 v\u00e6ri \u00feverra\u00f0 \u00e1 j\u00f6r\u00f0unni,<a name=\"9\"><span class=\"versanumer\">9<\/span><\/a>en d\u00fafan fann ekki hv\u00edldarsta\u00f0 f\u00e6ti s\u00ednum og hvarf til hans aftur \u00ed \u00f6rkina; \u00fev\u00ed enn n\u00fa var vatn yfir allri j\u00f6r\u00f0unni; og hann r\u00e9tti \u00fat s\u00edna h\u00f6nd, og t\u00f3k hana til s\u00edn \u00ed \u00f6rkina.<a name=\"10\"><span class=\"versanumer\">10<\/span><\/a>Og hann bei\u00f0 enn a\u00f0ra sj\u00f6 daga, og sendi svo d\u00fafuna aftur \u00far \u00f6rkinni.<a name=\"11\"><span class=\"versanumer\">11<\/span><\/a>\u00de\u00e1 kom d\u00fafan til hans aftur undir kv\u00f6ld, og sj\u00e1! h\u00fan haf\u00f0i vi\u00f0smj\u00f6rsvi\u00f0arlaufbla\u00f0 \u00f3kvola\u00f0 \u00ed nefinu. \u00de\u00e1 s\u00e1 N\u00f3i a\u00f0 vatni\u00f0 var \u00feverra\u00f0 \u00e1 j\u00f6r\u00f0unni.<a name=\"12\"><span class=\"versanumer\">12<\/span><\/a>Og hann bei\u00f0 enn \u00ed sj\u00f6 a\u00f0ra daga, og sendi svo fr\u00e1 s\u00e9r d\u00fafuna; en h\u00fan kom ekki til hans aftur.<a name=\"13\"><span class=\"versanumer\">13<\/span><\/a>\u00deegar N\u00f3i var 6 hundru\u00f0 og eins \u00e1rs, \u00e1 fyrsta degi ens fyrsta m\u00e1na\u00f0ar, \u00fe\u00e1 \u00feorna\u00f0i vatni\u00f0 \u00e1 j\u00f6r\u00f0unni; og N\u00f3i t\u00f3k \u00feaki\u00f0 af \u00f6rkinni, og lita\u00f0ist um, og sj\u00e1! j\u00f6r\u00f0in var or\u00f0in \u00feurr.<a name=\"14\"><span class=\"versanumer\">14<\/span><\/a>\u00c1 tuttugasta og sj\u00f6unda degi hins annars m\u00e1na\u00f0ar, var j\u00f6r\u00f0in \u00feurr. <br \/><a name=\"15\"><span class=\"versanumer\">15<\/span><\/a><span style='font-weight:bold;padding-left:10px'>2.)<\/span> \u00de\u00e1 tala\u00f0i Gu\u00f0 vi\u00f0 N\u00f3a og m\u00e6lti:<a name=\"16\"><span class=\"versanumer\">16<\/span><\/a>Gakk \u00fe\u00fa \u00far \u00f6rkinni, \u00fe\u00fa og kona \u00fe\u00edn og synir \u00fe\u00ednir og sonakonur \u00fe\u00ednar me\u00f0 \u00fe\u00e9r,<a name=\"17\"><span class=\"versanumer\">17<\/span><\/a>og l\u00e1ttu fara \u00fat me\u00f0 \u00fe\u00e9r \u00f6ll d\u00fdr sem me\u00f0 \u00fe\u00e9r eru af \u00f6llu holdi, fugl og f\u00e9na\u00f0 og kvikindi sem hr\u00e6rast \u00e1 j\u00f6r\u00f0unni, a\u00f0 \u00feetta dreifist um j\u00f6r\u00f0ina, t\u00edmgist og fj\u00f6lgi \u00e1 j\u00f6r\u00f0unni.<a name=\"18\"><span class=\"versanumer\">18<\/span><\/a>svo gekk N\u00f3i \u00fat og synir hans, og kona hans, og sonakonur hans me\u00f0 honum,<a name=\"19\"><span class=\"versanumer\">19<\/span><\/a>\u00f6ll d\u00fdr, \u00f6ll kvikindi, allir fuglar, allt sem b\u00e6rist \u00e1 j\u00f6r\u00f0unni; eftir s\u00ednu kyni, gekk hva\u00f0 eitt \u00fat \u00far \u00f6rkinni. <br \/><a name=\"20\"><span class=\"versanumer\">20<\/span><\/a>N\u00f3i bygg\u00f0i \u00fe\u00e1 Drottni altari, og t\u00f3k af \u00f6llum hreinum d\u00fdrum og hreinum fuglum og offra\u00f0i brennif\u00f3rn \u00e1 altarinu.<a name=\"21\"><span class=\"versanumer\">21<\/span><\/a>Og Drottinn lukta\u00f0i \u00fe\u00e6gilegan ilm og sag\u00f0i \u00ed s\u00ednu hjarta: eg vil n\u00fa ei framar b\u00f6lva j\u00f6r\u00f0unni aftur fyrir mannsins skuld; \u00fev\u00ed hugsanir mannsins hjarta eru vondar fr\u00e1 barn\u00e6sku, og eg mun ei framar dey\u00f0a allt sem lifir, eins og eg gj\u00f6r\u00f0i n\u00fa.<a name=\"22\"><span class=\"versanumer\">22<\/span><\/a>Alla daga jar\u00f0arinnar skal ei vanta vor og haust, kulda og hita, sumar og vetur, dag og n\u00f3tt.<\/p>\n<div class=\"footnoteVidey\">V. 4. \u00cd apr\u00edlm\u00e1nu\u00f0i halda sumir l\u00e6r\u00f0ir.<\/div>\n","protected":false},"excerpt":{"rendered":"<p>1.) Fl\u00f3\u00f0inu linnir. 2.) N\u00f3i offrar. 11.) \u00de\u00e1 minntist Gu\u00f0 \u00e1 N\u00f3a, og \u00f6ll d\u00fdrin og allan f\u00e9na\u00f0inn sem me\u00f0 honum var \u00ed \u00f6rkinni, og Gu\u00f0 l\u00e9t vind fara yfir j\u00f6r\u00f0ina, og vatni\u00f0 sjatna\u00f0i,2og uppsprettur undirdj\u00fapsins luktust aftur og gluggar himinsins, og regninu linnti af himninum.3Og vatni\u00f0 r\u00e9na\u00f0i, \u00fev\u00ed \u00fea\u00f0 rann burt meir og meir, og \u00feverra\u00f0i, eftir hundra\u00f0 og fimmt\u00edu daga.4Og \u00f6rkin nam sta\u00f0ar \u00ed sj\u00f6unda m\u00e1nu\u00f0i, \u00e1 seytj\u00e1nda degi m\u00e1na\u00f0arins, \u00e1 fjallinu Ararat.5Og vatni\u00f0 var a\u00f0 r\u00e9na allt til hins 10da m\u00e1na\u00f0ar; \u00e1 fyrsta degi m\u00e1na\u00f0arins s\u00e1ust fjallatindarnir. 6Og \u00fea\u00f0 ske\u00f0i eftir 40 daga a\u00f0 N\u00f3i lauk upp <a href=\"https:\/\/biblian.is\/videy\/fyrsta-mosebok-8-kafli\/\"> [&#8230;]<\/a><\/p>\n","protected":false},"author":1,"featured_media":0,"parent":0,"menu_order":0,"comment_status":"open","ping_status":"open","template":"bibliukaflar.php","meta":{"footnotes":""},"class_list":["post-20857","page","type-page","status-publish","hentry"],"_links":{"self":[{"href":"https:\/\/biblian.is\/videy\/wp-json\/wp\/v2\/pages\/20857","targetHints":{"allow":["GET"]}}],"collection":[{"href":"https:\/\/biblian.is\/videy\/wp-json\/wp\/v2\/pages"}],"about":[{"href":"https:\/\/biblian.is\/videy\/wp-json\/wp\/v2\/types\/page"}],"author":[{"embeddable":true,"href":"https:\/\/biblian.is\/videy\/wp-json\/wp\/v2\/users\/1"}],"replies":[{"embeddable":true,"href":"https:\/\/biblian.is\/videy\/wp-json\/wp\/v2\/comments?post=20857"}],"version-history":[{"count":0,"href":"https:\/\/biblian.is\/videy\/wp-json\/wp\/v2\/pages\/20857\/revisions"}],"wp:attachment":[{"href":"https:\/\/biblian.is\/videy\/wp-json\/wp\/v2\/media?parent=20857"}],"curies":[{"name":"wp","href":"https:\/\/api.w.org\/{rel}","templated":true}]}}