{"id":20856,"date":"2018-01-02T00:59:15","date_gmt":"2018-01-02T00:59:15","guid":{"rendered":"http:\/\/biblian.is\/videy\/fyrsta-mosebok-7-kafli\/"},"modified":"2018-01-02T00:59:15","modified_gmt":"2018-01-02T00:59:15","slug":"fyrsta-mosebok-7-kafli","status":"publish","type":"page","link":"https:\/\/biblian.is\/videy\/fyrsta-mosebok-7-kafli\/","title":{"rendered":"Fyrsta M\u00f3seb\u00f3k 7. kafli"},"content":{"rendered":"<div class=\"fyrirsognVidey\">Syndafl\u00f3\u00f0i\u00f0.<\/div>\n<p><a name=\"1\"><span class=\"versanumer\">1<\/span><\/a>Og Drottinn sag\u00f0i vi\u00f0 N\u00f3a: gakk \u00fe\u00fa og allt \u00feitt h\u00fas \u00ed \u00f6rkina; \u00fev\u00ed eg hefi s\u00e9\u00f0 \u00feig r\u00e9ttl\u00e1tan fyrir minni augs\u00fdn, \u00e1 \u00feessari \u00f6ld.<a name=\"2\"><span class=\"versanumer\">2<\/span><\/a>Tak \u00fe\u00fa til \u00fe\u00edn af \u00f6llum hreinum d\u00fdrum, sj\u00f6 og sj\u00f6, karlkyns og kvenkyns; en af \u00feeim d\u00fdrum sem ekki eru hrein, tv\u00f6 og tv\u00f6, karlkyns og kvenkyns.<a name=\"3\"><span class=\"versanumer\">3<\/span><\/a>L\u00edka af fuglum himinsins sj\u00f6 og sj\u00f6, karlkyns og kvenkyns, til a\u00f0 vi\u00f0halda l\u00edfs stofni \u00e1 allri j\u00f6r\u00f0unni;<a name=\"4\"><span class=\"versanumer\">4<\/span><\/a>\u00fev\u00ed a\u00f0 sj\u00f6 d\u00f6gum li\u00f0num, mun eg l\u00e1ta rigna \u00e1 j\u00f6r\u00f0ina \u00ed fj\u00f6rut\u00edu daga og fj\u00f6rut\u00edu n\u00e6tur, og eg mun afm\u00e1 s\u00e9rhverja skepnu sem eg hefi gj\u00f6rt af allri j\u00f6r\u00f0unni.<a name=\"5\"><span class=\"versanumer\">5<\/span><\/a>Og N\u00f3i gj\u00f6r\u00f0i allt eins og Drottinn bau\u00f0 honum.<a name=\"6\"><span class=\"versanumer\">6<\/span><\/a>En N\u00f3i var sex hundru\u00f0 \u00e1ra gamall, \u00feegar vatnsfl\u00f3\u00f0i\u00f0 kom yfir j\u00f6r\u00f0ina.<a name=\"7\"><span class=\"versanumer\">7<\/span><\/a>Og N\u00f3i gekk \u00ed \u00f6rkina og synir hans og kona hans og sona konur hans, me\u00f0 honum, \u00e1\u00f0ur en vatnsfl\u00f3\u00f0i\u00f0 kom, <br \/><a name=\"8\"><span class=\"versanumer\">8<\/span><\/a>og <span class='VideyAth'>(nokku\u00f0)<\/span> af hreinum d\u00fdrum, og af \u00feeim d\u00fdrum sem ekki voru hrein, og af fuglum og af \u00f6llum kvikindum jar\u00f0arinnar;<a name=\"9\"><span class=\"versanumer\">9<\/span><\/a>tvennt og tvennt kom til N\u00f3a \u00ed \u00f6rkina, karlkyns og kvenkyns, eins og Gu\u00f0 haf\u00f0i bo\u00f0i\u00f0 N\u00f3a. <br \/><a name=\"10\"><span class=\"versanumer\">10<\/span><\/a>Og \u00fea\u00f0 ske\u00f0i eftir sj\u00f6 daga, \u00fe\u00e1 var fl\u00f3\u00f0 vatna yfir j\u00f6r\u00f0unni.<a name=\"11\"><span class=\"versanumer\">11<\/span><\/a>\u00deegar N\u00f3i var sex hundru\u00f0 \u00e1ra, seytj\u00e1ndi dagurinn \u00ed \u00feeim \u00f6\u00f0rum m\u00e1nu\u00f0i, var s\u00e1 dagur \u00e1 hverjum opnu\u00f0ust allar uppsprettur ens mikla undirdj\u00faps, og gluggar himinsins lukust upp.<a name=\"12\"><span class=\"versanumer\">12<\/span><\/a>Og yfir j\u00f6r\u00f0ina rigndi, fj\u00f6rut\u00edu daga og fj\u00f6rut\u00edu n\u00e6tur.<a name=\"13\"><span class=\"versanumer\">13<\/span><\/a>\u00c1 \u00feeim sama degi gekk N\u00f3i og synir hans, Sem, Kam og Jafet, og N\u00f3a kona og \u00ferj\u00e1r sona konur N\u00f3a, me\u00f0 honum \u00ed \u00f6rkina og allar lifandi skepnur eftir \u00feeirra kyni,<a name=\"14\"><span class=\"versanumer\">14<\/span><\/a>og allur f\u00e9na\u00f0ur eftir s\u00ednu kyni, og \u00f6ll kvikindi sem skr\u00ed\u00f0a \u00e1 j\u00f6r\u00f0unni eftir \u00feeirra kyni, og allir fuglar eftir \u00feeirra kyni, allt fi\u00f0ra\u00f0 og fleygt.<a name=\"15\"><span class=\"versanumer\">15<\/span><\/a>Og til N\u00f3a kom \u00ed \u00f6rkina tvennt og tvennt af \u00f6llu holdi, sem \u00ed var l\u00edfs andi. <br \/><a name=\"16\"><span class=\"versanumer\">16<\/span><\/a>Og \u00fea\u00f0 sem kom karlkyns og kvenkyns af \u00f6llu holdi, gekk inn, eins og Gu\u00f0 bau\u00f0 honum. Og Drottinn l\u00e6sti eftir honum. <br \/><a name=\"17\"><span class=\"versanumer\">17<\/span><\/a>Og fl\u00f3\u00f0i\u00f0 var \u00e1 j\u00f6r\u00f0unni \u00ed 40 daga og vatni\u00f0 \u00f3x og lyfti \u00f6rkinni upp h\u00e1tt yfir j\u00f6r\u00f0ina.<a name=\"18\"><span class=\"versanumer\">18<\/span><\/a>Og vatni\u00f0 f\u00e9kk yfirh\u00f6nd og magna\u00f0ist \u00e1kaflega \u00e1 j\u00f6r\u00f0unni, en \u00f6rkin flaut \u00e1 vatninu.<a name=\"19\"><span class=\"versanumer\">19<\/span><\/a>Og vatni\u00f0 var\u00f0 miki\u00f0 \u00e1 j\u00f6r\u00f0unni og \u00f6ll \u00feau h\u00e1u fj\u00f6ll f\u00f3ru \u00ed kaf, sem eru undir \u00f6llum himninum.<a name=\"20\"><span class=\"versanumer\">20<\/span><\/a>Fimmt\u00e1n \u00e1lnir gekk vatni\u00f0 upp yfir fj\u00f6llin, svo \u00feau byrg\u00f0ust,<a name=\"21\"><span class=\"versanumer\">21<\/span><\/a>\u00fe\u00e1 d\u00f3 allt hold sem kvikar \u00e1 j\u00f6r\u00f0unni, fuglar, f\u00e9na\u00f0ur og d\u00fdr og ormar, sem \u00fe\u00e1 skrei\u00f0 \u00e1 j\u00f6r\u00f0unni og allir menn.<a name=\"22\"><span class=\"versanumer\">22<\/span><\/a>Allt sem haf\u00f0i lifandi anda \u00ed s\u00ednum n\u00f6sum, allt \u00e1 \u00feurrlendinu, \u00fea\u00f0 d\u00f3.<a name=\"23\"><span class=\"versanumer\">23<\/span><\/a>Og svona var afm\u00e1\u00f0 s\u00e9rhver skepna, sem var \u00e1 j\u00f6r\u00f0unni, menn, f\u00e9na\u00f0ur, ormar og fuglar himinsins. \u00deetta allt afm\u00e1\u00f0ist af j\u00f6r\u00f0unni. N\u00f3i einn var\u00f0 eftir og \u00fea\u00f0, sem me\u00f0 honum var \u00ed \u00f6rkinni.<a name=\"24\"><span class=\"versanumer\">24<\/span><\/a>Og vatni\u00f0 var miki\u00f0 \u00e1 j\u00f6r\u00f0unni \u00ed hundra\u00f0 og fimmt\u00edu daga.<\/p>\n<div class=\"footnoteVidey\"><\/div>\n","protected":false},"excerpt":{"rendered":"<p>Syndafl\u00f3\u00f0i\u00f0. 1Og Drottinn sag\u00f0i vi\u00f0 N\u00f3a: gakk \u00fe\u00fa og allt \u00feitt h\u00fas \u00ed \u00f6rkina; \u00fev\u00ed eg hefi s\u00e9\u00f0 \u00feig r\u00e9ttl\u00e1tan fyrir minni augs\u00fdn, \u00e1 \u00feessari \u00f6ld.2Tak \u00fe\u00fa til \u00fe\u00edn af \u00f6llum hreinum d\u00fdrum, sj\u00f6 og sj\u00f6, karlkyns og kvenkyns; en af \u00feeim d\u00fdrum sem ekki eru hrein, tv\u00f6 og tv\u00f6, karlkyns og kvenkyns.3L\u00edka af fuglum himinsins sj\u00f6 og sj\u00f6, karlkyns og kvenkyns, til a\u00f0 vi\u00f0halda l\u00edfs stofni \u00e1 allri j\u00f6r\u00f0unni;4\u00fev\u00ed a\u00f0 sj\u00f6 d\u00f6gum li\u00f0num, mun eg l\u00e1ta rigna \u00e1 j\u00f6r\u00f0ina \u00ed fj\u00f6rut\u00edu daga og fj\u00f6rut\u00edu n\u00e6tur, og eg mun afm\u00e1 s\u00e9rhverja skepnu sem eg hefi gj\u00f6rt af allri j\u00f6r\u00f0unni.5Og N\u00f3i <a href=\"https:\/\/biblian.is\/videy\/fyrsta-mosebok-7-kafli\/\"> [&#8230;]<\/a><\/p>\n","protected":false},"author":1,"featured_media":0,"parent":0,"menu_order":0,"comment_status":"open","ping_status":"open","template":"bibliukaflar.php","meta":{"footnotes":""},"class_list":["post-20856","page","type-page","status-publish","hentry"],"_links":{"self":[{"href":"https:\/\/biblian.is\/videy\/wp-json\/wp\/v2\/pages\/20856","targetHints":{"allow":["GET"]}}],"collection":[{"href":"https:\/\/biblian.is\/videy\/wp-json\/wp\/v2\/pages"}],"about":[{"href":"https:\/\/biblian.is\/videy\/wp-json\/wp\/v2\/types\/page"}],"author":[{"embeddable":true,"href":"https:\/\/biblian.is\/videy\/wp-json\/wp\/v2\/users\/1"}],"replies":[{"embeddable":true,"href":"https:\/\/biblian.is\/videy\/wp-json\/wp\/v2\/comments?post=20856"}],"version-history":[{"count":0,"href":"https:\/\/biblian.is\/videy\/wp-json\/wp\/v2\/pages\/20856\/revisions"}],"wp:attachment":[{"href":"https:\/\/biblian.is\/videy\/wp-json\/wp\/v2\/media?parent=20856"}],"curies":[{"name":"wp","href":"https:\/\/api.w.org\/{rel}","templated":true}]}}