{"id":20855,"date":"2018-01-02T00:59:15","date_gmt":"2018-01-02T00:59:15","guid":{"rendered":"http:\/\/biblian.is\/videy\/fyrsta-mosebok-6-kafli\/"},"modified":"2018-01-02T00:59:15","modified_gmt":"2018-01-02T00:59:15","slug":"fyrsta-mosebok-6-kafli","status":"publish","type":"page","link":"https:\/\/biblian.is\/videy\/fyrsta-mosebok-6-kafli\/","title":{"rendered":"Fyrsta M\u00f3seb\u00f3k 6. kafli"},"content":{"rendered":"<div class=\"fyrirsognVidey\">1.) Fj\u00f6lgun mannanna. 2.) \u00deeirra ofsi og spilling. 3.) Gu\u00f0 skipar a\u00f0 byggja \u00f6rkina. 4.) H\u00f3tar fl\u00f3\u00f0i.<\/div>\n<p><a name=\"1\"><span class=\"versanumer\">1<\/span><\/a><span style='font-weight:bold;padding-left:10px'>1.)<\/span> Og \u00fea\u00f0 ske\u00f0i, \u00fe\u00e1 menn t\u00f3ku a\u00f0 fj\u00f6lga \u00e1 j\u00f6r\u00f0unni og \u00feeim f\u00e6ddust d\u00e6tur,<a name=\"2\"><span class=\"versanumer\">2<\/span><\/a>\u00fe\u00e1 s\u00e1u synir Gu\u00f0anna d\u00e6tur mannanna, a\u00f0 \u00fe\u00e6r voru v\u00e6nar, og t\u00f3ku s\u00e9r konur me\u00f0al \u00feeirra, allar sem \u00feeim l\u00edku\u00f0u.<a name=\"3\"><span class=\"versanumer\">3<\/span><\/a>\u00de\u00e1 sag\u00f0i Gu\u00f0 Drottinn: minn andi skal ekki eil\u00edflega au\u00f0vir\u00f0ast \u00ed manninum, \u00fev\u00ed hann er hold; veri hans dagar hundra\u00f0 og tuttugu \u00e1r.<a name=\"4\"><span class=\"versanumer\">4<\/span><\/a>\u00c1 \u00feeim s\u00f6mu d\u00f6gum voru ofr\u00edkismenn \u00e1 j\u00f6r\u00f0unni; og eftir a\u00f0 synir Gu\u00f0anna l\u00f6g\u00f0ust me\u00f0 d\u00e6trum mannanna, f\u00e6ddu \u00fe\u00e6r \u00feeim syni, sem \u00ed forn\u00f6ld voru v\u00ed\u00f0fr\u00e6gar hetjur. <br \/><a name=\"5\"><span class=\"versanumer\">5<\/span><\/a><span style='font-weight:bold;padding-left:10px'>2.)<\/span> Og Drottinn s\u00e1 a\u00f0 illska mannanna var mikil \u00e1 j\u00f6r\u00f0unni, og a\u00f0 \u00f6ll hugsan mannsins hjarta var vond alla daga.<a name=\"6\"><span class=\"versanumer\">6<\/span><\/a>\u00de\u00e1 i\u00f0ra\u00f0ist Drottinn \u00feess, a\u00f0 hann haf\u00f0i skapa\u00f0 manninn \u00e1 j\u00f6r\u00f0unni, og honum s\u00e1rna\u00f0i \u00fea\u00f0 \u00ed hans hjarta.<a name=\"7\"><span class=\"versanumer\">7<\/span><\/a>Og hann sag\u00f0i: eg vil afm\u00e1 manninn sem eg skapa\u00f0i af j\u00f6r\u00f0unni: manninn, d\u00fdri\u00f0, skri\u00f0kvikindi\u00f0 og fugla himinsins; \u00fev\u00ed mig i\u00f0rar a\u00f0 eg hefi skapa\u00f0 \u00feetta.<a name=\"8\"><span class=\"versanumer\">8<\/span><\/a>En N\u00f3i fann n\u00e1\u00f0 \u00ed augum Drottins.<a name=\"9\"><span class=\"versanumer\">9<\/span><\/a>\u00deetta er saga N\u00f3a: N\u00f3i var ma\u00f0ur r\u00e9ttl\u00e1tur og gu\u00f0hr\u00e6ddur \u00e1 sinni \u00f6ld, hann lif\u00f0i gu\u00f0r\u00e6kilega.<a name=\"10\"><span class=\"versanumer\">10<\/span><\/a>Og N\u00f3i \u00e1tti \u00ferj\u00e1 sonu: Sem, Kam og Jafet.<a name=\"11\"><span class=\"versanumer\">11<\/span><\/a>Og j\u00f6r\u00f0in var spillt \u00ed augs\u00fdn Gu\u00f0s og full af ofr\u00edki.<a name=\"12\"><span class=\"versanumer\">12<\/span><\/a>Og Gu\u00f0 leit \u00e1 j\u00f6r\u00f0ina, og sj\u00e1! h\u00fan var spillt; \u00fev\u00ed allt hold haf\u00f0i fordjarfa\u00f0 s\u00edna vegu \u00e1 j\u00f6r\u00f0unni. <br \/><a name=\"13\"><span class=\"versanumer\">13<\/span><\/a><span style='font-weight:bold;padding-left:10px'>3.)<\/span> \u00de\u00e1 m\u00e6lti Gu\u00f0 vi\u00f0 N\u00f3a: endir alls holds er kominn fyrir minni augs\u00fdn, \u00fev\u00ed j\u00f6r\u00f0in er full af \u00feeirra ofr\u00edki; sj\u00e1! eg vil fordjarfa \u00fe\u00e1 \u00e1samt me\u00f0 j\u00f6r\u00f0unni.<a name=\"14\"><span class=\"versanumer\">14<\/span><\/a>Gj\u00f6r \u00fe\u00fa \u00fe\u00e9r \u00f6rk af grenivi\u00f0i, og l\u00e1ttu \u00ed vera l\u00edtil h\u00fas, og br\u00e6\u00f0 hana me\u00f0 biki, utan og innan.<a name=\"15\"><span class=\"versanumer\">15<\/span><\/a>Og gj\u00f6r \u00fe\u00fa hana svona: lengd arkarinnar s\u00e9 \u00ferj\u00fa hundru\u00f0 \u00e1lnir, breidd hennar fimmt\u00edu \u00e1lnir og h\u00e6\u00f0 hennar \u00ferj\u00e1t\u00edu \u00e1lnir.<a name=\"16\"><span class=\"versanumer\">16<\/span><\/a>Glugga skaltu gj\u00f6ra \u00e1 \u00f6rkina a\u00f0 ofantil, og hann s\u00e9 ein alin \u00e1 h\u00e6\u00f0; dyr skalt \u00fe\u00fa setja \u00e1 arkarinnar s\u00ed\u00f0u, og \u00ed henni s\u00e9u \u00ferj\u00fa loft: ne\u00f0st, \u00ed mi\u00f0i\u00f0 og efst.<br \/><a name=\"17\"><span class=\"versanumer\">17<\/span><\/a><span style='font-weight:bold;padding-left:10px'>4.)<\/span> \u00dev\u00ed sj\u00e1! eg l\u00e6t vatnsfl\u00f3\u00f0 koma yfir j\u00f6r\u00f0ina, til a\u00f0 tort\u00edna \u00f6llu holdi undir himninum, sem l\u00edfs andi er \u00ed; allt sem \u00e1 j\u00f6r\u00f0unni er, skal deyja.<a name=\"18\"><span class=\"versanumer\">18<\/span><\/a>En vi\u00f0 \u00feig gj\u00f6ri eg s\u00e1ttm\u00e1la, og \u00fe\u00fa skalt ganga \u00ed \u00f6rkina, \u00fe\u00fa og \u00fe\u00ednir synir, og kona \u00fe\u00edn og \u00fe\u00ednar sona konur, me\u00f0 \u00fe\u00e9r.<a name=\"19\"><span class=\"versanumer\">19<\/span><\/a>Og \u00fe\u00fa skalt l\u00e1ta \u00ed \u00f6rkina af \u00f6llum lifandi skepnum, tvennt af \u00f6llu; karlkyns og kvenkyns skal \u00fea\u00f0 vera, svo \u00fea\u00f0 haldi l\u00edfi me\u00f0 \u00fe\u00e9r;<a name=\"20\"><span class=\"versanumer\">20<\/span><\/a>af fuglum eftir \u00feeirra kyni, af f\u00e9na\u00f0i eftir hans kyni, og af \u00f6llum kvikindum jar\u00f0arinnar, eftir \u00feeirra kyni, tvennt af \u00f6llu skal til \u00fe\u00edn innganga, svo \u00fea\u00f0 haldi l\u00edfi.<a name=\"21\"><span class=\"versanumer\">21<\/span><\/a>Og \u00fe\u00fa skalt taka \u00fe\u00e9r nokku\u00f0 af allri \u00e6tilegri f\u00e6\u00f0slu, og safna a\u00f0 \u00fe\u00e9r, a\u00f0 \u00fea\u00f0 s\u00e9 \u00fe\u00e9r og \u00feeim til n\u00e6ringar.<a name=\"22\"><span class=\"versanumer\">22<\/span><\/a>Og N\u00f3i gj\u00f6r\u00f0i allt, eins og Gu\u00f0 bau\u00f0 honum. <\/p>\n<div class=\"footnoteVidey\">V. 3. au\u00f0vir\u00f0ast. a\u00f0rir: b\u00faa. 2,7.<\/div>\n","protected":false},"excerpt":{"rendered":"<p>1.) Fj\u00f6lgun mannanna. 2.) \u00deeirra ofsi og spilling. 3.) Gu\u00f0 skipar a\u00f0 byggja \u00f6rkina. 4.) H\u00f3tar fl\u00f3\u00f0i. 11.) Og \u00fea\u00f0 ske\u00f0i, \u00fe\u00e1 menn t\u00f3ku a\u00f0 fj\u00f6lga \u00e1 j\u00f6r\u00f0unni og \u00feeim f\u00e6ddust d\u00e6tur,2\u00fe\u00e1 s\u00e1u synir Gu\u00f0anna d\u00e6tur mannanna, a\u00f0 \u00fe\u00e6r voru v\u00e6nar, og t\u00f3ku s\u00e9r konur me\u00f0al \u00feeirra, allar sem \u00feeim l\u00edku\u00f0u.3\u00de\u00e1 sag\u00f0i Gu\u00f0 Drottinn: minn andi skal ekki eil\u00edflega au\u00f0vir\u00f0ast \u00ed manninum, \u00fev\u00ed hann er hold; veri hans dagar hundra\u00f0 og tuttugu \u00e1r.4\u00c1 \u00feeim s\u00f6mu d\u00f6gum voru ofr\u00edkismenn \u00e1 j\u00f6r\u00f0unni; og eftir a\u00f0 synir Gu\u00f0anna l\u00f6g\u00f0ust me\u00f0 d\u00e6trum mannanna, f\u00e6ddu \u00fe\u00e6r \u00feeim syni, sem \u00ed forn\u00f6ld voru v\u00ed\u00f0fr\u00e6gar hetjur. 52.) <a href=\"https:\/\/biblian.is\/videy\/fyrsta-mosebok-6-kafli\/\"> [&#8230;]<\/a><\/p>\n","protected":false},"author":1,"featured_media":0,"parent":0,"menu_order":0,"comment_status":"open","ping_status":"open","template":"bibliukaflar.php","meta":{"footnotes":""},"class_list":["post-20855","page","type-page","status-publish","hentry"],"_links":{"self":[{"href":"https:\/\/biblian.is\/videy\/wp-json\/wp\/v2\/pages\/20855","targetHints":{"allow":["GET"]}}],"collection":[{"href":"https:\/\/biblian.is\/videy\/wp-json\/wp\/v2\/pages"}],"about":[{"href":"https:\/\/biblian.is\/videy\/wp-json\/wp\/v2\/types\/page"}],"author":[{"embeddable":true,"href":"https:\/\/biblian.is\/videy\/wp-json\/wp\/v2\/users\/1"}],"replies":[{"embeddable":true,"href":"https:\/\/biblian.is\/videy\/wp-json\/wp\/v2\/comments?post=20855"}],"version-history":[{"count":0,"href":"https:\/\/biblian.is\/videy\/wp-json\/wp\/v2\/pages\/20855\/revisions"}],"wp:attachment":[{"href":"https:\/\/biblian.is\/videy\/wp-json\/wp\/v2\/media?parent=20855"}],"curies":[{"name":"wp","href":"https:\/\/api.w.org\/{rel}","templated":true}]}}